{"id":10354,"date":"2020-05-11T22:16:44","date_gmt":"2020-05-11T21:16:44","guid":{"rendered":"https:\/\/microbiologie.umontreal.ca\/valerie-martel-laferriere-2\/"},"modified":"2020-05-13T14:29:58","modified_gmt":"2020-05-13T13:29:58","slug":"valerie-martel-laferriere","status":"publish","type":"page","link":"https:\/\/microbiologie.umontreal.ca\/en\/professeurs-chercheurs\/valerie-martel-laferriere\/","title":{"rendered":"Val\u00e9rie Martel-Laferri\u00e8re"},"content":{"rendered":"<div  class=\" fiche-chercheur  \">\n<div class=\"img noLightbox\"><\/p>\n<p><img loading=\"lazy\" decoding=\"async\" src=\"https:\/\/microbiologie.umontreal.ca\/wp-content\/uploads\/sites\/12\/2020\/05\/Martel-Laferriere-fiche.jpg\" alt=\"\" width=\"185\" height=\"285\" class=\"alignnone size-full wp-image-10371\" \/><\/div>\n<table>\n<tbody>\n<tr>\n<td style=\"width: 59px\"><strong>Title:<\/strong><\/td>\n<td style=\"width: 280px\">Clinical associate professor<\/td>\n<\/tr>\n<tr>\n<td style=\"width: 59px\"><strong>Address:<\/strong><\/td>\n<td style=\"width: 280px\">CHUM<br \/>\n1051 Sanguinet, <span style=\"font-family: inherit;font-size: inherit\">pavillon F, 6<sup>e<\/sup> \u00e9tage\u00a0<\/span><br \/>\nMontr\u00e9al, H2X 3E4<\/td>\n<\/tr>\n<tr>\n<td style=\"width: 59px\"><strong>Room:<\/strong><\/td>\n<td style=\"width: 280px\">1102E<\/td>\n<\/tr>\n<tr>\n<td style=\"width: 59px\"><strong>Email:<\/strong><\/td>\n<td style=\"width: 280px\"><a href=\"mailto:valerie.martel-laferriere@umontreal.ca\">valerie.martel-laferriere@umontreal.ca<\/a><\/td>\n<\/tr>\n<\/tbody>\n<\/table>\n<\/div>\n<hr\/>\n<h2><strong>Biograp<\/strong><strong>hy<\/strong><\/h2>\n<p>To come up<\/p>\n<hr\/>\n<h2><strong>Team\u00a0<\/strong><\/h2>\n<p>NA<\/p>\n<hr\/>\n<h2><strong>Themes<\/strong><\/h2>\n<ul>\n<li>Hepatitis C<\/li>\n<li>HIV<\/li>\n<li>People using injection drugs<\/li>\n<\/ul>\n<hr\/>\n<h2><strong>Research topics<\/strong><\/h2>\n<p>To come up<\/p>\n<hr\/>\n<h2><strong>Publications<\/strong><\/h2>\n<ul>\n<li style=\"text-align: justify\"><a href=\"https:\/\/www.ncbi.nlm.nih.gov\/pubmed\/31650986\">Molecular surveillance of hepatitis C virus genotypes identifies the emergence of a genotype 4d lineage among men in Quebec, 2001-2017.<\/a><br \/>\nMurphy DG, Dion R, Simard M, Vachon ML, Martel-Laferri\u00e8re V, Serhir B, Longtin J.<br \/>\nCan Commun Dis Rep. 2019 Sep 5;45(9):230-237. doi: 10.14745\/ccdr.v45i09a02. eCollection 2019 Sep 5.<\/li>\n<li style=\"text-align: justify\"><a href=\"https:\/\/www.ncbi.nlm.nih.gov\/pubmed\/28095797\">Cocaine\/crack use is not associated with fibrosis progression measured by AST-to-Platelet Ratio Index in HIV-HCV co-infected patients: a cohort study.<\/a><br \/>\nMartel-Laferri\u00e8re V, Nitulescu R, Cox J, Cooper C, Tyndall M, Rouleau D, Walmsley S, Wong L, Klein MB; Canadian Co-infection Cohort Study Investigators.<br \/>\nBMC Infect Dis. 2017 Jan 17;17(1):80<\/li>\n<li style=\"text-align: justify\"><a href=\"https:\/\/www.ncbi.nlm.nih.gov\/pubmed\/24025147\">Virological response rates for telaprevir-based hepatitis C triple therapy in patients with and without HIV coinfection.<\/a><br \/>\nMartel-Laferri\u00e8re V, Brinkley S, Bichoupan K, Posner S, Stivala A, Perumalswami P, Schiano T, Sulkowski M, Dieterich D, Branch A.; HIV Med. 2014 Feb;15(2):108-15. doi: 10.1111\/hiv.12086. Epub 2013 Sep 11.<\/li>\n<\/ul>\n","protected":false},"excerpt":{"rendered":"<p>Biography To come up Team\u00a0 NA Themes Hepatitis C HIV People using injection drugs Research topics To come up Publications Molecular surveillance of hepatitis C virus genotypes identifies the emergence [&hellip;]<\/p>\n","protected":false},"author":26,"featured_media":0,"parent":11407,"menu_order":0,"comment_status":"closed","ping_status":"closed","template":"","meta":{"footnotes":""},"class_list":["post-10354","page","type-page","status-publish","hentry"],"yoast_head":"<!-- This site is optimized with the Yoast SEO plugin v25.0 - https:\/\/yoast.com\/wordpress\/plugins\/seo\/ -->\n<title>Val\u00e9rie Martel-Laferri\u00e8re - D\u00e9partement de microbiologie, infectiologie et immunologie - Universit\u00e9 de Montr\u00e9al<\/title>\n<meta name=\"robots\" content=\"index, follow, max-snippet:-1, max-image-preview:large, max-video-preview:-1\" \/>\n<link rel=\"canonical\" href=\"https:\/\/microbiologie.umontreal.ca\/en\/professeurs-chercheurs\/valerie-martel-laferriere\/\" \/>\n<meta property=\"og:locale\" content=\"en_US\" \/>\n<meta property=\"og:type\" content=\"article\" \/>\n<meta property=\"og:title\" content=\"Val\u00e9rie Martel-Laferri\u00e8re - D\u00e9partement de microbiologie, infectiologie et immunologie - Universit\u00e9 de Montr\u00e9al\" \/>\n<meta property=\"og:description\" content=\"Biography To come up Team\u00a0 NA Themes Hepatitis C HIV People using injection drugs Research topics To come up Publications Molecular surveillance of hepatitis C virus genotypes identifies the emergence [&hellip;]\" \/>\n<meta property=\"og:url\" content=\"https:\/\/microbiologie.umontreal.ca\/en\/professeurs-chercheurs\/valerie-martel-laferriere\/\" \/>\n<meta property=\"og:site_name\" content=\"D\u00e9partement de microbiologie, infectiologie et immunologie\" \/>\n<meta property=\"article:modified_time\" content=\"2020-05-13T13:29:58+00:00\" \/>\n<meta property=\"og:image\" content=\"https:\/\/microbiologie.umontreal.ca\/wp-content\/uploads\/sites\/12\/2020\/05\/Martel-Laferriere-fiche.jpg\" \/>\n<meta name=\"twitter:label1\" content=\"Est. reading time\" \/>\n\t<meta name=\"twitter:data1\" content=\"1 minute\" \/>\n<script type=\"application\/ld+json\" class=\"yoast-schema-graph\">{\"@context\":\"https:\/\/schema.org\",\"@graph\":[{\"@type\":\"WebPage\",\"@id\":\"https:\/\/microbiologie.umontreal.ca\/en\/professeurs-chercheurs\/valerie-martel-laferriere\/\",\"url\":\"https:\/\/microbiologie.umontreal.ca\/en\/professeurs-chercheurs\/valerie-martel-laferriere\/\",\"name\":\"Val\u00e9rie Martel-Laferri\u00e8re - D\u00e9partement de microbiologie, infectiologie et immunologie - Universit\u00e9 de Montr\u00e9al\",\"isPartOf\":{\"@id\":\"https:\/\/microbiologie.umontreal.ca\/#website\"},\"primaryImageOfPage\":{\"@id\":\"https:\/\/microbiologie.umontreal.ca\/en\/professeurs-chercheurs\/valerie-martel-laferriere\/#primaryimage\"},\"image\":{\"@id\":\"https:\/\/microbiologie.umontreal.ca\/en\/professeurs-chercheurs\/valerie-martel-laferriere\/#primaryimage\"},\"thumbnailUrl\":\"https:\/\/microbiologie.umontreal.ca\/wp-content\/uploads\/sites\/12\/2020\/05\/Martel-Laferriere-fiche.jpg\",\"datePublished\":\"2020-05-11T21:16:44+00:00\",\"dateModified\":\"2020-05-13T13:29:58+00:00\",\"breadcrumb\":{\"@id\":\"https:\/\/microbiologie.umontreal.ca\/en\/professeurs-chercheurs\/valerie-martel-laferriere\/#breadcrumb\"},\"inLanguage\":\"en-US\",\"potentialAction\":[{\"@type\":\"ReadAction\",\"target\":[\"https:\/\/microbiologie.umontreal.ca\/en\/professeurs-chercheurs\/valerie-martel-laferriere\/\"]}]},{\"@type\":\"ImageObject\",\"inLanguage\":\"en-US\",\"@id\":\"https:\/\/microbiologie.umontreal.ca\/en\/professeurs-chercheurs\/valerie-martel-laferriere\/#primaryimage\",\"url\":\"https:\/\/microbiologie.umontreal.ca\/wp-content\/uploads\/sites\/12\/2020\/05\/Martel-Laferriere-fiche.jpg\",\"contentUrl\":\"https:\/\/microbiologie.umontreal.ca\/wp-content\/uploads\/sites\/12\/2020\/05\/Martel-Laferriere-fiche.jpg\"},{\"@type\":\"BreadcrumbList\",\"@id\":\"https:\/\/microbiologie.umontreal.ca\/en\/professeurs-chercheurs\/valerie-martel-laferriere\/#breadcrumb\",\"itemListElement\":[{\"@type\":\"ListItem\",\"position\":1,\"name\":\"Accueil\",\"item\":\"https:\/\/microbiologie.umontreal.ca\/en\/\"},{\"@type\":\"ListItem\",\"position\":2,\"name\":\"Professeurs-chercheurs\",\"item\":\"https:\/\/microbiologie.umontreal.ca\/en\/professeurs-chercheurs\/\"},{\"@type\":\"ListItem\",\"position\":3,\"name\":\"Val\u00e9rie Martel-Laferri\u00e8re\"}]},{\"@type\":\"WebSite\",\"@id\":\"https:\/\/microbiologie.umontreal.ca\/#website\",\"url\":\"https:\/\/microbiologie.umontreal.ca\/\",\"name\":\"D\u00e9partement de microbiologie, infectiologie et immunologie\",\"description\":\"\",\"potentialAction\":[{\"@type\":\"SearchAction\",\"target\":{\"@type\":\"EntryPoint\",\"urlTemplate\":\"https:\/\/microbiologie.umontreal.ca\/?s={search_term_string}\"},\"query-input\":{\"@type\":\"PropertyValueSpecification\",\"valueRequired\":true,\"valueName\":\"search_term_string\"}}],\"inLanguage\":\"en-US\"}]}<\/script>\n<!-- \/ Yoast SEO plugin. -->","yoast_head_json":{"title":"Val\u00e9rie Martel-Laferri\u00e8re - D\u00e9partement de microbiologie, infectiologie et immunologie - Universit\u00e9 de Montr\u00e9al","robots":{"index":"index","follow":"follow","max-snippet":"max-snippet:-1","max-image-preview":"max-image-preview:large","max-video-preview":"max-video-preview:-1"},"canonical":"https:\/\/microbiologie.umontreal.ca\/en\/professeurs-chercheurs\/valerie-martel-laferriere\/","og_locale":"en_US","og_type":"article","og_title":"Val\u00e9rie Martel-Laferri\u00e8re - D\u00e9partement de microbiologie, infectiologie et immunologie - Universit\u00e9 de Montr\u00e9al","og_description":"Biography To come up Team\u00a0 NA Themes Hepatitis C HIV People using injection drugs Research topics To come up Publications Molecular surveillance of hepatitis C virus genotypes identifies the emergence [&hellip;]","og_url":"https:\/\/microbiologie.umontreal.ca\/en\/professeurs-chercheurs\/valerie-martel-laferriere\/","og_site_name":"D\u00e9partement de microbiologie, infectiologie et immunologie","article_modified_time":"2020-05-13T13:29:58+00:00","og_image":[{"url":"https:\/\/microbiologie.umontreal.ca\/wp-content\/uploads\/sites\/12\/2020\/05\/Martel-Laferriere-fiche.jpg","type":"","width":"","height":""}],"twitter_misc":{"Est. reading time":"1 minute"},"schema":{"@context":"https:\/\/schema.org","@graph":[{"@type":"WebPage","@id":"https:\/\/microbiologie.umontreal.ca\/en\/professeurs-chercheurs\/valerie-martel-laferriere\/","url":"https:\/\/microbiologie.umontreal.ca\/en\/professeurs-chercheurs\/valerie-martel-laferriere\/","name":"Val\u00e9rie Martel-Laferri\u00e8re - D\u00e9partement de microbiologie, infectiologie et immunologie - Universit\u00e9 de Montr\u00e9al","isPartOf":{"@id":"https:\/\/microbiologie.umontreal.ca\/#website"},"primaryImageOfPage":{"@id":"https:\/\/microbiologie.umontreal.ca\/en\/professeurs-chercheurs\/valerie-martel-laferriere\/#primaryimage"},"image":{"@id":"https:\/\/microbiologie.umontreal.ca\/en\/professeurs-chercheurs\/valerie-martel-laferriere\/#primaryimage"},"thumbnailUrl":"https:\/\/microbiologie.umontreal.ca\/wp-content\/uploads\/sites\/12\/2020\/05\/Martel-Laferriere-fiche.jpg","datePublished":"2020-05-11T21:16:44+00:00","dateModified":"2020-05-13T13:29:58+00:00","breadcrumb":{"@id":"https:\/\/microbiologie.umontreal.ca\/en\/professeurs-chercheurs\/valerie-martel-laferriere\/#breadcrumb"},"inLanguage":"en-US","potentialAction":[{"@type":"ReadAction","target":["https:\/\/microbiologie.umontreal.ca\/en\/professeurs-chercheurs\/valerie-martel-laferriere\/"]}]},{"@type":"ImageObject","inLanguage":"en-US","@id":"https:\/\/microbiologie.umontreal.ca\/en\/professeurs-chercheurs\/valerie-martel-laferriere\/#primaryimage","url":"https:\/\/microbiologie.umontreal.ca\/wp-content\/uploads\/sites\/12\/2020\/05\/Martel-Laferriere-fiche.jpg","contentUrl":"https:\/\/microbiologie.umontreal.ca\/wp-content\/uploads\/sites\/12\/2020\/05\/Martel-Laferriere-fiche.jpg"},{"@type":"BreadcrumbList","@id":"https:\/\/microbiologie.umontreal.ca\/en\/professeurs-chercheurs\/valerie-martel-laferriere\/#breadcrumb","itemListElement":[{"@type":"ListItem","position":1,"name":"Accueil","item":"https:\/\/microbiologie.umontreal.ca\/en\/"},{"@type":"ListItem","position":2,"name":"Professeurs-chercheurs","item":"https:\/\/microbiologie.umontreal.ca\/en\/professeurs-chercheurs\/"},{"@type":"ListItem","position":3,"name":"Val\u00e9rie Martel-Laferri\u00e8re"}]},{"@type":"WebSite","@id":"https:\/\/microbiologie.umontreal.ca\/#website","url":"https:\/\/microbiologie.umontreal.ca\/","name":"D\u00e9partement de microbiologie, infectiologie et immunologie","description":"","potentialAction":[{"@type":"SearchAction","target":{"@type":"EntryPoint","urlTemplate":"https:\/\/microbiologie.umontreal.ca\/?s={search_term_string}"},"query-input":{"@type":"PropertyValueSpecification","valueRequired":true,"valueName":"search_term_string"}}],"inLanguage":"en-US"}]}},"_links":{"self":[{"href":"https:\/\/microbiologie.umontreal.ca\/en\/wp-json\/wp\/v2\/pages\/10354","targetHints":{"allow":["GET"]}}],"collection":[{"href":"https:\/\/microbiologie.umontreal.ca\/en\/wp-json\/wp\/v2\/pages"}],"about":[{"href":"https:\/\/microbiologie.umontreal.ca\/en\/wp-json\/wp\/v2\/types\/page"}],"author":[{"embeddable":true,"href":"https:\/\/microbiologie.umontreal.ca\/en\/wp-json\/wp\/v2\/users\/26"}],"replies":[{"embeddable":true,"href":"https:\/\/microbiologie.umontreal.ca\/en\/wp-json\/wp\/v2\/comments?post=10354"}],"version-history":[{"count":8,"href":"https:\/\/microbiologie.umontreal.ca\/en\/wp-json\/wp\/v2\/pages\/10354\/revisions"}],"predecessor-version":[{"id":10373,"href":"https:\/\/microbiologie.umontreal.ca\/en\/wp-json\/wp\/v2\/pages\/10354\/revisions\/10373"}],"up":[{"embeddable":true,"href":"https:\/\/microbiologie.umontreal.ca\/en\/wp-json\/wp\/v2\/pages\/11407"}],"wp:attachment":[{"href":"https:\/\/microbiologie.umontreal.ca\/en\/wp-json\/wp\/v2\/media?parent=10354"}],"curies":[{"name":"wp","href":"https:\/\/api.w.org\/{rel}","templated":true}]}}