{"id":11130,"date":"2020-12-02T03:04:45","date_gmt":"2020-12-02T02:04:45","guid":{"rendered":"https:\/\/microbiologie.umontreal.ca\/sven-van-teeffelen\/"},"modified":"2021-10-06T20:45:08","modified_gmt":"2021-10-06T19:45:08","slug":"sven-van-teeffelen","status":"publish","type":"page","link":"https:\/\/microbiologie.umontreal.ca\/en\/professeurs-chercheurs\/sven-van-teeffelen\/","title":{"rendered":"Sven van Teeffelen"},"content":{"rendered":"<p style=\"text-align: justify\"><div  class=\" fiche-chercheur  \">\n<p style=\"text-align: justify\"><div class=\"img noLightbox\"><img loading=\"lazy\" decoding=\"async\" src=\"https:\/\/microbiologie.umontreal.ca\/wp-content\/uploads\/sites\/12\/2020\/12\/van-Teeffelen-Sven-396x450.png\" alt=\"\" width=\"396\" height=\"450\" class=\"alignnone size-medium wp-image-11149\" srcset=\"https:\/\/microbiologie.umontreal.ca\/wp-content\/uploads\/sites\/12\/2020\/12\/van-Teeffelen-Sven-396x450.png 396w, https:\/\/microbiologie.umontreal.ca\/wp-content\/uploads\/sites\/12\/2020\/12\/van-Teeffelen-Sven-610x692.png 610w, https:\/\/microbiologie.umontreal.ca\/wp-content\/uploads\/sites\/12\/2020\/12\/van-Teeffelen-Sven.png 652w\" sizes=\"auto, (max-width: 396px) 100vw, 396px\" \/><\/p>\n<p style=\"text-align: justify\"><\/div><\/p>\n<table style=\"width: 0px\">\n<tbody>\n<tr>\n<td style=\"width: 80px\"><strong>Title:<\/strong><\/td>\n<td style=\"width: 308px\">Associate professor<\/td>\n<\/tr>\n<tr>\n<td style=\"width: 80px\"><strong>Adress:<\/strong><\/td>\n<td style=\"width: 308px\">D\u00e9partement de microbiologie, infectiologie et immunologie<br \/>\nPavillon Roger-Gaudry<br \/>\nUniversit\u00e9 de Montr\u00e9al<br \/>\nC.P. 6128, Succ. Centre-ville<br \/>\nMontr\u00e9al (Qu\u00e9bec)<br \/>\nH3C 3J7<\/td>\n<\/tr>\n<tr>\n<td style=\"width: 80px\"><strong>Room:<\/strong><\/td>\n<td style=\"width: 308px\">Office: S-642<\/p>\n<p>Labo: S-655<\/td>\n<\/tr>\n<tr>\n<td style=\"width: 80px\"><strong>Phone:<\/strong><\/td>\n<td style=\"width: 308px\">514\u00a0343-6376<\/td>\n<\/tr>\n<tr>\n<td style=\"width: 80px\"><strong>Fax:<\/strong><\/td>\n<td style=\"width: 308px\">514 343-5751<\/td>\n<\/tr>\n<tr>\n<td style=\"width: 80px\"><strong>Email:<\/strong><\/td>\n<td style=\"width: 308px\"><a href=\"mailto:sven.vanteeffelen@umontreal.ca\">sven.vanteeffelen@umontreal.ca<\/a><\/td>\n<\/tr>\n<tr>\n<td style=\"width: 80px\"><strong>Web site:<\/strong><\/td>\n<td style=\"width: 308px\"><a href=\"http:\/\/vanteeffelenlab.org\">vanteeffelenlab.org<\/a><\/td>\n<\/tr>\n<\/tbody>\n<\/table>\n<p style=\"text-align: justify\"><\/div><\/p>\n<p style=\"text-align: justify\"><hr\/><\/p>\n<h2 class=\"tw-data-text tw-text-large XcVN5d tw-ta\" data-placeholder=\"Traduction\" id=\"tw-target-text\"><span lang=\"en\">Web presence<\/span><\/h2>\n<p><a href=\"https:\/\/twitter.com\/S_vanTeeffelen\">https:\/\/twitter.com\/S_vanTeeffelen<\/a><\/p>\n<p><a href=\"http:\/\/vanteeffelenlab.org\">vanteeffelenlab.org<\/a><\/p>\n<hr\/>\n<h2 class=\"tw-data-text tw-text-large XcVN5d tw-ta\" data-placeholder=\"Traduction\" id=\"tw-target-text\"><span lang=\"en\">Research Expertise<\/span><\/h2>\n<p class=\"tw-data-text tw-text-large XcVN5d tw-ta\" data-placeholder=\"Traduction\" id=\"tw-target-text\" dir=\"ltr\" style=\"text-align: justify\"><span lang=\"en\">The goal of my research program is to develop a detailed understanding of bacterial cell shape, cell size, and cell envelope integrity. The bacterial cell envelope contains several components that are physically interconnected, including the cell wall and one or more membranes. To maintain cell shape and the integrity of the cell envelope during growth, different envelope remodeling processes must be coordinated. In addition, the growth of the cell envelope must be coordinated with important processes of cell physiology, including biomass growth and chromosome replication. My lab addresses these issues on multiple scales, ranging from the behavior of a single protein to the macroscopic shape of cells and the cell cycle. To this end, we develop and use approaches from physics and biology, including high resolution microscopy, microfluidics, and mathematical modeling.<\/span><\/p>\n<p style=\"text-align: justify\"><hr\/><\/p>\n<h2 style=\"text-align: justify\"><strong>Biography<\/strong><\/h2>\n<p style=\"text-align: justify\">Sven van Teeffelen holds a doctorate in Physics from the University of D\u00fcsseldorf and did postdoctoral studies at Princeton University. He has been a professor in the Department of Microbiology, Infectiology and Immunology at the Faculty of Medicine at UdeM since 2021.<\/p>\n<p style=\"text-align: justify\"><hr\/><\/p>\n<h2><strong>Team\u00a0<\/strong><\/h2>\n<ul style=\"text-align: justify\">\n<li>Yuki Kitahara, M.Sc.<\/li>\n<li>Francois Simon, M.Sc.<\/li>\n<li>Kunal Samantaray, Ph.D.<\/li>\n<\/ul>\n<p style=\"text-align: justify\"><hr\/><\/p>\n<h2><strong>Theme<\/strong><\/h2>\n<ul>\n<li><span lang=\"en\">Bacteriology<\/span><\/li>\n<\/ul>\n<p style=\"text-align: justify\"><hr\/><\/p>\n<h2><strong>Research topics<\/strong><\/h2>\n<ul>\n<li class=\"tw-data-text tw-text-large XcVN5d tw-ta\" data-placeholder=\"Traduction\" id=\"tw-target-text\"><span lang=\"en\">Physical cell biology <\/span><\/li>\n<li class=\"tw-data-text tw-text-large XcVN5d tw-ta\" data-placeholder=\"Traduction\"><span lang=\"en\">Size and shape of bacteria <\/span><\/li>\n<li class=\"tw-data-text tw-text-large XcVN5d tw-ta\" data-placeholder=\"Traduction\"><span lang=\"en\">Cell cycle <\/span><\/li>\n<li class=\"tw-data-text tw-text-large XcVN5d tw-ta\" data-placeholder=\"Traduction\"><span lang=\"en\">Integrity of the cell envelope<\/span><\/li>\n<\/ul>\n<p style=\"text-align: justify\"><hr\/><\/p>\n<h2 style=\"text-align: justify\"><strong>Publications<\/strong><\/h2>\n<ul>\n<li>Colin A., G. Micali, L. Faure, M. Cosentino Lagomarsino*, S. van Teeffelen* (2021) Two different cell-cycle processes determine the timing of cell division in Escherichia coli. <a href=\"https:\/\/elifesciences.org\/articles\/67495\"><strong><em>eLife<\/em><\/strong> 10:e67495<\/a><\/li>\n<li>Oldewurtel, E.R., Y. Kitahara, and S. van Teeffelen (2021) Robust surface-to-mass coupling and turgor-dependent cell width determine bacterial dry-mass density <a href=\"https:\/\/www.pnas.org\/content\/118\/32\/e2021416118\"><strong><em>Proc. Natl. Acad. Sci. U.S.A.<\/em><\/strong> 118(32)\u00a0e2021416118<\/a>.<\/li>\n<li style=\"text-align: justify\">Steinberg N., A. Keren-Paz, Q. Hou, S. Doron, K. Yanuka-Golub, T. Olender, R. Hadar, G. Rosenberg, J. Rakeshkumar, J. C\u00e1mara-Almir\u00f3n, D. Romero, S. van Teeffelen, I. Kolodkin-Gal (2020). The extracellular matrix protein TasA is a developmental cue that maintains a motile subpopulation within <em>Bacillus subtilis<\/em> biofilms. <a href=\"https:\/\/pubmed.ncbi.nlm.nih.gov\/32430292\/\"><strong><em>Science Signaling <\/em><\/strong>13(632):eaaw8905<\/a><\/li>\n<li style=\"text-align: justify\">\u00d6zbaykal G., E. Wollrab, F. Simon, A. Vigouroux, B. Cordier, A. Aristov, T. Chaze, M. Matondo, and S. van Teeffelen (2020). The transpeptidase PBP2 governs initial localization and activity of the major cell-wall synthesis machinery in <em>E. coli<\/em>. <a href=\"https:\/\/www.ncbi.nlm.nih.gov\/pmc\/articles\/PMC7089770\/\"><strong><em>eLife <\/em><\/strong>9:e50629<\/a><\/li>\n<li style=\"text-align: justify\">Banzhaf M., H.C.L. Yau, J. Verheul, A. Lodge, G. Kritikos, A. Mateus, B. Cordier, A.K. Hov, F. Stein, M. Wartel, M. Pazos, A.S. Solovyova, E. Breukink, S. van Teeffelen, M.M. Savitski, T. den Blaauwen, A. Typas, W. Vollmer (2020). Outer membrane lipoprotein NlpI scaffolds peptidoglycan hydrolases within multi\u2010enzyme complexes in Escherichia coli. <a href=\"https:\/\/www.ncbi.nlm.nih.gov\/pmc\/articles\/PMC7049810\/\"><strong><em>EMBO J <\/em><\/strong>39:e102246<\/a><\/li>\n<li style=\"text-align: justify\">Vigouroux A., B. Cordier, A. Aristov, L. Alvarez, G. \u00d6zbaykal, T. Chaze, E.R. Oldewurtel, M. Matondo, F. Cava, D. Bikard, S. van Teeffelen (2020). Class-A penicillin binding proteins do not contribute to cell shape but repair cell-wall defects. <a href=\"https:\/\/www.ncbi.nlm.nih.gov\/pmc\/articles\/PMC7002073\/\"><strong><em>eLife<\/em><\/strong> 9:e51998<\/a><\/li>\n<li style=\"text-align: justify\">Dion M.F., M. Kapoor, Y. Sun, S. Wilson, J. Ryan, A. Vigouroux, S. van Teeffelen, R. Oldenbourg, E.C. Garner. (2019) <em>Bacillus subtilis<\/em> cell diameter is determined by the opposing actions of two distinct cell wall synthetic systems. <a href=\"https:\/\/www.ncbi.nlm.nih.gov\/pmc\/articles\/PMC6656618\/\"><strong>Nat. Microbiology<\/strong> 4(8):1294-1305<\/a><\/li>\n<li style=\"text-align: justify\">Vigouroux A., E. Oldewurtel, C. Lun, D. Bikard, S. van Teeffelen. (2018). Tuning dCas9\u2019s ability to block transcription enables robust, noiseless knockdown of bacterial genes. <a href=\"https:\/\/www.ncbi.nlm.nih.gov\/pmc\/articles\/PMC5842579\/\"><strong><em>Molecular Systems Biology <\/em><\/strong>14 (3), e7899<\/a><\/li>\n<li style=\"text-align: justify\">Wong F., L.D. Renner, G. \u00d6zbaykal, J. Paulose, D.B. Weibel, S. van Teeffelen, A. Amir (2017) Mechanical strain-sensing implicated in cell shape recovery in Escherichia coli. <a href=\"https:\/\/www.ncbi.nlm.nih.gov\/pmc\/articles\/PMC5540194\/\"><strong><em>Nat. Microbio. <\/em><\/strong>2017; 2: 17115<\/a><\/li>\n<\/ul>\n","protected":false},"excerpt":{"rendered":"<p>Web presence https:\/\/twitter.com\/S_vanTeeffelen vanteeffelenlab.org Research Expertise The goal of my research program is to develop a detailed understanding of bacterial cell shape, cell size, and cell envelope integrity. The bacterial [&hellip;]<\/p>\n","protected":false},"author":26,"featured_media":0,"parent":11407,"menu_order":0,"comment_status":"closed","ping_status":"closed","template":"","meta":{"footnotes":""},"class_list":["post-11130","page","type-page","status-publish","hentry"],"yoast_head":"<!-- This site is optimized with the Yoast SEO plugin v25.0 - https:\/\/yoast.com\/wordpress\/plugins\/seo\/ -->\n<title>Sven van Teeffelen - D\u00e9partement de microbiologie, infectiologie et immunologie - Universit\u00e9 de Montr\u00e9al<\/title>\n<meta name=\"robots\" content=\"index, follow, max-snippet:-1, max-image-preview:large, max-video-preview:-1\" \/>\n<link rel=\"canonical\" href=\"https:\/\/microbiologie.umontreal.ca\/en\/professeurs-chercheurs\/sven-van-teeffelen\/\" \/>\n<meta property=\"og:locale\" content=\"en_US\" \/>\n<meta property=\"og:type\" content=\"article\" \/>\n<meta property=\"og:title\" content=\"Sven van Teeffelen - D\u00e9partement de microbiologie, infectiologie et immunologie - Universit\u00e9 de Montr\u00e9al\" \/>\n<meta property=\"og:description\" content=\"Web presence https:\/\/twitter.com\/S_vanTeeffelen vanteeffelenlab.org Research Expertise The goal of my research program is to develop a detailed understanding of bacterial cell shape, cell size, and cell envelope integrity. The bacterial [&hellip;]\" \/>\n<meta property=\"og:url\" content=\"https:\/\/microbiologie.umontreal.ca\/en\/professeurs-chercheurs\/sven-van-teeffelen\/\" \/>\n<meta property=\"og:site_name\" content=\"D\u00e9partement de microbiologie, infectiologie et immunologie\" \/>\n<meta property=\"article:modified_time\" content=\"2021-10-06T19:45:08+00:00\" \/>\n<meta property=\"og:image\" content=\"https:\/\/microbiologie.umontreal.ca\/wp-content\/uploads\/sites\/12\/2020\/12\/van-Teeffelen-Sven-396x450.png\" \/>\n<meta name=\"twitter:label1\" content=\"Est. reading time\" \/>\n\t<meta name=\"twitter:data1\" content=\"3 minutes\" \/>\n<script type=\"application\/ld+json\" class=\"yoast-schema-graph\">{\"@context\":\"https:\/\/schema.org\",\"@graph\":[{\"@type\":\"WebPage\",\"@id\":\"https:\/\/microbiologie.umontreal.ca\/en\/professeurs-chercheurs\/sven-van-teeffelen\/\",\"url\":\"https:\/\/microbiologie.umontreal.ca\/en\/professeurs-chercheurs\/sven-van-teeffelen\/\",\"name\":\"Sven van Teeffelen - D\u00e9partement de microbiologie, infectiologie et immunologie - Universit\u00e9 de Montr\u00e9al\",\"isPartOf\":{\"@id\":\"https:\/\/microbiologie.umontreal.ca\/#website\"},\"primaryImageOfPage\":{\"@id\":\"https:\/\/microbiologie.umontreal.ca\/en\/professeurs-chercheurs\/sven-van-teeffelen\/#primaryimage\"},\"image\":{\"@id\":\"https:\/\/microbiologie.umontreal.ca\/en\/professeurs-chercheurs\/sven-van-teeffelen\/#primaryimage\"},\"thumbnailUrl\":\"https:\/\/microbiologie.umontreal.ca\/wp-content\/uploads\/sites\/12\/2020\/12\/van-Teeffelen-Sven-396x450.png\",\"datePublished\":\"2020-12-02T02:04:45+00:00\",\"dateModified\":\"2021-10-06T19:45:08+00:00\",\"breadcrumb\":{\"@id\":\"https:\/\/microbiologie.umontreal.ca\/en\/professeurs-chercheurs\/sven-van-teeffelen\/#breadcrumb\"},\"inLanguage\":\"en-US\",\"potentialAction\":[{\"@type\":\"ReadAction\",\"target\":[\"https:\/\/microbiologie.umontreal.ca\/en\/professeurs-chercheurs\/sven-van-teeffelen\/\"]}]},{\"@type\":\"ImageObject\",\"inLanguage\":\"en-US\",\"@id\":\"https:\/\/microbiologie.umontreal.ca\/en\/professeurs-chercheurs\/sven-van-teeffelen\/#primaryimage\",\"url\":\"https:\/\/microbiologie.umontreal.ca\/wp-content\/uploads\/sites\/12\/2020\/12\/van-Teeffelen-Sven-396x450.png\",\"contentUrl\":\"https:\/\/microbiologie.umontreal.ca\/wp-content\/uploads\/sites\/12\/2020\/12\/van-Teeffelen-Sven-396x450.png\"},{\"@type\":\"BreadcrumbList\",\"@id\":\"https:\/\/microbiologie.umontreal.ca\/en\/professeurs-chercheurs\/sven-van-teeffelen\/#breadcrumb\",\"itemListElement\":[{\"@type\":\"ListItem\",\"position\":1,\"name\":\"Accueil\",\"item\":\"https:\/\/microbiologie.umontreal.ca\/en\/\"},{\"@type\":\"ListItem\",\"position\":2,\"name\":\"Professeurs-chercheurs\",\"item\":\"https:\/\/microbiologie.umontreal.ca\/en\/professeurs-chercheurs\/\"},{\"@type\":\"ListItem\",\"position\":3,\"name\":\"Sven van Teeffelen\"}]},{\"@type\":\"WebSite\",\"@id\":\"https:\/\/microbiologie.umontreal.ca\/#website\",\"url\":\"https:\/\/microbiologie.umontreal.ca\/\",\"name\":\"D\u00e9partement de microbiologie, infectiologie et immunologie\",\"description\":\"\",\"potentialAction\":[{\"@type\":\"SearchAction\",\"target\":{\"@type\":\"EntryPoint\",\"urlTemplate\":\"https:\/\/microbiologie.umontreal.ca\/?s={search_term_string}\"},\"query-input\":{\"@type\":\"PropertyValueSpecification\",\"valueRequired\":true,\"valueName\":\"search_term_string\"}}],\"inLanguage\":\"en-US\"}]}<\/script>\n<!-- \/ Yoast SEO plugin. -->","yoast_head_json":{"title":"Sven van Teeffelen - D\u00e9partement de microbiologie, infectiologie et immunologie - Universit\u00e9 de Montr\u00e9al","robots":{"index":"index","follow":"follow","max-snippet":"max-snippet:-1","max-image-preview":"max-image-preview:large","max-video-preview":"max-video-preview:-1"},"canonical":"https:\/\/microbiologie.umontreal.ca\/en\/professeurs-chercheurs\/sven-van-teeffelen\/","og_locale":"en_US","og_type":"article","og_title":"Sven van Teeffelen - D\u00e9partement de microbiologie, infectiologie et immunologie - Universit\u00e9 de Montr\u00e9al","og_description":"Web presence https:\/\/twitter.com\/S_vanTeeffelen vanteeffelenlab.org Research Expertise The goal of my research program is to develop a detailed understanding of bacterial cell shape, cell size, and cell envelope integrity. The bacterial [&hellip;]","og_url":"https:\/\/microbiologie.umontreal.ca\/en\/professeurs-chercheurs\/sven-van-teeffelen\/","og_site_name":"D\u00e9partement de microbiologie, infectiologie et immunologie","article_modified_time":"2021-10-06T19:45:08+00:00","og_image":[{"url":"https:\/\/microbiologie.umontreal.ca\/wp-content\/uploads\/sites\/12\/2020\/12\/van-Teeffelen-Sven-396x450.png","type":"","width":"","height":""}],"twitter_misc":{"Est. reading time":"3 minutes"},"schema":{"@context":"https:\/\/schema.org","@graph":[{"@type":"WebPage","@id":"https:\/\/microbiologie.umontreal.ca\/en\/professeurs-chercheurs\/sven-van-teeffelen\/","url":"https:\/\/microbiologie.umontreal.ca\/en\/professeurs-chercheurs\/sven-van-teeffelen\/","name":"Sven van Teeffelen - D\u00e9partement de microbiologie, infectiologie et immunologie - Universit\u00e9 de Montr\u00e9al","isPartOf":{"@id":"https:\/\/microbiologie.umontreal.ca\/#website"},"primaryImageOfPage":{"@id":"https:\/\/microbiologie.umontreal.ca\/en\/professeurs-chercheurs\/sven-van-teeffelen\/#primaryimage"},"image":{"@id":"https:\/\/microbiologie.umontreal.ca\/en\/professeurs-chercheurs\/sven-van-teeffelen\/#primaryimage"},"thumbnailUrl":"https:\/\/microbiologie.umontreal.ca\/wp-content\/uploads\/sites\/12\/2020\/12\/van-Teeffelen-Sven-396x450.png","datePublished":"2020-12-02T02:04:45+00:00","dateModified":"2021-10-06T19:45:08+00:00","breadcrumb":{"@id":"https:\/\/microbiologie.umontreal.ca\/en\/professeurs-chercheurs\/sven-van-teeffelen\/#breadcrumb"},"inLanguage":"en-US","potentialAction":[{"@type":"ReadAction","target":["https:\/\/microbiologie.umontreal.ca\/en\/professeurs-chercheurs\/sven-van-teeffelen\/"]}]},{"@type":"ImageObject","inLanguage":"en-US","@id":"https:\/\/microbiologie.umontreal.ca\/en\/professeurs-chercheurs\/sven-van-teeffelen\/#primaryimage","url":"https:\/\/microbiologie.umontreal.ca\/wp-content\/uploads\/sites\/12\/2020\/12\/van-Teeffelen-Sven-396x450.png","contentUrl":"https:\/\/microbiologie.umontreal.ca\/wp-content\/uploads\/sites\/12\/2020\/12\/van-Teeffelen-Sven-396x450.png"},{"@type":"BreadcrumbList","@id":"https:\/\/microbiologie.umontreal.ca\/en\/professeurs-chercheurs\/sven-van-teeffelen\/#breadcrumb","itemListElement":[{"@type":"ListItem","position":1,"name":"Accueil","item":"https:\/\/microbiologie.umontreal.ca\/en\/"},{"@type":"ListItem","position":2,"name":"Professeurs-chercheurs","item":"https:\/\/microbiologie.umontreal.ca\/en\/professeurs-chercheurs\/"},{"@type":"ListItem","position":3,"name":"Sven van Teeffelen"}]},{"@type":"WebSite","@id":"https:\/\/microbiologie.umontreal.ca\/#website","url":"https:\/\/microbiologie.umontreal.ca\/","name":"D\u00e9partement de microbiologie, infectiologie et immunologie","description":"","potentialAction":[{"@type":"SearchAction","target":{"@type":"EntryPoint","urlTemplate":"https:\/\/microbiologie.umontreal.ca\/?s={search_term_string}"},"query-input":{"@type":"PropertyValueSpecification","valueRequired":true,"valueName":"search_term_string"}}],"inLanguage":"en-US"}]}},"_links":{"self":[{"href":"https:\/\/microbiologie.umontreal.ca\/en\/wp-json\/wp\/v2\/pages\/11130","targetHints":{"allow":["GET"]}}],"collection":[{"href":"https:\/\/microbiologie.umontreal.ca\/en\/wp-json\/wp\/v2\/pages"}],"about":[{"href":"https:\/\/microbiologie.umontreal.ca\/en\/wp-json\/wp\/v2\/types\/page"}],"author":[{"embeddable":true,"href":"https:\/\/microbiologie.umontreal.ca\/en\/wp-json\/wp\/v2\/users\/26"}],"replies":[{"embeddable":true,"href":"https:\/\/microbiologie.umontreal.ca\/en\/wp-json\/wp\/v2\/comments?post=11130"}],"version-history":[{"count":11,"href":"https:\/\/microbiologie.umontreal.ca\/en\/wp-json\/wp\/v2\/pages\/11130\/revisions"}],"predecessor-version":[{"id":12469,"href":"https:\/\/microbiologie.umontreal.ca\/en\/wp-json\/wp\/v2\/pages\/11130\/revisions\/12469"}],"up":[{"embeddable":true,"href":"https:\/\/microbiologie.umontreal.ca\/en\/wp-json\/wp\/v2\/pages\/11407"}],"wp:attachment":[{"href":"https:\/\/microbiologie.umontreal.ca\/en\/wp-json\/wp\/v2\/media?parent=11130"}],"curies":[{"name":"wp","href":"https:\/\/api.w.org\/{rel}","templated":true}]}}