{"id":6724,"date":"2014-05-06T15:17:04","date_gmt":"2014-05-06T15:17:04","guid":{"rendered":"https:\/\/microbiologie.umontreal.ca\/accueil\/"},"modified":"2017-06-27T19:42:43","modified_gmt":"2017-06-27T18:42:43","slug":"accueil","status":"publish","type":"page","link":"https:\/\/microbiologie.umontreal.ca\/en\/","title":{"rendered":"Accueil"},"content":{"rendered":"<div class=\"one-third first \"><div class=\"bloc  \">\n<p><a title=\"Qu\u2019est-ce que la microbiologie? Qu\u2019est-ce que l\u2019immunologie ?\" href=\"https:\/\/microbiologie.umontreal.ca\/etudes\/quest-ce-microbiologie-quest-ce-limmunologie\/\"><img loading=\"lazy\" decoding=\"async\" class=\"alignnone size-full wp-image-1550\" src=\"https:\/\/microbiologie.umontreal.ca\/wp-content\/uploads\/sites\/12\/microbiologie.jpg\" alt=\"microbiologie\" width=\"295\" height=\"200\" srcset=\"https:\/\/microbiologie.umontreal.ca\/wp-content\/uploads\/sites\/12\/microbiologie.jpg 295w, https:\/\/microbiologie.umontreal.ca\/wp-content\/uploads\/sites\/12\/microbiologie-200x135.jpg 200w\" sizes=\"auto, (max-width: 295px) 100vw, 295px\" \/><\/a><\/p>\n<div class=\"contenu content noLightbox\"><div class=\"bloc-name\">\n<p><a title=\"Qu\u2019est-ce que la microbiologie? Qu\u2019est-ce que l\u2019immunologie ?\" href=\"https:\/\/microbiologie.umontreal.ca\/etudes\/quest-ce-microbiologie-quest-ce-limmunologie\/\">Qu\u2019est-ce que la microbiologie? Qu\u2019est ce que l\u2019immunologie?<\/a><\/p>\n<\/div><\/div>\n<\/div><\/div>\n<div class=\"one-third  \"><div class=\"bloc  \">\n<p><a title=\"Liens utiles pour les emplois\" href=\"https:\/\/microbiologie.umontreal.ca\/ressources\/liens-utiles-les-emplois\/\"><img loading=\"lazy\" decoding=\"async\" class=\"alignnone size-full wp-image-1562\" src=\"https:\/\/microbiologie.umontreal.ca\/wp-content\/uploads\/sites\/12\/emplois.jpg\" alt=\"emplois\" width=\"295\" height=\"200\" srcset=\"https:\/\/microbiologie.umontreal.ca\/wp-content\/uploads\/sites\/12\/emplois.jpg 295w, https:\/\/microbiologie.umontreal.ca\/wp-content\/uploads\/sites\/12\/emplois-200x135.jpg 200w\" sizes=\"auto, (max-width: 295px) 100vw, 295px\" \/><\/a><\/p>\n<div class=\"contenu content noLightbox\"><div class=\"bloc-name\">\n<p><a title=\"Liens utiles pour les emplois\" href=\"https:\/\/microbiologie.umontreal.ca\/ressources\/liens-utiles-les-emplois\/\">Liens utiles pour les emplois<\/a><\/p>\n<\/div><\/div>\n<\/div><\/div>\n<div class=\"one-third  \"><div class=\"bloc last \">\n<p><a title=\"Liens connexes\" href=\"https:\/\/microbiologie.umontreal.ca\/ressources\/liens-connexes\/\"><img loading=\"lazy\" decoding=\"async\" class=\"alignnone size-full wp-image-1551\" src=\"https:\/\/microbiologie.umontreal.ca\/wp-content\/uploads\/sites\/12\/liens-connexes.jpg\" alt=\"liens-connexes\" width=\"295\" height=\"200\" srcset=\"https:\/\/microbiologie.umontreal.ca\/wp-content\/uploads\/sites\/12\/liens-connexes.jpg 295w, https:\/\/microbiologie.umontreal.ca\/wp-content\/uploads\/sites\/12\/liens-connexes-200x135.jpg 200w\" sizes=\"auto, (max-width: 295px) 100vw, 295px\" \/><\/a><\/p>\n<div class=\"contenu content noLightbox\"><div class=\"bloc-name\">\n<p><a title=\"Liens connexes\" href=\"https:\/\/microbiologie.umontreal.ca\/ressources\/liens-connexes\/\">Liens connexes<\/a><\/p>\n<\/div><\/div>\n<\/div><\/div>\n<div class=\"one-third first \"><div class=\"bloc  \">\n<p><a href=\"http:\/\/medecine.umontreal.ca\/recherche\/les-chercheurs-de-la-faculte\/portraits-chercheurs\/eric-cohen-chercheur-gardiste\/\"><img loading=\"lazy\" decoding=\"async\" src=\"https:\/\/microbiologie.umontreal.ca\/wp-content\/uploads\/sites\/12\/Eric_A_Cohen.jpg\" alt=\"\" width=\"295\" height=\"204\" class=\"alignnone size-full wp-image-4575\" srcset=\"https:\/\/microbiologie.umontreal.ca\/wp-content\/uploads\/sites\/12\/Eric_A_Cohen.jpg 295w, https:\/\/microbiologie.umontreal.ca\/wp-content\/uploads\/sites\/12\/Eric_A_Cohen-200x138.jpg 200w, https:\/\/microbiologie.umontreal.ca\/wp-content\/uploads\/sites\/12\/Eric_A_Cohen-198x137.jpg 198w\" sizes=\"auto, (max-width: 295px) 100vw, 295px\" \/><\/a><\/p>\n<\/div><\/div>\n","protected":false},"excerpt":{"rendered":"","protected":false},"author":25,"featured_media":0,"parent":0,"menu_order":0,"comment_status":"closed","ping_status":"closed","template":"template-home-gallery.php","meta":{"footnotes":""},"class_list":["post-6724","page","type-page","status-publish","hentry"],"yoast_head":"<!-- This site is optimized with the Yoast SEO plugin v25.0 - https:\/\/yoast.com\/wordpress\/plugins\/seo\/ -->\n<title>D\u00e9partement de microbiologie, infectiologie et immunologie de l&#039;Universit\u00e9 de Montr\u00e9al<\/title>\n<meta name=\"robots\" content=\"index, follow, max-snippet:-1, max-image-preview:large, max-video-preview:-1\" \/>\n<link rel=\"canonical\" href=\"https:\/\/microbiologie.umontreal.ca\/en\/\" \/>\n<meta property=\"og:locale\" content=\"en_US\" \/>\n<meta property=\"og:type\" content=\"article\" \/>\n<meta property=\"og:title\" content=\"D\u00e9partement de microbiologie, infectiologie et immunologie de l&#039;Universit\u00e9 de Montr\u00e9al\" \/>\n<meta property=\"og:url\" content=\"https:\/\/microbiologie.umontreal.ca\/en\/\" \/>\n<meta property=\"og:site_name\" content=\"D\u00e9partement de microbiologie, infectiologie et immunologie\" \/>\n<meta property=\"article:modified_time\" content=\"2017-06-27T18:42:43+00:00\" \/>\n<meta property=\"og:image\" content=\"https:\/\/microbiologie.umontreal.ca\/wp-content\/uploads\/sites\/12\/microbiologie.jpg\" \/>\n<script type=\"application\/ld+json\" class=\"yoast-schema-graph\">{\"@context\":\"https:\/\/schema.org\",\"@graph\":[{\"@type\":\"WebPage\",\"@id\":\"https:\/\/microbiologie.umontreal.ca\/en\/\",\"url\":\"https:\/\/microbiologie.umontreal.ca\/en\/\",\"name\":\"D\u00e9partement de microbiologie, infectiologie et immunologie de l'Universit\u00e9 de Montr\u00e9al\",\"isPartOf\":{\"@id\":\"https:\/\/microbiologie.umontreal.ca\/#website\"},\"primaryImageOfPage\":{\"@id\":\"https:\/\/microbiologie.umontreal.ca\/en\/#primaryimage\"},\"image\":{\"@id\":\"https:\/\/microbiologie.umontreal.ca\/en\/#primaryimage\"},\"thumbnailUrl\":\"https:\/\/microbiologie.umontreal.ca\/wp-content\/uploads\/sites\/12\/microbiologie.jpg\",\"datePublished\":\"2014-05-06T15:17:04+00:00\",\"dateModified\":\"2017-06-27T18:42:43+00:00\",\"breadcrumb\":{\"@id\":\"https:\/\/microbiologie.umontreal.ca\/en\/#breadcrumb\"},\"inLanguage\":\"en-US\",\"potentialAction\":[{\"@type\":\"ReadAction\",\"target\":[\"https:\/\/microbiologie.umontreal.ca\/en\/\"]}]},{\"@type\":\"ImageObject\",\"inLanguage\":\"en-US\",\"@id\":\"https:\/\/microbiologie.umontreal.ca\/en\/#primaryimage\",\"url\":\"https:\/\/microbiologie.umontreal.ca\/wp-content\/uploads\/sites\/12\/microbiologie.jpg\",\"contentUrl\":\"https:\/\/microbiologie.umontreal.ca\/wp-content\/uploads\/sites\/12\/microbiologie.jpg\"},{\"@type\":\"BreadcrumbList\",\"@id\":\"https:\/\/microbiologie.umontreal.ca\/en\/#breadcrumb\",\"itemListElement\":[{\"@type\":\"ListItem\",\"position\":1,\"name\":\"Accueil\",\"item\":\"https:\/\/microbiologie.umontreal.ca\/en\/\"},{\"@type\":\"ListItem\",\"position\":2,\"name\":\"Accueil\"}]},{\"@type\":\"WebSite\",\"@id\":\"https:\/\/microbiologie.umontreal.ca\/#website\",\"url\":\"https:\/\/microbiologie.umontreal.ca\/\",\"name\":\"D\u00e9partement de microbiologie, infectiologie et immunologie\",\"description\":\"\",\"potentialAction\":[{\"@type\":\"SearchAction\",\"target\":{\"@type\":\"EntryPoint\",\"urlTemplate\":\"https:\/\/microbiologie.umontreal.ca\/?s={search_term_string}\"},\"query-input\":{\"@type\":\"PropertyValueSpecification\",\"valueRequired\":true,\"valueName\":\"search_term_string\"}}],\"inLanguage\":\"en-US\"}]}<\/script>\n<!-- \/ Yoast SEO plugin. -->","yoast_head_json":{"title":"D\u00e9partement de microbiologie, infectiologie et immunologie de l'Universit\u00e9 de Montr\u00e9al","robots":{"index":"index","follow":"follow","max-snippet":"max-snippet:-1","max-image-preview":"max-image-preview:large","max-video-preview":"max-video-preview:-1"},"canonical":"https:\/\/microbiologie.umontreal.ca\/en\/","og_locale":"en_US","og_type":"article","og_title":"D\u00e9partement de microbiologie, infectiologie et immunologie de l'Universit\u00e9 de Montr\u00e9al","og_url":"https:\/\/microbiologie.umontreal.ca\/en\/","og_site_name":"D\u00e9partement de microbiologie, infectiologie et immunologie","article_modified_time":"2017-06-27T18:42:43+00:00","og_image":[{"url":"https:\/\/microbiologie.umontreal.ca\/wp-content\/uploads\/sites\/12\/microbiologie.jpg","type":"","width":"","height":""}],"schema":{"@context":"https:\/\/schema.org","@graph":[{"@type":"WebPage","@id":"https:\/\/microbiologie.umontreal.ca\/en\/","url":"https:\/\/microbiologie.umontreal.ca\/en\/","name":"D\u00e9partement de microbiologie, infectiologie et immunologie de l'Universit\u00e9 de Montr\u00e9al","isPartOf":{"@id":"https:\/\/microbiologie.umontreal.ca\/#website"},"primaryImageOfPage":{"@id":"https:\/\/microbiologie.umontreal.ca\/en\/#primaryimage"},"image":{"@id":"https:\/\/microbiologie.umontreal.ca\/en\/#primaryimage"},"thumbnailUrl":"https:\/\/microbiologie.umontreal.ca\/wp-content\/uploads\/sites\/12\/microbiologie.jpg","datePublished":"2014-05-06T15:17:04+00:00","dateModified":"2017-06-27T18:42:43+00:00","breadcrumb":{"@id":"https:\/\/microbiologie.umontreal.ca\/en\/#breadcrumb"},"inLanguage":"en-US","potentialAction":[{"@type":"ReadAction","target":["https:\/\/microbiologie.umontreal.ca\/en\/"]}]},{"@type":"ImageObject","inLanguage":"en-US","@id":"https:\/\/microbiologie.umontreal.ca\/en\/#primaryimage","url":"https:\/\/microbiologie.umontreal.ca\/wp-content\/uploads\/sites\/12\/microbiologie.jpg","contentUrl":"https:\/\/microbiologie.umontreal.ca\/wp-content\/uploads\/sites\/12\/microbiologie.jpg"},{"@type":"BreadcrumbList","@id":"https:\/\/microbiologie.umontreal.ca\/en\/#breadcrumb","itemListElement":[{"@type":"ListItem","position":1,"name":"Accueil","item":"https:\/\/microbiologie.umontreal.ca\/en\/"},{"@type":"ListItem","position":2,"name":"Accueil"}]},{"@type":"WebSite","@id":"https:\/\/microbiologie.umontreal.ca\/#website","url":"https:\/\/microbiologie.umontreal.ca\/","name":"D\u00e9partement de microbiologie, infectiologie et immunologie","description":"","potentialAction":[{"@type":"SearchAction","target":{"@type":"EntryPoint","urlTemplate":"https:\/\/microbiologie.umontreal.ca\/?s={search_term_string}"},"query-input":{"@type":"PropertyValueSpecification","valueRequired":true,"valueName":"search_term_string"}}],"inLanguage":"en-US"}]}},"_links":{"self":[{"href":"https:\/\/microbiologie.umontreal.ca\/en\/wp-json\/wp\/v2\/pages\/6724","targetHints":{"allow":["GET"]}}],"collection":[{"href":"https:\/\/microbiologie.umontreal.ca\/en\/wp-json\/wp\/v2\/pages"}],"about":[{"href":"https:\/\/microbiologie.umontreal.ca\/en\/wp-json\/wp\/v2\/types\/page"}],"author":[{"embeddable":true,"href":"https:\/\/microbiologie.umontreal.ca\/en\/wp-json\/wp\/v2\/users\/25"}],"replies":[{"embeddable":true,"href":"https:\/\/microbiologie.umontreal.ca\/en\/wp-json\/wp\/v2\/comments?post=6724"}],"version-history":[{"count":1,"href":"https:\/\/microbiologie.umontreal.ca\/en\/wp-json\/wp\/v2\/pages\/6724\/revisions"}],"predecessor-version":[{"id":6788,"href":"https:\/\/microbiologie.umontreal.ca\/en\/wp-json\/wp\/v2\/pages\/6724\/revisions\/6788"}],"wp:attachment":[{"href":"https:\/\/microbiologie.umontreal.ca\/en\/wp-json\/wp\/v2\/media?parent=6724"}],"curies":[{"name":"wp","href":"https:\/\/api.w.org\/{rel}","templated":true}]}}