{"id":7522,"date":"2014-07-28T17:04:30","date_gmt":"2014-07-28T17:04:30","guid":{"rendered":"https:\/\/microbiologie.umontreal.ca\/hugo-soudeyns-ph-d\/"},"modified":"2021-08-25T18:53:26","modified_gmt":"2021-08-25T17:53:26","slug":"hugo-soudeyns-ph-d","status":"publish","type":"page","link":"https:\/\/microbiologie.umontreal.ca\/en\/professeurs-chercheurs\/hugo-soudeyns-ph-d\/","title":{"rendered":"Hugo Soudeyns"},"content":{"rendered":"<div  class=\" fiche-chercheur  \">\n<div class=\"img noLightbox\"><\/p>\n<p><a href=\"https:\/\/microbiologie.umontreal.ca\/wp-content\/uploads\/sites\/12\/Soudeyns-Hugo.png\"><img loading=\"lazy\" decoding=\"async\" class=\"alignnone wp-image-3838\" alt=\"Soudeyns Hugo\" src=\"https:\/\/microbiologie.umontreal.ca\/wp-content\/uploads\/sites\/12\/Soudeyns-Hugo-238x300.png\" width=\"100\" height=\"126\" srcset=\"https:\/\/microbiologie.umontreal.ca\/wp-content\/uploads\/sites\/12\/Soudeyns-Hugo-238x300.png 238w, https:\/\/microbiologie.umontreal.ca\/wp-content\/uploads\/sites\/12\/Soudeyns-Hugo-200x251.png 200w, https:\/\/microbiologie.umontreal.ca\/wp-content\/uploads\/sites\/12\/Soudeyns-Hugo-234x295.png 234w, https:\/\/microbiologie.umontreal.ca\/wp-content\/uploads\/sites\/12\/Soudeyns-Hugo-480x604.png 480w, https:\/\/microbiologie.umontreal.ca\/wp-content\/uploads\/sites\/12\/Soudeyns-Hugo.png 634w\" sizes=\"auto, (max-width: 100px) 100vw, 100px\" \/><\/a><\/p>\n<p><\/div>\n<table style=\"width: 382px\">\n<tbody>\n<tr>\n<td style=\"width: 87px\"><strong>Title:<\/strong><\/td>\n<td style=\"width: 389px\">Full professor<\/td>\n<\/tr>\n<tr>\n<td style=\"width: 87px\"><strong>Address:<\/strong><\/td>\n<td style=\"width: 389px\">Unit\u00e9 d&#8217;immunopathologie virale<br \/>\nCentre de recherche du CHU Ste-Justine<br \/>\n3175, chemin C\u00f4te-Sainte-Catherine<br \/>\nMontr\u00e9al (Qu\u00e9bec)\u00a0 H3T 1C5<\/td>\n<\/tr>\n<tr>\n<td style=\"width: 87px\"><strong>Room:<\/strong><\/td>\n<td style=\"width: 389px\">1.17.000<\/td>\n<\/tr>\n<tr>\n<td style=\"width: 87px\"><strong>Phone:<\/strong><\/td>\n<td style=\"width: 389px\">Office: 514-345-4931, ext. 3377<br \/>\nLab: 514-345-4931, ext. 3907<\/td>\n<\/tr>\n<tr>\n<td style=\"width: 87px\"><strong>Email:<\/strong><\/td>\n<td style=\"width: 389px\"><a href=\"mailto:hugo.soudeyns.hsj@ssss.gouv.qc.ca\">hugo.soudeyns.hsj@ssss.gouv.qc.ca<\/a><br \/>\n<a href=\"mailto:hugo.soudeyns@umontreal.ca\">hugo.soudeyns@umontreal.ca<\/a><\/td>\n<\/tr>\n<\/tbody>\n<\/table>\n<\/div><br \/>\n<hr\/><\/p>\n<h2 style=\"text-align: justify\"><strong>Biography<\/strong><\/h2>\n<p style=\"text-align: justify\">Update coming soon<\/p>\n<p style=\"text-align: justify\"><hr\/><\/p>\n<h2 style=\"text-align: justify\"><strong>Team<\/strong><\/h2>\n<ul style=\"text-align: justify\">\n<li>Ariane Larouche, Ph.D., associ\u00e9e de recherche<\/li>\n<li>Hinatea Dieumegard, \u00e9tudiante au doctorat<\/li>\n<li>Madeleine Aby Diallo, \u00e9tudiante \u00e0 la ma\u00eetrise<\/li>\n<li>Jade Canape, \u00e9tudiante \u00e0 la ma\u00eetrise<\/li>\n<\/ul>\n<hr\/>\n<h2 style=\"text-align: justify\"><strong>Themes<\/strong><\/h2>\n<ul style=\"text-align: justify\">\n<li>Immunology<\/li>\n<li>Virology<\/li>\n<\/ul>\n<p style=\"text-align: justify\"><hr\/><\/p>\n<h2 style=\"text-align: justify\"><strong>Research topics<\/strong><\/h2>\n<p style=\"text-align: justify\">Update coming soon<\/p>\n<p style=\"text-align: justify\"><hr\/><\/p>\n<h2 style=\"text-align: justify\"><strong>Publications<\/strong><\/h2>\n<p>Choudhury B, Brown J, Ransy DG, Brophy J, Kakkar F, Bitnun A, Samson L, Read S, <strong>Soudeyns H<\/strong>, Vaudry W, Houston S, Hawkes MT. 2021. Endothelial activation is associated with intestinal epithelial injury, systemic inflammation, and treatment regimen in children living with vertically acquired HIV-1 infection. <a href=\"https:\/\/pubmed.ncbi.nlm.nih.gov\/33151601\/\"><strong>HIV Med<\/strong> 22: 273-282.<\/a><\/p>\n<p>Bitnun A, Ransy DG, Brophy J, Kakkar F, Hawkes MT, Samson L, Annabi B, Pagliuzza A, Adams-Morand J, Sauve L, Chomont N, Lavoie S, Kim J, Sandstrom P, Wender P, Lee T, Singer J, Read S, <strong>Soudeyns H<\/strong>, EPIC<sup>4<\/sup> Study Group. 2020. Clinical correlates of HIV-1 DNA and inducible HIV-1 RNA reservoirs in peripheral blood in children with perinatally acquired HIV-1 infection with sustained virologic suppression for at least 5 years. <a href=\"https:\/\/pubmed.ncbi.nlm.nih.gov\/30919879\/\"><strong>Clin Infect Dis<\/strong> 70: 859-866.<\/a><\/p>\n<p>Larouche A, Milton McSween KA, Calderon V, Fauteux\u2010Daniel S, Boulais J, Ransy DG, Boucher M, Lamarre V, Lapointe N, Boucoiran I, Money DM, Krajden M, Le Campion A, <strong>Soudeyns H<\/strong>. 2019. Quasispecies diversity is a major risk factor for vertical HCV transmission. <a href=\"https:\/\/pubmed.ncbi.nlm.nih.gov\/30365007\/\"><strong>J Infect Dis<\/strong> 219: 760-771.<\/a><\/p>\n<p>Fauteux-Daniel S, Larouche A, Calderon V, Boulais J, B\u00e9land C, Ransy DG, Boucher M, Lamarre V, Lapointe N, Boucoiran I, Le Campion A, <strong>Soudeyns H<\/strong>. 2017. Vertical transmission of hepatitis C virus: variable transmission bottleneck and evidence of mid-gestation in utero infection. <a href=\"https:\/\/www.ncbi.nlm.nih.gov\/pubmed\/28931691\"><strong>J Virol<\/strong> 91: e01372-17<\/a>.<\/p>\n","protected":false},"excerpt":{"rendered":"<p>Biography Update coming soon Team Ariane Larouche, Ph.D., associ\u00e9e de recherche Hinatea Dieumegard, \u00e9tudiante au doctorat Madeleine Aby Diallo, \u00e9tudiante \u00e0 la ma\u00eetrise Jade Canape, \u00e9tudiante \u00e0 la ma\u00eetrise Themes [&hellip;]<\/p>\n","protected":false},"author":25,"featured_media":0,"parent":11407,"menu_order":0,"comment_status":"closed","ping_status":"closed","template":"","meta":{"footnotes":""},"class_list":["post-7522","page","type-page","status-publish","hentry"],"yoast_head":"<!-- This site is optimized with the Yoast SEO plugin v25.0 - https:\/\/yoast.com\/wordpress\/plugins\/seo\/ -->\n<title>Hugo Soudeyns - D\u00e9partement de microbiologie, infectiologie et immunologie - Universit\u00e9 de Montr\u00e9al<\/title>\n<meta name=\"robots\" content=\"index, follow, max-snippet:-1, max-image-preview:large, max-video-preview:-1\" \/>\n<link rel=\"canonical\" href=\"https:\/\/microbiologie.umontreal.ca\/en\/professeurs-chercheurs\/hugo-soudeyns-ph-d\/\" \/>\n<meta property=\"og:locale\" content=\"en_US\" \/>\n<meta property=\"og:type\" content=\"article\" \/>\n<meta property=\"og:title\" content=\"Hugo Soudeyns - D\u00e9partement de microbiologie, infectiologie et immunologie - Universit\u00e9 de Montr\u00e9al\" \/>\n<meta property=\"og:description\" content=\"Biography Update coming soon Team Ariane Larouche, Ph.D., associ\u00e9e de recherche Hinatea Dieumegard, \u00e9tudiante au doctorat Madeleine Aby Diallo, \u00e9tudiante \u00e0 la ma\u00eetrise Jade Canape, \u00e9tudiante \u00e0 la ma\u00eetrise Themes [&hellip;]\" \/>\n<meta property=\"og:url\" content=\"https:\/\/microbiologie.umontreal.ca\/en\/professeurs-chercheurs\/hugo-soudeyns-ph-d\/\" \/>\n<meta property=\"og:site_name\" content=\"D\u00e9partement de microbiologie, infectiologie et immunologie\" \/>\n<meta property=\"article:modified_time\" content=\"2021-08-25T17:53:26+00:00\" \/>\n<meta property=\"og:image\" content=\"https:\/\/microbiologie.umontreal.ca\/wp-content\/uploads\/sites\/12\/Soudeyns-Hugo-238x300.png\" \/>\n<meta name=\"twitter:label1\" content=\"Est. reading time\" \/>\n\t<meta name=\"twitter:data1\" content=\"2 minutes\" \/>\n<script type=\"application\/ld+json\" class=\"yoast-schema-graph\">{\"@context\":\"https:\/\/schema.org\",\"@graph\":[{\"@type\":\"WebPage\",\"@id\":\"https:\/\/microbiologie.umontreal.ca\/en\/professeurs-chercheurs\/hugo-soudeyns-ph-d\/\",\"url\":\"https:\/\/microbiologie.umontreal.ca\/en\/professeurs-chercheurs\/hugo-soudeyns-ph-d\/\",\"name\":\"Hugo Soudeyns - D\u00e9partement de microbiologie, infectiologie et immunologie - Universit\u00e9 de Montr\u00e9al\",\"isPartOf\":{\"@id\":\"https:\/\/microbiologie.umontreal.ca\/#website\"},\"primaryImageOfPage\":{\"@id\":\"https:\/\/microbiologie.umontreal.ca\/en\/professeurs-chercheurs\/hugo-soudeyns-ph-d\/#primaryimage\"},\"image\":{\"@id\":\"https:\/\/microbiologie.umontreal.ca\/en\/professeurs-chercheurs\/hugo-soudeyns-ph-d\/#primaryimage\"},\"thumbnailUrl\":\"https:\/\/microbiologie.umontreal.ca\/wp-content\/uploads\/sites\/12\/Soudeyns-Hugo-238x300.png\",\"datePublished\":\"2014-07-28T17:04:30+00:00\",\"dateModified\":\"2021-08-25T17:53:26+00:00\",\"breadcrumb\":{\"@id\":\"https:\/\/microbiologie.umontreal.ca\/en\/professeurs-chercheurs\/hugo-soudeyns-ph-d\/#breadcrumb\"},\"inLanguage\":\"en-US\",\"potentialAction\":[{\"@type\":\"ReadAction\",\"target\":[\"https:\/\/microbiologie.umontreal.ca\/en\/professeurs-chercheurs\/hugo-soudeyns-ph-d\/\"]}]},{\"@type\":\"ImageObject\",\"inLanguage\":\"en-US\",\"@id\":\"https:\/\/microbiologie.umontreal.ca\/en\/professeurs-chercheurs\/hugo-soudeyns-ph-d\/#primaryimage\",\"url\":\"https:\/\/microbiologie.umontreal.ca\/wp-content\/uploads\/sites\/12\/Soudeyns-Hugo-238x300.png\",\"contentUrl\":\"https:\/\/microbiologie.umontreal.ca\/wp-content\/uploads\/sites\/12\/Soudeyns-Hugo-238x300.png\"},{\"@type\":\"BreadcrumbList\",\"@id\":\"https:\/\/microbiologie.umontreal.ca\/en\/professeurs-chercheurs\/hugo-soudeyns-ph-d\/#breadcrumb\",\"itemListElement\":[{\"@type\":\"ListItem\",\"position\":1,\"name\":\"Accueil\",\"item\":\"https:\/\/microbiologie.umontreal.ca\/en\/\"},{\"@type\":\"ListItem\",\"position\":2,\"name\":\"Professeurs-chercheurs\",\"item\":\"https:\/\/microbiologie.umontreal.ca\/en\/professeurs-chercheurs\/\"},{\"@type\":\"ListItem\",\"position\":3,\"name\":\"Hugo Soudeyns\"}]},{\"@type\":\"WebSite\",\"@id\":\"https:\/\/microbiologie.umontreal.ca\/#website\",\"url\":\"https:\/\/microbiologie.umontreal.ca\/\",\"name\":\"D\u00e9partement de microbiologie, infectiologie et immunologie\",\"description\":\"\",\"potentialAction\":[{\"@type\":\"SearchAction\",\"target\":{\"@type\":\"EntryPoint\",\"urlTemplate\":\"https:\/\/microbiologie.umontreal.ca\/?s={search_term_string}\"},\"query-input\":{\"@type\":\"PropertyValueSpecification\",\"valueRequired\":true,\"valueName\":\"search_term_string\"}}],\"inLanguage\":\"en-US\"}]}<\/script>\n<!-- \/ Yoast SEO plugin. -->","yoast_head_json":{"title":"Hugo Soudeyns - D\u00e9partement de microbiologie, infectiologie et immunologie - Universit\u00e9 de Montr\u00e9al","robots":{"index":"index","follow":"follow","max-snippet":"max-snippet:-1","max-image-preview":"max-image-preview:large","max-video-preview":"max-video-preview:-1"},"canonical":"https:\/\/microbiologie.umontreal.ca\/en\/professeurs-chercheurs\/hugo-soudeyns-ph-d\/","og_locale":"en_US","og_type":"article","og_title":"Hugo Soudeyns - D\u00e9partement de microbiologie, infectiologie et immunologie - Universit\u00e9 de Montr\u00e9al","og_description":"Biography Update coming soon Team Ariane Larouche, Ph.D., associ\u00e9e de recherche Hinatea Dieumegard, \u00e9tudiante au doctorat Madeleine Aby Diallo, \u00e9tudiante \u00e0 la ma\u00eetrise Jade Canape, \u00e9tudiante \u00e0 la ma\u00eetrise Themes [&hellip;]","og_url":"https:\/\/microbiologie.umontreal.ca\/en\/professeurs-chercheurs\/hugo-soudeyns-ph-d\/","og_site_name":"D\u00e9partement de microbiologie, infectiologie et immunologie","article_modified_time":"2021-08-25T17:53:26+00:00","og_image":[{"url":"https:\/\/microbiologie.umontreal.ca\/wp-content\/uploads\/sites\/12\/Soudeyns-Hugo-238x300.png","type":"","width":"","height":""}],"twitter_misc":{"Est. reading time":"2 minutes"},"schema":{"@context":"https:\/\/schema.org","@graph":[{"@type":"WebPage","@id":"https:\/\/microbiologie.umontreal.ca\/en\/professeurs-chercheurs\/hugo-soudeyns-ph-d\/","url":"https:\/\/microbiologie.umontreal.ca\/en\/professeurs-chercheurs\/hugo-soudeyns-ph-d\/","name":"Hugo Soudeyns - D\u00e9partement de microbiologie, infectiologie et immunologie - Universit\u00e9 de Montr\u00e9al","isPartOf":{"@id":"https:\/\/microbiologie.umontreal.ca\/#website"},"primaryImageOfPage":{"@id":"https:\/\/microbiologie.umontreal.ca\/en\/professeurs-chercheurs\/hugo-soudeyns-ph-d\/#primaryimage"},"image":{"@id":"https:\/\/microbiologie.umontreal.ca\/en\/professeurs-chercheurs\/hugo-soudeyns-ph-d\/#primaryimage"},"thumbnailUrl":"https:\/\/microbiologie.umontreal.ca\/wp-content\/uploads\/sites\/12\/Soudeyns-Hugo-238x300.png","datePublished":"2014-07-28T17:04:30+00:00","dateModified":"2021-08-25T17:53:26+00:00","breadcrumb":{"@id":"https:\/\/microbiologie.umontreal.ca\/en\/professeurs-chercheurs\/hugo-soudeyns-ph-d\/#breadcrumb"},"inLanguage":"en-US","potentialAction":[{"@type":"ReadAction","target":["https:\/\/microbiologie.umontreal.ca\/en\/professeurs-chercheurs\/hugo-soudeyns-ph-d\/"]}]},{"@type":"ImageObject","inLanguage":"en-US","@id":"https:\/\/microbiologie.umontreal.ca\/en\/professeurs-chercheurs\/hugo-soudeyns-ph-d\/#primaryimage","url":"https:\/\/microbiologie.umontreal.ca\/wp-content\/uploads\/sites\/12\/Soudeyns-Hugo-238x300.png","contentUrl":"https:\/\/microbiologie.umontreal.ca\/wp-content\/uploads\/sites\/12\/Soudeyns-Hugo-238x300.png"},{"@type":"BreadcrumbList","@id":"https:\/\/microbiologie.umontreal.ca\/en\/professeurs-chercheurs\/hugo-soudeyns-ph-d\/#breadcrumb","itemListElement":[{"@type":"ListItem","position":1,"name":"Accueil","item":"https:\/\/microbiologie.umontreal.ca\/en\/"},{"@type":"ListItem","position":2,"name":"Professeurs-chercheurs","item":"https:\/\/microbiologie.umontreal.ca\/en\/professeurs-chercheurs\/"},{"@type":"ListItem","position":3,"name":"Hugo Soudeyns"}]},{"@type":"WebSite","@id":"https:\/\/microbiologie.umontreal.ca\/#website","url":"https:\/\/microbiologie.umontreal.ca\/","name":"D\u00e9partement de microbiologie, infectiologie et immunologie","description":"","potentialAction":[{"@type":"SearchAction","target":{"@type":"EntryPoint","urlTemplate":"https:\/\/microbiologie.umontreal.ca\/?s={search_term_string}"},"query-input":{"@type":"PropertyValueSpecification","valueRequired":true,"valueName":"search_term_string"}}],"inLanguage":"en-US"}]}},"_links":{"self":[{"href":"https:\/\/microbiologie.umontreal.ca\/en\/wp-json\/wp\/v2\/pages\/7522","targetHints":{"allow":["GET"]}}],"collection":[{"href":"https:\/\/microbiologie.umontreal.ca\/en\/wp-json\/wp\/v2\/pages"}],"about":[{"href":"https:\/\/microbiologie.umontreal.ca\/en\/wp-json\/wp\/v2\/types\/page"}],"author":[{"embeddable":true,"href":"https:\/\/microbiologie.umontreal.ca\/en\/wp-json\/wp\/v2\/users\/25"}],"replies":[{"embeddable":true,"href":"https:\/\/microbiologie.umontreal.ca\/en\/wp-json\/wp\/v2\/comments?post=7522"}],"version-history":[{"count":9,"href":"https:\/\/microbiologie.umontreal.ca\/en\/wp-json\/wp\/v2\/pages\/7522\/revisions"}],"predecessor-version":[{"id":12238,"href":"https:\/\/microbiologie.umontreal.ca\/en\/wp-json\/wp\/v2\/pages\/7522\/revisions\/12238"}],"up":[{"embeddable":true,"href":"https:\/\/microbiologie.umontreal.ca\/en\/wp-json\/wp\/v2\/pages\/11407"}],"wp:attachment":[{"href":"https:\/\/microbiologie.umontreal.ca\/en\/wp-json\/wp\/v2\/media?parent=7522"}],"curies":[{"name":"wp","href":"https:\/\/api.w.org\/{rel}","templated":true}]}}