{"id":7554,"date":"2014-08-04T13:59:21","date_gmt":"2014-08-04T13:59:21","guid":{"rendered":"https:\/\/microbiologie.umontreal.ca\/sylvie-lesage\/"},"modified":"2021-07-28T14:59:21","modified_gmt":"2021-07-28T13:59:21","slug":"sylvie-lesage","status":"publish","type":"page","link":"https:\/\/microbiologie.umontreal.ca\/en\/professeurs-chercheurs\/sylvie-lesage\/","title":{"rendered":"Sylvie Lesage"},"content":{"rendered":"<div  class=\" fiche-chercheur  \">\n<div class=\"img noLightbox\"><\/p>\n<p><img loading=\"lazy\" decoding=\"async\" class=\"alignnone wp-image-3776\" alt=\"Lesage.Sylvie\" src=\"https:\/\/microbiologie.umontreal.ca\/wp-content\/uploads\/sites\/12\/Lesage-Sylvie-200x300.jpg\" width=\"99\" height=\"149\" \/><\/p>\n<p><\/div>\n<table style=\"width: 281px\">\n<tbody>\n<tr>\n<td style=\"width: 76px\"><strong>Title:<\/strong><\/td>\n<td style=\"width: 240px\">Full professor<\/td>\n<\/tr>\n<tr>\n<td style=\"width: 76px\"><strong>Address:<\/strong><\/td>\n<td style=\"width: 240px\">H\u00f4pital Maisonneuve-Rosemont<br \/>\nCentre de recherche<br \/>\n5415, boul. l\u2019Assomption<br \/>\nMontr\u00e9al (Qu\u00e9bec) H1T 2M4<\/td>\n<\/tr>\n<tr>\n<td style=\"width: 76px\"><strong>Room:<\/strong><\/td>\n<td style=\"width: 240px\">Room 305, polyclinique<\/td>\n<\/tr>\n<tr>\n<td style=\"width: 76px\"><strong>Phone:<\/strong><\/td>\n<td style=\"width: 240px\">Office: 514-252-3400,\u00a0ext. 4649<br \/>\nLab: 514-252-3400, ext. 4653<\/td>\n<\/tr>\n<tr>\n<td style=\"width: 76px\"><strong>Fax:<\/strong><\/td>\n<td style=\"width: 240px\">514-252-3430<\/td>\n<\/tr>\n<tr>\n<td style=\"width: 76px\"><strong>Email:<\/strong><\/td>\n<td style=\"width: 240px\"><a href=\"mailto:sylvie.lesage@umontreal.ca\">sylvie.lesage@umontreal.ca<\/a><\/td>\n<\/tr>\n<\/tbody>\n<\/table>\n<\/div>\n<hr\/>\n<h2 style=\"text-align: justify\"><strong>Biography<\/strong><\/h2>\n<p style=\"text-align: justify\">Dr. Sylvie Lesage received her BSc from the Interdepartmental Immunology Program at McGill University. Subsequently, she completed her Ph.D. in Experimental Medicine under the supervision of Dr. Patrice Hugo, where she studied the mechanisms of central T cell tolerance. She then undertook a postdoctoral internship under the supervision of Dr. Christopher C. Goodnow, recognized internationally for is work in immunogenetics. During this internship in Australia, Dr. Lesage took advantage of murine models to study the genetic predisposition to autoimmune diseases, such as type 1 diabetes. While it was established that peripheral tolerance of lymphocytes T contributed significantly to the predisposition to autoimmune diseases, Dr. Lesage&#8217;s work revealed an important contribution of central tolerance. Dr. Lesage opened her laboratory in the fall of 2005 at Maisonneuve-Rosemont Hospital where she established a research team to define the biology and genetics of the immune system&#8217;s cellular populations that contribute to immune tolerance and thus preventing autoimmune diseases.<\/p>\n<p style=\"text-align: justify\"><hr\/><\/p>\n<h2 style=\"text-align: justify\"><strong>Team<\/strong><\/h2>\n<ul style=\"text-align: justify\">\n<li>Lise Coderre, associ\u00e9e de recherche<\/li>\n<li>Genevi\u00e8ve Chabot-Roy, assistante de recherche<\/li>\n<li>Ernesto Fajardo Despaigne, assistant de recherche<\/li>\n<li>Sarah Pasquin, stagiaire post-doctorale<\/li>\n<li>Antoine Leblanc-Hotte, stagiaire post-doctoral<\/li>\n<li>F\u00e9lix Lombard-Vadnais, \u00e9tudiant au doctorat<\/li>\n<li>Adrien Fois, \u00e9tudiant au doctorat<\/li>\n<li>Anne-Marie Aubin, \u00e9tudiante \u00e0 la ma\u00eetrise<\/li>\n<li>A\u00efnhoa Olazabal, \u00e9tudiante \u00e0 la ma\u00eetrise<\/li>\n<li>Capucine Bourel, \u00e9tudiante \u00e0 la ma\u00eetrise<\/li>\n<li>Jo\u00eblle Plourde, \u00e9tudiante \u00e0 la ma\u00eetrise<\/li>\n<\/ul>\n<hr\/>\n<h2 style=\"text-align: justify\"><strong>Theme<\/strong><\/h2>\n<ul style=\"text-align: justify\">\n<li>Immunology<\/li>\n<\/ul>\n<p style=\"text-align: justify\"><hr\/><\/p>\n<h2 style=\"text-align: justify\"><strong>Research topics<\/strong><\/h2>\n<ul style=\"text-align: justify\">\n<li>Our research projects aim to measure the importance of homeostasis of different immune cell populations in order to identify the impact of each cell on the predisposition to complex genetic diseases such as autoimmune diseases and cancer. Various basic research projects are underway on a variety of subjects, including NK cells, dendritic cells and T lymphocytes. We also conduct applied research on inflammation, type 1 diabetes and graft-vs-host disease, among others.<\/li>\n<\/ul>\n<p style=\"text-align: justify\"><hr\/><\/p>\n<h2 style=\"text-align: justify\"><strong>Publications<\/strong><\/h2>\n<p style=\"text-align: justify\"><a href=\"https:\/\/www.ncbi.nlm.nih.gov\/myncbi\/browse\/collection\/51234044\/?sort=date&amp;direction=descending\">https:\/\/www.ncbi.nlm.nih.gov\/myncbi\/browse\/collection\/51234044\/?sort=date&amp;direction=descending<\/a><\/p>\n<ul>\n<li style=\"text-align: justify\">Dong M, Audiger C, Adegoke A, Lebel M\u00c8, Valbon SF, Anderson CC, Melichar HJ, Lesage S.\u00a0<a href=\"https:\/\/www.ncbi.nlm.nih.gov\/pubmed\/33534942\/\">CD5 levels reveal distinct basal T-cell receptor signals in T cells from non-obese diabetic mice.\u00a0<\/a>Immunol Cell Biol.\u00a02021 Jul;99(6):656-667.\u00a0doi: 10.1111\/imcb.12443.\u00a0Epub 2021 Mar 8.\u00a0PubMed PMID: 33534942.<\/li>\n<li style=\"text-align: justify\">Fois A, Boucher-Lafleur AM, Thompson Legault J, Renaud C, Morin C, Des Rosiers C, Coderre L, Laprise C, Lesage S.\u00a0<a href=\"https:\/\/www.ncbi.nlm.nih.gov\/pubmed\/33085679\/\">Humoral responses to the measles, mumps and rubella vaccine are impaired in Leigh Syndrome French Canadian patients.\u00a0<\/a>PLoS One.\u00a02020;15(10):e0239860.\u00a0doi: 10.1371\/journal.pone.0239860.\u00a0eCollection 2020.\u00a0PubMed PMID: 33085679; PubMed Central PMCID: PMC7577467.<\/li>\n<li style=\"text-align: justify\">Collin R, Lombard-Vadnais F, Hillhouse EE, Lebel M\u00c8, Chabot-Roy G, Melichar HJ, Lesage S.\u00a0<a href=\"https:\/\/www.ncbi.nlm.nih.gov\/pubmed\/32434937\/\">MHC-Independent Thymic Selection of CD4 and CD8 Coreceptor Negative \u03b1\u03b2 T Cells.\u00a0<\/a>J Immunol.\u00a02020 Jul 1;205(1):133-142.\u00a0doi: 10.4049\/jimmunol.2000156.\u00a0Epub 2020 May 20.\u00a0PubMed PMID: 32434937.<\/li>\n<\/ul>\n","protected":false},"excerpt":{"rendered":"<p>Biography Dr. Sylvie Lesage received her BSc from the Interdepartmental Immunology Program at McGill University. Subsequently, she completed her Ph.D. in Experimental Medicine under the supervision of Dr. Patrice Hugo, [&hellip;]<\/p>\n","protected":false},"author":25,"featured_media":0,"parent":11407,"menu_order":0,"comment_status":"closed","ping_status":"closed","template":"","meta":{"footnotes":""},"class_list":["post-7554","page","type-page","status-publish","hentry"],"yoast_head":"<!-- This site is optimized with the Yoast SEO plugin v25.0 - https:\/\/yoast.com\/wordpress\/plugins\/seo\/ -->\n<title>Sylvie Lesage - D\u00e9partement de microbiologie, infectiologie et immunologie - Universit\u00e9 de Montr\u00e9al<\/title>\n<meta name=\"robots\" content=\"index, follow, max-snippet:-1, max-image-preview:large, max-video-preview:-1\" \/>\n<link rel=\"canonical\" href=\"https:\/\/microbiologie.umontreal.ca\/en\/professeurs-chercheurs\/sylvie-lesage\/\" \/>\n<meta property=\"og:locale\" content=\"en_US\" \/>\n<meta property=\"og:type\" content=\"article\" \/>\n<meta property=\"og:title\" content=\"Sylvie Lesage - D\u00e9partement de microbiologie, infectiologie et immunologie - Universit\u00e9 de Montr\u00e9al\" \/>\n<meta property=\"og:description\" content=\"Biography Dr. Sylvie Lesage received her BSc from the Interdepartmental Immunology Program at McGill University. Subsequently, she completed her Ph.D. in Experimental Medicine under the supervision of Dr. Patrice Hugo, [&hellip;]\" \/>\n<meta property=\"og:url\" content=\"https:\/\/microbiologie.umontreal.ca\/en\/professeurs-chercheurs\/sylvie-lesage\/\" \/>\n<meta property=\"og:site_name\" content=\"D\u00e9partement de microbiologie, infectiologie et immunologie\" \/>\n<meta property=\"article:modified_time\" content=\"2021-07-28T13:59:21+00:00\" \/>\n<meta property=\"og:image\" content=\"https:\/\/microbiologie.umontreal.ca\/wp-content\/uploads\/sites\/12\/Lesage-Sylvie-200x300.jpg\" \/>\n<meta name=\"twitter:label1\" content=\"Est. reading time\" \/>\n\t<meta name=\"twitter:data1\" content=\"2 minutes\" \/>\n<script type=\"application\/ld+json\" class=\"yoast-schema-graph\">{\"@context\":\"https:\/\/schema.org\",\"@graph\":[{\"@type\":\"WebPage\",\"@id\":\"https:\/\/microbiologie.umontreal.ca\/en\/professeurs-chercheurs\/sylvie-lesage\/\",\"url\":\"https:\/\/microbiologie.umontreal.ca\/en\/professeurs-chercheurs\/sylvie-lesage\/\",\"name\":\"Sylvie Lesage - D\u00e9partement de microbiologie, infectiologie et immunologie - Universit\u00e9 de Montr\u00e9al\",\"isPartOf\":{\"@id\":\"https:\/\/microbiologie.umontreal.ca\/#website\"},\"primaryImageOfPage\":{\"@id\":\"https:\/\/microbiologie.umontreal.ca\/en\/professeurs-chercheurs\/sylvie-lesage\/#primaryimage\"},\"image\":{\"@id\":\"https:\/\/microbiologie.umontreal.ca\/en\/professeurs-chercheurs\/sylvie-lesage\/#primaryimage\"},\"thumbnailUrl\":\"https:\/\/microbiologie.umontreal.ca\/wp-content\/uploads\/sites\/12\/Lesage-Sylvie-200x300.jpg\",\"datePublished\":\"2014-08-04T13:59:21+00:00\",\"dateModified\":\"2021-07-28T13:59:21+00:00\",\"breadcrumb\":{\"@id\":\"https:\/\/microbiologie.umontreal.ca\/en\/professeurs-chercheurs\/sylvie-lesage\/#breadcrumb\"},\"inLanguage\":\"en-US\",\"potentialAction\":[{\"@type\":\"ReadAction\",\"target\":[\"https:\/\/microbiologie.umontreal.ca\/en\/professeurs-chercheurs\/sylvie-lesage\/\"]}]},{\"@type\":\"ImageObject\",\"inLanguage\":\"en-US\",\"@id\":\"https:\/\/microbiologie.umontreal.ca\/en\/professeurs-chercheurs\/sylvie-lesage\/#primaryimage\",\"url\":\"https:\/\/microbiologie.umontreal.ca\/wp-content\/uploads\/sites\/12\/Lesage-Sylvie-200x300.jpg\",\"contentUrl\":\"https:\/\/microbiologie.umontreal.ca\/wp-content\/uploads\/sites\/12\/Lesage-Sylvie-200x300.jpg\"},{\"@type\":\"BreadcrumbList\",\"@id\":\"https:\/\/microbiologie.umontreal.ca\/en\/professeurs-chercheurs\/sylvie-lesage\/#breadcrumb\",\"itemListElement\":[{\"@type\":\"ListItem\",\"position\":1,\"name\":\"Accueil\",\"item\":\"https:\/\/microbiologie.umontreal.ca\/en\/\"},{\"@type\":\"ListItem\",\"position\":2,\"name\":\"Professeurs-chercheurs\",\"item\":\"https:\/\/microbiologie.umontreal.ca\/en\/professeurs-chercheurs\/\"},{\"@type\":\"ListItem\",\"position\":3,\"name\":\"Sylvie Lesage\"}]},{\"@type\":\"WebSite\",\"@id\":\"https:\/\/microbiologie.umontreal.ca\/#website\",\"url\":\"https:\/\/microbiologie.umontreal.ca\/\",\"name\":\"D\u00e9partement de microbiologie, infectiologie et immunologie\",\"description\":\"\",\"potentialAction\":[{\"@type\":\"SearchAction\",\"target\":{\"@type\":\"EntryPoint\",\"urlTemplate\":\"https:\/\/microbiologie.umontreal.ca\/?s={search_term_string}\"},\"query-input\":{\"@type\":\"PropertyValueSpecification\",\"valueRequired\":true,\"valueName\":\"search_term_string\"}}],\"inLanguage\":\"en-US\"}]}<\/script>\n<!-- \/ Yoast SEO plugin. -->","yoast_head_json":{"title":"Sylvie Lesage - D\u00e9partement de microbiologie, infectiologie et immunologie - Universit\u00e9 de Montr\u00e9al","robots":{"index":"index","follow":"follow","max-snippet":"max-snippet:-1","max-image-preview":"max-image-preview:large","max-video-preview":"max-video-preview:-1"},"canonical":"https:\/\/microbiologie.umontreal.ca\/en\/professeurs-chercheurs\/sylvie-lesage\/","og_locale":"en_US","og_type":"article","og_title":"Sylvie Lesage - D\u00e9partement de microbiologie, infectiologie et immunologie - Universit\u00e9 de Montr\u00e9al","og_description":"Biography Dr. Sylvie Lesage received her BSc from the Interdepartmental Immunology Program at McGill University. Subsequently, she completed her Ph.D. in Experimental Medicine under the supervision of Dr. Patrice Hugo, [&hellip;]","og_url":"https:\/\/microbiologie.umontreal.ca\/en\/professeurs-chercheurs\/sylvie-lesage\/","og_site_name":"D\u00e9partement de microbiologie, infectiologie et immunologie","article_modified_time":"2021-07-28T13:59:21+00:00","og_image":[{"url":"https:\/\/microbiologie.umontreal.ca\/wp-content\/uploads\/sites\/12\/Lesage-Sylvie-200x300.jpg","type":"","width":"","height":""}],"twitter_misc":{"Est. reading time":"2 minutes"},"schema":{"@context":"https:\/\/schema.org","@graph":[{"@type":"WebPage","@id":"https:\/\/microbiologie.umontreal.ca\/en\/professeurs-chercheurs\/sylvie-lesage\/","url":"https:\/\/microbiologie.umontreal.ca\/en\/professeurs-chercheurs\/sylvie-lesage\/","name":"Sylvie Lesage - D\u00e9partement de microbiologie, infectiologie et immunologie - Universit\u00e9 de Montr\u00e9al","isPartOf":{"@id":"https:\/\/microbiologie.umontreal.ca\/#website"},"primaryImageOfPage":{"@id":"https:\/\/microbiologie.umontreal.ca\/en\/professeurs-chercheurs\/sylvie-lesage\/#primaryimage"},"image":{"@id":"https:\/\/microbiologie.umontreal.ca\/en\/professeurs-chercheurs\/sylvie-lesage\/#primaryimage"},"thumbnailUrl":"https:\/\/microbiologie.umontreal.ca\/wp-content\/uploads\/sites\/12\/Lesage-Sylvie-200x300.jpg","datePublished":"2014-08-04T13:59:21+00:00","dateModified":"2021-07-28T13:59:21+00:00","breadcrumb":{"@id":"https:\/\/microbiologie.umontreal.ca\/en\/professeurs-chercheurs\/sylvie-lesage\/#breadcrumb"},"inLanguage":"en-US","potentialAction":[{"@type":"ReadAction","target":["https:\/\/microbiologie.umontreal.ca\/en\/professeurs-chercheurs\/sylvie-lesage\/"]}]},{"@type":"ImageObject","inLanguage":"en-US","@id":"https:\/\/microbiologie.umontreal.ca\/en\/professeurs-chercheurs\/sylvie-lesage\/#primaryimage","url":"https:\/\/microbiologie.umontreal.ca\/wp-content\/uploads\/sites\/12\/Lesage-Sylvie-200x300.jpg","contentUrl":"https:\/\/microbiologie.umontreal.ca\/wp-content\/uploads\/sites\/12\/Lesage-Sylvie-200x300.jpg"},{"@type":"BreadcrumbList","@id":"https:\/\/microbiologie.umontreal.ca\/en\/professeurs-chercheurs\/sylvie-lesage\/#breadcrumb","itemListElement":[{"@type":"ListItem","position":1,"name":"Accueil","item":"https:\/\/microbiologie.umontreal.ca\/en\/"},{"@type":"ListItem","position":2,"name":"Professeurs-chercheurs","item":"https:\/\/microbiologie.umontreal.ca\/en\/professeurs-chercheurs\/"},{"@type":"ListItem","position":3,"name":"Sylvie Lesage"}]},{"@type":"WebSite","@id":"https:\/\/microbiologie.umontreal.ca\/#website","url":"https:\/\/microbiologie.umontreal.ca\/","name":"D\u00e9partement de microbiologie, infectiologie et immunologie","description":"","potentialAction":[{"@type":"SearchAction","target":{"@type":"EntryPoint","urlTemplate":"https:\/\/microbiologie.umontreal.ca\/?s={search_term_string}"},"query-input":{"@type":"PropertyValueSpecification","valueRequired":true,"valueName":"search_term_string"}}],"inLanguage":"en-US"}]}},"_links":{"self":[{"href":"https:\/\/microbiologie.umontreal.ca\/en\/wp-json\/wp\/v2\/pages\/7554","targetHints":{"allow":["GET"]}}],"collection":[{"href":"https:\/\/microbiologie.umontreal.ca\/en\/wp-json\/wp\/v2\/pages"}],"about":[{"href":"https:\/\/microbiologie.umontreal.ca\/en\/wp-json\/wp\/v2\/types\/page"}],"author":[{"embeddable":true,"href":"https:\/\/microbiologie.umontreal.ca\/en\/wp-json\/wp\/v2\/users\/25"}],"replies":[{"embeddable":true,"href":"https:\/\/microbiologie.umontreal.ca\/en\/wp-json\/wp\/v2\/comments?post=7554"}],"version-history":[{"count":6,"href":"https:\/\/microbiologie.umontreal.ca\/en\/wp-json\/wp\/v2\/pages\/7554\/revisions"}],"predecessor-version":[{"id":12083,"href":"https:\/\/microbiologie.umontreal.ca\/en\/wp-json\/wp\/v2\/pages\/7554\/revisions\/12083"}],"up":[{"embeddable":true,"href":"https:\/\/microbiologie.umontreal.ca\/en\/wp-json\/wp\/v2\/pages\/11407"}],"wp:attachment":[{"href":"https:\/\/microbiologie.umontreal.ca\/en\/wp-json\/wp\/v2\/media?parent=7554"}],"curies":[{"name":"wp","href":"https:\/\/api.w.org\/{rel}","templated":true}]}}