{"id":7569,"date":"2018-02-21T19:46:58","date_gmt":"2018-02-21T18:46:58","guid":{"rendered":"https:\/\/microbiologie.umontreal.ca\/julie-blackburn\/"},"modified":"2021-08-25T18:56:03","modified_gmt":"2021-08-25T17:56:03","slug":"julie-blackburn","status":"publish","type":"page","link":"https:\/\/microbiologie.umontreal.ca\/en\/professeurs-chercheurs\/julie-blackburn\/","title":{"rendered":"Julie Blackburn"},"content":{"rendered":"<div  class=\" fiche-chercheur  \">\n<div class=\"img noLightbox\"><\/p>\n<p><img loading=\"lazy\" decoding=\"async\" src=\"https:\/\/microbiologie.umontreal.ca\/wp-content\/uploads\/sites\/12\/silhouette-fille-100.jpg\" alt=\"\" width=\"86\" height=\"130\" class=\"alignnone wp-image-2215\" \/><\/p>\n<p><\/div>\n<table style=\"width: 326px\">\n<tbody>\n<tr>\n<td style=\"width: 90px\"><strong>Title:<\/strong><\/td>\n<td style=\"width: 230px\">Clinical assistant professor<\/td>\n<\/tr>\n<tr>\n<td style=\"width: 90px\"><strong>Address:<\/strong><\/td>\n<td style=\"width: 230px\">Service de microbiologie<br \/>\nD\u00e9partement de m\u00e9decine de laboratoire<br \/>\nCHU Sainte-Justine<br \/>\n3175, C\u00f4te Sainte-Catherine<br \/>\nMontr\u00e9al (Qu\u00e9bec) H3T 1C5<\/td>\n<\/tr>\n<tr>\n<td style=\"width: 90px\"><strong>Phone:<\/strong><\/td>\n<td style=\"width: 230px\">(514) 345-4931 ext. 2646<\/td>\n<\/tr>\n<tr>\n<td style=\"width: 90px\"><strong>Email:<\/strong><\/td>\n<td style=\"width: 230px\"><a href=\"mailto:julie.blackburn@umontreal.ca\">julie.blackburn@umontreal.ca<\/a><\/td>\n<\/tr>\n<\/tbody>\n<\/table>\n<\/div>\n<hr\/>\n<h2 style=\"text-align: justify\"><strong>Biography<\/strong><\/h2>\n<p style=\"text-align: justify\">Update coming soon<\/p>\n<p style=\"text-align: justify\"><hr\/><\/p>\n<h2 style=\"text-align: justify\"><strong>Publications<\/strong><\/h2>\n<ul style=\"text-align: justify\">\n<li>Hummel B, <span style=\"text-decoration: underline\">Blackburn J<\/span>, Pham-Huy A, Muir K. High-dose steroid and heparin: a novel therapy for cerebral vasculitis associated with presumed group A Streptococcus meningitis. <a href=\"https:\/\/pubmed.ncbi.nlm.nih.gov\/33563670\/\"><strong>BMJ Case Reports<\/strong>. 2021. 14. doi e239618. 10.1136\/bcr-2020-239618<\/a><\/li>\n<li><span style=\"text-decoration: underline\">Blackburn J<\/span>, Barrowman N, Bowes J, Tsampalieros A, Le Saux, N. Establishing Benchmarks for Antimicrobial Use in Canadian Children\u2019s Hospitals : Results from 2 National Point Prevalence Surveys. <a href=\"https:\/\/journals.lww.com\/pidj\/abstract\/9000\/establishing_benchmarks_for_antimicrobial_use_in.95793.aspx\"><strong>The Pediatric Infectious Disease Journal<\/strong>, 2021. doi: 10.1097\/INF.0000000000003170<\/a><\/li>\n<li>Viel-Th\u00e9riault I, Martin B, Thompson-Desormeaux F, <span style=\"text-decoration: underline\">Blackburn J<\/span>, Moussa A, Autmizguine J. Vancomycin drug monitoring in infants with CoNS sepsis-target attainment, microbiological response and nephrotoxicity. <a href=\"https:\/\/pubmed.ncbi.nlm.nih.gov\/31576000\/\"><strong>J Perinatol<\/strong>. 2020;40(1):97-104. doi:10.1038\/s41372-019-0519-2<\/a><\/li>\n<li>Le Saux N, Bowes J, Viel-Th\u00e9riault I, Thampi N, <span style=\"text-decoration: underline\">Blackburn J<\/span>, Buba M, Harrison M-A, Barrowman N. Combined influence of practice guidelines and prospective audit and feedback stewardship on antimicrobial treatment of community-acquired pneumonia and empyema in children: 2012 to 2016. <a href=\"https:\/\/pubmed.ncbi.nlm.nih.gov\/34136053\/\"><strong>Paediatrics &amp; Child Health<\/strong>. 2020. doi: 26. 10.1093\/pch\/pxaa066<\/a>.<\/li>\n<li>Lee J, <span style=\"text-decoration: underline\">Blackburn J<\/span>, Pham-Huy A. Uncommon clinical presentation of a common bug: Group A Streptococcus meningitis. <a href=\"https:\/\/pubmed.ncbi.nlm.nih.gov\/33936341\/\"><strong>Paediatrics &amp; Child Health<\/strong>. 2020, 1\u20133. doi: 10.1093\/pch\/pxaa065<\/a><span style=\"text-decoration: underline\"><\/span><\/li>\n<li><span style=\"text-decoration: underline\">Blackburn J<\/span>, Le Saux N. Acute flaccid myelitis associated with enterovirus D68: An emerging infectious disease.\u00a0<a href=\"https:\/\/jammi.utpjournals.press\/doi\/10.3138\/jammi.2019-03-28\"><strong>JAMMI<\/strong>. 2019 :4(3). doi:10.3138\/jammi.2019-03-28<\/a><\/li>\n<li>Asin-Milan O, Sylla M, El-Far M, Belanger-Jasmin G, Haidara A,\u00a0<u>Blackburn J<\/u>, Chamberland A, Tremblay CL. Synergistic combination of the CCR5 inhibitor VCH-286 with other classes of HIV-1 inhibitors,\u00a0<a href=\"https:\/\/www.ncbi.nlm.nih.gov\/pubmed\/25267674\"><strong>Antimicrob Agents Chemother.<\/strong>\u00a02014 Dec;58(12):7565-9<\/a>.<\/li>\n<li><u>Blackburn J<\/u>, Tsimiklis C, Lefebvre B, Gilbert A, Pilotte J, Grenier S, Domingo M-C, Tremblay C, Bourgault A-M. Carbapenem disks on MacConkey agar in screening methods for detection of carbapenem-resistant Gram-negative rods in stools, <a href=\"https:\/\/www.ncbi.nlm.nih.gov\/pubmed\/23135936\"><strong>J Clin Microbiol.<\/strong> 2013 Jan;51(1):331-3<\/a>.<\/li>\n<li><u>Blackburn J<\/u>, Tremblay E, Tsimiklis C, Thivierge B, Lavergne V. Overwhelming sepsis after a cat bite, <a href=\"https:\/\/www.ncbi.nlm.nih.gov\/pubmed\/24421814\"><strong>Can J Infect Dis Med Microbiol.<\/strong> 2013 Summer;24(2):e31-2<\/a>.<\/li>\n<\/ul>\n","protected":false},"excerpt":{"rendered":"<p>Biography Update coming soon Publications Hummel B, Blackburn J, Pham-Huy A, Muir K. High-dose steroid and heparin: a novel therapy for cerebral vasculitis associated with presumed group A Streptococcus meningitis. [&hellip;]<\/p>\n","protected":false},"author":26,"featured_media":0,"parent":11407,"menu_order":0,"comment_status":"closed","ping_status":"closed","template":"","meta":{"footnotes":""},"class_list":["post-7569","page","type-page","status-publish","hentry"],"yoast_head":"<!-- This site is optimized with the Yoast SEO plugin v25.0 - https:\/\/yoast.com\/wordpress\/plugins\/seo\/ -->\n<title>Julie Blackburn - D\u00e9partement de microbiologie, infectiologie et immunologie - Universit\u00e9 de Montr\u00e9al<\/title>\n<meta name=\"robots\" content=\"index, follow, max-snippet:-1, max-image-preview:large, max-video-preview:-1\" \/>\n<link rel=\"canonical\" href=\"https:\/\/microbiologie.umontreal.ca\/en\/professeurs-chercheurs\/julie-blackburn\/\" \/>\n<meta property=\"og:locale\" content=\"en_US\" \/>\n<meta property=\"og:type\" content=\"article\" \/>\n<meta property=\"og:title\" content=\"Julie Blackburn - D\u00e9partement de microbiologie, infectiologie et immunologie - Universit\u00e9 de Montr\u00e9al\" \/>\n<meta property=\"og:description\" content=\"Biography Update coming soon Publications Hummel B, Blackburn J, Pham-Huy A, Muir K. High-dose steroid and heparin: a novel therapy for cerebral vasculitis associated with presumed group A Streptococcus meningitis. [&hellip;]\" \/>\n<meta property=\"og:url\" content=\"https:\/\/microbiologie.umontreal.ca\/en\/professeurs-chercheurs\/julie-blackburn\/\" \/>\n<meta property=\"og:site_name\" content=\"D\u00e9partement de microbiologie, infectiologie et immunologie\" \/>\n<meta property=\"article:modified_time\" content=\"2021-08-25T17:56:03+00:00\" \/>\n<meta property=\"og:image\" content=\"https:\/\/microbiologie.umontreal.ca\/wp-content\/uploads\/sites\/12\/silhouette-fille-100.jpg\" \/>\n<meta name=\"twitter:label1\" content=\"Est. reading time\" \/>\n\t<meta name=\"twitter:data1\" content=\"2 minutes\" \/>\n<script type=\"application\/ld+json\" class=\"yoast-schema-graph\">{\"@context\":\"https:\/\/schema.org\",\"@graph\":[{\"@type\":\"WebPage\",\"@id\":\"https:\/\/microbiologie.umontreal.ca\/en\/professeurs-chercheurs\/julie-blackburn\/\",\"url\":\"https:\/\/microbiologie.umontreal.ca\/en\/professeurs-chercheurs\/julie-blackburn\/\",\"name\":\"Julie Blackburn - D\u00e9partement de microbiologie, infectiologie et immunologie - Universit\u00e9 de Montr\u00e9al\",\"isPartOf\":{\"@id\":\"https:\/\/microbiologie.umontreal.ca\/#website\"},\"primaryImageOfPage\":{\"@id\":\"https:\/\/microbiologie.umontreal.ca\/en\/professeurs-chercheurs\/julie-blackburn\/#primaryimage\"},\"image\":{\"@id\":\"https:\/\/microbiologie.umontreal.ca\/en\/professeurs-chercheurs\/julie-blackburn\/#primaryimage\"},\"thumbnailUrl\":\"https:\/\/microbiologie.umontreal.ca\/wp-content\/uploads\/sites\/12\/silhouette-fille-100.jpg\",\"datePublished\":\"2018-02-21T18:46:58+00:00\",\"dateModified\":\"2021-08-25T17:56:03+00:00\",\"breadcrumb\":{\"@id\":\"https:\/\/microbiologie.umontreal.ca\/en\/professeurs-chercheurs\/julie-blackburn\/#breadcrumb\"},\"inLanguage\":\"en-US\",\"potentialAction\":[{\"@type\":\"ReadAction\",\"target\":[\"https:\/\/microbiologie.umontreal.ca\/en\/professeurs-chercheurs\/julie-blackburn\/\"]}]},{\"@type\":\"ImageObject\",\"inLanguage\":\"en-US\",\"@id\":\"https:\/\/microbiologie.umontreal.ca\/en\/professeurs-chercheurs\/julie-blackburn\/#primaryimage\",\"url\":\"https:\/\/microbiologie.umontreal.ca\/wp-content\/uploads\/sites\/12\/silhouette-fille-100.jpg\",\"contentUrl\":\"https:\/\/microbiologie.umontreal.ca\/wp-content\/uploads\/sites\/12\/silhouette-fille-100.jpg\"},{\"@type\":\"BreadcrumbList\",\"@id\":\"https:\/\/microbiologie.umontreal.ca\/en\/professeurs-chercheurs\/julie-blackburn\/#breadcrumb\",\"itemListElement\":[{\"@type\":\"ListItem\",\"position\":1,\"name\":\"Accueil\",\"item\":\"https:\/\/microbiologie.umontreal.ca\/en\/\"},{\"@type\":\"ListItem\",\"position\":2,\"name\":\"Professeurs-chercheurs\",\"item\":\"https:\/\/microbiologie.umontreal.ca\/en\/professeurs-chercheurs\/\"},{\"@type\":\"ListItem\",\"position\":3,\"name\":\"Julie Blackburn\"}]},{\"@type\":\"WebSite\",\"@id\":\"https:\/\/microbiologie.umontreal.ca\/#website\",\"url\":\"https:\/\/microbiologie.umontreal.ca\/\",\"name\":\"D\u00e9partement de microbiologie, infectiologie et immunologie\",\"description\":\"\",\"potentialAction\":[{\"@type\":\"SearchAction\",\"target\":{\"@type\":\"EntryPoint\",\"urlTemplate\":\"https:\/\/microbiologie.umontreal.ca\/?s={search_term_string}\"},\"query-input\":{\"@type\":\"PropertyValueSpecification\",\"valueRequired\":true,\"valueName\":\"search_term_string\"}}],\"inLanguage\":\"en-US\"}]}<\/script>\n<!-- \/ Yoast SEO plugin. -->","yoast_head_json":{"title":"Julie Blackburn - D\u00e9partement de microbiologie, infectiologie et immunologie - Universit\u00e9 de Montr\u00e9al","robots":{"index":"index","follow":"follow","max-snippet":"max-snippet:-1","max-image-preview":"max-image-preview:large","max-video-preview":"max-video-preview:-1"},"canonical":"https:\/\/microbiologie.umontreal.ca\/en\/professeurs-chercheurs\/julie-blackburn\/","og_locale":"en_US","og_type":"article","og_title":"Julie Blackburn - D\u00e9partement de microbiologie, infectiologie et immunologie - Universit\u00e9 de Montr\u00e9al","og_description":"Biography Update coming soon Publications Hummel B, Blackburn J, Pham-Huy A, Muir K. High-dose steroid and heparin: a novel therapy for cerebral vasculitis associated with presumed group A Streptococcus meningitis. [&hellip;]","og_url":"https:\/\/microbiologie.umontreal.ca\/en\/professeurs-chercheurs\/julie-blackburn\/","og_site_name":"D\u00e9partement de microbiologie, infectiologie et immunologie","article_modified_time":"2021-08-25T17:56:03+00:00","og_image":[{"url":"https:\/\/microbiologie.umontreal.ca\/wp-content\/uploads\/sites\/12\/silhouette-fille-100.jpg","type":"","width":"","height":""}],"twitter_misc":{"Est. reading time":"2 minutes"},"schema":{"@context":"https:\/\/schema.org","@graph":[{"@type":"WebPage","@id":"https:\/\/microbiologie.umontreal.ca\/en\/professeurs-chercheurs\/julie-blackburn\/","url":"https:\/\/microbiologie.umontreal.ca\/en\/professeurs-chercheurs\/julie-blackburn\/","name":"Julie Blackburn - D\u00e9partement de microbiologie, infectiologie et immunologie - Universit\u00e9 de Montr\u00e9al","isPartOf":{"@id":"https:\/\/microbiologie.umontreal.ca\/#website"},"primaryImageOfPage":{"@id":"https:\/\/microbiologie.umontreal.ca\/en\/professeurs-chercheurs\/julie-blackburn\/#primaryimage"},"image":{"@id":"https:\/\/microbiologie.umontreal.ca\/en\/professeurs-chercheurs\/julie-blackburn\/#primaryimage"},"thumbnailUrl":"https:\/\/microbiologie.umontreal.ca\/wp-content\/uploads\/sites\/12\/silhouette-fille-100.jpg","datePublished":"2018-02-21T18:46:58+00:00","dateModified":"2021-08-25T17:56:03+00:00","breadcrumb":{"@id":"https:\/\/microbiologie.umontreal.ca\/en\/professeurs-chercheurs\/julie-blackburn\/#breadcrumb"},"inLanguage":"en-US","potentialAction":[{"@type":"ReadAction","target":["https:\/\/microbiologie.umontreal.ca\/en\/professeurs-chercheurs\/julie-blackburn\/"]}]},{"@type":"ImageObject","inLanguage":"en-US","@id":"https:\/\/microbiologie.umontreal.ca\/en\/professeurs-chercheurs\/julie-blackburn\/#primaryimage","url":"https:\/\/microbiologie.umontreal.ca\/wp-content\/uploads\/sites\/12\/silhouette-fille-100.jpg","contentUrl":"https:\/\/microbiologie.umontreal.ca\/wp-content\/uploads\/sites\/12\/silhouette-fille-100.jpg"},{"@type":"BreadcrumbList","@id":"https:\/\/microbiologie.umontreal.ca\/en\/professeurs-chercheurs\/julie-blackburn\/#breadcrumb","itemListElement":[{"@type":"ListItem","position":1,"name":"Accueil","item":"https:\/\/microbiologie.umontreal.ca\/en\/"},{"@type":"ListItem","position":2,"name":"Professeurs-chercheurs","item":"https:\/\/microbiologie.umontreal.ca\/en\/professeurs-chercheurs\/"},{"@type":"ListItem","position":3,"name":"Julie Blackburn"}]},{"@type":"WebSite","@id":"https:\/\/microbiologie.umontreal.ca\/#website","url":"https:\/\/microbiologie.umontreal.ca\/","name":"D\u00e9partement de microbiologie, infectiologie et immunologie","description":"","potentialAction":[{"@type":"SearchAction","target":{"@type":"EntryPoint","urlTemplate":"https:\/\/microbiologie.umontreal.ca\/?s={search_term_string}"},"query-input":{"@type":"PropertyValueSpecification","valueRequired":true,"valueName":"search_term_string"}}],"inLanguage":"en-US"}]}},"_links":{"self":[{"href":"https:\/\/microbiologie.umontreal.ca\/en\/wp-json\/wp\/v2\/pages\/7569","targetHints":{"allow":["GET"]}}],"collection":[{"href":"https:\/\/microbiologie.umontreal.ca\/en\/wp-json\/wp\/v2\/pages"}],"about":[{"href":"https:\/\/microbiologie.umontreal.ca\/en\/wp-json\/wp\/v2\/types\/page"}],"author":[{"embeddable":true,"href":"https:\/\/microbiologie.umontreal.ca\/en\/wp-json\/wp\/v2\/users\/26"}],"replies":[{"embeddable":true,"href":"https:\/\/microbiologie.umontreal.ca\/en\/wp-json\/wp\/v2\/comments?post=7569"}],"version-history":[{"count":11,"href":"https:\/\/microbiologie.umontreal.ca\/en\/wp-json\/wp\/v2\/pages\/7569\/revisions"}],"predecessor-version":[{"id":12240,"href":"https:\/\/microbiologie.umontreal.ca\/en\/wp-json\/wp\/v2\/pages\/7569\/revisions\/12240"}],"up":[{"embeddable":true,"href":"https:\/\/microbiologie.umontreal.ca\/en\/wp-json\/wp\/v2\/pages\/11407"}],"wp:attachment":[{"href":"https:\/\/microbiologie.umontreal.ca\/en\/wp-json\/wp\/v2\/media?parent=7569"}],"curies":[{"name":"wp","href":"https:\/\/api.w.org\/{rel}","templated":true}]}}