{"id":7577,"date":"2014-08-05T14:04:01","date_gmt":"2014-08-05T14:04:01","guid":{"rendered":"https:\/\/microbiologie.umontreal.ca\/michel-roger\/"},"modified":"2020-09-23T21:54:14","modified_gmt":"2020-09-23T20:54:14","slug":"michel-roger","status":"publish","type":"page","link":"https:\/\/microbiologie.umontreal.ca\/en\/professeurs-chercheurs\/michel-roger\/","title":{"rendered":"Michel Roger"},"content":{"rendered":"<div  class=\" fiche-chercheur  \">\n<div class=\"img noLightbox\"><\/p>\n<p><img loading=\"lazy\" decoding=\"async\" src=\"https:\/\/microbiologie.umontreal.ca\/wp-content\/uploads\/sites\/12\/2018\/06\/Michel-Roger.jpg\" alt=\"\" width=\"276\" height=\"300\" class=\"alignnone size-full wp-image-8476\" \/><\/p>\n<p><\/div>\n<table style=\"width: 295px\">\n<tbody>\n<tr>\n<td style=\"width: 71px\"><strong>Title:<\/strong><\/td>\n<td style=\"width: 210px\">Geographical full time professor<\/td>\n<\/tr>\n<tr>\n<td style=\"width: 71px\"><strong>Adresse:<\/strong><\/td>\n<td style=\"width: 210px\">Laboratoires du CHUM<br \/>\nCHUM1000, rue Saint-Denis, Pavillon FMontr\u00e9al (Qu\u00e9bec)\u00a0 H2X 0C1<\/td>\n<\/tr>\n<tr>\n<td style=\"width: 71px\"><strong>Room:<\/strong><\/td>\n<td style=\"width: 210px\">F-06-1047<\/td>\n<\/tr>\n<tr>\n<td style=\"width: 71px\"><strong>Phone:<\/strong><\/td>\n<td style=\"width: 210px\">514-890-8000, ext. 20934 (office) or 31330 (Lab)<\/td>\n<\/tr>\n<tr>\n<td style=\"width: 71px\"><strong>Email:<\/strong><\/td>\n<td style=\"width: 210px\"><a href=\"mailto:michel.roger.chum@ssss.gouv.qc.ca\">michel.roger.chum@ssss.gouv.qc.ca<\/a><\/td>\n<\/tr>\n<\/tbody>\n<\/table>\n<\/div>\n<hr\/>\n<h2 style=\"text-align: justify\"><strong>Biography<\/strong><\/h2>\n<p style=\"text-align: justify\">Dr. Roger graduated from the Universit\u00e9 de Montr\u00e9al (M.Sc. and Ph.D under the direction of Dr. P. Viens) and Medicine (M.D) in Medical Microbiology and Infectiology. He continues his postdoctoral studies in genetics at the McGill Institute for Resistance Research Center with Dr. E. Schurr. Dr. Roger began his academic career at the Department of Microbiology and Immunology at the Universit\u00e9 de Montr\u00e9al in 1997. He is now a Full Professor at the FRQS. Dr. Roger is the author of more than 100 publications. He is the director of the CHUM Laboratory of Molecular Diagnostics and sits on numerous national and international pairs committees.<\/p>\n<p style=\"text-align: justify\"><hr\/><\/p>\n<h2 style=\"text-align: justify\"><strong>Team<\/strong><\/h2>\n<ul style=\"text-align: justify\">\n<li>Mich\u00e8le Byrns<\/li>\n<li>Marie-Claude Faucher M.Sc.<\/li>\n<li>Lyvia Fourcade M.Sc.<\/li>\n<li>Meriam Memmi Ph.D<\/li>\n<li>Johanne Poudrier Ph.D.<\/li>\n<\/ul>\n<p style=\"text-align: justify\"><hr\/><\/p>\n<h2 style=\"text-align: justify\"><strong>Themes<\/strong><\/h2>\n<ul style=\"text-align: justify\">\n<li>Immunology<\/li>\n<li>Virology<\/li>\n<li>Clinical<\/li>\n<\/ul>\n<p style=\"text-align: justify\"><hr\/><\/p>\n<h2 style=\"text-align: justify\"><strong>Research topics<\/strong><\/h2>\n<ul style=\"text-align: justify\">\n<li>Host immunogenetic factors in the susceptibility to HIV and cancer.<\/li>\n<li>Mucosal and cellular immunity in HIV infection.<\/li>\n<li>Mechanisms of resistance to antiviral and antibacterial drugs.<\/li>\n<li>Development of molecular tests for rapid diagnosis of infections.<\/li>\n<\/ul>\n<p style=\"text-align: justify\"><hr\/><\/p>\n<h2 style=\"text-align: justify\"><strong>Publications<\/strong><\/h2>\n<ul style=\"text-align: justify\">\n<li>Gauvin J, Chagnon-Choquet J, Poudrier J, <strong>Roger M<\/strong> (2016). Fluctuations in blood marginal zone B-cell frequencies may reflect migratory patterns associated with HIV-1 disease progression status. <a href=\"https:\/\/www.ncbi.nlm.nih.gov\/pubmed\/27203285\"><strong>PLoS <\/strong><strong>One<\/strong> 11(5): e0155868<\/a><\/li>\n<li>Sabourin-Poirier C, Fourcade L, Chagnon-Choquet J, Labb\u00e9 AC, Alary M, F Guedou, Poudrier J, <strong>Roger M <\/strong>(2016). Blood B Lymphocyte Stimulator (BLyS)\/BAFF levels may reflect natural immunity to HIV in highly exposed uninfected Beninese Commercial Sex Workers. <a href=\"https:\/\/www.ncbi.nlm.nih.gov\/pubmed\/27561453\"><strong>Scientific Reports<\/strong> 6: 32318 doi: 10.1036\/srep32318<\/a><\/li>\n<li>Brenner BG, Ibanescu RI, Hardy I, Stephens D, Otis J, Moodie E, Grossman Z, Vandamme A-M, <strong>Roger M<\/strong>, Wainberg MA (2017). Large cluster outbreaks sustain the HIV epidemic among men having sex with men (MSM) in Quebec from 2002 to 2015. <a href=\"https:\/\/www.ncbi.nlm.nih.gov\/pubmed\/28005684\"><strong>AIDS<\/strong> 31(5):707-717.<\/a> (Editorial dans UNAIDS Science now. 1 mai 2017, <a href=\"https:\/\/sciencenow.unaids.org\/\">https:\/\/sciencenow.unaids.org\/<\/a><\/li>\n<li>Thibodeau V, Fourcade L, Labb\u00e9 AC, Alary M, Gu\u00e9dou F, Poudrier J, Roger M (2017). Highly-Exposed HIV-1 seronegative Female Commercial Sex Workers sustain in their genital mucosa increased frequencies of tolerogenic myeloid and regulatory T-cells. <a href=\"https:\/\/www.ncbi.nlm.nih.gov\/pubmed\/28262752\">Scientific Reports 7 43857; doi: 10.1038\/srep43857<\/a><\/li>\n<\/ul>\n<h2 style=\"text-align: justify\"><\/h2>\n<p style=\"text-align: justify\">\n","protected":false},"excerpt":{"rendered":"<p>Biography Dr. Roger graduated from the Universit\u00e9 de Montr\u00e9al (M.Sc. and Ph.D under the direction of Dr. P. Viens) and Medicine (M.D) in Medical Microbiology and Infectiology. He continues his [&hellip;]<\/p>\n","protected":false},"author":25,"featured_media":0,"parent":11407,"menu_order":0,"comment_status":"closed","ping_status":"closed","template":"","meta":{"footnotes":""},"class_list":["post-7577","page","type-page","status-publish","hentry"],"yoast_head":"<!-- This site is optimized with the Yoast SEO plugin v25.0 - https:\/\/yoast.com\/wordpress\/plugins\/seo\/ -->\n<title>Michel Roger - D\u00e9partement de microbiologie, infectiologie et immunologie - Universit\u00e9 de Montr\u00e9al<\/title>\n<meta name=\"robots\" content=\"index, follow, max-snippet:-1, max-image-preview:large, max-video-preview:-1\" \/>\n<link rel=\"canonical\" href=\"https:\/\/microbiologie.umontreal.ca\/en\/professeurs-chercheurs\/michel-roger\/\" \/>\n<meta property=\"og:locale\" content=\"en_US\" \/>\n<meta property=\"og:type\" content=\"article\" \/>\n<meta property=\"og:title\" content=\"Michel Roger - D\u00e9partement de microbiologie, infectiologie et immunologie - Universit\u00e9 de Montr\u00e9al\" \/>\n<meta property=\"og:description\" content=\"Biography Dr. Roger graduated from the Universit\u00e9 de Montr\u00e9al (M.Sc. and Ph.D under the direction of Dr. P. Viens) and Medicine (M.D) in Medical Microbiology and Infectiology. He continues his [&hellip;]\" \/>\n<meta property=\"og:url\" content=\"https:\/\/microbiologie.umontreal.ca\/en\/professeurs-chercheurs\/michel-roger\/\" \/>\n<meta property=\"og:site_name\" content=\"D\u00e9partement de microbiologie, infectiologie et immunologie\" \/>\n<meta property=\"article:modified_time\" content=\"2020-09-23T20:54:14+00:00\" \/>\n<meta property=\"og:image\" content=\"https:\/\/microbiologie.umontreal.ca\/wp-content\/uploads\/sites\/12\/2018\/06\/Michel-Roger.jpg\" \/>\n<meta name=\"twitter:label1\" content=\"Est. reading time\" \/>\n\t<meta name=\"twitter:data1\" content=\"2 minutes\" \/>\n<script type=\"application\/ld+json\" class=\"yoast-schema-graph\">{\"@context\":\"https:\/\/schema.org\",\"@graph\":[{\"@type\":\"WebPage\",\"@id\":\"https:\/\/microbiologie.umontreal.ca\/en\/professeurs-chercheurs\/michel-roger\/\",\"url\":\"https:\/\/microbiologie.umontreal.ca\/en\/professeurs-chercheurs\/michel-roger\/\",\"name\":\"Michel Roger - D\u00e9partement de microbiologie, infectiologie et immunologie - Universit\u00e9 de Montr\u00e9al\",\"isPartOf\":{\"@id\":\"https:\/\/microbiologie.umontreal.ca\/#website\"},\"primaryImageOfPage\":{\"@id\":\"https:\/\/microbiologie.umontreal.ca\/en\/professeurs-chercheurs\/michel-roger\/#primaryimage\"},\"image\":{\"@id\":\"https:\/\/microbiologie.umontreal.ca\/en\/professeurs-chercheurs\/michel-roger\/#primaryimage\"},\"thumbnailUrl\":\"https:\/\/microbiologie.umontreal.ca\/wp-content\/uploads\/sites\/12\/2018\/06\/Michel-Roger.jpg\",\"datePublished\":\"2014-08-05T14:04:01+00:00\",\"dateModified\":\"2020-09-23T20:54:14+00:00\",\"breadcrumb\":{\"@id\":\"https:\/\/microbiologie.umontreal.ca\/en\/professeurs-chercheurs\/michel-roger\/#breadcrumb\"},\"inLanguage\":\"en-US\",\"potentialAction\":[{\"@type\":\"ReadAction\",\"target\":[\"https:\/\/microbiologie.umontreal.ca\/en\/professeurs-chercheurs\/michel-roger\/\"]}]},{\"@type\":\"ImageObject\",\"inLanguage\":\"en-US\",\"@id\":\"https:\/\/microbiologie.umontreal.ca\/en\/professeurs-chercheurs\/michel-roger\/#primaryimage\",\"url\":\"https:\/\/microbiologie.umontreal.ca\/wp-content\/uploads\/sites\/12\/2018\/06\/Michel-Roger.jpg\",\"contentUrl\":\"https:\/\/microbiologie.umontreal.ca\/wp-content\/uploads\/sites\/12\/2018\/06\/Michel-Roger.jpg\"},{\"@type\":\"BreadcrumbList\",\"@id\":\"https:\/\/microbiologie.umontreal.ca\/en\/professeurs-chercheurs\/michel-roger\/#breadcrumb\",\"itemListElement\":[{\"@type\":\"ListItem\",\"position\":1,\"name\":\"Accueil\",\"item\":\"https:\/\/microbiologie.umontreal.ca\/en\/\"},{\"@type\":\"ListItem\",\"position\":2,\"name\":\"Professeurs-chercheurs\",\"item\":\"https:\/\/microbiologie.umontreal.ca\/en\/professeurs-chercheurs\/\"},{\"@type\":\"ListItem\",\"position\":3,\"name\":\"Michel Roger\"}]},{\"@type\":\"WebSite\",\"@id\":\"https:\/\/microbiologie.umontreal.ca\/#website\",\"url\":\"https:\/\/microbiologie.umontreal.ca\/\",\"name\":\"D\u00e9partement de microbiologie, infectiologie et immunologie\",\"description\":\"\",\"potentialAction\":[{\"@type\":\"SearchAction\",\"target\":{\"@type\":\"EntryPoint\",\"urlTemplate\":\"https:\/\/microbiologie.umontreal.ca\/?s={search_term_string}\"},\"query-input\":{\"@type\":\"PropertyValueSpecification\",\"valueRequired\":true,\"valueName\":\"search_term_string\"}}],\"inLanguage\":\"en-US\"}]}<\/script>\n<!-- \/ Yoast SEO plugin. -->","yoast_head_json":{"title":"Michel Roger - D\u00e9partement de microbiologie, infectiologie et immunologie - Universit\u00e9 de Montr\u00e9al","robots":{"index":"index","follow":"follow","max-snippet":"max-snippet:-1","max-image-preview":"max-image-preview:large","max-video-preview":"max-video-preview:-1"},"canonical":"https:\/\/microbiologie.umontreal.ca\/en\/professeurs-chercheurs\/michel-roger\/","og_locale":"en_US","og_type":"article","og_title":"Michel Roger - D\u00e9partement de microbiologie, infectiologie et immunologie - Universit\u00e9 de Montr\u00e9al","og_description":"Biography Dr. Roger graduated from the Universit\u00e9 de Montr\u00e9al (M.Sc. and Ph.D under the direction of Dr. P. Viens) and Medicine (M.D) in Medical Microbiology and Infectiology. He continues his [&hellip;]","og_url":"https:\/\/microbiologie.umontreal.ca\/en\/professeurs-chercheurs\/michel-roger\/","og_site_name":"D\u00e9partement de microbiologie, infectiologie et immunologie","article_modified_time":"2020-09-23T20:54:14+00:00","og_image":[{"url":"https:\/\/microbiologie.umontreal.ca\/wp-content\/uploads\/sites\/12\/2018\/06\/Michel-Roger.jpg","type":"","width":"","height":""}],"twitter_misc":{"Est. reading time":"2 minutes"},"schema":{"@context":"https:\/\/schema.org","@graph":[{"@type":"WebPage","@id":"https:\/\/microbiologie.umontreal.ca\/en\/professeurs-chercheurs\/michel-roger\/","url":"https:\/\/microbiologie.umontreal.ca\/en\/professeurs-chercheurs\/michel-roger\/","name":"Michel Roger - D\u00e9partement de microbiologie, infectiologie et immunologie - Universit\u00e9 de Montr\u00e9al","isPartOf":{"@id":"https:\/\/microbiologie.umontreal.ca\/#website"},"primaryImageOfPage":{"@id":"https:\/\/microbiologie.umontreal.ca\/en\/professeurs-chercheurs\/michel-roger\/#primaryimage"},"image":{"@id":"https:\/\/microbiologie.umontreal.ca\/en\/professeurs-chercheurs\/michel-roger\/#primaryimage"},"thumbnailUrl":"https:\/\/microbiologie.umontreal.ca\/wp-content\/uploads\/sites\/12\/2018\/06\/Michel-Roger.jpg","datePublished":"2014-08-05T14:04:01+00:00","dateModified":"2020-09-23T20:54:14+00:00","breadcrumb":{"@id":"https:\/\/microbiologie.umontreal.ca\/en\/professeurs-chercheurs\/michel-roger\/#breadcrumb"},"inLanguage":"en-US","potentialAction":[{"@type":"ReadAction","target":["https:\/\/microbiologie.umontreal.ca\/en\/professeurs-chercheurs\/michel-roger\/"]}]},{"@type":"ImageObject","inLanguage":"en-US","@id":"https:\/\/microbiologie.umontreal.ca\/en\/professeurs-chercheurs\/michel-roger\/#primaryimage","url":"https:\/\/microbiologie.umontreal.ca\/wp-content\/uploads\/sites\/12\/2018\/06\/Michel-Roger.jpg","contentUrl":"https:\/\/microbiologie.umontreal.ca\/wp-content\/uploads\/sites\/12\/2018\/06\/Michel-Roger.jpg"},{"@type":"BreadcrumbList","@id":"https:\/\/microbiologie.umontreal.ca\/en\/professeurs-chercheurs\/michel-roger\/#breadcrumb","itemListElement":[{"@type":"ListItem","position":1,"name":"Accueil","item":"https:\/\/microbiologie.umontreal.ca\/en\/"},{"@type":"ListItem","position":2,"name":"Professeurs-chercheurs","item":"https:\/\/microbiologie.umontreal.ca\/en\/professeurs-chercheurs\/"},{"@type":"ListItem","position":3,"name":"Michel Roger"}]},{"@type":"WebSite","@id":"https:\/\/microbiologie.umontreal.ca\/#website","url":"https:\/\/microbiologie.umontreal.ca\/","name":"D\u00e9partement de microbiologie, infectiologie et immunologie","description":"","potentialAction":[{"@type":"SearchAction","target":{"@type":"EntryPoint","urlTemplate":"https:\/\/microbiologie.umontreal.ca\/?s={search_term_string}"},"query-input":{"@type":"PropertyValueSpecification","valueRequired":true,"valueName":"search_term_string"}}],"inLanguage":"en-US"}]}},"_links":{"self":[{"href":"https:\/\/microbiologie.umontreal.ca\/en\/wp-json\/wp\/v2\/pages\/7577","targetHints":{"allow":["GET"]}}],"collection":[{"href":"https:\/\/microbiologie.umontreal.ca\/en\/wp-json\/wp\/v2\/pages"}],"about":[{"href":"https:\/\/microbiologie.umontreal.ca\/en\/wp-json\/wp\/v2\/types\/page"}],"author":[{"embeddable":true,"href":"https:\/\/microbiologie.umontreal.ca\/en\/wp-json\/wp\/v2\/users\/25"}],"replies":[{"embeddable":true,"href":"https:\/\/microbiologie.umontreal.ca\/en\/wp-json\/wp\/v2\/comments?post=7577"}],"version-history":[{"count":5,"href":"https:\/\/microbiologie.umontreal.ca\/en\/wp-json\/wp\/v2\/pages\/7577\/revisions"}],"predecessor-version":[{"id":10791,"href":"https:\/\/microbiologie.umontreal.ca\/en\/wp-json\/wp\/v2\/pages\/7577\/revisions\/10791"}],"up":[{"embeddable":true,"href":"https:\/\/microbiologie.umontreal.ca\/en\/wp-json\/wp\/v2\/pages\/11407"}],"wp:attachment":[{"href":"https:\/\/microbiologie.umontreal.ca\/en\/wp-json\/wp\/v2\/media?parent=7577"}],"curies":[{"name":"wp","href":"https:\/\/api.w.org\/{rel}","templated":true}]}}