{"id":7599,"date":"2014-07-28T20:00:55","date_gmt":"2014-07-28T20:00:55","guid":{"rendered":"https:\/\/microbiologie.umontreal.ca\/francois-coutlee\/"},"modified":"2018-07-12T21:49:28","modified_gmt":"2018-07-12T20:49:28","slug":"francois-coutlee","status":"publish","type":"page","link":"https:\/\/microbiologie.umontreal.ca\/en\/professeurs-chercheurs\/francois-coutlee\/","title":{"rendered":"Fran\u00e7ois Coutl\u00e9e"},"content":{"rendered":"<div  class=\" fiche-chercheur  \">\n<div class=\"img noLightbox\"><\/p>\n<p><img loading=\"lazy\" decoding=\"async\" class=\"alignnone size-full wp-image-2215\" src=\"https:\/\/microbiologie.umontreal.ca\/wp-content\/uploads\/sites\/12\/silhouette-100.jpg\" alt=\"photo\" width=\"100\" height=\"150\" \/><\/p>\n<p><\/div>\n\n<table style=\"width: 310px\">\n<tbody>\n<tr>\n<td style=\"width: 75px\"><strong>Title:<\/strong><\/td>\n<td style=\"width: 313px\">Geographical full time professor<\/td>\n<\/tr>\n<tr>\n<td style=\"width: 75px\"><strong>Address:<\/strong><\/td>\n<td style=\"width: 313px\">D\u00e9partement de microbiologie<br \/>\nCHUM1050, rue Sanguinet, Pavillon F<br \/>\nbureau F-05-1044<br \/>\nMontr\u00e9al (Qu\u00e9bec)\u00a0 H2X 0C2<\/td>\n<\/tr>\n<tr>\n<td style=\"width: 75px\"><strong>Phone:<\/strong><\/td>\n<td style=\"width: 313px\">514 890-8000, ext. 36210<\/td>\n<\/tr>\n<tr>\n<td style=\"width: 75px\"><strong>Email:<\/strong><\/td>\n<td style=\"width: 313px\"><a href=\"mailto:francois.coutlee@ssss.gouv.qc.ca\">francois.coutlee@ssss.gouv.qc.ca<\/a><\/td>\n<\/tr>\n<\/tbody>\n<\/table>\n<\/div><br \/>\n<hr\/><\/p>\n<h2><strong>Biography<\/strong><\/h2>\n<p>To come up<\/p>\n<hr\/>\n<h2><strong>Team\u00a0<\/strong><\/h2>\n<ul>\n<li>\u00c9mile Com\u00e8te<\/li>\n<li>Julie Guenoun<\/li>\n<li>Catherine Rodrigues-Coutl\u00e9e<\/li>\n<\/ul>\n<hr\/>\n<h2><strong>Theme<\/strong><\/h2>\n<p>HPV infection in HIV infected hosts<\/p>\n<p>Anogenital HPV infection and cancer: prevention, transmission and detection.<\/p>\n<hr\/>\n<h2><strong>Research topics<\/strong><\/h2>\n<ul>\n<li>Non isotopic PCR assays for viral diagnosis.<\/li>\n<li>HPV and genital cancers.<\/li>\n<li>Molecular analysis of persistent HPV infection.<\/li>\n<li>HPV viral load with real time PCR<\/li>\n<\/ul>\n<hr\/>\n<h2 style=\"text-align: justify\"><strong>Publications<\/strong><\/h2>\n<ul style=\"text-align: justify\">\n<li>de Pokomandy A, Kaufman E,\u00a0 de Castro C, Mayrand MH, Burchell A, Klein M, Charest L, Auger M, Rodrigues-Coutl\u00e9e S, Coutl\u00e9e F. The EVVA cohort study: anal and cervical type-specific HPV prevalence, persistence and cytology in women living with HIV. <a href=\"https:\/\/www.ncbi.nlm.nih.gov\/pubmed\/28931234\">Journal of Infectious Diseases 2017;216:447-456<\/a>.<\/li>\n<li>de Pokomandy A, Ghattas G, Rouleau D, Lalonde R, Beauvais C, de Castro C, Coutl\u00e9e F. Argon Plasma Coagulation treatment of anal high-grade squamous intraepithelial lesions in men having sex with men living with HIV: results of a 2-year prospective pilot study. <a href=\"https:\/\/www.ncbi.nlm.nih.gov\/pubmed\/28833949\">HIV Medicine 2018:10.1111\/hiv.12544<\/a>.<\/li>\n<li>Mayrand MH,\u00a0Duarte-Franco E,\u00a0Coutl\u00e9e F,\u00a0Rodrigues I,\u00a0Walter SD,\u00a0Ratnam S,\u00a0Franco EL;\u00a0CCCaST Study Group. Randomized controlled trial of human papillomavirus testing versus Pap cytology for primary screening of cervical cancer precursors: results from the Canadian Cervical Cancer Screening Trial (CCCaST).\u00a0<a href=\"https:\/\/www.ncbi.nlm.nih.gov\/pubmed\/16572425#\">Int J Cancer.\u00a02006 Aug 1;119(3):615-23<\/a>.<\/li>\n<li><span class=\"highlight\">Mayrand MH<\/span>, <span class=\"highlight\">Duarte-Franco E<\/span>, Rodrigues I, Walter SD, Hanley J, Ferenczy A, Ratnam S, Coutl\u00e9e F, Franco EL; Canadian Cervical Cancer Screening Trial Study Group. Human papillomavirus DNA versus Papanicolaou screening tests for cervical cancer.\u00a0<a href=\"https:\/\/www.ncbi.nlm.nih.gov\/pubmed\/17942871\">The New England Journal of Medicine 2007;357:1579-1588<\/a>.<\/li>\n<li>Isidean SD, Mayrand MH, Ramanakumar AV, Rodrigues I, Ferenczy A, Ratnam S, Coutl\u00e9e F, Franco EL. Comparison of triage strategies for HPV positive women: Canadian cervical cancer screening trial results. <a href=\"https:\/\/www.ncbi.nlm.nih.gov\/pubmed\/28096198\">Cancer Epidemiol Biomarkers Prev. 2017 ; 26:923-929<\/a>.<\/li>\n<li>Formentin A, Archambault J, Koushik A, Richardson H, Brassard P, Franco EL, Coutl\u00e9e F. Human papillomavirus type 52 polymorphism and high-grade lesions of the uterine cervix. <a href=\"https:\/\/www.ncbi.nlm.nih.gov\/pubmed\/23015309\">International Journal of Cancer 2013:132, 1821\u20131830<\/a>.<\/li>\n<\/ul>\n<p>&nbsp;<\/p>\n","protected":false},"excerpt":{"rendered":"<p>Biography To come up Team\u00a0 \u00c9mile Com\u00e8te Julie Guenoun Catherine Rodrigues-Coutl\u00e9e Theme HPV infection in HIV infected hosts Anogenital HPV infection and cancer: prevention, transmission and detection. Research topics Non [&hellip;]<\/p>\n","protected":false},"author":25,"featured_media":0,"parent":11407,"menu_order":0,"comment_status":"closed","ping_status":"closed","template":"","meta":{"footnotes":""},"class_list":["post-7599","page","type-page","status-publish","hentry"],"yoast_head":"<!-- This site is optimized with the Yoast SEO plugin v25.0 - https:\/\/yoast.com\/wordpress\/plugins\/seo\/ -->\n<title>Fran\u00e7ois Coutl\u00e9e - D\u00e9partement de microbiologie, infectiologie et immunologie - Universit\u00e9 de Montr\u00e9al<\/title>\n<meta name=\"robots\" content=\"index, follow, max-snippet:-1, max-image-preview:large, max-video-preview:-1\" \/>\n<link rel=\"canonical\" href=\"https:\/\/microbiologie.umontreal.ca\/en\/professeurs-chercheurs\/francois-coutlee\/\" \/>\n<meta property=\"og:locale\" content=\"en_US\" \/>\n<meta property=\"og:type\" content=\"article\" \/>\n<meta property=\"og:title\" content=\"Fran\u00e7ois Coutl\u00e9e - D\u00e9partement de microbiologie, infectiologie et immunologie - Universit\u00e9 de Montr\u00e9al\" \/>\n<meta property=\"og:description\" content=\"Biography To come up Team\u00a0 \u00c9mile Com\u00e8te Julie Guenoun Catherine Rodrigues-Coutl\u00e9e Theme HPV infection in HIV infected hosts Anogenital HPV infection and cancer: prevention, transmission and detection. Research topics Non [&hellip;]\" \/>\n<meta property=\"og:url\" content=\"https:\/\/microbiologie.umontreal.ca\/en\/professeurs-chercheurs\/francois-coutlee\/\" \/>\n<meta property=\"og:site_name\" content=\"D\u00e9partement de microbiologie, infectiologie et immunologie\" \/>\n<meta property=\"article:modified_time\" content=\"2018-07-12T20:49:28+00:00\" \/>\n<meta property=\"og:image\" content=\"https:\/\/microbiologie.umontreal.ca\/wp-content\/uploads\/sites\/12\/silhouette-100.jpg\" \/>\n<meta name=\"twitter:label1\" content=\"Est. reading time\" \/>\n\t<meta name=\"twitter:data1\" content=\"2 minutes\" \/>\n<script type=\"application\/ld+json\" class=\"yoast-schema-graph\">{\"@context\":\"https:\/\/schema.org\",\"@graph\":[{\"@type\":\"WebPage\",\"@id\":\"https:\/\/microbiologie.umontreal.ca\/en\/professeurs-chercheurs\/francois-coutlee\/\",\"url\":\"https:\/\/microbiologie.umontreal.ca\/en\/professeurs-chercheurs\/francois-coutlee\/\",\"name\":\"Fran\u00e7ois Coutl\u00e9e - D\u00e9partement de microbiologie, infectiologie et immunologie - Universit\u00e9 de Montr\u00e9al\",\"isPartOf\":{\"@id\":\"https:\/\/microbiologie.umontreal.ca\/#website\"},\"primaryImageOfPage\":{\"@id\":\"https:\/\/microbiologie.umontreal.ca\/en\/professeurs-chercheurs\/francois-coutlee\/#primaryimage\"},\"image\":{\"@id\":\"https:\/\/microbiologie.umontreal.ca\/en\/professeurs-chercheurs\/francois-coutlee\/#primaryimage\"},\"thumbnailUrl\":\"https:\/\/microbiologie.umontreal.ca\/wp-content\/uploads\/sites\/12\/silhouette-100.jpg\",\"datePublished\":\"2014-07-28T20:00:55+00:00\",\"dateModified\":\"2018-07-12T20:49:28+00:00\",\"breadcrumb\":{\"@id\":\"https:\/\/microbiologie.umontreal.ca\/en\/professeurs-chercheurs\/francois-coutlee\/#breadcrumb\"},\"inLanguage\":\"en-US\",\"potentialAction\":[{\"@type\":\"ReadAction\",\"target\":[\"https:\/\/microbiologie.umontreal.ca\/en\/professeurs-chercheurs\/francois-coutlee\/\"]}]},{\"@type\":\"ImageObject\",\"inLanguage\":\"en-US\",\"@id\":\"https:\/\/microbiologie.umontreal.ca\/en\/professeurs-chercheurs\/francois-coutlee\/#primaryimage\",\"url\":\"https:\/\/microbiologie.umontreal.ca\/wp-content\/uploads\/sites\/12\/silhouette-100.jpg\",\"contentUrl\":\"https:\/\/microbiologie.umontreal.ca\/wp-content\/uploads\/sites\/12\/silhouette-100.jpg\"},{\"@type\":\"BreadcrumbList\",\"@id\":\"https:\/\/microbiologie.umontreal.ca\/en\/professeurs-chercheurs\/francois-coutlee\/#breadcrumb\",\"itemListElement\":[{\"@type\":\"ListItem\",\"position\":1,\"name\":\"Accueil\",\"item\":\"https:\/\/microbiologie.umontreal.ca\/en\/\"},{\"@type\":\"ListItem\",\"position\":2,\"name\":\"Professeurs-chercheurs\",\"item\":\"https:\/\/microbiologie.umontreal.ca\/en\/professeurs-chercheurs\/\"},{\"@type\":\"ListItem\",\"position\":3,\"name\":\"Fran\u00e7ois Coutl\u00e9e\"}]},{\"@type\":\"WebSite\",\"@id\":\"https:\/\/microbiologie.umontreal.ca\/#website\",\"url\":\"https:\/\/microbiologie.umontreal.ca\/\",\"name\":\"D\u00e9partement de microbiologie, infectiologie et immunologie\",\"description\":\"\",\"potentialAction\":[{\"@type\":\"SearchAction\",\"target\":{\"@type\":\"EntryPoint\",\"urlTemplate\":\"https:\/\/microbiologie.umontreal.ca\/?s={search_term_string}\"},\"query-input\":{\"@type\":\"PropertyValueSpecification\",\"valueRequired\":true,\"valueName\":\"search_term_string\"}}],\"inLanguage\":\"en-US\"}]}<\/script>\n<!-- \/ Yoast SEO plugin. -->","yoast_head_json":{"title":"Fran\u00e7ois Coutl\u00e9e - D\u00e9partement de microbiologie, infectiologie et immunologie - Universit\u00e9 de Montr\u00e9al","robots":{"index":"index","follow":"follow","max-snippet":"max-snippet:-1","max-image-preview":"max-image-preview:large","max-video-preview":"max-video-preview:-1"},"canonical":"https:\/\/microbiologie.umontreal.ca\/en\/professeurs-chercheurs\/francois-coutlee\/","og_locale":"en_US","og_type":"article","og_title":"Fran\u00e7ois Coutl\u00e9e - D\u00e9partement de microbiologie, infectiologie et immunologie - Universit\u00e9 de Montr\u00e9al","og_description":"Biography To come up Team\u00a0 \u00c9mile Com\u00e8te Julie Guenoun Catherine Rodrigues-Coutl\u00e9e Theme HPV infection in HIV infected hosts Anogenital HPV infection and cancer: prevention, transmission and detection. Research topics Non [&hellip;]","og_url":"https:\/\/microbiologie.umontreal.ca\/en\/professeurs-chercheurs\/francois-coutlee\/","og_site_name":"D\u00e9partement de microbiologie, infectiologie et immunologie","article_modified_time":"2018-07-12T20:49:28+00:00","og_image":[{"url":"https:\/\/microbiologie.umontreal.ca\/wp-content\/uploads\/sites\/12\/silhouette-100.jpg","type":"","width":"","height":""}],"twitter_misc":{"Est. reading time":"2 minutes"},"schema":{"@context":"https:\/\/schema.org","@graph":[{"@type":"WebPage","@id":"https:\/\/microbiologie.umontreal.ca\/en\/professeurs-chercheurs\/francois-coutlee\/","url":"https:\/\/microbiologie.umontreal.ca\/en\/professeurs-chercheurs\/francois-coutlee\/","name":"Fran\u00e7ois Coutl\u00e9e - D\u00e9partement de microbiologie, infectiologie et immunologie - Universit\u00e9 de Montr\u00e9al","isPartOf":{"@id":"https:\/\/microbiologie.umontreal.ca\/#website"},"primaryImageOfPage":{"@id":"https:\/\/microbiologie.umontreal.ca\/en\/professeurs-chercheurs\/francois-coutlee\/#primaryimage"},"image":{"@id":"https:\/\/microbiologie.umontreal.ca\/en\/professeurs-chercheurs\/francois-coutlee\/#primaryimage"},"thumbnailUrl":"https:\/\/microbiologie.umontreal.ca\/wp-content\/uploads\/sites\/12\/silhouette-100.jpg","datePublished":"2014-07-28T20:00:55+00:00","dateModified":"2018-07-12T20:49:28+00:00","breadcrumb":{"@id":"https:\/\/microbiologie.umontreal.ca\/en\/professeurs-chercheurs\/francois-coutlee\/#breadcrumb"},"inLanguage":"en-US","potentialAction":[{"@type":"ReadAction","target":["https:\/\/microbiologie.umontreal.ca\/en\/professeurs-chercheurs\/francois-coutlee\/"]}]},{"@type":"ImageObject","inLanguage":"en-US","@id":"https:\/\/microbiologie.umontreal.ca\/en\/professeurs-chercheurs\/francois-coutlee\/#primaryimage","url":"https:\/\/microbiologie.umontreal.ca\/wp-content\/uploads\/sites\/12\/silhouette-100.jpg","contentUrl":"https:\/\/microbiologie.umontreal.ca\/wp-content\/uploads\/sites\/12\/silhouette-100.jpg"},{"@type":"BreadcrumbList","@id":"https:\/\/microbiologie.umontreal.ca\/en\/professeurs-chercheurs\/francois-coutlee\/#breadcrumb","itemListElement":[{"@type":"ListItem","position":1,"name":"Accueil","item":"https:\/\/microbiologie.umontreal.ca\/en\/"},{"@type":"ListItem","position":2,"name":"Professeurs-chercheurs","item":"https:\/\/microbiologie.umontreal.ca\/en\/professeurs-chercheurs\/"},{"@type":"ListItem","position":3,"name":"Fran\u00e7ois Coutl\u00e9e"}]},{"@type":"WebSite","@id":"https:\/\/microbiologie.umontreal.ca\/#website","url":"https:\/\/microbiologie.umontreal.ca\/","name":"D\u00e9partement de microbiologie, infectiologie et immunologie","description":"","potentialAction":[{"@type":"SearchAction","target":{"@type":"EntryPoint","urlTemplate":"https:\/\/microbiologie.umontreal.ca\/?s={search_term_string}"},"query-input":{"@type":"PropertyValueSpecification","valueRequired":true,"valueName":"search_term_string"}}],"inLanguage":"en-US"}]}},"_links":{"self":[{"href":"https:\/\/microbiologie.umontreal.ca\/en\/wp-json\/wp\/v2\/pages\/7599","targetHints":{"allow":["GET"]}}],"collection":[{"href":"https:\/\/microbiologie.umontreal.ca\/en\/wp-json\/wp\/v2\/pages"}],"about":[{"href":"https:\/\/microbiologie.umontreal.ca\/en\/wp-json\/wp\/v2\/types\/page"}],"author":[{"embeddable":true,"href":"https:\/\/microbiologie.umontreal.ca\/en\/wp-json\/wp\/v2\/users\/25"}],"replies":[{"embeddable":true,"href":"https:\/\/microbiologie.umontreal.ca\/en\/wp-json\/wp\/v2\/comments?post=7599"}],"version-history":[{"count":6,"href":"https:\/\/microbiologie.umontreal.ca\/en\/wp-json\/wp\/v2\/pages\/7599\/revisions"}],"predecessor-version":[{"id":8712,"href":"https:\/\/microbiologie.umontreal.ca\/en\/wp-json\/wp\/v2\/pages\/7599\/revisions\/8712"}],"up":[{"embeddable":true,"href":"https:\/\/microbiologie.umontreal.ca\/en\/wp-json\/wp\/v2\/pages\/11407"}],"wp:attachment":[{"href":"https:\/\/microbiologie.umontreal.ca\/en\/wp-json\/wp\/v2\/media?parent=7599"}],"curies":[{"name":"wp","href":"https:\/\/api.w.org\/{rel}","templated":true}]}}