{"id":7604,"date":"2014-07-31T15:46:05","date_gmt":"2014-07-31T15:46:05","guid":{"rendered":"https:\/\/microbiologie.umontreal.ca\/patrick-hallenbeck\/"},"modified":"2018-07-16T18:12:45","modified_gmt":"2018-07-16T17:12:45","slug":"patrick-hallenbeck","status":"publish","type":"page","link":"https:\/\/microbiologie.umontreal.ca\/en\/professeurs-chercheurs\/patrick-hallenbeck\/","title":{"rendered":"Patrick C. Hallenbeck"},"content":{"rendered":"<div  class=\" fiche-chercheur  \">\n<div class=\"img noLightbox\"><\/p>\n<p><img loading=\"lazy\" decoding=\"async\" class=\"alignnone wp-image-3658\" alt=\"Hallenbeck, Patrick C.\" src=\"https:\/\/microbiologie.umontreal.ca\/wp-content\/uploads\/sites\/12\/Hallenbeck-Patrick-C.-253x300.jpg\" width=\"99\" height=\"118\" srcset=\"https:\/\/microbiologie.umontreal.ca\/wp-content\/uploads\/sites\/12\/Hallenbeck-Patrick-C.-253x300.jpg 253w, https:\/\/microbiologie.umontreal.ca\/wp-content\/uploads\/sites\/12\/Hallenbeck-Patrick-C.-200x236.jpg 200w, https:\/\/microbiologie.umontreal.ca\/wp-content\/uploads\/sites\/12\/Hallenbeck-Patrick-C.-249x295.jpg 249w, https:\/\/microbiologie.umontreal.ca\/wp-content\/uploads\/sites\/12\/Hallenbeck-Patrick-C..jpg 381w\" sizes=\"auto, (max-width: 99px) 100vw, 99px\" \/><\/p>\n<p><\/div>\n\n<table style=\"width: 406px\">\n<tbody>\n<tr>\n<td style=\"width: 104px\"><strong>Title:<\/strong><\/td>\n<td style=\"width: 315px\">Emeritus professor \/ Adjunct professor<\/td>\n<\/tr>\n<tr>\n<td style=\"width: 104px\"><strong>Address:<\/strong><\/td>\n<td style=\"width: 315px\">D\u00e9partement de microbiologie, infectiologie et immunologie<br \/>\nPavillon Roger-Gaudry<br \/>\nUniversit\u00e9 de Montr\u00e9al<br \/>\nC.P. 6128, Succ. Centre-ville<br \/>\nMontr\u00e9al (Qu\u00e9bec)\u00a0 H3C 3J7<\/td>\n<\/tr>\n<tr>\n<td style=\"width: 104px\"><strong>Room:<\/strong><\/td>\n<td style=\"width: 315px\">Office: S-655-1<\/p>\n<p>Labo: S-653<\/td>\n<\/tr>\n<tr>\n<td style=\"width: 104px\"><strong>Phone:<\/strong><\/td>\n<td style=\"width: 315px\">Office:\u00a0514 343-6278<br \/>\nLabo:514 343-6111, ext. 3143<\/td>\n<\/tr>\n<tr>\n<td style=\"width: 104px\"><strong>Fax:<\/strong><\/td>\n<td style=\"width: 315px\">\u00a0514 343-5701<\/td>\n<\/tr>\n<tr>\n<td style=\"width: 104px\"><strong>Email:<\/strong><\/td>\n<td style=\"width: 315px\"><a href=\"mailto:patrick.hallenbeck@umontreal.ca\">patrick.hallenbeck@umontreal.ca<\/a><\/td>\n<\/tr>\n<tr>\n<td style=\"width: 104px\"><strong>Web site:<\/strong><\/td>\n<td style=\"width: 315px\"><a href=\"http:\/\/mapageweb.umontreal.ca\/hallenbe\/\">http:\/\/mapageweb.umontreal.ca\/hallenbe\/<\/a><\/td>\n<\/tr>\n<\/tbody>\n<\/table>\n<p><hr\/><\/div>\n<h2 style=\"text-align: justify\"><strong>Biography<\/strong><\/h2>\n<p style=\"text-align: justify\">Professor Patrick C. Hallenbeck obtained a PhD in Biophysics in 1978 (University of California, Berkeley). Named professor emeritus, he is currently adjunct professor at the University of Montreal and a visiting professor at the US Air Force Academy, Colorado Springs. Professor Hallenbeck\u2019s current main research focus is on microbial physiology and biofuels. He is the editor of 2 Books, the author of 37 Book Chapters\/Review articles and over 60 Research Articles.\u00a0 Dr. Hallenbeck has served as an ad hoc reviewer for many different journals (more than 150 completed to date) and has given numerous (over 100) conference presentations.\u00a0 He is the President of the Biohydrogen Division of the International Association for Hydrogen Energy; Canadian Expert to Task 21 (Biohydrogen) of the Hydrogen Implementing Agreement of the International Energy Agency, and received an Outstanding Scientist award-IFIBiop 2012.\u00a0 He is a member of the editorial boards of Bioresource Technology, Frontiers in Microbiology and Marine Biotechnology and is Section Editor for Biotechnology for Biofuels.\u00a0 He has served on the organizing committees of numerous international conferences, was chair of ISPP2009 and of BioH2 2013.\u00a0 His areas of expertise include microbial diversity, microbial physiology, biotechnology and biofuels.<\/p>\n<p style=\"text-align: justify\"><hr\/><\/p>\n<h2 style=\"text-align: justify\"><strong>Team\u00a0<\/strong><\/h2>\n<ul style=\"text-align: justify\">\n<li>Khorcheska Batyrova, Ph.D.<\/li>\n<li>Carolina Lampol, Ph.D.<\/li>\n<li>Muhammad Maqossd, Ph.D.<\/li>\n<\/ul>\n<p style=\"text-align: justify\"><hr\/><\/p>\n<h2 style=\"text-align: justify\"><strong>Theme<\/strong><\/h2>\n<ul style=\"text-align: justify\">\n<li>Microbiology<\/li>\n<\/ul>\n<p style=\"text-align: justify\"><hr\/><\/p>\n<h2 style=\"text-align: justify\"><strong>Research topics<\/strong><\/h2>\n<ul style=\"text-align: justify\">\n<li>Biochemical, physiological and genetic aspects of microbial anaerobic metabolism :<\/li>\n<\/ul>\n<p style=\"padding-left: 60px;text-align: justify\">Microbial biofuels production.<\/p>\n<p style=\"padding-left: 60px;text-align: justify\">Microbial hydrogen metabolism. Fermentative hydrogen production as future energy source.<\/p>\n<p style=\"padding-left: 60px;text-align: justify\">Nitrogen-fixation by photosynthetic prokaryotes: ammonia transport and regulation of nitrogenase.<\/p>\n<p style=\"text-align: justify\"><hr\/><\/p>\n<h2 style=\"text-align: justify\"><strong>Publications<\/strong><\/h2>\n<ul>\n<li style=\"text-align: justify\">Leite, G.B. K. Paranjape, P.C. Hallenbeck, 2016. Breakfast of champions: Fast lipid accumulation by cultures of Chlorella and Scenedesmus induced by xylose, <a href=\"https:\/\/www.sciencedirect.com\/science\/article\/pii\/S2211926416301242\"><strong>Algal Research<\/strong>, 16 (2016) 338-348<\/a>.<\/li>\n<li style=\"text-align: justify\">Kuniyoshi, T.M., Balan, A., Schenberg, A.C.G., Severino, D., Hallenbeck, P.C. 2015. Heterologous expression of proteorhodopsin enhances H2 production in Escherichia coli when endogenous Hyd-4 is overexpressed. <a href=\"https:\/\/www.ncbi.nlm.nih.gov\/pubmed\/25913175\"><strong>Journal of biotechnology<\/strong>, 206, 52-57<\/a>.<\/li>\n<li style=\"text-align: justify\">Hallenbeck, P.C., Grogger, M., Mraz, M., Veverka, D. 2015. Building a better Mousetrap I: Using Design of Experiments with unconfounded ions to discover superior media for growth and lipid production by Chlorella sp. <a href=\"https:\/\/www.ncbi.nlm.nih.gov\/pubmed\/25465787\">EN1234. <strong>Bioresource Technology<\/strong>, 184, 82-89<\/a>.<\/li>\n<li style=\"text-align: justify\">Hallenbeck, P.C., Grogger, M., Mraz, M., Veverka, D. 2015. The use of Design of Experiments and Response Surface Methodology to optimize biomass and lipid production by the oleaginous marine green alga, Nannochloropsis gaditana in response to light intensity, inoculum size and CO2. <a href=\"https:\/\/www.ncbi.nlm.nih.gov\/pubmed\/25304731\"><strong>Bioresource Technology<\/strong>, 184, 161-168<\/a>.<\/li>\n<li style=\"text-align: justify\">Leite, G.B., Paranjape, K., Abdelaziz, A.E.M., Hallenbeck, P.C. 2015. Utilization of biodiesel-derived glycerol or xylose for increased growth and lipid production by indigenous microalgae. <a href=\"https:\/\/www.ncbi.nlm.nih.gov\/pubmed\/25466992\"><strong>Bioresource Technology<\/strong>, 184, 123-130<\/a>.<\/li>\n<\/ul>\n","protected":false},"excerpt":{"rendered":"<p>Biography Professor Patrick C. Hallenbeck obtained a PhD in Biophysics in 1978 (University of California, Berkeley). Named professor emeritus, he is currently adjunct professor at the University of Montreal and [&hellip;]<\/p>\n","protected":false},"author":25,"featured_media":0,"parent":11407,"menu_order":0,"comment_status":"closed","ping_status":"closed","template":"","meta":{"footnotes":""},"class_list":["post-7604","page","type-page","status-publish","hentry"],"yoast_head":"<!-- This site is optimized with the Yoast SEO plugin v25.0 - https:\/\/yoast.com\/wordpress\/plugins\/seo\/ -->\n<title>Patrick C. Hallenbeck - D\u00e9partement de microbiologie, infectiologie et immunologie - Universit\u00e9 de Montr\u00e9al<\/title>\n<meta name=\"robots\" content=\"index, follow, max-snippet:-1, max-image-preview:large, max-video-preview:-1\" \/>\n<link rel=\"canonical\" href=\"https:\/\/microbiologie.umontreal.ca\/en\/professeurs-chercheurs\/patrick-hallenbeck\/\" \/>\n<meta property=\"og:locale\" content=\"en_US\" \/>\n<meta property=\"og:type\" content=\"article\" \/>\n<meta property=\"og:title\" content=\"Patrick C. Hallenbeck - D\u00e9partement de microbiologie, infectiologie et immunologie - Universit\u00e9 de Montr\u00e9al\" \/>\n<meta property=\"og:description\" content=\"Biography Professor Patrick C. Hallenbeck obtained a PhD in Biophysics in 1978 (University of California, Berkeley). Named professor emeritus, he is currently adjunct professor at the University of Montreal and [&hellip;]\" \/>\n<meta property=\"og:url\" content=\"https:\/\/microbiologie.umontreal.ca\/en\/professeurs-chercheurs\/patrick-hallenbeck\/\" \/>\n<meta property=\"og:site_name\" content=\"D\u00e9partement de microbiologie, infectiologie et immunologie\" \/>\n<meta property=\"article:modified_time\" content=\"2018-07-16T17:12:45+00:00\" \/>\n<meta property=\"og:image\" content=\"https:\/\/microbiologie.umontreal.ca\/wp-content\/uploads\/sites\/12\/Hallenbeck-Patrick-C.-253x300.jpg\" \/>\n<meta name=\"twitter:label1\" content=\"Est. reading time\" \/>\n\t<meta name=\"twitter:data1\" content=\"2 minutes\" \/>\n<script type=\"application\/ld+json\" class=\"yoast-schema-graph\">{\"@context\":\"https:\/\/schema.org\",\"@graph\":[{\"@type\":\"WebPage\",\"@id\":\"https:\/\/microbiologie.umontreal.ca\/en\/professeurs-chercheurs\/patrick-hallenbeck\/\",\"url\":\"https:\/\/microbiologie.umontreal.ca\/en\/professeurs-chercheurs\/patrick-hallenbeck\/\",\"name\":\"Patrick C. Hallenbeck - D\u00e9partement de microbiologie, infectiologie et immunologie - Universit\u00e9 de Montr\u00e9al\",\"isPartOf\":{\"@id\":\"https:\/\/microbiologie.umontreal.ca\/#website\"},\"primaryImageOfPage\":{\"@id\":\"https:\/\/microbiologie.umontreal.ca\/en\/professeurs-chercheurs\/patrick-hallenbeck\/#primaryimage\"},\"image\":{\"@id\":\"https:\/\/microbiologie.umontreal.ca\/en\/professeurs-chercheurs\/patrick-hallenbeck\/#primaryimage\"},\"thumbnailUrl\":\"https:\/\/microbiologie.umontreal.ca\/wp-content\/uploads\/sites\/12\/Hallenbeck-Patrick-C.-253x300.jpg\",\"datePublished\":\"2014-07-31T15:46:05+00:00\",\"dateModified\":\"2018-07-16T17:12:45+00:00\",\"breadcrumb\":{\"@id\":\"https:\/\/microbiologie.umontreal.ca\/en\/professeurs-chercheurs\/patrick-hallenbeck\/#breadcrumb\"},\"inLanguage\":\"en-US\",\"potentialAction\":[{\"@type\":\"ReadAction\",\"target\":[\"https:\/\/microbiologie.umontreal.ca\/en\/professeurs-chercheurs\/patrick-hallenbeck\/\"]}]},{\"@type\":\"ImageObject\",\"inLanguage\":\"en-US\",\"@id\":\"https:\/\/microbiologie.umontreal.ca\/en\/professeurs-chercheurs\/patrick-hallenbeck\/#primaryimage\",\"url\":\"https:\/\/microbiologie.umontreal.ca\/wp-content\/uploads\/sites\/12\/Hallenbeck-Patrick-C.-253x300.jpg\",\"contentUrl\":\"https:\/\/microbiologie.umontreal.ca\/wp-content\/uploads\/sites\/12\/Hallenbeck-Patrick-C.-253x300.jpg\"},{\"@type\":\"BreadcrumbList\",\"@id\":\"https:\/\/microbiologie.umontreal.ca\/en\/professeurs-chercheurs\/patrick-hallenbeck\/#breadcrumb\",\"itemListElement\":[{\"@type\":\"ListItem\",\"position\":1,\"name\":\"Accueil\",\"item\":\"https:\/\/microbiologie.umontreal.ca\/en\/\"},{\"@type\":\"ListItem\",\"position\":2,\"name\":\"Professeurs-chercheurs\",\"item\":\"https:\/\/microbiologie.umontreal.ca\/en\/professeurs-chercheurs\/\"},{\"@type\":\"ListItem\",\"position\":3,\"name\":\"Patrick C. Hallenbeck\"}]},{\"@type\":\"WebSite\",\"@id\":\"https:\/\/microbiologie.umontreal.ca\/#website\",\"url\":\"https:\/\/microbiologie.umontreal.ca\/\",\"name\":\"D\u00e9partement de microbiologie, infectiologie et immunologie\",\"description\":\"\",\"potentialAction\":[{\"@type\":\"SearchAction\",\"target\":{\"@type\":\"EntryPoint\",\"urlTemplate\":\"https:\/\/microbiologie.umontreal.ca\/?s={search_term_string}\"},\"query-input\":{\"@type\":\"PropertyValueSpecification\",\"valueRequired\":true,\"valueName\":\"search_term_string\"}}],\"inLanguage\":\"en-US\"}]}<\/script>\n<!-- \/ Yoast SEO plugin. -->","yoast_head_json":{"title":"Patrick C. Hallenbeck - D\u00e9partement de microbiologie, infectiologie et immunologie - Universit\u00e9 de Montr\u00e9al","robots":{"index":"index","follow":"follow","max-snippet":"max-snippet:-1","max-image-preview":"max-image-preview:large","max-video-preview":"max-video-preview:-1"},"canonical":"https:\/\/microbiologie.umontreal.ca\/en\/professeurs-chercheurs\/patrick-hallenbeck\/","og_locale":"en_US","og_type":"article","og_title":"Patrick C. Hallenbeck - D\u00e9partement de microbiologie, infectiologie et immunologie - Universit\u00e9 de Montr\u00e9al","og_description":"Biography Professor Patrick C. Hallenbeck obtained a PhD in Biophysics in 1978 (University of California, Berkeley). Named professor emeritus, he is currently adjunct professor at the University of Montreal and [&hellip;]","og_url":"https:\/\/microbiologie.umontreal.ca\/en\/professeurs-chercheurs\/patrick-hallenbeck\/","og_site_name":"D\u00e9partement de microbiologie, infectiologie et immunologie","article_modified_time":"2018-07-16T17:12:45+00:00","og_image":[{"url":"https:\/\/microbiologie.umontreal.ca\/wp-content\/uploads\/sites\/12\/Hallenbeck-Patrick-C.-253x300.jpg","type":"","width":"","height":""}],"twitter_misc":{"Est. reading time":"2 minutes"},"schema":{"@context":"https:\/\/schema.org","@graph":[{"@type":"WebPage","@id":"https:\/\/microbiologie.umontreal.ca\/en\/professeurs-chercheurs\/patrick-hallenbeck\/","url":"https:\/\/microbiologie.umontreal.ca\/en\/professeurs-chercheurs\/patrick-hallenbeck\/","name":"Patrick C. Hallenbeck - D\u00e9partement de microbiologie, infectiologie et immunologie - Universit\u00e9 de Montr\u00e9al","isPartOf":{"@id":"https:\/\/microbiologie.umontreal.ca\/#website"},"primaryImageOfPage":{"@id":"https:\/\/microbiologie.umontreal.ca\/en\/professeurs-chercheurs\/patrick-hallenbeck\/#primaryimage"},"image":{"@id":"https:\/\/microbiologie.umontreal.ca\/en\/professeurs-chercheurs\/patrick-hallenbeck\/#primaryimage"},"thumbnailUrl":"https:\/\/microbiologie.umontreal.ca\/wp-content\/uploads\/sites\/12\/Hallenbeck-Patrick-C.-253x300.jpg","datePublished":"2014-07-31T15:46:05+00:00","dateModified":"2018-07-16T17:12:45+00:00","breadcrumb":{"@id":"https:\/\/microbiologie.umontreal.ca\/en\/professeurs-chercheurs\/patrick-hallenbeck\/#breadcrumb"},"inLanguage":"en-US","potentialAction":[{"@type":"ReadAction","target":["https:\/\/microbiologie.umontreal.ca\/en\/professeurs-chercheurs\/patrick-hallenbeck\/"]}]},{"@type":"ImageObject","inLanguage":"en-US","@id":"https:\/\/microbiologie.umontreal.ca\/en\/professeurs-chercheurs\/patrick-hallenbeck\/#primaryimage","url":"https:\/\/microbiologie.umontreal.ca\/wp-content\/uploads\/sites\/12\/Hallenbeck-Patrick-C.-253x300.jpg","contentUrl":"https:\/\/microbiologie.umontreal.ca\/wp-content\/uploads\/sites\/12\/Hallenbeck-Patrick-C.-253x300.jpg"},{"@type":"BreadcrumbList","@id":"https:\/\/microbiologie.umontreal.ca\/en\/professeurs-chercheurs\/patrick-hallenbeck\/#breadcrumb","itemListElement":[{"@type":"ListItem","position":1,"name":"Accueil","item":"https:\/\/microbiologie.umontreal.ca\/en\/"},{"@type":"ListItem","position":2,"name":"Professeurs-chercheurs","item":"https:\/\/microbiologie.umontreal.ca\/en\/professeurs-chercheurs\/"},{"@type":"ListItem","position":3,"name":"Patrick C. Hallenbeck"}]},{"@type":"WebSite","@id":"https:\/\/microbiologie.umontreal.ca\/#website","url":"https:\/\/microbiologie.umontreal.ca\/","name":"D\u00e9partement de microbiologie, infectiologie et immunologie","description":"","potentialAction":[{"@type":"SearchAction","target":{"@type":"EntryPoint","urlTemplate":"https:\/\/microbiologie.umontreal.ca\/?s={search_term_string}"},"query-input":{"@type":"PropertyValueSpecification","valueRequired":true,"valueName":"search_term_string"}}],"inLanguage":"en-US"}]}},"_links":{"self":[{"href":"https:\/\/microbiologie.umontreal.ca\/en\/wp-json\/wp\/v2\/pages\/7604","targetHints":{"allow":["GET"]}}],"collection":[{"href":"https:\/\/microbiologie.umontreal.ca\/en\/wp-json\/wp\/v2\/pages"}],"about":[{"href":"https:\/\/microbiologie.umontreal.ca\/en\/wp-json\/wp\/v2\/types\/page"}],"author":[{"embeddable":true,"href":"https:\/\/microbiologie.umontreal.ca\/en\/wp-json\/wp\/v2\/users\/25"}],"replies":[{"embeddable":true,"href":"https:\/\/microbiologie.umontreal.ca\/en\/wp-json\/wp\/v2\/comments?post=7604"}],"version-history":[{"count":10,"href":"https:\/\/microbiologie.umontreal.ca\/en\/wp-json\/wp\/v2\/pages\/7604\/revisions"}],"predecessor-version":[{"id":8749,"href":"https:\/\/microbiologie.umontreal.ca\/en\/wp-json\/wp\/v2\/pages\/7604\/revisions\/8749"}],"up":[{"embeddable":true,"href":"https:\/\/microbiologie.umontreal.ca\/en\/wp-json\/wp\/v2\/pages\/11407"}],"wp:attachment":[{"href":"https:\/\/microbiologie.umontreal.ca\/en\/wp-json\/wp\/v2\/media?parent=7604"}],"curies":[{"name":"wp","href":"https:\/\/api.w.org\/{rel}","templated":true}]}}