{"id":7612,"date":"2014-07-31T14:30:36","date_gmt":"2014-07-31T14:30:36","guid":{"rendered":"https:\/\/microbiologie.umontreal.ca\/etienne-gagnon\/"},"modified":"2018-06-28T16:50:00","modified_gmt":"2018-06-28T15:50:00","slug":"etienne-gagnon","status":"publish","type":"page","link":"https:\/\/microbiologie.umontreal.ca\/en\/professeurs-chercheurs\/etienne-gagnon\/","title":{"rendered":"\u00c9tienne Gagnon"},"content":{"rendered":"<div  class=\" fiche-chercheur  \">\n<div class=\"img noLightbox\"><\/p>\n<p><img loading=\"lazy\" decoding=\"async\" src=\"https:\/\/microbiologie.umontreal.ca\/wp-content\/uploads\/sites\/12\/2018\/02\/Etienne-Gagnon.jpg\" alt=\"\" width=\"213\" height=\"314\" class=\"alignnone size-full wp-image-7609\" \/><\/p>\n<p><\/div>\n<table style=\"width: 342px\">\n<tbody>\n<tr>\n<td style=\"width: 83px\"><strong>Title:<\/strong><\/td>\n<td style=\"width: 261px\">Associate research professor<\/td>\n<\/tr>\n<tr>\n<td style=\"width: 83px\"><strong>Address:<\/strong><\/td>\n<td style=\"width: 261px\">Institut de recherche en immunologie et canc\u00e9rologie (IRIC)<br \/>\nUniversit\u00e9 de Montr\u00e9al<br \/>\nC.P. 6128, succursale Centre-ville<br \/>\nMontr\u00e9al (Qu\u00e9bec) H3C 3J7<\/td>\n<\/tr>\n<tr>\n<td style=\"width: 83px\"><strong>Room:<\/strong><\/td>\n<td style=\"width: 261px\">3305, Pavillon Marcelle-Coutu<\/td>\n<\/tr>\n<tr>\n<td style=\"width: 83px\"><strong>Phone:<\/strong><\/td>\n<td style=\"width: 261px\">514-343-6702<\/td>\n<\/tr>\n<tr>\n<td style=\"width: 83px\"><strong>Fax:<\/strong><\/td>\n<td style=\"width: 261px\">514-343-6839<\/td>\n<\/tr>\n<tr>\n<td style=\"width: 83px\"><strong>Email:<\/strong><\/td>\n<td style=\"width: 261px\"><a href=\"mailto:etienne.gagnon@umontreal.ca\">etienne.gagnon@umontreal.ca<\/a><\/td>\n<\/tr>\n<tr>\n<td style=\"width: 83px\"><strong>Web site:<\/strong><\/td>\n<td style=\"width: 261px\"><a href=\"https:\/\/www.iric.ca\/en\/research\/principal-investigators\/etienne-gagnon\/\">My personal page<\/a><\/td>\n<\/tr>\n<\/tbody>\n<\/table>\n<p><hr\/><\/div>\n<h2><strong style=\"text-align: justify\">Biography<\/strong><\/h2>\n<p style=\"text-align: justify\">Dr. Etienne Gagnon earned his bachelor\u2019s degree in Immunology at the University of Montreal, before undertaking a Ph.D. in Cell Biology in the laboratory of Dr. Michel Desjardins.<br \/>\nDuring his Ph.D., Dr. Gagnon made significant findings pertaining to our understanding of how exogenous antigens get cross-presented on MHC class-I molecules by macrophages in order to elicit a CD8 T cell response. These findings have redefined the way we look at phagocytosis, membrane trafficking and antigen presentation. Dr. Gagnon then went on to pursue his post-doctoral work within the laboratory of Kai Wucherpfennig at the Dana-Farber Cancer institute, a primary cancer care and research institute affiliated with the Harvard Medical School in Boston, Massachussetts. His work helped establish novel mechanisms pertaining to T cell receptor activation and early signaling which suggests novel avenues for studying immune receptor triggering. Dr. Gagnon was recruited back to Montreal, in 2011, where he joined the Institute for Research in Immunology and Cancer as Principal Investigator and has just now been made Associate Professor at the University of Montreal in the Microbiology and Immunology Department.<\/p>\n<p style=\"text-align: justify\">One of the main goals of the Gagnon lab are to determine the underpinnings of immune receptor signaling at the molecular level and understand how the tumor microenvironments impacts the critical steps of early as well as late T cell activation. To that end, they use cutting edge imaging techniques to study receptor dynamics as well as ion mobilization in live cells during T cell activation. They also have ongoing collaborations with bio-informatics groups, in order to elucidate the impact of different tumor microenvironments on tumor cell and immune cell transcriptome as well as to design novel <em>in-silico<\/em> informed synthetic RNA to target vulnerable pathways. The Gagnon lab is also active in the chimeric antigen receptor (CAR-T) immunotherapy field where their expertise in T cell signaling enables them to redesign current receptor architecture, in order to promote more efficient signaling.<\/p>\n<p style=\"text-align: justify\">Dr. Gagnon was the recipient of several fellowships, grants and awards such as the AAI junior faculty travel awards, the FRQS faculty awards Junior 1 and Junior 2, as well as the Sherring-Plough medal of excellence. Dr. Gagnon currently more than has 20 publications in high impact journals (Cell, Nature, Immunity and J. Exp. Med) with three manuscripts currently under revision and his work has been cited over three thousand times according to Google scholar. His work is currently funded by NSERC, CIHR, and CRS.<\/p>\n<p style=\"text-align: justify\"><hr\/><\/p>\n<h2><strong>Team\u00a0<\/strong><\/h2>\n<ul>\n<li>Audrey Connolly (Doctoral student)<\/li>\n<li>Jordan Quenneville (Doctoral student)<\/li>\n<li>R\u00e9becca Panes (Doctoral student)<\/li>\n<li>Margaux Tual (Doctoral student)<\/li>\n<li>Ang\u00e9lique Bellemare-Pelletier (Research associate<\/li>\n<\/ul>\n<hr\/>\n<h2><strong>Theme<\/strong><\/h2>\n<p>Fundamental and Cancer Immunology<\/p>\n<p style=\"text-align: justify\"><hr\/><\/p>\n<h2 style=\"text-align: justify\"><strong>Research topics<\/strong><\/h2>\n<p>To come up<\/p>\n<p style=\"text-align: justify\"><hr\/><\/p>\n<h2 style=\"text-align: justify\"><strong>Publications<\/strong><\/h2>\n<ul>\n<li style=\"text-align: justify\">Etienne Gagnon, Chenqi Xu, Wei Yang, H. Hamlet Chu, Matthew E. Call, James J. Chou, and Kai W. Wucherpfennig. 2010. Response: Multilayered control of T Cell Receptor Phosphorylation. <a href=\"https:\/\/www.ncbi.nlm.nih.gov\/pubmed\/20813252\"><strong>Cell<\/strong>. 142(5):669-71<\/a>.<\/li>\n<li style=\"text-align: justify\">Xu C*, Etienne Gagnon*, call ME, Schnell JR, Schwieters CD, Carman CV, Chou JJ, Wucherpfennig K.W. 2008. Regulation of T Cell Receptor Activation by Dynamic Membrane Binding of the CD3varepsilon Cytoplasmic Tyrosine-Based Motif. <a href=\"https:\/\/www.ncbi.nlm.nih.gov\/pubmed\/19013279\"><strong>Cell<\/strong>. 135(4):702-13<\/a>. * authors have contributed equally to this work.<\/li>\n<li style=\"text-align: justify\">Etienne Gagnon, Sophie Duclos, Christiane Rondeau, \u00c9ric Chevet, Pamela Cameron, Olivia Steele-Mortimer, Jacques Paiement, John J. M. Bergeron et Michel Desjardins. 2002. Endoplasmic reticulum-mediated phagocytosis is a mechanism of entry into macrophages. <a href=\"https:\/\/www.ncbi.nlm.nih.gov\/pubmed\/12151002\"><strong>Cell<\/strong>, 110(1):119-31<\/a>.<\/li>\n<\/ul>\n","protected":false},"excerpt":{"rendered":"<p>Biography Dr. Etienne Gagnon earned his bachelor\u2019s degree in Immunology at the University of Montreal, before undertaking a Ph.D. in Cell Biology in the laboratory of Dr. Michel Desjardins. During [&hellip;]<\/p>\n","protected":false},"author":25,"featured_media":0,"parent":11407,"menu_order":0,"comment_status":"closed","ping_status":"closed","template":"","meta":{"footnotes":""},"class_list":["post-7612","page","type-page","status-publish","hentry"],"yoast_head":"<!-- This site is optimized with the Yoast SEO plugin v25.0 - https:\/\/yoast.com\/wordpress\/plugins\/seo\/ -->\n<title>\u00c9tienne Gagnon - D\u00e9partement de microbiologie, infectiologie et immunologie - Universit\u00e9 de Montr\u00e9al<\/title>\n<meta name=\"robots\" content=\"index, follow, max-snippet:-1, max-image-preview:large, max-video-preview:-1\" \/>\n<link rel=\"canonical\" href=\"https:\/\/microbiologie.umontreal.ca\/en\/professeurs-chercheurs\/etienne-gagnon\/\" \/>\n<meta property=\"og:locale\" content=\"en_US\" \/>\n<meta property=\"og:type\" content=\"article\" \/>\n<meta property=\"og:title\" content=\"\u00c9tienne Gagnon - D\u00e9partement de microbiologie, infectiologie et immunologie - Universit\u00e9 de Montr\u00e9al\" \/>\n<meta property=\"og:description\" content=\"Biography Dr. Etienne Gagnon earned his bachelor\u2019s degree in Immunology at the University of Montreal, before undertaking a Ph.D. in Cell Biology in the laboratory of Dr. Michel Desjardins. During [&hellip;]\" \/>\n<meta property=\"og:url\" content=\"https:\/\/microbiologie.umontreal.ca\/en\/professeurs-chercheurs\/etienne-gagnon\/\" \/>\n<meta property=\"og:site_name\" content=\"D\u00e9partement de microbiologie, infectiologie et immunologie\" \/>\n<meta property=\"article:modified_time\" content=\"2018-06-28T15:50:00+00:00\" \/>\n<meta property=\"og:image\" content=\"https:\/\/microbiologie.umontreal.ca\/wp-content\/uploads\/sites\/12\/2018\/02\/Etienne-Gagnon.jpg\" \/>\n<meta name=\"twitter:label1\" content=\"Est. reading time\" \/>\n\t<meta name=\"twitter:data1\" content=\"3 minutes\" \/>\n<script type=\"application\/ld+json\" class=\"yoast-schema-graph\">{\"@context\":\"https:\/\/schema.org\",\"@graph\":[{\"@type\":\"WebPage\",\"@id\":\"https:\/\/microbiologie.umontreal.ca\/en\/professeurs-chercheurs\/etienne-gagnon\/\",\"url\":\"https:\/\/microbiologie.umontreal.ca\/en\/professeurs-chercheurs\/etienne-gagnon\/\",\"name\":\"\u00c9tienne Gagnon - D\u00e9partement de microbiologie, infectiologie et immunologie - Universit\u00e9 de Montr\u00e9al\",\"isPartOf\":{\"@id\":\"https:\/\/microbiologie.umontreal.ca\/#website\"},\"primaryImageOfPage\":{\"@id\":\"https:\/\/microbiologie.umontreal.ca\/en\/professeurs-chercheurs\/etienne-gagnon\/#primaryimage\"},\"image\":{\"@id\":\"https:\/\/microbiologie.umontreal.ca\/en\/professeurs-chercheurs\/etienne-gagnon\/#primaryimage\"},\"thumbnailUrl\":\"https:\/\/microbiologie.umontreal.ca\/wp-content\/uploads\/sites\/12\/2018\/02\/Etienne-Gagnon.jpg\",\"datePublished\":\"2014-07-31T14:30:36+00:00\",\"dateModified\":\"2018-06-28T15:50:00+00:00\",\"breadcrumb\":{\"@id\":\"https:\/\/microbiologie.umontreal.ca\/en\/professeurs-chercheurs\/etienne-gagnon\/#breadcrumb\"},\"inLanguage\":\"en-US\",\"potentialAction\":[{\"@type\":\"ReadAction\",\"target\":[\"https:\/\/microbiologie.umontreal.ca\/en\/professeurs-chercheurs\/etienne-gagnon\/\"]}]},{\"@type\":\"ImageObject\",\"inLanguage\":\"en-US\",\"@id\":\"https:\/\/microbiologie.umontreal.ca\/en\/professeurs-chercheurs\/etienne-gagnon\/#primaryimage\",\"url\":\"https:\/\/microbiologie.umontreal.ca\/wp-content\/uploads\/sites\/12\/2018\/02\/Etienne-Gagnon.jpg\",\"contentUrl\":\"https:\/\/microbiologie.umontreal.ca\/wp-content\/uploads\/sites\/12\/2018\/02\/Etienne-Gagnon.jpg\"},{\"@type\":\"BreadcrumbList\",\"@id\":\"https:\/\/microbiologie.umontreal.ca\/en\/professeurs-chercheurs\/etienne-gagnon\/#breadcrumb\",\"itemListElement\":[{\"@type\":\"ListItem\",\"position\":1,\"name\":\"Accueil\",\"item\":\"https:\/\/microbiologie.umontreal.ca\/en\/\"},{\"@type\":\"ListItem\",\"position\":2,\"name\":\"Professeurs-chercheurs\",\"item\":\"https:\/\/microbiologie.umontreal.ca\/en\/professeurs-chercheurs\/\"},{\"@type\":\"ListItem\",\"position\":3,\"name\":\"\u00c9tienne Gagnon\"}]},{\"@type\":\"WebSite\",\"@id\":\"https:\/\/microbiologie.umontreal.ca\/#website\",\"url\":\"https:\/\/microbiologie.umontreal.ca\/\",\"name\":\"D\u00e9partement de microbiologie, infectiologie et immunologie\",\"description\":\"\",\"potentialAction\":[{\"@type\":\"SearchAction\",\"target\":{\"@type\":\"EntryPoint\",\"urlTemplate\":\"https:\/\/microbiologie.umontreal.ca\/?s={search_term_string}\"},\"query-input\":{\"@type\":\"PropertyValueSpecification\",\"valueRequired\":true,\"valueName\":\"search_term_string\"}}],\"inLanguage\":\"en-US\"}]}<\/script>\n<!-- \/ Yoast SEO plugin. -->","yoast_head_json":{"title":"\u00c9tienne Gagnon - D\u00e9partement de microbiologie, infectiologie et immunologie - Universit\u00e9 de Montr\u00e9al","robots":{"index":"index","follow":"follow","max-snippet":"max-snippet:-1","max-image-preview":"max-image-preview:large","max-video-preview":"max-video-preview:-1"},"canonical":"https:\/\/microbiologie.umontreal.ca\/en\/professeurs-chercheurs\/etienne-gagnon\/","og_locale":"en_US","og_type":"article","og_title":"\u00c9tienne Gagnon - D\u00e9partement de microbiologie, infectiologie et immunologie - Universit\u00e9 de Montr\u00e9al","og_description":"Biography Dr. Etienne Gagnon earned his bachelor\u2019s degree in Immunology at the University of Montreal, before undertaking a Ph.D. in Cell Biology in the laboratory of Dr. Michel Desjardins. During [&hellip;]","og_url":"https:\/\/microbiologie.umontreal.ca\/en\/professeurs-chercheurs\/etienne-gagnon\/","og_site_name":"D\u00e9partement de microbiologie, infectiologie et immunologie","article_modified_time":"2018-06-28T15:50:00+00:00","og_image":[{"url":"https:\/\/microbiologie.umontreal.ca\/wp-content\/uploads\/sites\/12\/2018\/02\/Etienne-Gagnon.jpg","type":"","width":"","height":""}],"twitter_misc":{"Est. reading time":"3 minutes"},"schema":{"@context":"https:\/\/schema.org","@graph":[{"@type":"WebPage","@id":"https:\/\/microbiologie.umontreal.ca\/en\/professeurs-chercheurs\/etienne-gagnon\/","url":"https:\/\/microbiologie.umontreal.ca\/en\/professeurs-chercheurs\/etienne-gagnon\/","name":"\u00c9tienne Gagnon - D\u00e9partement de microbiologie, infectiologie et immunologie - Universit\u00e9 de Montr\u00e9al","isPartOf":{"@id":"https:\/\/microbiologie.umontreal.ca\/#website"},"primaryImageOfPage":{"@id":"https:\/\/microbiologie.umontreal.ca\/en\/professeurs-chercheurs\/etienne-gagnon\/#primaryimage"},"image":{"@id":"https:\/\/microbiologie.umontreal.ca\/en\/professeurs-chercheurs\/etienne-gagnon\/#primaryimage"},"thumbnailUrl":"https:\/\/microbiologie.umontreal.ca\/wp-content\/uploads\/sites\/12\/2018\/02\/Etienne-Gagnon.jpg","datePublished":"2014-07-31T14:30:36+00:00","dateModified":"2018-06-28T15:50:00+00:00","breadcrumb":{"@id":"https:\/\/microbiologie.umontreal.ca\/en\/professeurs-chercheurs\/etienne-gagnon\/#breadcrumb"},"inLanguage":"en-US","potentialAction":[{"@type":"ReadAction","target":["https:\/\/microbiologie.umontreal.ca\/en\/professeurs-chercheurs\/etienne-gagnon\/"]}]},{"@type":"ImageObject","inLanguage":"en-US","@id":"https:\/\/microbiologie.umontreal.ca\/en\/professeurs-chercheurs\/etienne-gagnon\/#primaryimage","url":"https:\/\/microbiologie.umontreal.ca\/wp-content\/uploads\/sites\/12\/2018\/02\/Etienne-Gagnon.jpg","contentUrl":"https:\/\/microbiologie.umontreal.ca\/wp-content\/uploads\/sites\/12\/2018\/02\/Etienne-Gagnon.jpg"},{"@type":"BreadcrumbList","@id":"https:\/\/microbiologie.umontreal.ca\/en\/professeurs-chercheurs\/etienne-gagnon\/#breadcrumb","itemListElement":[{"@type":"ListItem","position":1,"name":"Accueil","item":"https:\/\/microbiologie.umontreal.ca\/en\/"},{"@type":"ListItem","position":2,"name":"Professeurs-chercheurs","item":"https:\/\/microbiologie.umontreal.ca\/en\/professeurs-chercheurs\/"},{"@type":"ListItem","position":3,"name":"\u00c9tienne Gagnon"}]},{"@type":"WebSite","@id":"https:\/\/microbiologie.umontreal.ca\/#website","url":"https:\/\/microbiologie.umontreal.ca\/","name":"D\u00e9partement de microbiologie, infectiologie et immunologie","description":"","potentialAction":[{"@type":"SearchAction","target":{"@type":"EntryPoint","urlTemplate":"https:\/\/microbiologie.umontreal.ca\/?s={search_term_string}"},"query-input":{"@type":"PropertyValueSpecification","valueRequired":true,"valueName":"search_term_string"}}],"inLanguage":"en-US"}]}},"_links":{"self":[{"href":"https:\/\/microbiologie.umontreal.ca\/en\/wp-json\/wp\/v2\/pages\/7612","targetHints":{"allow":["GET"]}}],"collection":[{"href":"https:\/\/microbiologie.umontreal.ca\/en\/wp-json\/wp\/v2\/pages"}],"about":[{"href":"https:\/\/microbiologie.umontreal.ca\/en\/wp-json\/wp\/v2\/types\/page"}],"author":[{"embeddable":true,"href":"https:\/\/microbiologie.umontreal.ca\/en\/wp-json\/wp\/v2\/users\/25"}],"replies":[{"embeddable":true,"href":"https:\/\/microbiologie.umontreal.ca\/en\/wp-json\/wp\/v2\/comments?post=7612"}],"version-history":[{"count":7,"href":"https:\/\/microbiologie.umontreal.ca\/en\/wp-json\/wp\/v2\/pages\/7612\/revisions"}],"predecessor-version":[{"id":8430,"href":"https:\/\/microbiologie.umontreal.ca\/en\/wp-json\/wp\/v2\/pages\/7612\/revisions\/8430"}],"up":[{"embeddable":true,"href":"https:\/\/microbiologie.umontreal.ca\/en\/wp-json\/wp\/v2\/pages\/11407"}],"wp:attachment":[{"href":"https:\/\/microbiologie.umontreal.ca\/en\/wp-json\/wp\/v2\/media?parent=7612"}],"curies":[{"name":"wp","href":"https:\/\/api.w.org\/{rel}","templated":true}]}}