{"id":7624,"date":"2017-05-16T22:15:59","date_gmt":"2017-05-16T21:15:59","guid":{"rendered":"https:\/\/microbiologie.umontreal.ca\/elise-fortin\/"},"modified":"2018-06-28T16:49:09","modified_gmt":"2018-06-28T15:49:09","slug":"elise-fortin","status":"publish","type":"page","link":"https:\/\/microbiologie.umontreal.ca\/en\/elise-fortin\/","title":{"rendered":"\u00c9lise Fortin"},"content":{"rendered":"<div  class=\" fiche-chercheur  \">\n<div class=\"img noLightbox\"><\/p>\n<p><img loading=\"lazy\" decoding=\"async\" src=\"https:\/\/microbiologie.umontreal.ca\/wp-content\/uploads\/sites\/12\/silhouette-fille-100.jpg\" alt=\"\" width=\"100\" height=\"150\" class=\"alignnone size-full wp-image-2215\" \/><\/p>\n<p><\/div>\n<table style=\"width: 460px\">\n<tbody>\n<tr>\n<td style=\"width: 89px\"><strong>Title:<\/strong><\/td>\n<td style=\"width: 376px\">Adjunct professor<\/td>\n<\/tr>\n<tr>\n<td style=\"width: 89px\"><strong>Address:<\/strong><\/td>\n<td style=\"width: 376px\">Unit\u00e9 immunisation et infections nosocomiales<br \/>\nDirection des risques biologiques et de la sant\u00e9 au travail<br \/>\nInstitut national de sant\u00e9 publique du Qu\u00e9bec<br \/>\n2400, avenue d&#8217;Estimauville<br \/>\nQu\u00e9bec, Qu\u00e9bec<br \/>\nG1E 7G9<\/td>\n<\/tr>\n<tr>\n<td style=\"width: 89px\"><strong>Room:<\/strong><\/td>\n<td style=\"width: 376px\">U-3147<\/td>\n<\/tr>\n<tr>\n<td style=\"width: 89px\"><strong>Phone:<\/strong><\/td>\n<td style=\"width: 376px\">418-666-7000 ext. 319<\/td>\n<\/tr>\n<tr>\n<td style=\"width: 89px\"><strong>Email:<\/strong><\/td>\n<td style=\"width: 376px\"><a href=\"mailto:elise.fortin@inspq.qc.ca\">elise.fortin@inspq.qc.ca<\/a><br \/>\n<a href=\"mailto:elise.fortin@umontreal.ca\">elise.fortin@umontreal.ca<\/a><\/td>\n<\/tr>\n<\/tbody>\n<\/table>\n<p><hr\/><\/div>\n<h2 style=\"text-align: justify\"><strong>Biography<\/strong><\/h2>\n<p style=\"text-align: justify\">To come up<\/p>\n<p style=\"text-align: justify\"><hr\/><\/p>\n<h2 style=\"text-align: justify\"><strong>Team\u00a0<\/strong><\/h2>\n<p style=\"text-align: justify\">To come up<\/p>\n<p style=\"text-align: justify\"><hr\/><\/p>\n<h2 style=\"text-align: justify\"><strong>Theme<\/strong><\/h2>\n<ul style=\"text-align: justify\">\n<li>\u00a0Bacteriology<\/li>\n<\/ul>\n<p style=\"text-align: justify\"><hr\/><\/p>\n<h2 style=\"text-align: justify\"><strong>Research topics<\/strong><\/h2>\n<ul style=\"text-align: justify\">\n<li>Epidemiological surveillance of nosocomial infections and of antimicrobial use<\/li>\n<li>Improved surveillance methods<\/li>\n<li>Assessment of the impact of interventions or other determinants on the populations monitored<\/li>\n<\/ul>\n<p style=\"text-align: justify\"><hr\/><\/p>\n<h2 style=\"text-align: justify\"><strong>Publications<\/strong><\/h2>\n<ul>\n<li style=\"text-align: justify\">Dolce L, Quach C, Thirion D, Bergeron L, Gonzales M, Papenburg J, Dionne M, Fortin A, Fortin E. Surveillance of antimicrobial use in Quebec acute-care hospitals: a survey. <strong>JAMMI.<\/strong> Accept\u00e9 pour publication.<\/li>\n<li style=\"text-align: justify\">Li L, Fortin E, Tremblay C, Ngenda-Muadi M, Garenc C, Moisan D, Villeneuve J, Quach C, SPIN-BACC, SPIN-SARM. Hospital-Acquired Methicillin-Resistant <em>Staphylococcus aureus<\/em> Bloodstream Infections in Qu\u00e9bec: Impact of Guidelines. <a href=\"https:\/\/www.ncbi.nlm.nih.gov\/pubmed\/28580894\"><strong>Infect Control Hosp Epidemiol. <\/strong>2017 Jul;38(7):840-847.<\/a><strong><\/strong><\/li>\n<li style=\"text-align: justify\">Longtin Y, Paquet-Bolduc B, Gilca R, Garenc C, Fortin E, Longtin J, Trottier S, Gervais P, Roussy JF, L\u00e9vesque S, Ben-David D, Cloutier I, Loo VG. Effect of Detecting and Isolating <em>Clostridium difficile<\/em> Carriers at Hospital Admission on the Incidence of <em>C difficile<\/em> Infections: A Quasi-Experimental Controlled Study. <a href=\"https:\/\/www.ncbi.nlm.nih.gov\/pubmed\/27111806\"><strong>JAMA Intern Med.<\/strong> 2016 Jun;176(6):796-804<\/a>.<\/li>\n<li style=\"text-align: justify\">Fortin E, Platt RW, Fontela PS,Buckeridge DL, Quach C. Predicting Antimicrobial Resistance Prevalence and Incidence from Indicators of Antimicrobial Use: What Is The Most Accurate Indicator? <a href=\"https:\/\/www.ncbi.nlm.nih.gov\/pubmed\/26710322\"><strong>PLoS One.<\/strong> 2015 Dec;10(12):e0145088<\/a>.<\/li>\n<li style=\"text-align: justify\">Fortin E, Fontela PS, Manges AR, Platt RW, Buckeridge DL, Quach C. Measuring antimicrobial use in hospitalized patients: a systematic review of available measures applicable to paediatrics. <a href=\"https:\/\/www.ncbi.nlm.nih.gov\/pubmed\/24481320\"><strong>J Antimicrob Chemother.<\/strong> 2014 Jun;69(6):1447-56<\/a>.<\/li>\n<li style=\"text-align: justify\">Fortin E, Rocher I, Frenette C, Tremblay, Quach C. Healthcare-associated Bloodstream Infections Secondary To A Urinary Focus: The Qu\u00e9bec Provincial Surveillance Results. <a href=\"https:\/\/www.ncbi.nlm.nih.gov\/pubmed\/22476271\"><strong>Infect Control Hosp Epidemiol.<\/strong> 2012 May;33(5):456-62<\/a>.<\/li>\n<\/ul>\n","protected":false},"excerpt":{"rendered":"<p>Biography To come up Team\u00a0 To come up Theme \u00a0Bacteriology Research topics Epidemiological surveillance of nosocomial infections and of antimicrobial use Improved surveillance methods Assessment of the impact of interventions [&hellip;]<\/p>\n","protected":false},"author":26,"featured_media":0,"parent":0,"menu_order":0,"comment_status":"closed","ping_status":"closed","template":"","meta":{"footnotes":""},"class_list":["post-7624","page","type-page","status-publish","hentry"],"yoast_head":"<!-- This site is optimized with the Yoast SEO plugin v25.0 - https:\/\/yoast.com\/wordpress\/plugins\/seo\/ -->\n<title>\u00c9lise Fortin - D\u00e9partement de microbiologie, infectiologie et immunologie - Universit\u00e9 de Montr\u00e9al<\/title>\n<meta name=\"robots\" content=\"index, follow, max-snippet:-1, max-image-preview:large, max-video-preview:-1\" \/>\n<link rel=\"canonical\" href=\"https:\/\/microbiologie.umontreal.ca\/en\/elise-fortin\/\" \/>\n<meta property=\"og:locale\" content=\"en_US\" \/>\n<meta property=\"og:type\" content=\"article\" \/>\n<meta property=\"og:title\" content=\"\u00c9lise Fortin - D\u00e9partement de microbiologie, infectiologie et immunologie - Universit\u00e9 de Montr\u00e9al\" \/>\n<meta property=\"og:description\" content=\"Biography To come up Team\u00a0 To come up Theme \u00a0Bacteriology Research topics Epidemiological surveillance of nosocomial infections and of antimicrobial use Improved surveillance methods Assessment of the impact of interventions [&hellip;]\" \/>\n<meta property=\"og:url\" content=\"https:\/\/microbiologie.umontreal.ca\/en\/elise-fortin\/\" \/>\n<meta property=\"og:site_name\" content=\"D\u00e9partement de microbiologie, infectiologie et immunologie\" \/>\n<meta property=\"article:modified_time\" content=\"2018-06-28T15:49:09+00:00\" \/>\n<meta property=\"og:image\" content=\"https:\/\/microbiologie.umontreal.ca\/wp-content\/uploads\/sites\/12\/silhouette-fille-100.jpg\" \/>\n<meta name=\"twitter:label1\" content=\"Est. reading time\" \/>\n\t<meta name=\"twitter:data1\" content=\"2 minutes\" \/>\n<script type=\"application\/ld+json\" class=\"yoast-schema-graph\">{\"@context\":\"https:\/\/schema.org\",\"@graph\":[{\"@type\":\"WebPage\",\"@id\":\"https:\/\/microbiologie.umontreal.ca\/en\/elise-fortin\/\",\"url\":\"https:\/\/microbiologie.umontreal.ca\/en\/elise-fortin\/\",\"name\":\"\u00c9lise Fortin - D\u00e9partement de microbiologie, infectiologie et immunologie - Universit\u00e9 de Montr\u00e9al\",\"isPartOf\":{\"@id\":\"https:\/\/microbiologie.umontreal.ca\/#website\"},\"primaryImageOfPage\":{\"@id\":\"https:\/\/microbiologie.umontreal.ca\/en\/elise-fortin\/#primaryimage\"},\"image\":{\"@id\":\"https:\/\/microbiologie.umontreal.ca\/en\/elise-fortin\/#primaryimage\"},\"thumbnailUrl\":\"https:\/\/microbiologie.umontreal.ca\/wp-content\/uploads\/sites\/12\/silhouette-fille-100.jpg\",\"datePublished\":\"2017-05-16T21:15:59+00:00\",\"dateModified\":\"2018-06-28T15:49:09+00:00\",\"breadcrumb\":{\"@id\":\"https:\/\/microbiologie.umontreal.ca\/en\/elise-fortin\/#breadcrumb\"},\"inLanguage\":\"en-US\",\"potentialAction\":[{\"@type\":\"ReadAction\",\"target\":[\"https:\/\/microbiologie.umontreal.ca\/en\/elise-fortin\/\"]}]},{\"@type\":\"ImageObject\",\"inLanguage\":\"en-US\",\"@id\":\"https:\/\/microbiologie.umontreal.ca\/en\/elise-fortin\/#primaryimage\",\"url\":\"https:\/\/microbiologie.umontreal.ca\/wp-content\/uploads\/sites\/12\/silhouette-fille-100.jpg\",\"contentUrl\":\"https:\/\/microbiologie.umontreal.ca\/wp-content\/uploads\/sites\/12\/silhouette-fille-100.jpg\"},{\"@type\":\"BreadcrumbList\",\"@id\":\"https:\/\/microbiologie.umontreal.ca\/en\/elise-fortin\/#breadcrumb\",\"itemListElement\":[{\"@type\":\"ListItem\",\"position\":1,\"name\":\"Accueil\",\"item\":\"https:\/\/microbiologie.umontreal.ca\/en\/\"},{\"@type\":\"ListItem\",\"position\":2,\"name\":\"\u00c9lise Fortin\"}]},{\"@type\":\"WebSite\",\"@id\":\"https:\/\/microbiologie.umontreal.ca\/#website\",\"url\":\"https:\/\/microbiologie.umontreal.ca\/\",\"name\":\"D\u00e9partement de microbiologie, infectiologie et immunologie\",\"description\":\"\",\"potentialAction\":[{\"@type\":\"SearchAction\",\"target\":{\"@type\":\"EntryPoint\",\"urlTemplate\":\"https:\/\/microbiologie.umontreal.ca\/?s={search_term_string}\"},\"query-input\":{\"@type\":\"PropertyValueSpecification\",\"valueRequired\":true,\"valueName\":\"search_term_string\"}}],\"inLanguage\":\"en-US\"}]}<\/script>\n<!-- \/ Yoast SEO plugin. -->","yoast_head_json":{"title":"\u00c9lise Fortin - D\u00e9partement de microbiologie, infectiologie et immunologie - Universit\u00e9 de Montr\u00e9al","robots":{"index":"index","follow":"follow","max-snippet":"max-snippet:-1","max-image-preview":"max-image-preview:large","max-video-preview":"max-video-preview:-1"},"canonical":"https:\/\/microbiologie.umontreal.ca\/en\/elise-fortin\/","og_locale":"en_US","og_type":"article","og_title":"\u00c9lise Fortin - D\u00e9partement de microbiologie, infectiologie et immunologie - Universit\u00e9 de Montr\u00e9al","og_description":"Biography To come up Team\u00a0 To come up Theme \u00a0Bacteriology Research topics Epidemiological surveillance of nosocomial infections and of antimicrobial use Improved surveillance methods Assessment of the impact of interventions [&hellip;]","og_url":"https:\/\/microbiologie.umontreal.ca\/en\/elise-fortin\/","og_site_name":"D\u00e9partement de microbiologie, infectiologie et immunologie","article_modified_time":"2018-06-28T15:49:09+00:00","og_image":[{"url":"https:\/\/microbiologie.umontreal.ca\/wp-content\/uploads\/sites\/12\/silhouette-fille-100.jpg","type":"","width":"","height":""}],"twitter_misc":{"Est. reading time":"2 minutes"},"schema":{"@context":"https:\/\/schema.org","@graph":[{"@type":"WebPage","@id":"https:\/\/microbiologie.umontreal.ca\/en\/elise-fortin\/","url":"https:\/\/microbiologie.umontreal.ca\/en\/elise-fortin\/","name":"\u00c9lise Fortin - D\u00e9partement de microbiologie, infectiologie et immunologie - Universit\u00e9 de Montr\u00e9al","isPartOf":{"@id":"https:\/\/microbiologie.umontreal.ca\/#website"},"primaryImageOfPage":{"@id":"https:\/\/microbiologie.umontreal.ca\/en\/elise-fortin\/#primaryimage"},"image":{"@id":"https:\/\/microbiologie.umontreal.ca\/en\/elise-fortin\/#primaryimage"},"thumbnailUrl":"https:\/\/microbiologie.umontreal.ca\/wp-content\/uploads\/sites\/12\/silhouette-fille-100.jpg","datePublished":"2017-05-16T21:15:59+00:00","dateModified":"2018-06-28T15:49:09+00:00","breadcrumb":{"@id":"https:\/\/microbiologie.umontreal.ca\/en\/elise-fortin\/#breadcrumb"},"inLanguage":"en-US","potentialAction":[{"@type":"ReadAction","target":["https:\/\/microbiologie.umontreal.ca\/en\/elise-fortin\/"]}]},{"@type":"ImageObject","inLanguage":"en-US","@id":"https:\/\/microbiologie.umontreal.ca\/en\/elise-fortin\/#primaryimage","url":"https:\/\/microbiologie.umontreal.ca\/wp-content\/uploads\/sites\/12\/silhouette-fille-100.jpg","contentUrl":"https:\/\/microbiologie.umontreal.ca\/wp-content\/uploads\/sites\/12\/silhouette-fille-100.jpg"},{"@type":"BreadcrumbList","@id":"https:\/\/microbiologie.umontreal.ca\/en\/elise-fortin\/#breadcrumb","itemListElement":[{"@type":"ListItem","position":1,"name":"Accueil","item":"https:\/\/microbiologie.umontreal.ca\/en\/"},{"@type":"ListItem","position":2,"name":"\u00c9lise Fortin"}]},{"@type":"WebSite","@id":"https:\/\/microbiologie.umontreal.ca\/#website","url":"https:\/\/microbiologie.umontreal.ca\/","name":"D\u00e9partement de microbiologie, infectiologie et immunologie","description":"","potentialAction":[{"@type":"SearchAction","target":{"@type":"EntryPoint","urlTemplate":"https:\/\/microbiologie.umontreal.ca\/?s={search_term_string}"},"query-input":{"@type":"PropertyValueSpecification","valueRequired":true,"valueName":"search_term_string"}}],"inLanguage":"en-US"}]}},"_links":{"self":[{"href":"https:\/\/microbiologie.umontreal.ca\/en\/wp-json\/wp\/v2\/pages\/7624","targetHints":{"allow":["GET"]}}],"collection":[{"href":"https:\/\/microbiologie.umontreal.ca\/en\/wp-json\/wp\/v2\/pages"}],"about":[{"href":"https:\/\/microbiologie.umontreal.ca\/en\/wp-json\/wp\/v2\/types\/page"}],"author":[{"embeddable":true,"href":"https:\/\/microbiologie.umontreal.ca\/en\/wp-json\/wp\/v2\/users\/26"}],"replies":[{"embeddable":true,"href":"https:\/\/microbiologie.umontreal.ca\/en\/wp-json\/wp\/v2\/comments?post=7624"}],"version-history":[{"count":6,"href":"https:\/\/microbiologie.umontreal.ca\/en\/wp-json\/wp\/v2\/pages\/7624\/revisions"}],"predecessor-version":[{"id":8428,"href":"https:\/\/microbiologie.umontreal.ca\/en\/wp-json\/wp\/v2\/pages\/7624\/revisions\/8428"}],"wp:attachment":[{"href":"https:\/\/microbiologie.umontreal.ca\/en\/wp-json\/wp\/v2\/media?parent=7624"}],"curies":[{"name":"wp","href":"https:\/\/api.w.org\/{rel}","templated":true}]}}