{"id":7635,"date":"2014-07-31T13:53:09","date_gmt":"2014-07-31T13:53:09","guid":{"rendered":"https:\/\/microbiologie.umontreal.ca\/isabel-fernandez\/"},"modified":"2018-06-28T16:40:02","modified_gmt":"2018-06-28T15:40:02","slug":"isabel-fernandez","status":"publish","type":"page","link":"https:\/\/microbiologie.umontreal.ca\/en\/professeurs-chercheurs\/isabel-fernandez\/","title":{"rendered":"Isabel Fernandez"},"content":{"rendered":"<div  class=\" fiche-chercheur  \">\n<div class=\"img noLightbox\"><\/p>\n<p><img loading=\"lazy\" decoding=\"async\" class=\"alignnone size-full wp-image-2215\" src=\"https:\/\/microbiologie.umontreal.ca\/wp-content\/uploads\/sites\/12\/silhouette-fille-100.jpg\" alt=\"silhouette-fille-100\" width=\"100\" height=\"150\" \/><\/p>\n<p><\/div>\n\n<table style=\"width: 415px\">\n<tbody>\n<tr>\n<td style=\"width: 66px\"><strong>Title:<\/strong><\/td>\n<td style=\"width: 346px\">Clinical assistant professor<\/td>\n<\/tr>\n<tr>\n<td style=\"width: 66px\"><strong>Address:<\/strong><\/td>\n<td style=\"width: 346px\">Laboratoire d\u2019immunologie<br \/>\nCHU Sainte-Justine<br \/>\n3175, C\u00f4te-Sainte-Catherine<br \/>\nMontr\u00e9al (Qu\u00e9bec) H3T 1C5<\/td>\n<\/tr>\n<tr>\n<td style=\"width: 66px\"><strong>Phone:<\/strong><\/td>\n<td style=\"width: 346px\">514-345-4931 ext. 3215<\/td>\n<\/tr>\n<tr>\n<td style=\"width: 66px\"><strong>Fax:<\/strong><\/td>\n<td style=\"width: 346px\">514-345-4860<\/td>\n<\/tr>\n<tr>\n<td style=\"width: 66px\"><strong>Email:<\/strong><\/td>\n<td style=\"width: 346px\"><a href=\"https:\/\/outlook.umontreal.ca\/owa\/redir.aspx?C=ZgxnELT0_991uCVUuI-3f6t5ZXkig7Ty5raR3P4QtMNYvP-Bw2jVCA..&amp;URL=mailto%3amaria.isabel.fernandez.martinez%40umontreal.ca\">maria.isabel.fernandez.martinez@umontreal.ca<\/a><\/td>\n<\/tr>\n<\/tbody>\n<\/table>\n<p><hr\/><\/div>\n<h2 style=\"text-align: justify\"><strong>Biography<\/strong><\/h2>\n<p style=\"text-align: justify\">To come up<\/p>\n<p style=\"text-align: justify\"><hr\/><\/p>\n<h2 style=\"text-align: justify\"><strong>Team\u00a0<\/strong><\/h2>\n<p style=\"text-align: justify\">To come up<\/p>\n<p style=\"text-align: justify\"><hr\/><\/p>\n<h2 style=\"text-align: justify\"><strong>Theme<\/strong><\/h2>\n<ul style=\"text-align: justify\">\n<li>Immunology<\/li>\n<li>Immunodeficiency<\/li>\n<\/ul>\n<p style=\"text-align: justify\"><hr\/><\/p>\n<h2 style=\"text-align: justify\"><strong>Research topics<\/strong><\/h2>\n<ul style=\"text-align: justify\">\n<li>Inborn immunity and infections<\/li>\n<li>Molecular mechanisms in immune deficient patients<\/li>\n<li>Characterization of\u00a0 pathophysiologic mecanisms in immunodeficiencies.<\/li>\n<\/ul>\n<p style=\"text-align: justify\"><hr\/><\/p>\n<h2 style=\"text-align: justify\"><strong>Publications<\/strong><\/h2>\n<ul>\n<li style=\"text-align: justify\">Labrosse R, Abou-Diab J, Blincoe A, Cros G, Luu TM, Deslandres C, Dirks M, Fazilleau L , Ovetchkine P, Teira P, LeDeist F, <strong>Fernandez I<\/strong>, Touzot F, Decaluwe H, Halac U and Haddad E. Very Early-Onset Inflammatory Manifestations of X-Linked Chronic Granulomatous Disease. <a href=\"https:\/\/www.ncbi.nlm.nih.gov\/pmc\/articles\/PMC5622950\/\"><em>Front Immunol<\/em> 8: 1167\u00e9 2017<\/a>.<\/li>\n<li style=\"text-align: justify\"><strong>Fernandez I<\/strong>, Patey N, Marchand V, Birlea M, Maranda B, Haddad E, Decaluwe H, Le Deist F. Multiple intestinal atresia with combined immune deficiency related to TTC7A defect is a multiorgan pathology: study of a French-Canadian-based cohort. <a href=\"http:\/\/www.ncbi.nlm.nih.gov\/pubmed\/25546680\"><em>Medicine (Baltimore)<\/em> 93:e327, 2014<\/a>.<\/li>\n<li style=\"text-align: justify\"><strong>Fernandez I<\/strong>, Brito RM, Bidet P, Rallu F, Laferri\u00e8re C, Ovetchkine P, Le Deist F. Invasive group A Streptococcus disease in French-Canadian children is not associated with a defect in MyD88\/IRAK4-pathway. <a href=\"http:\/\/www.ncbi.nlm.nih.gov\/pubmed\/24499202\"><em>Allergy Asthma Clin Immunol<\/em> 10:9, 2014<\/a>.<\/li>\n<li style=\"text-align: justify\">Picard M, <strong>Fernandez MI<\/strong>, Des Roches A, B\u00e9gin P, Paradis J, Paradis L, Le Deist F. Ceftazidime-induced drug reaction with eosinophilia and systemic symptoms (DRESS) complicated by hemophagocytic lymphohistiocytosis. <a href=\"http:\/\/www.ncbi.nlm.nih.gov\/pubmed\/24565550\"><em>J Allergy Clin Immunol Pract<\/em>. 1:409-412, 2013<\/a>.<\/li>\n<li style=\"text-align: justify\">Samuels ME, Majewski J, Alirezaie N,\u00a0<strong>Fernandez I<\/strong>, Casals F, Patey N, Decaluwe H, Gosselin I, Haddad E, Hodgkinson A, Idaghdour Y, Marchand V, Michaud JL, Rodrigue MA, Desjardins S, Dubois S, Le Deist F, Awadalla P, Raymond V, Maranda B. Exome sequencing identifies mutations in the gene TTC7A in French-Canadian cases with hereditary multiple intestinal atresia. <a href=\"http:\/\/www.ncbi.nlm.nih.gov\/pubmed\/23423984\"><em>J Med Genet<\/em> 50:324-329, 2013<\/a>.<\/li>\n<li style=\"text-align: justify\"><strong>Fernandez MI<\/strong>, Heuz\u00e9 ML, Martinez-Cingolani C, Volpe E, Donnadieu MH, Piel M, Homey B, Lennon-Dum\u00e9nil AM, Soumelis V. The human cytokine TSLP triggers a cell autonomous dendritic cell migration in confined environments. <a href=\"http:\/\/www.ncbi.nlm.nih.gov\/pubmed\/21772055\"><em>Blood<\/em>, 118: 3862-3869, 2011<\/a>.<\/li>\n<\/ul>\n","protected":false},"excerpt":{"rendered":"<p>Biography To come up Team\u00a0 To come up Theme Immunology Immunodeficiency Research topics Inborn immunity and infections Molecular mechanisms in immune deficient patients Characterization of\u00a0 pathophysiologic mecanisms in immunodeficiencies. Publications [&hellip;]<\/p>\n","protected":false},"author":25,"featured_media":0,"parent":11407,"menu_order":0,"comment_status":"closed","ping_status":"closed","template":"","meta":{"footnotes":""},"class_list":["post-7635","page","type-page","status-publish","hentry"],"yoast_head":"<!-- This site is optimized with the Yoast SEO plugin v25.0 - https:\/\/yoast.com\/wordpress\/plugins\/seo\/ -->\n<title>Isabel Fernandez - D\u00e9partement de microbiologie, infectiologie et immunologie - Universit\u00e9 de Montr\u00e9al<\/title>\n<meta name=\"robots\" content=\"index, follow, max-snippet:-1, max-image-preview:large, max-video-preview:-1\" \/>\n<link rel=\"canonical\" href=\"https:\/\/microbiologie.umontreal.ca\/en\/professeurs-chercheurs\/isabel-fernandez\/\" \/>\n<meta property=\"og:locale\" content=\"en_US\" \/>\n<meta property=\"og:type\" content=\"article\" \/>\n<meta property=\"og:title\" content=\"Isabel Fernandez - D\u00e9partement de microbiologie, infectiologie et immunologie - Universit\u00e9 de Montr\u00e9al\" \/>\n<meta property=\"og:description\" content=\"Biography To come up Team\u00a0 To come up Theme Immunology Immunodeficiency Research topics Inborn immunity and infections Molecular mechanisms in immune deficient patients Characterization of\u00a0 pathophysiologic mecanisms in immunodeficiencies. Publications [&hellip;]\" \/>\n<meta property=\"og:url\" content=\"https:\/\/microbiologie.umontreal.ca\/en\/professeurs-chercheurs\/isabel-fernandez\/\" \/>\n<meta property=\"og:site_name\" content=\"D\u00e9partement de microbiologie, infectiologie et immunologie\" \/>\n<meta property=\"article:modified_time\" content=\"2018-06-28T15:40:02+00:00\" \/>\n<meta property=\"og:image\" content=\"https:\/\/microbiologie.umontreal.ca\/wp-content\/uploads\/sites\/12\/silhouette-fille-100.jpg\" \/>\n<meta name=\"twitter:label1\" content=\"Est. reading time\" \/>\n\t<meta name=\"twitter:data1\" content=\"2 minutes\" \/>\n<script type=\"application\/ld+json\" class=\"yoast-schema-graph\">{\"@context\":\"https:\/\/schema.org\",\"@graph\":[{\"@type\":\"WebPage\",\"@id\":\"https:\/\/microbiologie.umontreal.ca\/en\/professeurs-chercheurs\/isabel-fernandez\/\",\"url\":\"https:\/\/microbiologie.umontreal.ca\/en\/professeurs-chercheurs\/isabel-fernandez\/\",\"name\":\"Isabel Fernandez - D\u00e9partement de microbiologie, infectiologie et immunologie - Universit\u00e9 de Montr\u00e9al\",\"isPartOf\":{\"@id\":\"https:\/\/microbiologie.umontreal.ca\/#website\"},\"primaryImageOfPage\":{\"@id\":\"https:\/\/microbiologie.umontreal.ca\/en\/professeurs-chercheurs\/isabel-fernandez\/#primaryimage\"},\"image\":{\"@id\":\"https:\/\/microbiologie.umontreal.ca\/en\/professeurs-chercheurs\/isabel-fernandez\/#primaryimage\"},\"thumbnailUrl\":\"https:\/\/microbiologie.umontreal.ca\/wp-content\/uploads\/sites\/12\/silhouette-fille-100.jpg\",\"datePublished\":\"2014-07-31T13:53:09+00:00\",\"dateModified\":\"2018-06-28T15:40:02+00:00\",\"breadcrumb\":{\"@id\":\"https:\/\/microbiologie.umontreal.ca\/en\/professeurs-chercheurs\/isabel-fernandez\/#breadcrumb\"},\"inLanguage\":\"en-US\",\"potentialAction\":[{\"@type\":\"ReadAction\",\"target\":[\"https:\/\/microbiologie.umontreal.ca\/en\/professeurs-chercheurs\/isabel-fernandez\/\"]}]},{\"@type\":\"ImageObject\",\"inLanguage\":\"en-US\",\"@id\":\"https:\/\/microbiologie.umontreal.ca\/en\/professeurs-chercheurs\/isabel-fernandez\/#primaryimage\",\"url\":\"https:\/\/microbiologie.umontreal.ca\/wp-content\/uploads\/sites\/12\/silhouette-fille-100.jpg\",\"contentUrl\":\"https:\/\/microbiologie.umontreal.ca\/wp-content\/uploads\/sites\/12\/silhouette-fille-100.jpg\"},{\"@type\":\"BreadcrumbList\",\"@id\":\"https:\/\/microbiologie.umontreal.ca\/en\/professeurs-chercheurs\/isabel-fernandez\/#breadcrumb\",\"itemListElement\":[{\"@type\":\"ListItem\",\"position\":1,\"name\":\"Accueil\",\"item\":\"https:\/\/microbiologie.umontreal.ca\/en\/\"},{\"@type\":\"ListItem\",\"position\":2,\"name\":\"Professeurs-chercheurs\",\"item\":\"https:\/\/microbiologie.umontreal.ca\/en\/professeurs-chercheurs\/\"},{\"@type\":\"ListItem\",\"position\":3,\"name\":\"Isabel Fernandez\"}]},{\"@type\":\"WebSite\",\"@id\":\"https:\/\/microbiologie.umontreal.ca\/#website\",\"url\":\"https:\/\/microbiologie.umontreal.ca\/\",\"name\":\"D\u00e9partement de microbiologie, infectiologie et immunologie\",\"description\":\"\",\"potentialAction\":[{\"@type\":\"SearchAction\",\"target\":{\"@type\":\"EntryPoint\",\"urlTemplate\":\"https:\/\/microbiologie.umontreal.ca\/?s={search_term_string}\"},\"query-input\":{\"@type\":\"PropertyValueSpecification\",\"valueRequired\":true,\"valueName\":\"search_term_string\"}}],\"inLanguage\":\"en-US\"}]}<\/script>\n<!-- \/ Yoast SEO plugin. -->","yoast_head_json":{"title":"Isabel Fernandez - D\u00e9partement de microbiologie, infectiologie et immunologie - Universit\u00e9 de Montr\u00e9al","robots":{"index":"index","follow":"follow","max-snippet":"max-snippet:-1","max-image-preview":"max-image-preview:large","max-video-preview":"max-video-preview:-1"},"canonical":"https:\/\/microbiologie.umontreal.ca\/en\/professeurs-chercheurs\/isabel-fernandez\/","og_locale":"en_US","og_type":"article","og_title":"Isabel Fernandez - D\u00e9partement de microbiologie, infectiologie et immunologie - Universit\u00e9 de Montr\u00e9al","og_description":"Biography To come up Team\u00a0 To come up Theme Immunology Immunodeficiency Research topics Inborn immunity and infections Molecular mechanisms in immune deficient patients Characterization of\u00a0 pathophysiologic mecanisms in immunodeficiencies. Publications [&hellip;]","og_url":"https:\/\/microbiologie.umontreal.ca\/en\/professeurs-chercheurs\/isabel-fernandez\/","og_site_name":"D\u00e9partement de microbiologie, infectiologie et immunologie","article_modified_time":"2018-06-28T15:40:02+00:00","og_image":[{"url":"https:\/\/microbiologie.umontreal.ca\/wp-content\/uploads\/sites\/12\/silhouette-fille-100.jpg","type":"","width":"","height":""}],"twitter_misc":{"Est. reading time":"2 minutes"},"schema":{"@context":"https:\/\/schema.org","@graph":[{"@type":"WebPage","@id":"https:\/\/microbiologie.umontreal.ca\/en\/professeurs-chercheurs\/isabel-fernandez\/","url":"https:\/\/microbiologie.umontreal.ca\/en\/professeurs-chercheurs\/isabel-fernandez\/","name":"Isabel Fernandez - D\u00e9partement de microbiologie, infectiologie et immunologie - Universit\u00e9 de Montr\u00e9al","isPartOf":{"@id":"https:\/\/microbiologie.umontreal.ca\/#website"},"primaryImageOfPage":{"@id":"https:\/\/microbiologie.umontreal.ca\/en\/professeurs-chercheurs\/isabel-fernandez\/#primaryimage"},"image":{"@id":"https:\/\/microbiologie.umontreal.ca\/en\/professeurs-chercheurs\/isabel-fernandez\/#primaryimage"},"thumbnailUrl":"https:\/\/microbiologie.umontreal.ca\/wp-content\/uploads\/sites\/12\/silhouette-fille-100.jpg","datePublished":"2014-07-31T13:53:09+00:00","dateModified":"2018-06-28T15:40:02+00:00","breadcrumb":{"@id":"https:\/\/microbiologie.umontreal.ca\/en\/professeurs-chercheurs\/isabel-fernandez\/#breadcrumb"},"inLanguage":"en-US","potentialAction":[{"@type":"ReadAction","target":["https:\/\/microbiologie.umontreal.ca\/en\/professeurs-chercheurs\/isabel-fernandez\/"]}]},{"@type":"ImageObject","inLanguage":"en-US","@id":"https:\/\/microbiologie.umontreal.ca\/en\/professeurs-chercheurs\/isabel-fernandez\/#primaryimage","url":"https:\/\/microbiologie.umontreal.ca\/wp-content\/uploads\/sites\/12\/silhouette-fille-100.jpg","contentUrl":"https:\/\/microbiologie.umontreal.ca\/wp-content\/uploads\/sites\/12\/silhouette-fille-100.jpg"},{"@type":"BreadcrumbList","@id":"https:\/\/microbiologie.umontreal.ca\/en\/professeurs-chercheurs\/isabel-fernandez\/#breadcrumb","itemListElement":[{"@type":"ListItem","position":1,"name":"Accueil","item":"https:\/\/microbiologie.umontreal.ca\/en\/"},{"@type":"ListItem","position":2,"name":"Professeurs-chercheurs","item":"https:\/\/microbiologie.umontreal.ca\/en\/professeurs-chercheurs\/"},{"@type":"ListItem","position":3,"name":"Isabel Fernandez"}]},{"@type":"WebSite","@id":"https:\/\/microbiologie.umontreal.ca\/#website","url":"https:\/\/microbiologie.umontreal.ca\/","name":"D\u00e9partement de microbiologie, infectiologie et immunologie","description":"","potentialAction":[{"@type":"SearchAction","target":{"@type":"EntryPoint","urlTemplate":"https:\/\/microbiologie.umontreal.ca\/?s={search_term_string}"},"query-input":{"@type":"PropertyValueSpecification","valueRequired":true,"valueName":"search_term_string"}}],"inLanguage":"en-US"}]}},"_links":{"self":[{"href":"https:\/\/microbiologie.umontreal.ca\/en\/wp-json\/wp\/v2\/pages\/7635","targetHints":{"allow":["GET"]}}],"collection":[{"href":"https:\/\/microbiologie.umontreal.ca\/en\/wp-json\/wp\/v2\/pages"}],"about":[{"href":"https:\/\/microbiologie.umontreal.ca\/en\/wp-json\/wp\/v2\/types\/page"}],"author":[{"embeddable":true,"href":"https:\/\/microbiologie.umontreal.ca\/en\/wp-json\/wp\/v2\/users\/25"}],"replies":[{"embeddable":true,"href":"https:\/\/microbiologie.umontreal.ca\/en\/wp-json\/wp\/v2\/comments?post=7635"}],"version-history":[{"count":3,"href":"https:\/\/microbiologie.umontreal.ca\/en\/wp-json\/wp\/v2\/pages\/7635\/revisions"}],"predecessor-version":[{"id":8414,"href":"https:\/\/microbiologie.umontreal.ca\/en\/wp-json\/wp\/v2\/pages\/7635\/revisions\/8414"}],"up":[{"embeddable":true,"href":"https:\/\/microbiologie.umontreal.ca\/en\/wp-json\/wp\/v2\/pages\/11407"}],"wp:attachment":[{"href":"https:\/\/microbiologie.umontreal.ca\/en\/wp-json\/wp\/v2\/media?parent=7635"}],"curies":[{"name":"wp","href":"https:\/\/api.w.org\/{rel}","templated":true}]}}