{"id":7649,"date":"2014-08-04T20:40:08","date_gmt":"2014-08-04T20:40:08","guid":{"rendered":"https:\/\/microbiologie.umontreal.ca\/johanne-poudrier\/"},"modified":"2021-08-11T16:35:00","modified_gmt":"2021-08-11T15:35:00","slug":"johanne-poudrier","status":"publish","type":"page","link":"https:\/\/microbiologie.umontreal.ca\/en\/professeurs-chercheurs\/johanne-poudrier\/","title":{"rendered":"Johanne Poudrier"},"content":{"rendered":"<div  class=\" fiche-chercheur  \">\n<div class=\"img noLightbox\"><\/p>\n<p><img loading=\"lazy\" decoding=\"async\" class=\"alignnone size-full wp-image-2215\" alt=\"photo\" src=\"https:\/\/microbiologie.umontreal.ca\/wp-content\/uploads\/sites\/12\/silhouette-fille-100.jpg\" width=\"100\" height=\"150\" \/><\/p>\n<p><\/div>\n<table style=\"width: 310px\">\n<tbody>\n<tr>\n<td style=\"width: 73px\"><strong>Title:<\/strong><\/td>\n<td style=\"width: 256px\">Clinical associate professor<\/td>\n<\/tr>\n<tr>\n<td style=\"width: 73px\"><strong>Address:<\/strong><\/td>\n<td style=\"width: 256px\">CR-CHUM<br \/>\n900 rue St-Denis<br \/>\nTour Viger, Pavillon R<br \/>\nMontr\u00e9al (Qu\u00e9bec)\u00a0 H2X 0A9<\/td>\n<\/tr>\n<tr>\n<td style=\"width: 73px\"><strong>Room:<\/strong><\/td>\n<td style=\"width: 256px\">R12.432<\/td>\n<\/tr>\n<tr>\n<td style=\"width: 73px\"><strong>Phone:<\/strong><\/td>\n<td style=\"width: 256px\">Office: 514-890-8000, ext. 25798<br \/>\nLab: 514-890-8000, ext. 31330<\/td>\n<\/tr>\n<tr>\n<td style=\"width: 73px\"><strong>Email:<\/strong><\/td>\n<td style=\"width: 256px\"><a href=\"mailto:johanne.poudrier.chum@ssss.gouv.qc.ca\">johanne.poudrier.chum@ssss.gouv.qc.ca<\/a><br \/>\n<a href=\"mailto:johanne.poudrier@umontreal.ca\">johanne.poudrier@umontreal.ca<\/a><\/td>\n<\/tr>\n<\/tbody>\n<\/table>\n<\/div><br \/>\n<hr\/><\/p>\n<h2 style=\"text-align: justify\"><strong>Biography<\/strong><\/h2>\n<p style=\"text-align: justify\">Dr. Poudrier graduated from the Universit\u00e9 de Montr\u00e9al (M.Sc., supervisors Dr. Pelletier and Dr. Montplaisir) and at McGill University (PhD, supervisor Dr. Owens). She pursued her postdoctoral studies in immunology, first in London at the Royal Postgraduate Medical School (RPMS) with Dr. Gray, and then in Geneva at the Geneva Biomedical Research Institute, later Serono, with Dr. Kosco-Vilbois. After a 6-year research associate with Dr. Jolicoeur at the Montreal Institute of Clinical Research (IRCM), Dr. Poudrier joined Dr. Roger&#8217;s team at the CHUM Research Center. She began her academic career in the Department of Microbiology, Infectiology and Immunology at the Universit\u00e9 de Montr\u00e9al, where she is now an Associate Clinical Professor. She is the author of more than 40 publications dealing mainly with dendritic cells and B lymphocytes, both on murine models and on human specimens.<\/p>\n<p style=\"text-align: justify\"><hr\/><\/p>\n<h2 style=\"text-align: justify\"><strong>Team<\/strong><\/h2>\n<ul style=\"text-align: justify\">\n<li>Works with <a href=\"https:\/\/microbiologie.umontreal.ca\/recherche\/professeurs-chercheurs\/michel-roger\/\">Dr. Michel Roger<\/a> and team <hr\/><\/li>\n<\/ul>\n<h2 style=\"text-align: justify\"><strong>Themes<\/strong><\/h2>\n<ul style=\"text-align: justify\">\n<li>Immunology<\/li>\n<li>Virology<\/li>\n<\/ul>\n<p style=\"text-align: justify\"><hr\/><\/p>\n<h2 style=\"text-align: justify\"><strong>Research topics<\/strong><\/h2>\n<ul style=\"text-align: justify\">\n<li>Dendritic cells and B lymphocytes in the context of control\/resistance vs progression of HIV infection<\/li>\n<li>Impact of B lymphocyte stimulator (BLyS)\/BAFF<\/li>\n<\/ul>\n<p style=\"text-align: justify\"><hr\/><\/p>\n<h2 style=\"text-align: justify\"><strong>Publications<\/strong><\/h2>\n<ul>\n<li>Fourcade L, Sabourin-Poirier C, Perraud V, Faucher MC, Chagnon-Choquet J, Labb\u00e9 AC, Alary M, Gu\u00e9dou F, Poudrier J, Roger M. Natural Immunity to HIV is associated with Low BLyS\/BAFF levels and low frequencies of innate marginal zone like CD1c+ B-cells in the genital tract.\u00a0<a href=\"https:\/\/pubmed.ncbi.nlm.nih.gov\/31173604\/\"><strong>PLoS Pathog<\/strong>. 2019 Jun 7;15(6):e1007840. doi: 10.1371\/journal.ppat.1007840. PMID: 31173604; PMCID: PMC6583986.<\/a><\/li>\n<li>Doyon-Lalibert\u00e9 K, Chagnon-Choquet J, Byrns M, Aranguren M, Memmi M, Chrobak P, Stagg J, Poudrier J, Roger M. NR4A Expression by Human Marginal Zone B-Cells.\u00a0<a href=\"https:\/\/pubmed.ncbi.nlm.nih.gov\/31614541\/\"><strong>Antibodies (Basel)<\/strong>. 2019 Oct 11;8(4):50. doi: 10.3390\/antib8040050. PMID: 31614541; PMCID: PMC6963983.<\/a><\/li>\n<li>Fourcade L, Poudrier J, Roger M. Natural Immunity to HIV: A Template for Vaccine Strategies.\u00a0<a href=\"https:\/\/pubmed.ncbi.nlm.nih.gov\/29690575\/\"><strong>Viruses<\/strong>. 2018 Apr 23;10(4):215. doi: 10.3390\/v10040215. PMID: 29690575; PMCID: PMC5923509.<\/a><\/li>\n<li>Sabourin-Poirier, L. Fourcade, J. Chagnon-Choquet, A-C. Labb\u00e9, M. Alary, F. Gu\u00e9dou, J. Poudrier*, and M. Roger* Blood B Lymphocyte Stimulator (BLyS)\/BAFF levels may reflect natural immunity to HIV in highly exposed uninfected Beninese Commercial Sex Workers.\u00a0<a href=\"https:\/\/www.ncbi.nlm.nih.gov\/pubmed\/27561453\"><strong>Scientific Reports<\/strong>\u00a02016 Aug26; 6:32318. doi: 10.1038\/srep32318<\/a>. *correspondence; co-seniorship<\/li>\n<li>Fontaine, Chagnon-Choquet J, Valcke HS, J. Poudrier* and M.Roger*; Montreal Primary HIV Infection and Long-Term Non-Progressor Study Groups. High expression levels of B lymphocyte stimulator (BLyS) by dendritic cells correlate with HIV-related B-cell disease progression in humans.\u00a0<a href=\"http:\/\/www.ncbi.nlm.nih.gov\/pubmed\/?term=J.Fontaine%2C+Chagnon-Choquet+J%2C+Valcke+HS%2C+J.+Poudrier*+and+M.Roger\"><strong>Blood.<\/strong>\u00a02011 Jan 6; 117(1):145-55.<\/a>\u00a0Epub 2010 Sep 24. *correspondence; co-seniorship<\/li>\n<\/ul>\n<p>&nbsp;<\/p>\n","protected":false},"excerpt":{"rendered":"<p>Biography Dr. Poudrier graduated from the Universit\u00e9 de Montr\u00e9al (M.Sc., supervisors Dr. Pelletier and Dr. Montplaisir) and at McGill University (PhD, supervisor Dr. Owens). She pursued her postdoctoral studies in [&hellip;]<\/p>\n","protected":false},"author":25,"featured_media":0,"parent":11407,"menu_order":0,"comment_status":"closed","ping_status":"closed","template":"","meta":{"footnotes":""},"class_list":["post-7649","page","type-page","status-publish","hentry"],"yoast_head":"<!-- This site is optimized with the Yoast SEO plugin v25.0 - https:\/\/yoast.com\/wordpress\/plugins\/seo\/ -->\n<title>Johanne Poudrier - D\u00e9partement de microbiologie, infectiologie et immunologie - Universit\u00e9 de Montr\u00e9al<\/title>\n<meta name=\"robots\" content=\"index, follow, max-snippet:-1, max-image-preview:large, max-video-preview:-1\" \/>\n<link rel=\"canonical\" href=\"https:\/\/microbiologie.umontreal.ca\/en\/professeurs-chercheurs\/johanne-poudrier\/\" \/>\n<meta property=\"og:locale\" content=\"en_US\" \/>\n<meta property=\"og:type\" content=\"article\" \/>\n<meta property=\"og:title\" content=\"Johanne Poudrier - D\u00e9partement de microbiologie, infectiologie et immunologie - Universit\u00e9 de Montr\u00e9al\" \/>\n<meta property=\"og:description\" content=\"Biography Dr. Poudrier graduated from the Universit\u00e9 de Montr\u00e9al (M.Sc., supervisors Dr. Pelletier and Dr. Montplaisir) and at McGill University (PhD, supervisor Dr. Owens). She pursued her postdoctoral studies in [&hellip;]\" \/>\n<meta property=\"og:url\" content=\"https:\/\/microbiologie.umontreal.ca\/en\/professeurs-chercheurs\/johanne-poudrier\/\" \/>\n<meta property=\"og:site_name\" content=\"D\u00e9partement de microbiologie, infectiologie et immunologie\" \/>\n<meta property=\"article:modified_time\" content=\"2021-08-11T15:35:00+00:00\" \/>\n<meta property=\"og:image\" content=\"https:\/\/microbiologie.umontreal.ca\/wp-content\/uploads\/sites\/12\/silhouette-fille-100.jpg\" \/>\n<meta name=\"twitter:label1\" content=\"Est. reading time\" \/>\n\t<meta name=\"twitter:data1\" content=\"2 minutes\" \/>\n<script type=\"application\/ld+json\" class=\"yoast-schema-graph\">{\"@context\":\"https:\/\/schema.org\",\"@graph\":[{\"@type\":\"WebPage\",\"@id\":\"https:\/\/microbiologie.umontreal.ca\/en\/professeurs-chercheurs\/johanne-poudrier\/\",\"url\":\"https:\/\/microbiologie.umontreal.ca\/en\/professeurs-chercheurs\/johanne-poudrier\/\",\"name\":\"Johanne Poudrier - D\u00e9partement de microbiologie, infectiologie et immunologie - Universit\u00e9 de Montr\u00e9al\",\"isPartOf\":{\"@id\":\"https:\/\/microbiologie.umontreal.ca\/#website\"},\"primaryImageOfPage\":{\"@id\":\"https:\/\/microbiologie.umontreal.ca\/en\/professeurs-chercheurs\/johanne-poudrier\/#primaryimage\"},\"image\":{\"@id\":\"https:\/\/microbiologie.umontreal.ca\/en\/professeurs-chercheurs\/johanne-poudrier\/#primaryimage\"},\"thumbnailUrl\":\"https:\/\/microbiologie.umontreal.ca\/wp-content\/uploads\/sites\/12\/silhouette-fille-100.jpg\",\"datePublished\":\"2014-08-04T20:40:08+00:00\",\"dateModified\":\"2021-08-11T15:35:00+00:00\",\"breadcrumb\":{\"@id\":\"https:\/\/microbiologie.umontreal.ca\/en\/professeurs-chercheurs\/johanne-poudrier\/#breadcrumb\"},\"inLanguage\":\"en-US\",\"potentialAction\":[{\"@type\":\"ReadAction\",\"target\":[\"https:\/\/microbiologie.umontreal.ca\/en\/professeurs-chercheurs\/johanne-poudrier\/\"]}]},{\"@type\":\"ImageObject\",\"inLanguage\":\"en-US\",\"@id\":\"https:\/\/microbiologie.umontreal.ca\/en\/professeurs-chercheurs\/johanne-poudrier\/#primaryimage\",\"url\":\"https:\/\/microbiologie.umontreal.ca\/wp-content\/uploads\/sites\/12\/silhouette-fille-100.jpg\",\"contentUrl\":\"https:\/\/microbiologie.umontreal.ca\/wp-content\/uploads\/sites\/12\/silhouette-fille-100.jpg\"},{\"@type\":\"BreadcrumbList\",\"@id\":\"https:\/\/microbiologie.umontreal.ca\/en\/professeurs-chercheurs\/johanne-poudrier\/#breadcrumb\",\"itemListElement\":[{\"@type\":\"ListItem\",\"position\":1,\"name\":\"Accueil\",\"item\":\"https:\/\/microbiologie.umontreal.ca\/en\/\"},{\"@type\":\"ListItem\",\"position\":2,\"name\":\"Professeurs-chercheurs\",\"item\":\"https:\/\/microbiologie.umontreal.ca\/en\/professeurs-chercheurs\/\"},{\"@type\":\"ListItem\",\"position\":3,\"name\":\"Johanne Poudrier\"}]},{\"@type\":\"WebSite\",\"@id\":\"https:\/\/microbiologie.umontreal.ca\/#website\",\"url\":\"https:\/\/microbiologie.umontreal.ca\/\",\"name\":\"D\u00e9partement de microbiologie, infectiologie et immunologie\",\"description\":\"\",\"potentialAction\":[{\"@type\":\"SearchAction\",\"target\":{\"@type\":\"EntryPoint\",\"urlTemplate\":\"https:\/\/microbiologie.umontreal.ca\/?s={search_term_string}\"},\"query-input\":{\"@type\":\"PropertyValueSpecification\",\"valueRequired\":true,\"valueName\":\"search_term_string\"}}],\"inLanguage\":\"en-US\"}]}<\/script>\n<!-- \/ Yoast SEO plugin. -->","yoast_head_json":{"title":"Johanne Poudrier - D\u00e9partement de microbiologie, infectiologie et immunologie - Universit\u00e9 de Montr\u00e9al","robots":{"index":"index","follow":"follow","max-snippet":"max-snippet:-1","max-image-preview":"max-image-preview:large","max-video-preview":"max-video-preview:-1"},"canonical":"https:\/\/microbiologie.umontreal.ca\/en\/professeurs-chercheurs\/johanne-poudrier\/","og_locale":"en_US","og_type":"article","og_title":"Johanne Poudrier - D\u00e9partement de microbiologie, infectiologie et immunologie - Universit\u00e9 de Montr\u00e9al","og_description":"Biography Dr. Poudrier graduated from the Universit\u00e9 de Montr\u00e9al (M.Sc., supervisors Dr. Pelletier and Dr. Montplaisir) and at McGill University (PhD, supervisor Dr. Owens). She pursued her postdoctoral studies in [&hellip;]","og_url":"https:\/\/microbiologie.umontreal.ca\/en\/professeurs-chercheurs\/johanne-poudrier\/","og_site_name":"D\u00e9partement de microbiologie, infectiologie et immunologie","article_modified_time":"2021-08-11T15:35:00+00:00","og_image":[{"url":"https:\/\/microbiologie.umontreal.ca\/wp-content\/uploads\/sites\/12\/silhouette-fille-100.jpg","type":"","width":"","height":""}],"twitter_misc":{"Est. reading time":"2 minutes"},"schema":{"@context":"https:\/\/schema.org","@graph":[{"@type":"WebPage","@id":"https:\/\/microbiologie.umontreal.ca\/en\/professeurs-chercheurs\/johanne-poudrier\/","url":"https:\/\/microbiologie.umontreal.ca\/en\/professeurs-chercheurs\/johanne-poudrier\/","name":"Johanne Poudrier - D\u00e9partement de microbiologie, infectiologie et immunologie - Universit\u00e9 de Montr\u00e9al","isPartOf":{"@id":"https:\/\/microbiologie.umontreal.ca\/#website"},"primaryImageOfPage":{"@id":"https:\/\/microbiologie.umontreal.ca\/en\/professeurs-chercheurs\/johanne-poudrier\/#primaryimage"},"image":{"@id":"https:\/\/microbiologie.umontreal.ca\/en\/professeurs-chercheurs\/johanne-poudrier\/#primaryimage"},"thumbnailUrl":"https:\/\/microbiologie.umontreal.ca\/wp-content\/uploads\/sites\/12\/silhouette-fille-100.jpg","datePublished":"2014-08-04T20:40:08+00:00","dateModified":"2021-08-11T15:35:00+00:00","breadcrumb":{"@id":"https:\/\/microbiologie.umontreal.ca\/en\/professeurs-chercheurs\/johanne-poudrier\/#breadcrumb"},"inLanguage":"en-US","potentialAction":[{"@type":"ReadAction","target":["https:\/\/microbiologie.umontreal.ca\/en\/professeurs-chercheurs\/johanne-poudrier\/"]}]},{"@type":"ImageObject","inLanguage":"en-US","@id":"https:\/\/microbiologie.umontreal.ca\/en\/professeurs-chercheurs\/johanne-poudrier\/#primaryimage","url":"https:\/\/microbiologie.umontreal.ca\/wp-content\/uploads\/sites\/12\/silhouette-fille-100.jpg","contentUrl":"https:\/\/microbiologie.umontreal.ca\/wp-content\/uploads\/sites\/12\/silhouette-fille-100.jpg"},{"@type":"BreadcrumbList","@id":"https:\/\/microbiologie.umontreal.ca\/en\/professeurs-chercheurs\/johanne-poudrier\/#breadcrumb","itemListElement":[{"@type":"ListItem","position":1,"name":"Accueil","item":"https:\/\/microbiologie.umontreal.ca\/en\/"},{"@type":"ListItem","position":2,"name":"Professeurs-chercheurs","item":"https:\/\/microbiologie.umontreal.ca\/en\/professeurs-chercheurs\/"},{"@type":"ListItem","position":3,"name":"Johanne Poudrier"}]},{"@type":"WebSite","@id":"https:\/\/microbiologie.umontreal.ca\/#website","url":"https:\/\/microbiologie.umontreal.ca\/","name":"D\u00e9partement de microbiologie, infectiologie et immunologie","description":"","potentialAction":[{"@type":"SearchAction","target":{"@type":"EntryPoint","urlTemplate":"https:\/\/microbiologie.umontreal.ca\/?s={search_term_string}"},"query-input":{"@type":"PropertyValueSpecification","valueRequired":true,"valueName":"search_term_string"}}],"inLanguage":"en-US"}]}},"_links":{"self":[{"href":"https:\/\/microbiologie.umontreal.ca\/en\/wp-json\/wp\/v2\/pages\/7649","targetHints":{"allow":["GET"]}}],"collection":[{"href":"https:\/\/microbiologie.umontreal.ca\/en\/wp-json\/wp\/v2\/pages"}],"about":[{"href":"https:\/\/microbiologie.umontreal.ca\/en\/wp-json\/wp\/v2\/types\/page"}],"author":[{"embeddable":true,"href":"https:\/\/microbiologie.umontreal.ca\/en\/wp-json\/wp\/v2\/users\/25"}],"replies":[{"embeddable":true,"href":"https:\/\/microbiologie.umontreal.ca\/en\/wp-json\/wp\/v2\/comments?post=7649"}],"version-history":[{"count":5,"href":"https:\/\/microbiologie.umontreal.ca\/en\/wp-json\/wp\/v2\/pages\/7649\/revisions"}],"predecessor-version":[{"id":12141,"href":"https:\/\/microbiologie.umontreal.ca\/en\/wp-json\/wp\/v2\/pages\/7649\/revisions\/12141"}],"up":[{"embeddable":true,"href":"https:\/\/microbiologie.umontreal.ca\/en\/wp-json\/wp\/v2\/pages\/11407"}],"wp:attachment":[{"href":"https:\/\/microbiologie.umontreal.ca\/en\/wp-json\/wp\/v2\/media?parent=7649"}],"curies":[{"name":"wp","href":"https:\/\/api.w.org\/{rel}","templated":true}]}}