{"id":7661,"date":"2017-07-03T15:59:42","date_gmt":"2017-07-03T14:59:42","guid":{"rendered":"https:\/\/microbiologie.umontreal.ca\/heather-melichar\/"},"modified":"2021-08-11T16:21:37","modified_gmt":"2021-08-11T15:21:37","slug":"heather-melichar","status":"publish","type":"page","link":"https:\/\/microbiologie.umontreal.ca\/en\/heather-melichar\/","title":{"rendered":"Heather Melichar"},"content":{"rendered":"<div  class=\" fiche-chercheur  \">\n<div class=\"img noLightbox\"><\/p>\n<p><img loading=\"lazy\" decoding=\"async\" src=\"https:\/\/microbiologie.umontreal.ca\/wp-content\/uploads\/sites\/12\/2017\/07\/Melichar-Heather.jpg\" alt=\"\" width=\"197\" height=\"211\" class=\"alignnone wp-image-6813\" \/><\/p>\n<p><\/div>\n<table style=\"width: 467px\">\n<tbody>\n<tr>\n<td style=\"width: 79px\"><strong>Title:<\/strong><\/td>\n<td style=\"width: 399px\">Associate research professor (accredited)<br \/>\nD\u00e9partement de m\u00e9decine et sp\u00e9cialit\u00e9s m\u00e9dicales<\/td>\n<\/tr>\n<tr>\n<td style=\"width: 79px\"><strong>Address:<\/strong><\/td>\n<td style=\"width: 399px\">Centre de recherche &#8211; H\u00f4pital Maisonneuve-Rosemont<br \/>\n5415, Boul. de l\u2019Assomption<br \/>\nMontr\u00e9al (Qu\u00e9bec) H1T 2M4<\/td>\n<\/tr>\n<tr>\n<td style=\"width: 79px\"><strong>Room:<\/strong><\/td>\n<td style=\"width: 399px\">Laboratory 32, Room GBSS124<\/td>\n<\/tr>\n<tr>\n<td style=\"width: 79px\"><strong>Phone:<\/strong><\/td>\n<td style=\"width: 399px\">Office: 514 252-3400, ext. 4827<br \/>\nLab: 514 252-3400, ext. 4358<\/td>\n<\/tr>\n<tr>\n<td style=\"width: 79px\"><strong>Fax:<\/strong><\/td>\n<td style=\"width: 399px\">514\u00a0253-7626<\/td>\n<\/tr>\n<tr>\n<td style=\"width: 79px\"><strong>Email:<\/strong><\/td>\n<td style=\"width: 399px\"><a href=\"mailto:heather.melichar@umontreal.ca\">heather.melichar@umontreal.ca<\/a><\/td>\n<\/tr>\n<tr>\n<td style=\"width: 79px\"><strong>Web\u00a0site:<\/strong><\/td>\n<td style=\"width: 399px\"><a href=\"https:\/\/sites.google.com\/site\/laboratoiremelichar\/\">https:\/\/sites.google.com\/site\/laboratoiremelichar\/<\/a><\/td>\n<\/tr>\n<\/tbody>\n<\/table>\n<\/div><br \/>\n<hr\/><\/p>\n<h2 style=\"text-align: justify\"><strong>Biography<\/strong><\/h2>\n<p style=\"text-align: justify\">Dr. Melichar pursued her doctoral studies in the lab of Dr. Joonsoo Kang at the University of Massachusetts Medical School focusing on the molecular mechanisms influencing T cell fate decisions. She then moved to the west coast and began a postdoctoral fellowship at the University of California, Berkeley, with Dr. Ellen Robey where she developed novel platforms to study the development of both murine and human T cells in situ. In 2014, Dr. Melichar established her independent research group in Montreal. As an FRQS Junior 1 and CIHR New Investigator award recipient, Dr. Melichar is currently a researcher at the Maisonneuve-Rosemont Hospital Research Center and Assistant Professor in the Department of Medicine at the University of Montreal. Her laboratory is interested in the cellular and molecular mechanisms that regulate the development and function of T cells and uses insights from these studies to improve the efficacy of cellular therapies.<\/p>\n<p style=\"text-align: justify\"><hr\/><\/p>\n<h2 style=\"text-align: justify\"><strong>Team<\/strong><\/h2>\n<ul style=\"text-align: justify\">\n<li>\u00c8ve Mallet Gauthier \u2013 \u00c9tudiante \u00e0 la ma\u00eetrise<\/li>\n<li>Stefanie Valbon Fernandes Garcia, M.Sc. \u2013 \u00c9tudiante au doctorat<\/li>\n<li>S\u00e9bastien This, Ph.D. \u2013 Stagiaire postdoctoral (co-direction avec S. Costantino)<\/li>\n<li>Marion Dubuissez, Ph.D. \u2013 Stagiaire postdoctoral (co-direction avec F. Mallette)<\/li>\n<li>Mathieu Neault, Ph.D. \u2013 Stagiaire postdoctoral (co-direction avec F. Mallette)<\/li>\n<li>Marilaine Fournier, Ph.D. \u2013 Assistante de recherche<\/li>\n<li>Marie-\u00c8ve Lebel, Ph.D. \u2013 Associ\u00e9e de recherche<\/li>\n<\/ul>\n<p style=\"text-align: justify\"><hr\/><\/p>\n<h2 style=\"text-align: justify\"><strong>Theme<\/strong><\/h2>\n<ul style=\"text-align: justify\">\n<li>Immunology<\/li>\n<\/ul>\n<p style=\"text-align: justify\"><hr\/><\/p>\n<h2 style=\"text-align: justify\"><strong>Research topics<\/strong><\/h2>\n<p style=\"text-align: justify\">The goal of our lab is to understand the fundamental processes of T cell development and function. We approach this problem from a cellular perspective, by studying how T cells communicate with support cells in the thymic microenvironment throughout their development and with target cells during an immune response. For this work, we make use of a variety of techniques that allow us to maintain, manipulate, and probe the intact 3-dimensional space of the thymus, including multiparametric flow cytometry, two-photon microscopy of live tissue, mouse and human organotypic culture, and genetically engineered mouse models. We are currently:<\/p>\n<ol style=\"text-align: justify\">\n<li>Examining how the T cell receptor signal threshold between positive and negative selection of thymocytes changes throughout ontogeny. How do these differences in thymic selection in neonates and adults impact T cell effector function in the peripheral lymphoid organs?<\/li>\n<li>Studying how self-antigen, when presented by different medullary thymic epithelial cell (mTEC) subsets, affects negative selection. In particular, we are examining how this impacts thymocyte:mTEC interactions and developmental outcome.<\/li>\n<li>Investigating the role of a novel protein:protein interaction between T cells and tumor cells in suppressing tumor-specific T cell function. We are further characterizing the interaction, the mechanism of action, and potential as a therapeutic target to treat cancer.<\/li>\n<\/ol>\n<p style=\"text-align: justify\"><hr\/><\/p>\n<h2 style=\"text-align: justify\"><strong>Publications <\/strong><\/h2>\n<ol style=\"text-align: justify\">\n<li>Sood A, Lebel M\u00c8, Dong M, Fournier M, Vobecky SJ, Haddad \u00c9, Delisle JS, Mandl JN, Vrisekoop N, <strong>Melichar H.J<\/strong>. CD5 levels define functionally heterogeneous populations of na\u00efve human CD4<sup>+<\/sup>\u00a0T cells. <a href=\"https:\/\/pubmed.ncbi.nlm.nih.gov\/33682083\/\"><em>Eur J Immunol<\/em>. 2021 Jun;51(6):1365-1376.\u00a0<\/a><\/li>\n<li>Lebel M\u00c8, Coutelier M, Galipeau M, Kleinman CL, Moon JJ, <strong>Melichar H.J<\/strong>. Differential expression of tissue-restricted antigens among mTEC is associated with distinct autoreactive T cell fates. <a href=\"https:\/\/pubmed.ncbi.nlm.nih.gov\/32709894\/\"><em>Nat Commun<\/em>. 2020 Jul 24;11(1):3734.<\/a><\/li>\n<li>Dong, M., Artusa, P., Kelly, S.A., Fournier, M., Baldwin, T.A., Mandl, J.N., and <strong>Melichar, H.J.<\/strong> (2017) Alterations in the thymic selection threshold skew the self-reactivity of the T cell receptor repertoire in neonates. <a href=\"https:\/\/www.ncbi.nlm.nih.gov\/pubmed\/28659353\"><em>The Journal of Immunology, 199, 965-973.<\/em><\/a><\/li>\n<li><strong>Melichar, H.J.*<\/strong>, Ross, J.O.*, Herzmark, P., Hogquist, K.A., and Robey, E.A. (2013) Distinct temporal patterns of T cell receptor signaling during positive versus negative selection in situ. <a href=\"https:\/\/www.ncbi.nlm.nih.gov\/pubmed\/24129702\"><em>Science Signaling<\/em>, 6, ra92<\/a>.<\/li>\n<li><strong>Melichar, H.J.<\/strong>, Narayan, K., Der, S., Hiraoka, Y., Gardiol, N., Jeannet, G., Held, W., Chambers, C., and Kang, J. (2007) Regulation of gammadelta versus alphabeta T lymphocyte differentiation by the transcription factor SOX13. <a href=\"https:\/\/www.ncbi.nlm.nih.gov\/pubmed\/17218525\"><em>Science<\/em>, 315, 230-233<\/a>.<\/li>\n<\/ol>\n<pre class=\"tw-data-text tw-ta tw-text-medium\" id=\"tw-target-text\"><\/pre>\n<p style=\"text-align: justify\"><a href=\"https:\/\/www.ncbi.nlm.nih.gov\/pubmed\/?term=melichar+h+or+melichar+hj\">Complete list of Dr. Melichar&#8217;s publications<\/a><\/p>\n","protected":false},"excerpt":{"rendered":"<p>Biography Dr. Melichar pursued her doctoral studies in the lab of Dr. Joonsoo Kang at the University of Massachusetts Medical School focusing on the molecular mechanisms influencing T cell fate [&hellip;]<\/p>\n","protected":false},"author":26,"featured_media":0,"parent":0,"menu_order":0,"comment_status":"closed","ping_status":"closed","template":"","meta":{"footnotes":""},"class_list":["post-7661","page","type-page","status-publish","hentry"],"yoast_head":"<!-- This site is optimized with the Yoast SEO plugin v25.0 - https:\/\/yoast.com\/wordpress\/plugins\/seo\/ -->\n<title>Heather Melichar - D\u00e9partement de microbiologie, infectiologie et immunologie - Universit\u00e9 de Montr\u00e9al<\/title>\n<meta name=\"robots\" content=\"index, follow, max-snippet:-1, max-image-preview:large, max-video-preview:-1\" \/>\n<link rel=\"canonical\" href=\"https:\/\/microbiologie.umontreal.ca\/en\/heather-melichar\/\" \/>\n<meta property=\"og:locale\" content=\"en_US\" \/>\n<meta property=\"og:type\" content=\"article\" \/>\n<meta property=\"og:title\" content=\"Heather Melichar - D\u00e9partement de microbiologie, infectiologie et immunologie - Universit\u00e9 de Montr\u00e9al\" \/>\n<meta property=\"og:description\" content=\"Biography Dr. Melichar pursued her doctoral studies in the lab of Dr. Joonsoo Kang at the University of Massachusetts Medical School focusing on the molecular mechanisms influencing T cell fate [&hellip;]\" \/>\n<meta property=\"og:url\" content=\"https:\/\/microbiologie.umontreal.ca\/en\/heather-melichar\/\" \/>\n<meta property=\"og:site_name\" content=\"D\u00e9partement de microbiologie, infectiologie et immunologie\" \/>\n<meta property=\"article:modified_time\" content=\"2021-08-11T15:21:37+00:00\" \/>\n<meta property=\"og:image\" content=\"https:\/\/microbiologie.umontreal.ca\/wp-content\/uploads\/sites\/12\/2017\/07\/Melichar-Heather.jpg\" \/>\n<meta name=\"twitter:label1\" content=\"Est. reading time\" \/>\n\t<meta name=\"twitter:data1\" content=\"3 minutes\" \/>\n<script type=\"application\/ld+json\" class=\"yoast-schema-graph\">{\"@context\":\"https:\/\/schema.org\",\"@graph\":[{\"@type\":\"WebPage\",\"@id\":\"https:\/\/microbiologie.umontreal.ca\/en\/heather-melichar\/\",\"url\":\"https:\/\/microbiologie.umontreal.ca\/en\/heather-melichar\/\",\"name\":\"Heather Melichar - D\u00e9partement de microbiologie, infectiologie et immunologie - Universit\u00e9 de Montr\u00e9al\",\"isPartOf\":{\"@id\":\"https:\/\/microbiologie.umontreal.ca\/#website\"},\"primaryImageOfPage\":{\"@id\":\"https:\/\/microbiologie.umontreal.ca\/en\/heather-melichar\/#primaryimage\"},\"image\":{\"@id\":\"https:\/\/microbiologie.umontreal.ca\/en\/heather-melichar\/#primaryimage\"},\"thumbnailUrl\":\"https:\/\/microbiologie.umontreal.ca\/wp-content\/uploads\/sites\/12\/2017\/07\/Melichar-Heather.jpg\",\"datePublished\":\"2017-07-03T14:59:42+00:00\",\"dateModified\":\"2021-08-11T15:21:37+00:00\",\"breadcrumb\":{\"@id\":\"https:\/\/microbiologie.umontreal.ca\/en\/heather-melichar\/#breadcrumb\"},\"inLanguage\":\"en-US\",\"potentialAction\":[{\"@type\":\"ReadAction\",\"target\":[\"https:\/\/microbiologie.umontreal.ca\/en\/heather-melichar\/\"]}]},{\"@type\":\"ImageObject\",\"inLanguage\":\"en-US\",\"@id\":\"https:\/\/microbiologie.umontreal.ca\/en\/heather-melichar\/#primaryimage\",\"url\":\"https:\/\/microbiologie.umontreal.ca\/wp-content\/uploads\/sites\/12\/2017\/07\/Melichar-Heather.jpg\",\"contentUrl\":\"https:\/\/microbiologie.umontreal.ca\/wp-content\/uploads\/sites\/12\/2017\/07\/Melichar-Heather.jpg\"},{\"@type\":\"BreadcrumbList\",\"@id\":\"https:\/\/microbiologie.umontreal.ca\/en\/heather-melichar\/#breadcrumb\",\"itemListElement\":[{\"@type\":\"ListItem\",\"position\":1,\"name\":\"Accueil\",\"item\":\"https:\/\/microbiologie.umontreal.ca\/en\/\"},{\"@type\":\"ListItem\",\"position\":2,\"name\":\"Heather Melichar\"}]},{\"@type\":\"WebSite\",\"@id\":\"https:\/\/microbiologie.umontreal.ca\/#website\",\"url\":\"https:\/\/microbiologie.umontreal.ca\/\",\"name\":\"D\u00e9partement de microbiologie, infectiologie et immunologie\",\"description\":\"\",\"potentialAction\":[{\"@type\":\"SearchAction\",\"target\":{\"@type\":\"EntryPoint\",\"urlTemplate\":\"https:\/\/microbiologie.umontreal.ca\/?s={search_term_string}\"},\"query-input\":{\"@type\":\"PropertyValueSpecification\",\"valueRequired\":true,\"valueName\":\"search_term_string\"}}],\"inLanguage\":\"en-US\"}]}<\/script>\n<!-- \/ Yoast SEO plugin. -->","yoast_head_json":{"title":"Heather Melichar - D\u00e9partement de microbiologie, infectiologie et immunologie - Universit\u00e9 de Montr\u00e9al","robots":{"index":"index","follow":"follow","max-snippet":"max-snippet:-1","max-image-preview":"max-image-preview:large","max-video-preview":"max-video-preview:-1"},"canonical":"https:\/\/microbiologie.umontreal.ca\/en\/heather-melichar\/","og_locale":"en_US","og_type":"article","og_title":"Heather Melichar - D\u00e9partement de microbiologie, infectiologie et immunologie - Universit\u00e9 de Montr\u00e9al","og_description":"Biography Dr. Melichar pursued her doctoral studies in the lab of Dr. Joonsoo Kang at the University of Massachusetts Medical School focusing on the molecular mechanisms influencing T cell fate [&hellip;]","og_url":"https:\/\/microbiologie.umontreal.ca\/en\/heather-melichar\/","og_site_name":"D\u00e9partement de microbiologie, infectiologie et immunologie","article_modified_time":"2021-08-11T15:21:37+00:00","og_image":[{"url":"https:\/\/microbiologie.umontreal.ca\/wp-content\/uploads\/sites\/12\/2017\/07\/Melichar-Heather.jpg","type":"","width":"","height":""}],"twitter_misc":{"Est. reading time":"3 minutes"},"schema":{"@context":"https:\/\/schema.org","@graph":[{"@type":"WebPage","@id":"https:\/\/microbiologie.umontreal.ca\/en\/heather-melichar\/","url":"https:\/\/microbiologie.umontreal.ca\/en\/heather-melichar\/","name":"Heather Melichar - D\u00e9partement de microbiologie, infectiologie et immunologie - Universit\u00e9 de Montr\u00e9al","isPartOf":{"@id":"https:\/\/microbiologie.umontreal.ca\/#website"},"primaryImageOfPage":{"@id":"https:\/\/microbiologie.umontreal.ca\/en\/heather-melichar\/#primaryimage"},"image":{"@id":"https:\/\/microbiologie.umontreal.ca\/en\/heather-melichar\/#primaryimage"},"thumbnailUrl":"https:\/\/microbiologie.umontreal.ca\/wp-content\/uploads\/sites\/12\/2017\/07\/Melichar-Heather.jpg","datePublished":"2017-07-03T14:59:42+00:00","dateModified":"2021-08-11T15:21:37+00:00","breadcrumb":{"@id":"https:\/\/microbiologie.umontreal.ca\/en\/heather-melichar\/#breadcrumb"},"inLanguage":"en-US","potentialAction":[{"@type":"ReadAction","target":["https:\/\/microbiologie.umontreal.ca\/en\/heather-melichar\/"]}]},{"@type":"ImageObject","inLanguage":"en-US","@id":"https:\/\/microbiologie.umontreal.ca\/en\/heather-melichar\/#primaryimage","url":"https:\/\/microbiologie.umontreal.ca\/wp-content\/uploads\/sites\/12\/2017\/07\/Melichar-Heather.jpg","contentUrl":"https:\/\/microbiologie.umontreal.ca\/wp-content\/uploads\/sites\/12\/2017\/07\/Melichar-Heather.jpg"},{"@type":"BreadcrumbList","@id":"https:\/\/microbiologie.umontreal.ca\/en\/heather-melichar\/#breadcrumb","itemListElement":[{"@type":"ListItem","position":1,"name":"Accueil","item":"https:\/\/microbiologie.umontreal.ca\/en\/"},{"@type":"ListItem","position":2,"name":"Heather Melichar"}]},{"@type":"WebSite","@id":"https:\/\/microbiologie.umontreal.ca\/#website","url":"https:\/\/microbiologie.umontreal.ca\/","name":"D\u00e9partement de microbiologie, infectiologie et immunologie","description":"","potentialAction":[{"@type":"SearchAction","target":{"@type":"EntryPoint","urlTemplate":"https:\/\/microbiologie.umontreal.ca\/?s={search_term_string}"},"query-input":{"@type":"PropertyValueSpecification","valueRequired":true,"valueName":"search_term_string"}}],"inLanguage":"en-US"}]}},"_links":{"self":[{"href":"https:\/\/microbiologie.umontreal.ca\/en\/wp-json\/wp\/v2\/pages\/7661","targetHints":{"allow":["GET"]}}],"collection":[{"href":"https:\/\/microbiologie.umontreal.ca\/en\/wp-json\/wp\/v2\/pages"}],"about":[{"href":"https:\/\/microbiologie.umontreal.ca\/en\/wp-json\/wp\/v2\/types\/page"}],"author":[{"embeddable":true,"href":"https:\/\/microbiologie.umontreal.ca\/en\/wp-json\/wp\/v2\/users\/26"}],"replies":[{"embeddable":true,"href":"https:\/\/microbiologie.umontreal.ca\/en\/wp-json\/wp\/v2\/comments?post=7661"}],"version-history":[{"count":7,"href":"https:\/\/microbiologie.umontreal.ca\/en\/wp-json\/wp\/v2\/pages\/7661\/revisions"}],"predecessor-version":[{"id":12137,"href":"https:\/\/microbiologie.umontreal.ca\/en\/wp-json\/wp\/v2\/pages\/7661\/revisions\/12137"}],"wp:attachment":[{"href":"https:\/\/microbiologie.umontreal.ca\/en\/wp-json\/wp\/v2\/media?parent=7661"}],"curies":[{"name":"wp","href":"https:\/\/api.w.org\/{rel}","templated":true}]}}