{"id":7669,"date":"2015-08-19T15:55:19","date_gmt":"2015-08-19T14:55:19","guid":{"rendered":"https:\/\/microbiologie.umontreal.ca\/isabelle-boucoiran\/"},"modified":"2021-09-28T14:56:37","modified_gmt":"2021-09-28T13:56:37","slug":"isabelle-boucoiran","status":"publish","type":"page","link":"https:\/\/microbiologie.umontreal.ca\/en\/professeurs-chercheurs\/isabelle-boucoiran\/","title":{"rendered":"Isabelle Boucoiran"},"content":{"rendered":"<div  class=\" fiche-chercheur  \">\n<div class=\"img noLightbox\"><\/p>\n<p><img loading=\"lazy\" decoding=\"async\" src=\"https:\/\/microbiologie.umontreal.ca\/wp-content\/uploads\/sites\/12\/2018\/06\/Isabelle-Boucoiran.jpg\" alt=\"\" width=\"234\" height=\"300\" class=\"alignnone size-full wp-image-8380\" \/><\/p>\n<p><\/div>\n<table style=\"width: 355px\">\n<tbody>\n<tr>\n<td style=\"width: 59px\"><strong>Title:<\/strong><\/td>\n<td style=\"width: 295px\">Clinical associate professor (accredited)<br \/>\nD\u00e9partement d&#8217;obst\u00e9trique-gyn\u00e9cologie<\/td>\n<\/tr>\n<tr>\n<td style=\"width: 59px\"><strong>Adress:<\/strong><\/td>\n<td style=\"width: 295px\">CHU Sainte-Justine<br \/>\n3175 chemin de la c\u00f4te Ste-Catherine<br \/>\nMontr\u00e9al Qc H3T 1C5<\/td>\n<\/tr>\n<tr>\n<td style=\"width: 59px\"><strong>Room:<\/strong><\/td>\n<td style=\"width: 295px\">4804<\/td>\n<\/tr>\n<tr>\n<td style=\"width: 59px\"><strong>Phone:<\/strong><\/td>\n<td style=\"width: 295px\">514-345-4931 ext. 6909<\/td>\n<\/tr>\n<tr>\n<td style=\"width: 59px\"><strong>Email:<\/strong><\/td>\n<td style=\"width: 295px\"><a href=\"mailto:isabelle.boucoiran@umontreal.ca\">isabelle.boucoiran@umontreal.ca<\/a><\/td>\n<\/tr>\n<\/tbody>\n<\/table>\n<\/div><br \/>\n<hr\/><\/p>\n<h2><strong>Biography<\/strong><\/h2>\n<p style=\"text-align: justify\">Dr. Isabelle Boucoiran is a gynecologist-obstetrician and a member of the Infectious Diseases Committee of the Society of Obstetricians and Gynecologists of Canada. She completed her Fellowship in Reproductive Infectious Diseases at the University of British Columbia.<\/p>\n<p style=\"text-align: justify\">Focusing on epidemiology and clinical research, his main research interests are infectious diseases in obstetric gynecology and maternal-fetal medicine.<br \/>\n<hr\/><\/p>\n<h2 style=\"text-align: justify\"><strong>Team<\/strong><\/h2>\n<ul style=\"text-align: justify\">\n<li>Gloria Sanchez<\/li>\n<li>Hasna Meddour<\/li>\n<li>Silvie Valois (CMIS)<\/li>\n<li>Suzanne Taillefer<\/li>\n<li>Katel Roddier<\/li>\n<\/ul>\n<p style=\"text-align: justify\"><hr\/><\/p>\n<h2 style=\"text-align: justify\"><strong>Theme<\/strong><\/h2>\n<ul style=\"text-align: justify\">\n<li>Infectious diseases and pregnancy<\/li>\n<\/ul>\n<p style=\"text-align: justify\"><hr\/><\/p>\n<h2 style=\"text-align: justify\"><strong>Research topics<\/strong><\/h2>\n<ul style=\"text-align: justify\">\n<li>Maternal-fetal medicine<\/li>\n<li>HIV<\/li>\n<li>CMV<\/li>\n<\/ul>\n<p style=\"text-align: justify\"><hr\/><\/p>\n<h2 style=\"text-align: justify\"><strong>Publications<\/strong><\/h2>\n<ul style=\"text-align: justify\">\n<li>Charpentier C, Elwood C, Pylypjuk C, Van Schalkwyk J, Ting JY, Grigoriu A, Yudin MH, McDonald SD, <strong>Boucoiran I<\/strong>. A survey on variation in Diagnosis and Treatment of Chorioamnionitis in tertiary centers in Canada. JOGC 2021 Jun 29:S1701-2163(21)00494-1<\/li>\n<li>Balegamire S, Renaud C, M\u00e2sse B, Zinszer K, Gantt S, Giguere Y, Forest JC, <strong>Boucoiran I<\/strong>. Frequency, timing and risk factors for primary maternal cytomegalovirus infection during pregnancy in Quebec. PlosOne 2021 Jun 25;16(6):e0252309.<\/li>\n<li>Lallier-Beaudoin M, Renaud C, Boucher M, Kakkar F, Gantt S, <strong>Boucoiran I<\/strong>. Perspectives of women on screening and prevention of CMV in pregnancy. Eur J Obst Gyn 2021, 258: 409-413.<\/li>\n<li><strong>Boucoiran I<\/strong>, Roy M, Poliquin V, Elwood C, Thibaudeau R, Ferrera E, Sheehan N, Autmizguine J, Money D, Tulloch K. Evaluation of cabergoline for lactation suppression in women living with HIV. Int Journal STD AIDS 2021 32(7):654-661.<\/li>\n<li>Zaki D, Balayla J, Beltempo M, Gazil G, Nuyt AM, <strong>Boucoiran I<\/strong>. Interaction of chorioamnionitis with obstetrical, maternal and fetal predictors of neonatal mortality: a population-based cohort study. BMC Preg Child 2020 Aug 8;20(1):454.<\/li>\n<li>Minsart AF, Smiljkovic M, Renaud C, Gagn\u00e9 MP, Lamarre V, Kakkar F, Boucher M, <strong>Boucoiran I<\/strong>. Prenatal findings, neonatal symptoms, and neurodevelopmental outcome of congenital cytomegalovirus infection. Journal of Perinatal Medecine 2020 Mar 26;48(3):234-241.<\/li>\n<li>Smiljkovic M, LeMeur JB, Malette B, <strong>Boucoiran I<\/strong>, Minsart AF, Lamarre V, Tapiero B, Renaud C, Kakkar F. Blood viral load in the Diagnostic Workup of Congenital Cytomegalovirus Infection. J Clin Virol 2020 Jan;122:104231.<\/li>\n<li>Djeha A, Girard S, Trottier H, Kakkar F, Soudeyns H, Boucher M, Lapointe N, <strong>Boucoiran I<\/strong>. No association between antiretroviral therapy during pregnancy and plasma levels of angiogenic factors. BMC Preg Child. 2019 Dec 9;19(1):482.<\/li>\n<li>Djeha A, Money D, Trottier H, Djemli A, van Schalkwyk J, Boucher M, <strong>Boucoiran I<\/strong>. The association between antiretroviral therapy and early placental function. Journal of Maternal Fetal and Neonatal Medecine 2021 Mar;34(5):683-689.<\/li>\n<li><strong>Boucoiran I<\/strong>, Mayer BT, Krantz E, Boppana S, Wald A, Corey L, Casper C, Schiffer JT, Gantt S. Non-primary maternal CMV infection following viral shedding in infants. Pediatric Infectious Disease Journal Pediatr Infect Dis J. 2018 Jul;37(7):627-631.<\/li>\n<\/ul>\n<p>&nbsp;<\/p>\n","protected":false},"excerpt":{"rendered":"<p>Biography Dr. Isabelle Boucoiran is a gynecologist-obstetrician and a member of the Infectious Diseases Committee of the Society of Obstetricians and Gynecologists of Canada. She completed her Fellowship in Reproductive [&hellip;]<\/p>\n","protected":false},"author":26,"featured_media":0,"parent":11407,"menu_order":0,"comment_status":"closed","ping_status":"closed","template":"","meta":{"footnotes":""},"class_list":["post-7669","page","type-page","status-publish","hentry"],"yoast_head":"<!-- This site is optimized with the Yoast SEO plugin v25.0 - https:\/\/yoast.com\/wordpress\/plugins\/seo\/ -->\n<title>Isabelle Boucoiran - D\u00e9partement de microbiologie, infectiologie et immunologie - Universit\u00e9 de Montr\u00e9al<\/title>\n<meta name=\"robots\" content=\"index, follow, max-snippet:-1, max-image-preview:large, max-video-preview:-1\" \/>\n<link rel=\"canonical\" href=\"https:\/\/microbiologie.umontreal.ca\/en\/professeurs-chercheurs\/isabelle-boucoiran\/\" \/>\n<meta property=\"og:locale\" content=\"en_US\" \/>\n<meta property=\"og:type\" content=\"article\" \/>\n<meta property=\"og:title\" content=\"Isabelle Boucoiran - D\u00e9partement de microbiologie, infectiologie et immunologie - Universit\u00e9 de Montr\u00e9al\" \/>\n<meta property=\"og:description\" content=\"Biography Dr. Isabelle Boucoiran is a gynecologist-obstetrician and a member of the Infectious Diseases Committee of the Society of Obstetricians and Gynecologists of Canada. She completed her Fellowship in Reproductive [&hellip;]\" \/>\n<meta property=\"og:url\" content=\"https:\/\/microbiologie.umontreal.ca\/en\/professeurs-chercheurs\/isabelle-boucoiran\/\" \/>\n<meta property=\"og:site_name\" content=\"D\u00e9partement de microbiologie, infectiologie et immunologie\" \/>\n<meta property=\"article:modified_time\" content=\"2021-09-28T13:56:37+00:00\" \/>\n<meta property=\"og:image\" content=\"https:\/\/microbiologie.umontreal.ca\/wp-content\/uploads\/sites\/12\/2018\/06\/Isabelle-Boucoiran.jpg\" \/>\n<meta name=\"twitter:label1\" content=\"Est. reading time\" \/>\n\t<meta name=\"twitter:data1\" content=\"2 minutes\" \/>\n<script type=\"application\/ld+json\" class=\"yoast-schema-graph\">{\"@context\":\"https:\/\/schema.org\",\"@graph\":[{\"@type\":\"WebPage\",\"@id\":\"https:\/\/microbiologie.umontreal.ca\/en\/professeurs-chercheurs\/isabelle-boucoiran\/\",\"url\":\"https:\/\/microbiologie.umontreal.ca\/en\/professeurs-chercheurs\/isabelle-boucoiran\/\",\"name\":\"Isabelle Boucoiran - D\u00e9partement de microbiologie, infectiologie et immunologie - Universit\u00e9 de Montr\u00e9al\",\"isPartOf\":{\"@id\":\"https:\/\/microbiologie.umontreal.ca\/#website\"},\"primaryImageOfPage\":{\"@id\":\"https:\/\/microbiologie.umontreal.ca\/en\/professeurs-chercheurs\/isabelle-boucoiran\/#primaryimage\"},\"image\":{\"@id\":\"https:\/\/microbiologie.umontreal.ca\/en\/professeurs-chercheurs\/isabelle-boucoiran\/#primaryimage\"},\"thumbnailUrl\":\"https:\/\/microbiologie.umontreal.ca\/wp-content\/uploads\/sites\/12\/2018\/06\/Isabelle-Boucoiran.jpg\",\"datePublished\":\"2015-08-19T14:55:19+00:00\",\"dateModified\":\"2021-09-28T13:56:37+00:00\",\"breadcrumb\":{\"@id\":\"https:\/\/microbiologie.umontreal.ca\/en\/professeurs-chercheurs\/isabelle-boucoiran\/#breadcrumb\"},\"inLanguage\":\"en-US\",\"potentialAction\":[{\"@type\":\"ReadAction\",\"target\":[\"https:\/\/microbiologie.umontreal.ca\/en\/professeurs-chercheurs\/isabelle-boucoiran\/\"]}]},{\"@type\":\"ImageObject\",\"inLanguage\":\"en-US\",\"@id\":\"https:\/\/microbiologie.umontreal.ca\/en\/professeurs-chercheurs\/isabelle-boucoiran\/#primaryimage\",\"url\":\"https:\/\/microbiologie.umontreal.ca\/wp-content\/uploads\/sites\/12\/2018\/06\/Isabelle-Boucoiran.jpg\",\"contentUrl\":\"https:\/\/microbiologie.umontreal.ca\/wp-content\/uploads\/sites\/12\/2018\/06\/Isabelle-Boucoiran.jpg\"},{\"@type\":\"BreadcrumbList\",\"@id\":\"https:\/\/microbiologie.umontreal.ca\/en\/professeurs-chercheurs\/isabelle-boucoiran\/#breadcrumb\",\"itemListElement\":[{\"@type\":\"ListItem\",\"position\":1,\"name\":\"Accueil\",\"item\":\"https:\/\/microbiologie.umontreal.ca\/en\/\"},{\"@type\":\"ListItem\",\"position\":2,\"name\":\"Professeurs-chercheurs\",\"item\":\"https:\/\/microbiologie.umontreal.ca\/en\/professeurs-chercheurs\/\"},{\"@type\":\"ListItem\",\"position\":3,\"name\":\"Isabelle Boucoiran\"}]},{\"@type\":\"WebSite\",\"@id\":\"https:\/\/microbiologie.umontreal.ca\/#website\",\"url\":\"https:\/\/microbiologie.umontreal.ca\/\",\"name\":\"D\u00e9partement de microbiologie, infectiologie et immunologie\",\"description\":\"\",\"potentialAction\":[{\"@type\":\"SearchAction\",\"target\":{\"@type\":\"EntryPoint\",\"urlTemplate\":\"https:\/\/microbiologie.umontreal.ca\/?s={search_term_string}\"},\"query-input\":{\"@type\":\"PropertyValueSpecification\",\"valueRequired\":true,\"valueName\":\"search_term_string\"}}],\"inLanguage\":\"en-US\"}]}<\/script>\n<!-- \/ Yoast SEO plugin. -->","yoast_head_json":{"title":"Isabelle Boucoiran - D\u00e9partement de microbiologie, infectiologie et immunologie - Universit\u00e9 de Montr\u00e9al","robots":{"index":"index","follow":"follow","max-snippet":"max-snippet:-1","max-image-preview":"max-image-preview:large","max-video-preview":"max-video-preview:-1"},"canonical":"https:\/\/microbiologie.umontreal.ca\/en\/professeurs-chercheurs\/isabelle-boucoiran\/","og_locale":"en_US","og_type":"article","og_title":"Isabelle Boucoiran - D\u00e9partement de microbiologie, infectiologie et immunologie - Universit\u00e9 de Montr\u00e9al","og_description":"Biography Dr. Isabelle Boucoiran is a gynecologist-obstetrician and a member of the Infectious Diseases Committee of the Society of Obstetricians and Gynecologists of Canada. She completed her Fellowship in Reproductive [&hellip;]","og_url":"https:\/\/microbiologie.umontreal.ca\/en\/professeurs-chercheurs\/isabelle-boucoiran\/","og_site_name":"D\u00e9partement de microbiologie, infectiologie et immunologie","article_modified_time":"2021-09-28T13:56:37+00:00","og_image":[{"url":"https:\/\/microbiologie.umontreal.ca\/wp-content\/uploads\/sites\/12\/2018\/06\/Isabelle-Boucoiran.jpg","type":"","width":"","height":""}],"twitter_misc":{"Est. reading time":"2 minutes"},"schema":{"@context":"https:\/\/schema.org","@graph":[{"@type":"WebPage","@id":"https:\/\/microbiologie.umontreal.ca\/en\/professeurs-chercheurs\/isabelle-boucoiran\/","url":"https:\/\/microbiologie.umontreal.ca\/en\/professeurs-chercheurs\/isabelle-boucoiran\/","name":"Isabelle Boucoiran - D\u00e9partement de microbiologie, infectiologie et immunologie - Universit\u00e9 de Montr\u00e9al","isPartOf":{"@id":"https:\/\/microbiologie.umontreal.ca\/#website"},"primaryImageOfPage":{"@id":"https:\/\/microbiologie.umontreal.ca\/en\/professeurs-chercheurs\/isabelle-boucoiran\/#primaryimage"},"image":{"@id":"https:\/\/microbiologie.umontreal.ca\/en\/professeurs-chercheurs\/isabelle-boucoiran\/#primaryimage"},"thumbnailUrl":"https:\/\/microbiologie.umontreal.ca\/wp-content\/uploads\/sites\/12\/2018\/06\/Isabelle-Boucoiran.jpg","datePublished":"2015-08-19T14:55:19+00:00","dateModified":"2021-09-28T13:56:37+00:00","breadcrumb":{"@id":"https:\/\/microbiologie.umontreal.ca\/en\/professeurs-chercheurs\/isabelle-boucoiran\/#breadcrumb"},"inLanguage":"en-US","potentialAction":[{"@type":"ReadAction","target":["https:\/\/microbiologie.umontreal.ca\/en\/professeurs-chercheurs\/isabelle-boucoiran\/"]}]},{"@type":"ImageObject","inLanguage":"en-US","@id":"https:\/\/microbiologie.umontreal.ca\/en\/professeurs-chercheurs\/isabelle-boucoiran\/#primaryimage","url":"https:\/\/microbiologie.umontreal.ca\/wp-content\/uploads\/sites\/12\/2018\/06\/Isabelle-Boucoiran.jpg","contentUrl":"https:\/\/microbiologie.umontreal.ca\/wp-content\/uploads\/sites\/12\/2018\/06\/Isabelle-Boucoiran.jpg"},{"@type":"BreadcrumbList","@id":"https:\/\/microbiologie.umontreal.ca\/en\/professeurs-chercheurs\/isabelle-boucoiran\/#breadcrumb","itemListElement":[{"@type":"ListItem","position":1,"name":"Accueil","item":"https:\/\/microbiologie.umontreal.ca\/en\/"},{"@type":"ListItem","position":2,"name":"Professeurs-chercheurs","item":"https:\/\/microbiologie.umontreal.ca\/en\/professeurs-chercheurs\/"},{"@type":"ListItem","position":3,"name":"Isabelle Boucoiran"}]},{"@type":"WebSite","@id":"https:\/\/microbiologie.umontreal.ca\/#website","url":"https:\/\/microbiologie.umontreal.ca\/","name":"D\u00e9partement de microbiologie, infectiologie et immunologie","description":"","potentialAction":[{"@type":"SearchAction","target":{"@type":"EntryPoint","urlTemplate":"https:\/\/microbiologie.umontreal.ca\/?s={search_term_string}"},"query-input":{"@type":"PropertyValueSpecification","valueRequired":true,"valueName":"search_term_string"}}],"inLanguage":"en-US"}]}},"_links":{"self":[{"href":"https:\/\/microbiologie.umontreal.ca\/en\/wp-json\/wp\/v2\/pages\/7669","targetHints":{"allow":["GET"]}}],"collection":[{"href":"https:\/\/microbiologie.umontreal.ca\/en\/wp-json\/wp\/v2\/pages"}],"about":[{"href":"https:\/\/microbiologie.umontreal.ca\/en\/wp-json\/wp\/v2\/types\/page"}],"author":[{"embeddable":true,"href":"https:\/\/microbiologie.umontreal.ca\/en\/wp-json\/wp\/v2\/users\/26"}],"replies":[{"embeddable":true,"href":"https:\/\/microbiologie.umontreal.ca\/en\/wp-json\/wp\/v2\/comments?post=7669"}],"version-history":[{"count":9,"href":"https:\/\/microbiologie.umontreal.ca\/en\/wp-json\/wp\/v2\/pages\/7669\/revisions"}],"predecessor-version":[{"id":12427,"href":"https:\/\/microbiologie.umontreal.ca\/en\/wp-json\/wp\/v2\/pages\/7669\/revisions\/12427"}],"up":[{"embeddable":true,"href":"https:\/\/microbiologie.umontreal.ca\/en\/wp-json\/wp\/v2\/pages\/11407"}],"wp:attachment":[{"href":"https:\/\/microbiologie.umontreal.ca\/en\/wp-json\/wp\/v2\/media?parent=7669"}],"curies":[{"name":"wp","href":"https:\/\/api.w.org\/{rel}","templated":true}]}}