{"id":7676,"date":"2014-07-30T18:38:03","date_gmt":"2014-07-30T18:38:03","guid":{"rendered":"https:\/\/microbiologie.umontreal.ca\/javier-marcelo-di-noia\/"},"modified":"2021-08-25T18:52:05","modified_gmt":"2021-08-25T17:52:05","slug":"javier-marcelo-di-noia","status":"publish","type":"page","link":"https:\/\/microbiologie.umontreal.ca\/en\/professeurs-chercheurs\/javier-marcelo-di-noia\/","title":{"rendered":"Javier Marcelo Di Noia"},"content":{"rendered":"<div  class=\" fiche-chercheur  \">\n<div class=\"img noLightbox\"><\/p>\n<p><img loading=\"lazy\" decoding=\"async\" class=\"alignnone wp-image-4243\" alt=\"Javier M Di Noia\" src=\"https:\/\/microbiologie.umontreal.ca\/wp-content\/uploads\/sites\/12\/Javier-M-Di-Noia-260x300.jpg\" width=\"100\" height=\"116\" srcset=\"https:\/\/microbiologie.umontreal.ca\/wp-content\/uploads\/sites\/12\/Javier-M-Di-Noia-260x300.jpg 260w, https:\/\/microbiologie.umontreal.ca\/wp-content\/uploads\/sites\/12\/Javier-M-Di-Noia-888x1024.jpg 888w, https:\/\/microbiologie.umontreal.ca\/wp-content\/uploads\/sites\/12\/Javier-M-Di-Noia-200x231.jpg 200w, https:\/\/microbiologie.umontreal.ca\/wp-content\/uploads\/sites\/12\/Javier-M-Di-Noia-256x295.jpg 256w, https:\/\/microbiologie.umontreal.ca\/wp-content\/uploads\/sites\/12\/Javier-M-Di-Noia-172x198.jpg 172w, https:\/\/microbiologie.umontreal.ca\/wp-content\/uploads\/sites\/12\/Javier-M-Di-Noia-524x604.jpg 524w, https:\/\/microbiologie.umontreal.ca\/wp-content\/uploads\/sites\/12\/Javier-M-Di-Noia.jpg 1110w\" sizes=\"auto, (max-width: 100px) 100vw, 100px\" \/><\/p>\n<p><\/div>\n<table style=\"width: 476px\">\n<tbody>\n<tr>\n<td style=\"width: 75px\"><strong>Title:<\/strong><\/td>\n<td style=\"width: 396px\">Full research professor (accredited)<br \/>\nD\u00e9partement de m\u00e9decine et sp\u00e9cialit\u00e9s m\u00e9dicales<\/td>\n<\/tr>\n<tr>\n<td style=\"width: 75px\"><strong>Address:<\/strong><\/td>\n<td style=\"width: 396px\">Unit\u00e9 de recherche sur la biologie mol\u00e9culaire de la cellule B<br \/>\nInstitut de recherches cliniques de Montr\u00e9al<br \/>\n110, avenue des Pins Ouest<br \/>\nMontr\u00e9al (Qu\u00e9bec)<br \/>\nH2W 1R7<\/td>\n<\/tr>\n<tr>\n<td style=\"width: 75px\"><strong>Room:<\/strong><\/td>\n<td style=\"width: 396px\">Labo 7725<\/td>\n<\/tr>\n<tr>\n<td style=\"width: 75px\"><strong>Phone:<\/strong><\/td>\n<td style=\"width: 396px\">Office: 514-987-5642<br \/>\nLabo: 514-987-5660<\/td>\n<\/tr>\n<tr>\n<td style=\"width: 75px\"><strong>Fax:<\/strong><\/td>\n<td style=\"width: 396px\">514-987-5528<\/td>\n<\/tr>\n<tr>\n<td style=\"width: 75px\"><strong>Email:<\/strong><\/td>\n<td style=\"width: 396px\"><a href=\"mailto:jm.di.noia@umontreal.ca\">jm.di.noia@umontreal.ca<\/a><br \/>\n<a href=\"mailto:javier.di.noia@ircm.qc.ca\">javier.di.noia@ircm.qc.ca<\/a><\/td>\n<\/tr>\n<tr>\n<td style=\"width: 75px\"><strong>Web site:<\/strong><\/td>\n<td style=\"width: 396px\"><a href=\"http:\/\/www.dinoialab.ca\/\">www.dinoialab.ca<\/a><\/td>\n<\/tr>\n<\/tbody>\n<\/table>\n<\/div><br \/>\n<hr\/><\/p>\n<h2 style=\"text-align: justify\"><strong>Biography<\/strong><\/h2>\n<p style=\"text-align: justify\">Update coming soon<\/p>\n<p style=\"text-align: justify\"><hr\/><\/p>\n<h2 style=\"text-align: justify\"><strong>Team<\/strong><\/h2>\n<ul style=\"text-align: justify\">\n<li>Astrid Zahn, PhD (research associate and lab manager)<\/li>\n<li>P Ganesh Subramani (\u00e9tudiant de doctorat)<\/li>\n<li>No\u00e9 Seija (\u00e9tudiant de doctorat)<\/li>\n<li>Kiersten Dionne (\u00e9tudiante de doctorat)<\/li>\n<li>Jana Ridani (\u00e9tudiante de doctorat)<\/li>\n<li>Silvana Ferreira (post-doctorante)<\/li>\n<li>Paul Donnelly (\u00e9tudiant de ma\u00eetrise)<\/li>\n<\/ul>\n<p style=\"text-align: justify\"><hr\/><\/p>\n<h2 style=\"text-align: justify\"><strong>Theme<\/strong><\/h2>\n<ul style=\"text-align: justify\">\n<li>Immunology<\/li>\n<\/ul>\n<p style=\"text-align: justify\"><hr\/><\/p>\n<h2 style=\"text-align: justify\"><strong>Research topics<\/strong><\/h2>\n<ul style=\"text-align: justify\">\n<li>The molecular mechanisms of antibody diversification by the mutagenic enzyme Activation induced deaminase in germinal center B cells.<\/li>\n<li>The mechanisms that enforce an equilibrium between the benefits of antibody diversification and its pathogenic side effects.<\/li>\n<li>The dynamics of mutation and survival of B cells in the germinal center that underlie an effective antibody response.<\/li>\n<li>The relevance of DNA repair enzymes during antibody gene diversification their exploitation for possible therapeutic applications.<\/li>\n<li>Characterization of functions catalyzed by novel deaminase enzymes present only in vertebrates.<\/li>\n<\/ul>\n<p style=\"text-align: justify\"><hr\/><\/p>\n<h2 style=\"text-align: justify\"><strong>Publications<\/strong><\/h2>\n<p style=\"text-align: justify\">Safavi S, Larouche A*, Zahn A*, Patenaude A-M, Domanska D, Dionne K, Rognes T, Dingler F, Kang S-K, Liu Y, Johnson N, H\u00e9bert J, Verdun RE, Rada CA, Vega F, Nilsen H,\u00a0<strong>Di Noia JM<\/strong>#. The uracil-DNA glycosylase UNG protects the fitness of normal and cancer B cells expressing AID.\u00a0<a href=\"https:\/\/pubmed.ncbi.nlm.nih.gov\/34316697\/\"><strong>NAR Cancer<\/strong>, 2020, 2(3):zcaa019.\u00a0<\/a><\/p>\n<p style=\"text-align: justify\">Feng Y*, Seija N*,\u00a0<strong>Di Noia JM<\/strong>#, Martin A#. AID in Antibody Diversification: There and Back Again.\u00a0<a href=\"https:\/\/pubmed.ncbi.nlm.nih.gov\/32434680\/\"><strong>Trends Immunol<\/strong>. 2020 Apr 27:S1471-4906(20)30089-2.\u00a0<\/a><\/p>\n<p style=\"text-align: justify\">Litzler LC, Zahn A, Meli AP, H\u00e9bert S, Patenaude A-M, Methot SP, Sprumont A, Bois T, Kitamura D, Constantino C, King IL, Kleinman CL, Richard S, and\u00a0<strong>Di Noia JM<\/strong>#. PRMT5 is essential for B cell development and for the antibody response by regulating germinal center dynamics.\u00a0<a href=\"https:\/\/pubmed.ncbi.nlm.nih.gov\/30604754\/\"><strong>Nat Commun<\/strong>. 2019; 10(1):22.\u00a0<\/a><\/p>\n","protected":false},"excerpt":{"rendered":"<p>Biography Update coming soon Team Astrid Zahn, PhD (research associate and lab manager) P Ganesh Subramani (\u00e9tudiant de doctorat) No\u00e9 Seija (\u00e9tudiant de doctorat) Kiersten Dionne (\u00e9tudiante de doctorat) Jana [&hellip;]<\/p>\n","protected":false},"author":25,"featured_media":0,"parent":11407,"menu_order":0,"comment_status":"closed","ping_status":"closed","template":"","meta":{"footnotes":""},"class_list":["post-7676","page","type-page","status-publish","hentry"],"yoast_head":"<!-- This site is optimized with the Yoast SEO plugin v25.0 - https:\/\/yoast.com\/wordpress\/plugins\/seo\/ -->\n<title>Javier Marcelo Di Noia - D\u00e9partement de microbiologie, infectiologie et immunologie - Universit\u00e9 de Montr\u00e9al<\/title>\n<meta name=\"robots\" content=\"index, follow, max-snippet:-1, max-image-preview:large, max-video-preview:-1\" \/>\n<link rel=\"canonical\" href=\"https:\/\/microbiologie.umontreal.ca\/en\/professeurs-chercheurs\/javier-marcelo-di-noia\/\" \/>\n<meta property=\"og:locale\" content=\"en_US\" \/>\n<meta property=\"og:type\" content=\"article\" \/>\n<meta property=\"og:title\" content=\"Javier Marcelo Di Noia - D\u00e9partement de microbiologie, infectiologie et immunologie - Universit\u00e9 de Montr\u00e9al\" \/>\n<meta property=\"og:description\" content=\"Biography Update coming soon Team Astrid Zahn, PhD (research associate and lab manager) P Ganesh Subramani (\u00e9tudiant de doctorat) No\u00e9 Seija (\u00e9tudiant de doctorat) Kiersten Dionne (\u00e9tudiante de doctorat) Jana [&hellip;]\" \/>\n<meta property=\"og:url\" content=\"https:\/\/microbiologie.umontreal.ca\/en\/professeurs-chercheurs\/javier-marcelo-di-noia\/\" \/>\n<meta property=\"og:site_name\" content=\"D\u00e9partement de microbiologie, infectiologie et immunologie\" \/>\n<meta property=\"article:modified_time\" content=\"2021-08-25T17:52:05+00:00\" \/>\n<meta property=\"og:image\" content=\"https:\/\/microbiologie.umontreal.ca\/wp-content\/uploads\/sites\/12\/Javier-M-Di-Noia-260x300.jpg\" \/>\n<meta name=\"twitter:label1\" content=\"Est. reading time\" \/>\n\t<meta name=\"twitter:data1\" content=\"2 minutes\" \/>\n<script type=\"application\/ld+json\" class=\"yoast-schema-graph\">{\"@context\":\"https:\/\/schema.org\",\"@graph\":[{\"@type\":\"WebPage\",\"@id\":\"https:\/\/microbiologie.umontreal.ca\/en\/professeurs-chercheurs\/javier-marcelo-di-noia\/\",\"url\":\"https:\/\/microbiologie.umontreal.ca\/en\/professeurs-chercheurs\/javier-marcelo-di-noia\/\",\"name\":\"Javier Marcelo Di Noia - D\u00e9partement de microbiologie, infectiologie et immunologie - Universit\u00e9 de Montr\u00e9al\",\"isPartOf\":{\"@id\":\"https:\/\/microbiologie.umontreal.ca\/#website\"},\"primaryImageOfPage\":{\"@id\":\"https:\/\/microbiologie.umontreal.ca\/en\/professeurs-chercheurs\/javier-marcelo-di-noia\/#primaryimage\"},\"image\":{\"@id\":\"https:\/\/microbiologie.umontreal.ca\/en\/professeurs-chercheurs\/javier-marcelo-di-noia\/#primaryimage\"},\"thumbnailUrl\":\"https:\/\/microbiologie.umontreal.ca\/wp-content\/uploads\/sites\/12\/Javier-M-Di-Noia-260x300.jpg\",\"datePublished\":\"2014-07-30T18:38:03+00:00\",\"dateModified\":\"2021-08-25T17:52:05+00:00\",\"breadcrumb\":{\"@id\":\"https:\/\/microbiologie.umontreal.ca\/en\/professeurs-chercheurs\/javier-marcelo-di-noia\/#breadcrumb\"},\"inLanguage\":\"en-US\",\"potentialAction\":[{\"@type\":\"ReadAction\",\"target\":[\"https:\/\/microbiologie.umontreal.ca\/en\/professeurs-chercheurs\/javier-marcelo-di-noia\/\"]}]},{\"@type\":\"ImageObject\",\"inLanguage\":\"en-US\",\"@id\":\"https:\/\/microbiologie.umontreal.ca\/en\/professeurs-chercheurs\/javier-marcelo-di-noia\/#primaryimage\",\"url\":\"https:\/\/microbiologie.umontreal.ca\/wp-content\/uploads\/sites\/12\/Javier-M-Di-Noia-260x300.jpg\",\"contentUrl\":\"https:\/\/microbiologie.umontreal.ca\/wp-content\/uploads\/sites\/12\/Javier-M-Di-Noia-260x300.jpg\"},{\"@type\":\"BreadcrumbList\",\"@id\":\"https:\/\/microbiologie.umontreal.ca\/en\/professeurs-chercheurs\/javier-marcelo-di-noia\/#breadcrumb\",\"itemListElement\":[{\"@type\":\"ListItem\",\"position\":1,\"name\":\"Accueil\",\"item\":\"https:\/\/microbiologie.umontreal.ca\/en\/\"},{\"@type\":\"ListItem\",\"position\":2,\"name\":\"Professeurs-chercheurs\",\"item\":\"https:\/\/microbiologie.umontreal.ca\/en\/professeurs-chercheurs\/\"},{\"@type\":\"ListItem\",\"position\":3,\"name\":\"Javier Marcelo Di Noia\"}]},{\"@type\":\"WebSite\",\"@id\":\"https:\/\/microbiologie.umontreal.ca\/#website\",\"url\":\"https:\/\/microbiologie.umontreal.ca\/\",\"name\":\"D\u00e9partement de microbiologie, infectiologie et immunologie\",\"description\":\"\",\"potentialAction\":[{\"@type\":\"SearchAction\",\"target\":{\"@type\":\"EntryPoint\",\"urlTemplate\":\"https:\/\/microbiologie.umontreal.ca\/?s={search_term_string}\"},\"query-input\":{\"@type\":\"PropertyValueSpecification\",\"valueRequired\":true,\"valueName\":\"search_term_string\"}}],\"inLanguage\":\"en-US\"}]}<\/script>\n<!-- \/ Yoast SEO plugin. -->","yoast_head_json":{"title":"Javier Marcelo Di Noia - D\u00e9partement de microbiologie, infectiologie et immunologie - Universit\u00e9 de Montr\u00e9al","robots":{"index":"index","follow":"follow","max-snippet":"max-snippet:-1","max-image-preview":"max-image-preview:large","max-video-preview":"max-video-preview:-1"},"canonical":"https:\/\/microbiologie.umontreal.ca\/en\/professeurs-chercheurs\/javier-marcelo-di-noia\/","og_locale":"en_US","og_type":"article","og_title":"Javier Marcelo Di Noia - D\u00e9partement de microbiologie, infectiologie et immunologie - Universit\u00e9 de Montr\u00e9al","og_description":"Biography Update coming soon Team Astrid Zahn, PhD (research associate and lab manager) P Ganesh Subramani (\u00e9tudiant de doctorat) No\u00e9 Seija (\u00e9tudiant de doctorat) Kiersten Dionne (\u00e9tudiante de doctorat) Jana [&hellip;]","og_url":"https:\/\/microbiologie.umontreal.ca\/en\/professeurs-chercheurs\/javier-marcelo-di-noia\/","og_site_name":"D\u00e9partement de microbiologie, infectiologie et immunologie","article_modified_time":"2021-08-25T17:52:05+00:00","og_image":[{"url":"https:\/\/microbiologie.umontreal.ca\/wp-content\/uploads\/sites\/12\/Javier-M-Di-Noia-260x300.jpg","type":"","width":"","height":""}],"twitter_misc":{"Est. reading time":"2 minutes"},"schema":{"@context":"https:\/\/schema.org","@graph":[{"@type":"WebPage","@id":"https:\/\/microbiologie.umontreal.ca\/en\/professeurs-chercheurs\/javier-marcelo-di-noia\/","url":"https:\/\/microbiologie.umontreal.ca\/en\/professeurs-chercheurs\/javier-marcelo-di-noia\/","name":"Javier Marcelo Di Noia - D\u00e9partement de microbiologie, infectiologie et immunologie - Universit\u00e9 de Montr\u00e9al","isPartOf":{"@id":"https:\/\/microbiologie.umontreal.ca\/#website"},"primaryImageOfPage":{"@id":"https:\/\/microbiologie.umontreal.ca\/en\/professeurs-chercheurs\/javier-marcelo-di-noia\/#primaryimage"},"image":{"@id":"https:\/\/microbiologie.umontreal.ca\/en\/professeurs-chercheurs\/javier-marcelo-di-noia\/#primaryimage"},"thumbnailUrl":"https:\/\/microbiologie.umontreal.ca\/wp-content\/uploads\/sites\/12\/Javier-M-Di-Noia-260x300.jpg","datePublished":"2014-07-30T18:38:03+00:00","dateModified":"2021-08-25T17:52:05+00:00","breadcrumb":{"@id":"https:\/\/microbiologie.umontreal.ca\/en\/professeurs-chercheurs\/javier-marcelo-di-noia\/#breadcrumb"},"inLanguage":"en-US","potentialAction":[{"@type":"ReadAction","target":["https:\/\/microbiologie.umontreal.ca\/en\/professeurs-chercheurs\/javier-marcelo-di-noia\/"]}]},{"@type":"ImageObject","inLanguage":"en-US","@id":"https:\/\/microbiologie.umontreal.ca\/en\/professeurs-chercheurs\/javier-marcelo-di-noia\/#primaryimage","url":"https:\/\/microbiologie.umontreal.ca\/wp-content\/uploads\/sites\/12\/Javier-M-Di-Noia-260x300.jpg","contentUrl":"https:\/\/microbiologie.umontreal.ca\/wp-content\/uploads\/sites\/12\/Javier-M-Di-Noia-260x300.jpg"},{"@type":"BreadcrumbList","@id":"https:\/\/microbiologie.umontreal.ca\/en\/professeurs-chercheurs\/javier-marcelo-di-noia\/#breadcrumb","itemListElement":[{"@type":"ListItem","position":1,"name":"Accueil","item":"https:\/\/microbiologie.umontreal.ca\/en\/"},{"@type":"ListItem","position":2,"name":"Professeurs-chercheurs","item":"https:\/\/microbiologie.umontreal.ca\/en\/professeurs-chercheurs\/"},{"@type":"ListItem","position":3,"name":"Javier Marcelo Di Noia"}]},{"@type":"WebSite","@id":"https:\/\/microbiologie.umontreal.ca\/#website","url":"https:\/\/microbiologie.umontreal.ca\/","name":"D\u00e9partement de microbiologie, infectiologie et immunologie","description":"","potentialAction":[{"@type":"SearchAction","target":{"@type":"EntryPoint","urlTemplate":"https:\/\/microbiologie.umontreal.ca\/?s={search_term_string}"},"query-input":{"@type":"PropertyValueSpecification","valueRequired":true,"valueName":"search_term_string"}}],"inLanguage":"en-US"}]}},"_links":{"self":[{"href":"https:\/\/microbiologie.umontreal.ca\/en\/wp-json\/wp\/v2\/pages\/7676","targetHints":{"allow":["GET"]}}],"collection":[{"href":"https:\/\/microbiologie.umontreal.ca\/en\/wp-json\/wp\/v2\/pages"}],"about":[{"href":"https:\/\/microbiologie.umontreal.ca\/en\/wp-json\/wp\/v2\/types\/page"}],"author":[{"embeddable":true,"href":"https:\/\/microbiologie.umontreal.ca\/en\/wp-json\/wp\/v2\/users\/25"}],"replies":[{"embeddable":true,"href":"https:\/\/microbiologie.umontreal.ca\/en\/wp-json\/wp\/v2\/comments?post=7676"}],"version-history":[{"count":8,"href":"https:\/\/microbiologie.umontreal.ca\/en\/wp-json\/wp\/v2\/pages\/7676\/revisions"}],"predecessor-version":[{"id":12237,"href":"https:\/\/microbiologie.umontreal.ca\/en\/wp-json\/wp\/v2\/pages\/7676\/revisions\/12237"}],"up":[{"embeddable":true,"href":"https:\/\/microbiologie.umontreal.ca\/en\/wp-json\/wp\/v2\/pages\/11407"}],"wp:attachment":[{"href":"https:\/\/microbiologie.umontreal.ca\/en\/wp-json\/wp\/v2\/media?parent=7676"}],"curies":[{"name":"wp","href":"https:\/\/api.w.org\/{rel}","templated":true}]}}