{"id":7685,"date":"2014-07-30T19:41:57","date_gmt":"2014-07-30T19:41:57","guid":{"rendered":"https:\/\/microbiologie.umontreal.ca\/j-daniel-dubreuil\/"},"modified":"2020-09-24T14:10:05","modified_gmt":"2020-09-24T13:10:05","slug":"j-daniel-dubreuil","status":"publish","type":"page","link":"https:\/\/microbiologie.umontreal.ca\/en\/professeurs-chercheurs\/j-daniel-dubreuil\/","title":{"rendered":"J. Daniel Dubreuil"},"content":{"rendered":"<div  class=\" fiche-chercheur  \">\n<div class=\"img noLightbox\"><\/p>\n<p><img loading=\"lazy\" decoding=\"async\" class=\"alignnone wp-image-3766\" alt=\"Dubreuil J. Daniel\" src=\"https:\/\/microbiologie.umontreal.ca\/wp-content\/uploads\/sites\/12\/Dubreuil-J.-Daniel-recadr\u00e9.jpg.png\" width=\"98\" height=\"147\" \/><\/p>\n<p><\/div>\n<table style=\"width: 392px\">\n<tbody>\n<tr>\n<td style=\"width: 92px\"><strong>Title:<\/strong><\/td>\n<td style=\"width: 308px\">Full time professor (accredited)<\/td>\n<\/tr>\n<tr>\n<td style=\"width: 92px\"><strong>Address:<\/strong><\/td>\n<td style=\"width: 308px\">D\u00e9partement de pathologie et microbiologie<br \/>\nFacult\u00e9 de m\u00e9decine v\u00e9t\u00e9rinaire<br \/>\nUniversit\u00e9 de Montr\u00e9al<br \/>\n1500, av. Des v\u00e9t\u00e9rinaires<br \/>\nSaint-Hyacinthe (Qu\u00e9bec)<br \/>\nJ2S 8H5<\/td>\n<\/tr>\n<tr>\n<td style=\"width: 92px\"><strong>Room:<\/strong><\/td>\n<td style=\"width: 308px\">Office: 3442<br \/>\nLabo: 3127<\/td>\n<\/tr>\n<tr>\n<td style=\"width: 92px\"><strong>Phone:<\/strong><\/td>\n<td style=\"width: 308px\">Office: 450-773-8521 ext.\u00a08433<br \/>\nLabo: 450-773-8521 ext. 8367<\/td>\n<\/tr>\n<tr>\n<td style=\"width: 92px\"><strong>Fax:<\/strong><\/td>\n<td style=\"width: 308px\">450-778-8108<\/td>\n<\/tr>\n<tr>\n<td style=\"width: 92px\"><strong>Email:<\/strong><\/td>\n<td style=\"width: 308px\"><a href=\"mailto:daniel.dubreuil@umontreal.ca\">daniel.dubreuil@umontreal.ca<\/a><\/td>\n<\/tr>\n<tr>\n<td style=\"width: 92px\"><strong>Web site:<\/strong><\/td>\n<td style=\"width: 308px\"><a href=\"http:\/\/www.medvet.umontreal.ca\/gremip\/index.php\/en\/\">My personal web page<\/a><\/td>\n<\/tr>\n<\/tbody>\n<\/table>\n<\/div><br \/>\n<hr\/><\/p>\n<h2 style=\"text-align: justify\"><strong>Biography<\/strong><\/h2>\n<p style=\"text-align: justify\">Dr. Dubreuil received a B.Sc. (Agr.) From Macdonald College (McGill University), a Master&#8217;s degree from the Universit\u00e9 de Montr\u00e9al and a Ph.D. (Department of Microbiology and Immunology, Universit\u00e9 de Montr\u00e9al) &#8216;Institut Armand-Frappier. A first year of postdoctoral study was conducted at the Pasteur Institute of Paris (Antibacterial Agents Unit) and two others in the Department of Biochemistry and Microbiology (Victoria University, British Columbia, Canada). He joined the faculty of the Faculty of Veterinary Medicine at the Universit\u00e9 de Montr\u00e9al in 1988. In June 2001, he was a one-year study and research intern at the Instituto di Ricerche Immunobiologiche Siena-Chiron, A pharmaceutical research center located in Siena, Italy. In this center, he carried out research on the virulence of Helicobacter pylori. He is the author of more than 120 scientific publications, including numerous journals and several book chapters on Escherichia coli toxins. Very involved with the Canadian Society of Microbiologists, he was elected President for the period 2013-2014. Since June 2014, he has been Director of the Department of Pathology and Microbiology of the Faculty of Veterinary Medicine.<br \/>\n<hr\/><\/p>\n<h2 style=\"text-align: justify\"><strong>Team<\/strong><\/h2>\n<p style=\"text-align: justify\">\u00a0<hr\/><\/p>\n<h2 style=\"text-align: justify\"><strong>Theme<\/strong><\/h2>\n<ul style=\"text-align: justify\">\n<li>Bacteriology<\/li>\n<\/ul>\n<p style=\"text-align: justify\"><hr\/><\/p>\n<h2 style=\"text-align: justify\"><strong>Research topics<\/strong><\/h2>\n<ul style=\"text-align: justify\">\n<li>Study of STb enterotoxin produced by Escherichia coli. Internalization pathways of STb. Mechanism of action of the toxin.<\/li>\n<\/ul>\n<ul style=\"text-align: justify\">\n<li>Study of EAST1 toxin produced by E. coli. Study of EAST1 variants in relation to toxicity. Identification, cloning, expression, purification and comparison of the toxicity using the suckling mouse assay and the Ussing chamber.<\/li>\n<\/ul>\n<p style=\"text-align: justify\">\u00a0<hr\/><\/p>\n<h2 style=\"text-align: justify\"><strong>Publications<\/strong><\/h2>\n<ul>\n<li style=\"text-align: justify\">Dubreuil, J.D. (2018). <em>Escherichia coli<\/em> STb enterotoxin: A multifaceted molecule. Toxinology. Microbial toxins. Edited by P. Gopalakrishnakone, A. Alape-Giron, J.D. Dubreuil, M. Mandal and B. Stiles. Springer.<\/li>\n<li style=\"text-align: justify\">Dubreuil J.D.(2017) Enterotoxigenic <em>Escherichia coli<\/em> targeting intestinal epithelial tight junctions: An effective way to alter the barrier integrity. <a href=\"https:\/\/www.ncbi.nlm.nih.gov\/pubmed\/29079214\"><strong>Microbial Pathogenesis<\/strong> <strong>113<\/strong>:129-134<\/a>.<\/li>\n<li style=\"text-align: justify\">Dubreuil J.D. (2017) Enterotoxigenic <em>Escherichia coli<\/em> and probiotics in swine: what the bleep do we know? <a href=\"https:\/\/www.ncbi.nlm.nih.gov\/pubmed\/28785529\"><strong>Bioscience Microbiota Food Health<\/strong>.<strong> 36<\/strong>:75-90<\/a>.<\/li>\n<li style=\"text-align: justify\">Dubreuil J.D., Isaacson R.E., Schifferli D.M. (2016) Animal Enterotoxigenic <em>Escherichia coli<\/em>. <a href=\"https:\/\/www.ncbi.nlm.nih.gov\/pubmed\/27735786\"><strong>EcoSal Plus.<\/strong> 2016 Oct;7(1). Doi\u00a0: 1128\/ecosalplus.ESP-0006-20<\/a>.<\/li>\n<li style=\"text-align: justify\">Dubreuil, J.D. (2015). <em>Escherichia coli<\/em> heat-stable enterotoxins. (Chapter 31). In: The Comprehensive Sourcebook of Bacterial Protein Toxins, 4th edition. Edited by Joseph Alouf, Daniel Ladant and Michel R. Popoff. <strong>Elsevier<\/strong>. p.874-910.<\/li>\n<li>Nassour H. et Dubreuil J.D. (2014) <em>Escherichia coli<\/em> STb enterotoxin dislodges claudin-1 from epithelial tight junctions.\u00a0 <a href=\"https:\/\/www.ncbi.nlm.nih.gov\/pubmed\/25409315\"><strong>PLoS One<\/strong> :e113273. Doi\u00a0:10.1371\/journal.pone.0113273<\/a>.<\/li>\n<li style=\"text-align: justify\">Dubreuil, J.D. (2014). <em>Escherichia coli\/<\/em>Enterotoxigenic <em>E. coli<\/em> (MS385). Carl Batt and Mary-Lou Tortorello (eds.). Encyclopedia of food microbiology- 2nd edition. Elsevier p. 728-734.<\/li>\n<li style=\"text-align: justify\">Ngendahayo Mukiza C. et Dubreuil J.D. (2013) <em>Escherichia coli<\/em> heat-stable toxin b impairs intestinal epithelial barrier function by altering tight junction proteins. <a href=\"http:\/\/www.ncbi.nlm.nih.gov\/pubmed\/23716609\"><strong>Infection and Immunity<\/strong> <strong>81<\/strong>:2819-2827<\/a>.<\/li>\n<li style=\"text-align: justify\">Dubreuil J.D. (2013) Antibacterial and antidiarrheal activities of plant products against enterotoxinogenic <em>Escherichia coli<\/em>. <a href=\"http:\/\/www.ncbi.nlm.nih.gov\/pubmed\/24212181\"><strong>Toxins (Basel)<\/strong>. <strong>5<\/strong>:2009-2041<\/a>.<\/li>\n<\/ul>\n","protected":false},"excerpt":{"rendered":"<p>Biography Dr. Dubreuil received a B.Sc. (Agr.) From Macdonald College (McGill University), a Master&#8217;s degree from the Universit\u00e9 de Montr\u00e9al and a Ph.D. (Department of Microbiology and Immunology, Universit\u00e9 de [&hellip;]<\/p>\n","protected":false},"author":25,"featured_media":0,"parent":11407,"menu_order":0,"comment_status":"closed","ping_status":"closed","template":"","meta":{"footnotes":""},"class_list":["post-7685","page","type-page","status-publish","hentry"],"yoast_head":"<!-- This site is optimized with the Yoast SEO plugin v25.0 - https:\/\/yoast.com\/wordpress\/plugins\/seo\/ -->\n<title>J. Daniel Dubreuil - D\u00e9partement de microbiologie, infectiologie et immunologie - Universit\u00e9 de Montr\u00e9al<\/title>\n<meta name=\"robots\" content=\"index, follow, max-snippet:-1, max-image-preview:large, max-video-preview:-1\" \/>\n<link rel=\"canonical\" href=\"https:\/\/microbiologie.umontreal.ca\/en\/professeurs-chercheurs\/j-daniel-dubreuil\/\" \/>\n<meta property=\"og:locale\" content=\"en_US\" \/>\n<meta property=\"og:type\" content=\"article\" \/>\n<meta property=\"og:title\" content=\"J. Daniel Dubreuil - D\u00e9partement de microbiologie, infectiologie et immunologie - Universit\u00e9 de Montr\u00e9al\" \/>\n<meta property=\"og:description\" content=\"Biography Dr. Dubreuil received a B.Sc. (Agr.) From Macdonald College (McGill University), a Master&#8217;s degree from the Universit\u00e9 de Montr\u00e9al and a Ph.D. (Department of Microbiology and Immunology, Universit\u00e9 de [&hellip;]\" \/>\n<meta property=\"og:url\" content=\"https:\/\/microbiologie.umontreal.ca\/en\/professeurs-chercheurs\/j-daniel-dubreuil\/\" \/>\n<meta property=\"og:site_name\" content=\"D\u00e9partement de microbiologie, infectiologie et immunologie\" \/>\n<meta property=\"article:modified_time\" content=\"2020-09-24T13:10:05+00:00\" \/>\n<meta name=\"twitter:label1\" content=\"Est. reading time\" \/>\n\t<meta name=\"twitter:data1\" content=\"3 minutes\" \/>\n<script type=\"application\/ld+json\" class=\"yoast-schema-graph\">{\"@context\":\"https:\/\/schema.org\",\"@graph\":[{\"@type\":\"WebPage\",\"@id\":\"https:\/\/microbiologie.umontreal.ca\/en\/professeurs-chercheurs\/j-daniel-dubreuil\/\",\"url\":\"https:\/\/microbiologie.umontreal.ca\/en\/professeurs-chercheurs\/j-daniel-dubreuil\/\",\"name\":\"J. Daniel Dubreuil - D\u00e9partement de microbiologie, infectiologie et immunologie - Universit\u00e9 de Montr\u00e9al\",\"isPartOf\":{\"@id\":\"https:\/\/microbiologie.umontreal.ca\/#website\"},\"datePublished\":\"2014-07-30T19:41:57+00:00\",\"dateModified\":\"2020-09-24T13:10:05+00:00\",\"breadcrumb\":{\"@id\":\"https:\/\/microbiologie.umontreal.ca\/en\/professeurs-chercheurs\/j-daniel-dubreuil\/#breadcrumb\"},\"inLanguage\":\"en-US\",\"potentialAction\":[{\"@type\":\"ReadAction\",\"target\":[\"https:\/\/microbiologie.umontreal.ca\/en\/professeurs-chercheurs\/j-daniel-dubreuil\/\"]}]},{\"@type\":\"BreadcrumbList\",\"@id\":\"https:\/\/microbiologie.umontreal.ca\/en\/professeurs-chercheurs\/j-daniel-dubreuil\/#breadcrumb\",\"itemListElement\":[{\"@type\":\"ListItem\",\"position\":1,\"name\":\"Accueil\",\"item\":\"https:\/\/microbiologie.umontreal.ca\/en\/\"},{\"@type\":\"ListItem\",\"position\":2,\"name\":\"Professeurs-chercheurs\",\"item\":\"https:\/\/microbiologie.umontreal.ca\/en\/professeurs-chercheurs\/\"},{\"@type\":\"ListItem\",\"position\":3,\"name\":\"J. Daniel Dubreuil\"}]},{\"@type\":\"WebSite\",\"@id\":\"https:\/\/microbiologie.umontreal.ca\/#website\",\"url\":\"https:\/\/microbiologie.umontreal.ca\/\",\"name\":\"D\u00e9partement de microbiologie, infectiologie et immunologie\",\"description\":\"\",\"potentialAction\":[{\"@type\":\"SearchAction\",\"target\":{\"@type\":\"EntryPoint\",\"urlTemplate\":\"https:\/\/microbiologie.umontreal.ca\/?s={search_term_string}\"},\"query-input\":{\"@type\":\"PropertyValueSpecification\",\"valueRequired\":true,\"valueName\":\"search_term_string\"}}],\"inLanguage\":\"en-US\"}]}<\/script>\n<!-- \/ Yoast SEO plugin. -->","yoast_head_json":{"title":"J. Daniel Dubreuil - D\u00e9partement de microbiologie, infectiologie et immunologie - Universit\u00e9 de Montr\u00e9al","robots":{"index":"index","follow":"follow","max-snippet":"max-snippet:-1","max-image-preview":"max-image-preview:large","max-video-preview":"max-video-preview:-1"},"canonical":"https:\/\/microbiologie.umontreal.ca\/en\/professeurs-chercheurs\/j-daniel-dubreuil\/","og_locale":"en_US","og_type":"article","og_title":"J. Daniel Dubreuil - D\u00e9partement de microbiologie, infectiologie et immunologie - Universit\u00e9 de Montr\u00e9al","og_description":"Biography Dr. Dubreuil received a B.Sc. (Agr.) From Macdonald College (McGill University), a Master&#8217;s degree from the Universit\u00e9 de Montr\u00e9al and a Ph.D. (Department of Microbiology and Immunology, Universit\u00e9 de [&hellip;]","og_url":"https:\/\/microbiologie.umontreal.ca\/en\/professeurs-chercheurs\/j-daniel-dubreuil\/","og_site_name":"D\u00e9partement de microbiologie, infectiologie et immunologie","article_modified_time":"2020-09-24T13:10:05+00:00","twitter_misc":{"Est. reading time":"3 minutes"},"schema":{"@context":"https:\/\/schema.org","@graph":[{"@type":"WebPage","@id":"https:\/\/microbiologie.umontreal.ca\/en\/professeurs-chercheurs\/j-daniel-dubreuil\/","url":"https:\/\/microbiologie.umontreal.ca\/en\/professeurs-chercheurs\/j-daniel-dubreuil\/","name":"J. Daniel Dubreuil - D\u00e9partement de microbiologie, infectiologie et immunologie - Universit\u00e9 de Montr\u00e9al","isPartOf":{"@id":"https:\/\/microbiologie.umontreal.ca\/#website"},"datePublished":"2014-07-30T19:41:57+00:00","dateModified":"2020-09-24T13:10:05+00:00","breadcrumb":{"@id":"https:\/\/microbiologie.umontreal.ca\/en\/professeurs-chercheurs\/j-daniel-dubreuil\/#breadcrumb"},"inLanguage":"en-US","potentialAction":[{"@type":"ReadAction","target":["https:\/\/microbiologie.umontreal.ca\/en\/professeurs-chercheurs\/j-daniel-dubreuil\/"]}]},{"@type":"BreadcrumbList","@id":"https:\/\/microbiologie.umontreal.ca\/en\/professeurs-chercheurs\/j-daniel-dubreuil\/#breadcrumb","itemListElement":[{"@type":"ListItem","position":1,"name":"Accueil","item":"https:\/\/microbiologie.umontreal.ca\/en\/"},{"@type":"ListItem","position":2,"name":"Professeurs-chercheurs","item":"https:\/\/microbiologie.umontreal.ca\/en\/professeurs-chercheurs\/"},{"@type":"ListItem","position":3,"name":"J. Daniel Dubreuil"}]},{"@type":"WebSite","@id":"https:\/\/microbiologie.umontreal.ca\/#website","url":"https:\/\/microbiologie.umontreal.ca\/","name":"D\u00e9partement de microbiologie, infectiologie et immunologie","description":"","potentialAction":[{"@type":"SearchAction","target":{"@type":"EntryPoint","urlTemplate":"https:\/\/microbiologie.umontreal.ca\/?s={search_term_string}"},"query-input":{"@type":"PropertyValueSpecification","valueRequired":true,"valueName":"search_term_string"}}],"inLanguage":"en-US"}]}},"_links":{"self":[{"href":"https:\/\/microbiologie.umontreal.ca\/en\/wp-json\/wp\/v2\/pages\/7685","targetHints":{"allow":["GET"]}}],"collection":[{"href":"https:\/\/microbiologie.umontreal.ca\/en\/wp-json\/wp\/v2\/pages"}],"about":[{"href":"https:\/\/microbiologie.umontreal.ca\/en\/wp-json\/wp\/v2\/types\/page"}],"author":[{"embeddable":true,"href":"https:\/\/microbiologie.umontreal.ca\/en\/wp-json\/wp\/v2\/users\/25"}],"replies":[{"embeddable":true,"href":"https:\/\/microbiologie.umontreal.ca\/en\/wp-json\/wp\/v2\/comments?post=7685"}],"version-history":[{"count":4,"href":"https:\/\/microbiologie.umontreal.ca\/en\/wp-json\/wp\/v2\/pages\/7685\/revisions"}],"predecessor-version":[{"id":10814,"href":"https:\/\/microbiologie.umontreal.ca\/en\/wp-json\/wp\/v2\/pages\/7685\/revisions\/10814"}],"up":[{"embeddable":true,"href":"https:\/\/microbiologie.umontreal.ca\/en\/wp-json\/wp\/v2\/pages\/11407"}],"wp:attachment":[{"href":"https:\/\/microbiologie.umontreal.ca\/en\/wp-json\/wp\/v2\/media?parent=7685"}],"curies":[{"name":"wp","href":"https:\/\/api.w.org\/{rel}","templated":true}]}}