{"id":7693,"date":"2014-09-09T15:21:45","date_gmt":"2014-09-09T15:21:45","guid":{"rendered":"https:\/\/microbiologie.umontreal.ca\/nathalie-grandvaux\/"},"modified":"2018-07-16T16:36:30","modified_gmt":"2018-07-16T15:36:30","slug":"nathalie-grandvaux","status":"publish","type":"page","link":"https:\/\/microbiologie.umontreal.ca\/en\/professeurs-chercheurs\/nathalie-grandvaux\/","title":{"rendered":"Nathalie Grandvaux"},"content":{"rendered":"<div  class=\" fiche-chercheur  \">\n<div class=\"img noLightbox\"><\/p>\n<p><img loading=\"lazy\" decoding=\"async\" src=\"https:\/\/microbiologie.umontreal.ca\/wp-content\/uploads\/sites\/12\/2018\/02\/Photo_Nathalie_Grandvaux.jpg\" alt=\"\" width=\"319\" height=\"414\" class=\"alignnone size-full wp-image-7688\" \/><\/p>\n<p><\/div>\n<table style=\"width: 438px\">\n<tbody>\n<tr>\n<td style=\"width: 91px\"><strong>Title:<\/strong><\/td>\n<td style=\"width: 347px\">Full professor (accredited)<\/td>\n<\/tr>\n<tr>\n<td style=\"width: 91px\"><strong>Address:<\/strong><\/td>\n<td style=\"width: 347px\">D\u00e9partement de biochimie et m\u00e9decine mol\u00e9culaire<br \/>\nCentre de recherche du CHUM (CRCHUM)<br \/>\n900, rue Saint-Denis, Tour Viger, 10<sup>e<\/sup> \u00c9tage<br \/>\nMontreal, H2X 0A9<\/td>\n<\/tr>\n<tr>\n<td style=\"width: 91px\"><strong>Room:<\/strong><\/td>\n<td style=\"width: 347px\">R10.470<\/td>\n<\/tr>\n<tr>\n<td style=\"width: 91px\"><strong>Phone:<\/strong><\/td>\n<td style=\"width: 347px\">514-890-8000, ext. 35292<\/td>\n<\/tr>\n<tr>\n<td style=\"width: 91px\"><strong>Email:<\/strong><\/td>\n<td style=\"width: 347px\"><a href=\"mailto:nathalie.grandvaux@umontreal.ca\">nathalie.grandvaux@umontreal.ca<\/a><\/td>\n<\/tr>\n<tr>\n<td style=\"width: 91px\"><strong>Web site:<\/strong>\u00a0<strong><br \/>\n<\/strong><\/td>\n<td style=\"width: 347px\"><a href=\"http:\/\/nathaliegrandvauxlab.com\">nathaliegrandvauxlab.com<\/a><\/td>\n<\/tr>\n<\/tbody>\n<\/table>\n<\/div>\n<hr\/>\n<h2 style=\"text-align: justify\"><strong>Biography<\/strong><\/h2>\n<p style=\"text-align: justify\">After obtaining an engineering degree and a master degree in Biochemistry from the Institut Nationale Des Sciences Appliqu\u00e9es (INSA) in Lyon, Nathalie Grandvaux finished her doctoral studies in 1999 at the University of Grenoble, where she worked on the role of an enzymatic complex involved in the elimination of bacteria that attack the body. This work gives her the opportunity to approach, from a fundamental point of view, the molecular and structural biology of the mechanisms of the innate immune response. During her postdoctoral studies, (2000-2004), Dr. Grandvaux continued her research on the body&#8217;s innate response, this time in the context of virus infections. These studies, still fundamental in nature, nevertheless have clinical applications since they contributed to the advancement of knowledge, and ultimately to the identification of new therapeutic targets for viral infections. Recruited by the Universit\u00e9 de Montr\u00e9al, at the Department of Biochemistry and at CRCHUM, Dr. Grandvaux continues to study the host&#8217;s defense mechanisms against viral infections, including respiratory viruses. The innate immune response, which constitutes the first line of defense of the organism, also orchestrates the adaptive response which is put in place in a second time. It is therefore essential to unravel the secrets of this primary response to better understand what are the strategies developed by viruses to circumvent the antiviral response and be able to act as early as possible. An original aspect of Dr. Grandvaux&#8217;s research is the study of oxidative metabolism in this response. Dr. Grandvaux&#8217;s research has, over the last ten years, shown that, at the level of respiratory mucosa, oxygen derivatives (often considered harmful to the body) are necessary to establish an appropriate defense. The ongoing work of Dr. Grandvaux&#8217;s group is to determine how these mechanisms can be used in therapeutic strategies.<\/p>\n<p style=\"text-align: justify\"><hr\/><\/p>\n<h2 style=\"text-align: justify\"><strong>Team<\/strong><\/h2>\n<ul style=\"text-align: justify\">\n<li>Esp\u00e9rance Mukawera, research assistant<\/li>\n<li>Audray Fortin, research assistant<\/li>\n<li>Elise Caron, research assistant<\/li>\n<li>Quentin Osseman, post-doctoral researcher<\/li>\n<li>Dacquin Kasumba, post-doctoral researcher<\/li>\n<li>Natalia Zamorano, PhD student<\/li>\n<li>Alex Harrison, MSc student<\/li>\n<li>Layla Dehbidi, undergraduate (honor) student<\/li>\n<\/ul>\n<p style=\"text-align: justify\"><hr\/><\/p>\n<h2 style=\"text-align: justify\"><strong>Theme<\/strong><\/h2>\n<p style=\"text-align: justify\">Virus \/ host interaction: Study of the mechanisms of autonomous cellular antiviral response. <hr\/><\/p>\n<h2 style=\"text-align: justify\"><strong>Research topics<\/strong><\/h2>\n<ul style=\"text-align: justify\">\n<li>Role of oxidative metabolism in the regulation of the antiviral response to respiratory viruses<\/li>\n<li>Study of the mechanisms used by Respiratory Syncytial Virus (RSV) to escape the antiviral response<\/li>\n<li>Role of autophagy in respiratory syncytial virus (RSV) replication<\/li>\n<li>Synergism between Interferon \u03b2 and TNF: mechanisms and impact on antiviral and immunoregulatory responses<\/li>\n<\/ul>\n<p style=\"text-align: justify\"><hr\/><\/p>\n<h2 style=\"text-align: justify\"><strong>Publications<\/strong><\/h2>\n<ul style=\"text-align: justify\">\n<li>N. Zamorano Cuervo, Quentin Osseman and N. Grandvaux (2018) Analysis of whole cell extracts distinguishes distinct polymerization states of MAVS during virus infection. <a href=\"https:\/\/www.ncbi.nlm.nih.gov\/pubmed\/?term=Zamorano+Quentin+Grandvaux\"><strong>Viruses <\/strong>10(2): 56<\/a><\/li>\n<\/ul>\n<ul style=\"text-align: justify\">\n<li>S. Rengachari, S. Groiss, J. Devos, E. Caron, N. Grandvaux and D. Panne (2018) The structure of IRF9 transactivation domain reveals molecular insights into ISGF3 assembly. <a href=\"https:\/\/www.ncbi.nlm.nih.gov\/pubmed\/?term=Rengachari%2C+Caron%2C+Grandvaux\"><strong><em>PNAS.<\/em><\/strong> pii: 201718426<\/a><\/li>\n<\/ul>\n<ul style=\"text-align: justify\">\n<li>C. Robitaille, E. Caron, N. Zucchini, E. Mukawera, D. Adam, M. Mariani, A. G\u00e9linas, A. Fortin, e. Brochiero and N. Grandvaux (2017) DUSP1 regulates apoptosis and cell migration, but not the JIP1-protected cytokine response, during Respiratory Syncytial Virus and Sendai Virus infection.<a href=\"https:\/\/www.ncbi.nlm.nih.gov\/pubmed\/?term=Robitaille%2C+E.+Caron+Grandvaux\"><strong> Sci. Rep.<\/strong>7(1):17388<\/a>.<\/li>\n<\/ul>\n<ul style=\"text-align: justify\">\n<li>Fink, L. Martin, E. Mukawera, S. Chartier, X. De Deken, E. Brochiero, F. Miot and N. Grandvaux (2013). IFN\u03b2\/TNF\u03b1 synergism induces a non-canonical STAT2\/IRF9-dependent pathway triggering a novel DUOX2 NADPH Oxidase-mediated airway antiviral response. <a href=\"https:\/\/www.ncbi.nlm.nih.gov\/pubmed\/?term=Fink%2C+L.+Martin%2C+E.+Mukawera\"><strong>Cell Res.<\/strong> 23(5):673-690<\/a>.<\/li>\n<\/ul>\n<ul>\n<li style=\"text-align: justify\">A. Soucy-Faulkner, E. Mukawera, K. Fink, A. Martel, L. Jouan, Y. Nzengue, D. Lamarre, C. Vande Velde and N. Grandvaux (2010). Requirement of NOX2 and Reactive Oxygen Species for efficient RIG-I-mediated antiviral response through regulation of MAVS expression. <a href=\"https:\/\/www.ncbi.nlm.nih.gov\/pubmed\/20532218\"><strong>PLoS Pathog.<\/strong> Jun 3;6(6):e1000930<\/a>.<\/li>\n<\/ul>\n","protected":false},"excerpt":{"rendered":"<p>Biography After obtaining an engineering degree and a master degree in Biochemistry from the Institut Nationale Des Sciences Appliqu\u00e9es (INSA) in Lyon, Nathalie Grandvaux finished her doctoral studies in 1999 [&hellip;]<\/p>\n","protected":false},"author":26,"featured_media":0,"parent":11407,"menu_order":0,"comment_status":"closed","ping_status":"closed","template":"","meta":{"footnotes":""},"class_list":["post-7693","page","type-page","status-publish","hentry"],"yoast_head":"<!-- This site is optimized with the Yoast SEO plugin v25.0 - https:\/\/yoast.com\/wordpress\/plugins\/seo\/ -->\n<title>Nathalie Grandvaux - D\u00e9partement de microbiologie, infectiologie et immunologie - Universit\u00e9 de Montr\u00e9al<\/title>\n<meta name=\"robots\" content=\"index, follow, max-snippet:-1, max-image-preview:large, max-video-preview:-1\" \/>\n<link rel=\"canonical\" href=\"https:\/\/microbiologie.umontreal.ca\/en\/professeurs-chercheurs\/nathalie-grandvaux\/\" \/>\n<meta property=\"og:locale\" content=\"en_US\" \/>\n<meta property=\"og:type\" content=\"article\" \/>\n<meta property=\"og:title\" content=\"Nathalie Grandvaux - D\u00e9partement de microbiologie, infectiologie et immunologie - Universit\u00e9 de Montr\u00e9al\" \/>\n<meta property=\"og:description\" content=\"Biography After obtaining an engineering degree and a master degree in Biochemistry from the Institut Nationale Des Sciences Appliqu\u00e9es (INSA) in Lyon, Nathalie Grandvaux finished her doctoral studies in 1999 [&hellip;]\" \/>\n<meta property=\"og:url\" content=\"https:\/\/microbiologie.umontreal.ca\/en\/professeurs-chercheurs\/nathalie-grandvaux\/\" \/>\n<meta property=\"og:site_name\" content=\"D\u00e9partement de microbiologie, infectiologie et immunologie\" \/>\n<meta property=\"article:modified_time\" content=\"2018-07-16T15:36:30+00:00\" \/>\n<meta property=\"og:image\" content=\"https:\/\/microbiologie.umontreal.ca\/wp-content\/uploads\/sites\/12\/2018\/02\/Photo_Nathalie_Grandvaux.jpg\" \/>\n<meta name=\"twitter:label1\" content=\"Est. reading time\" \/>\n\t<meta name=\"twitter:data1\" content=\"3 minutes\" \/>\n<script type=\"application\/ld+json\" class=\"yoast-schema-graph\">{\"@context\":\"https:\/\/schema.org\",\"@graph\":[{\"@type\":\"WebPage\",\"@id\":\"https:\/\/microbiologie.umontreal.ca\/en\/professeurs-chercheurs\/nathalie-grandvaux\/\",\"url\":\"https:\/\/microbiologie.umontreal.ca\/en\/professeurs-chercheurs\/nathalie-grandvaux\/\",\"name\":\"Nathalie Grandvaux - D\u00e9partement de microbiologie, infectiologie et immunologie - Universit\u00e9 de Montr\u00e9al\",\"isPartOf\":{\"@id\":\"https:\/\/microbiologie.umontreal.ca\/#website\"},\"primaryImageOfPage\":{\"@id\":\"https:\/\/microbiologie.umontreal.ca\/en\/professeurs-chercheurs\/nathalie-grandvaux\/#primaryimage\"},\"image\":{\"@id\":\"https:\/\/microbiologie.umontreal.ca\/en\/professeurs-chercheurs\/nathalie-grandvaux\/#primaryimage\"},\"thumbnailUrl\":\"https:\/\/microbiologie.umontreal.ca\/wp-content\/uploads\/sites\/12\/2018\/02\/Photo_Nathalie_Grandvaux.jpg\",\"datePublished\":\"2014-09-09T15:21:45+00:00\",\"dateModified\":\"2018-07-16T15:36:30+00:00\",\"breadcrumb\":{\"@id\":\"https:\/\/microbiologie.umontreal.ca\/en\/professeurs-chercheurs\/nathalie-grandvaux\/#breadcrumb\"},\"inLanguage\":\"en-US\",\"potentialAction\":[{\"@type\":\"ReadAction\",\"target\":[\"https:\/\/microbiologie.umontreal.ca\/en\/professeurs-chercheurs\/nathalie-grandvaux\/\"]}]},{\"@type\":\"ImageObject\",\"inLanguage\":\"en-US\",\"@id\":\"https:\/\/microbiologie.umontreal.ca\/en\/professeurs-chercheurs\/nathalie-grandvaux\/#primaryimage\",\"url\":\"https:\/\/microbiologie.umontreal.ca\/wp-content\/uploads\/sites\/12\/2018\/02\/Photo_Nathalie_Grandvaux.jpg\",\"contentUrl\":\"https:\/\/microbiologie.umontreal.ca\/wp-content\/uploads\/sites\/12\/2018\/02\/Photo_Nathalie_Grandvaux.jpg\"},{\"@type\":\"BreadcrumbList\",\"@id\":\"https:\/\/microbiologie.umontreal.ca\/en\/professeurs-chercheurs\/nathalie-grandvaux\/#breadcrumb\",\"itemListElement\":[{\"@type\":\"ListItem\",\"position\":1,\"name\":\"Accueil\",\"item\":\"https:\/\/microbiologie.umontreal.ca\/en\/\"},{\"@type\":\"ListItem\",\"position\":2,\"name\":\"Professeurs-chercheurs\",\"item\":\"https:\/\/microbiologie.umontreal.ca\/en\/professeurs-chercheurs\/\"},{\"@type\":\"ListItem\",\"position\":3,\"name\":\"Nathalie Grandvaux\"}]},{\"@type\":\"WebSite\",\"@id\":\"https:\/\/microbiologie.umontreal.ca\/#website\",\"url\":\"https:\/\/microbiologie.umontreal.ca\/\",\"name\":\"D\u00e9partement de microbiologie, infectiologie et immunologie\",\"description\":\"\",\"potentialAction\":[{\"@type\":\"SearchAction\",\"target\":{\"@type\":\"EntryPoint\",\"urlTemplate\":\"https:\/\/microbiologie.umontreal.ca\/?s={search_term_string}\"},\"query-input\":{\"@type\":\"PropertyValueSpecification\",\"valueRequired\":true,\"valueName\":\"search_term_string\"}}],\"inLanguage\":\"en-US\"}]}<\/script>\n<!-- \/ Yoast SEO plugin. -->","yoast_head_json":{"title":"Nathalie Grandvaux - D\u00e9partement de microbiologie, infectiologie et immunologie - Universit\u00e9 de Montr\u00e9al","robots":{"index":"index","follow":"follow","max-snippet":"max-snippet:-1","max-image-preview":"max-image-preview:large","max-video-preview":"max-video-preview:-1"},"canonical":"https:\/\/microbiologie.umontreal.ca\/en\/professeurs-chercheurs\/nathalie-grandvaux\/","og_locale":"en_US","og_type":"article","og_title":"Nathalie Grandvaux - D\u00e9partement de microbiologie, infectiologie et immunologie - Universit\u00e9 de Montr\u00e9al","og_description":"Biography After obtaining an engineering degree and a master degree in Biochemistry from the Institut Nationale Des Sciences Appliqu\u00e9es (INSA) in Lyon, Nathalie Grandvaux finished her doctoral studies in 1999 [&hellip;]","og_url":"https:\/\/microbiologie.umontreal.ca\/en\/professeurs-chercheurs\/nathalie-grandvaux\/","og_site_name":"D\u00e9partement de microbiologie, infectiologie et immunologie","article_modified_time":"2018-07-16T15:36:30+00:00","og_image":[{"url":"https:\/\/microbiologie.umontreal.ca\/wp-content\/uploads\/sites\/12\/2018\/02\/Photo_Nathalie_Grandvaux.jpg","type":"","width":"","height":""}],"twitter_misc":{"Est. reading time":"3 minutes"},"schema":{"@context":"https:\/\/schema.org","@graph":[{"@type":"WebPage","@id":"https:\/\/microbiologie.umontreal.ca\/en\/professeurs-chercheurs\/nathalie-grandvaux\/","url":"https:\/\/microbiologie.umontreal.ca\/en\/professeurs-chercheurs\/nathalie-grandvaux\/","name":"Nathalie Grandvaux - D\u00e9partement de microbiologie, infectiologie et immunologie - Universit\u00e9 de Montr\u00e9al","isPartOf":{"@id":"https:\/\/microbiologie.umontreal.ca\/#website"},"primaryImageOfPage":{"@id":"https:\/\/microbiologie.umontreal.ca\/en\/professeurs-chercheurs\/nathalie-grandvaux\/#primaryimage"},"image":{"@id":"https:\/\/microbiologie.umontreal.ca\/en\/professeurs-chercheurs\/nathalie-grandvaux\/#primaryimage"},"thumbnailUrl":"https:\/\/microbiologie.umontreal.ca\/wp-content\/uploads\/sites\/12\/2018\/02\/Photo_Nathalie_Grandvaux.jpg","datePublished":"2014-09-09T15:21:45+00:00","dateModified":"2018-07-16T15:36:30+00:00","breadcrumb":{"@id":"https:\/\/microbiologie.umontreal.ca\/en\/professeurs-chercheurs\/nathalie-grandvaux\/#breadcrumb"},"inLanguage":"en-US","potentialAction":[{"@type":"ReadAction","target":["https:\/\/microbiologie.umontreal.ca\/en\/professeurs-chercheurs\/nathalie-grandvaux\/"]}]},{"@type":"ImageObject","inLanguage":"en-US","@id":"https:\/\/microbiologie.umontreal.ca\/en\/professeurs-chercheurs\/nathalie-grandvaux\/#primaryimage","url":"https:\/\/microbiologie.umontreal.ca\/wp-content\/uploads\/sites\/12\/2018\/02\/Photo_Nathalie_Grandvaux.jpg","contentUrl":"https:\/\/microbiologie.umontreal.ca\/wp-content\/uploads\/sites\/12\/2018\/02\/Photo_Nathalie_Grandvaux.jpg"},{"@type":"BreadcrumbList","@id":"https:\/\/microbiologie.umontreal.ca\/en\/professeurs-chercheurs\/nathalie-grandvaux\/#breadcrumb","itemListElement":[{"@type":"ListItem","position":1,"name":"Accueil","item":"https:\/\/microbiologie.umontreal.ca\/en\/"},{"@type":"ListItem","position":2,"name":"Professeurs-chercheurs","item":"https:\/\/microbiologie.umontreal.ca\/en\/professeurs-chercheurs\/"},{"@type":"ListItem","position":3,"name":"Nathalie Grandvaux"}]},{"@type":"WebSite","@id":"https:\/\/microbiologie.umontreal.ca\/#website","url":"https:\/\/microbiologie.umontreal.ca\/","name":"D\u00e9partement de microbiologie, infectiologie et immunologie","description":"","potentialAction":[{"@type":"SearchAction","target":{"@type":"EntryPoint","urlTemplate":"https:\/\/microbiologie.umontreal.ca\/?s={search_term_string}"},"query-input":{"@type":"PropertyValueSpecification","valueRequired":true,"valueName":"search_term_string"}}],"inLanguage":"en-US"}]}},"_links":{"self":[{"href":"https:\/\/microbiologie.umontreal.ca\/en\/wp-json\/wp\/v2\/pages\/7693","targetHints":{"allow":["GET"]}}],"collection":[{"href":"https:\/\/microbiologie.umontreal.ca\/en\/wp-json\/wp\/v2\/pages"}],"about":[{"href":"https:\/\/microbiologie.umontreal.ca\/en\/wp-json\/wp\/v2\/types\/page"}],"author":[{"embeddable":true,"href":"https:\/\/microbiologie.umontreal.ca\/en\/wp-json\/wp\/v2\/users\/26"}],"replies":[{"embeddable":true,"href":"https:\/\/microbiologie.umontreal.ca\/en\/wp-json\/wp\/v2\/comments?post=7693"}],"version-history":[{"count":15,"href":"https:\/\/microbiologie.umontreal.ca\/en\/wp-json\/wp\/v2\/pages\/7693\/revisions"}],"predecessor-version":[{"id":8740,"href":"https:\/\/microbiologie.umontreal.ca\/en\/wp-json\/wp\/v2\/pages\/7693\/revisions\/8740"}],"up":[{"embeddable":true,"href":"https:\/\/microbiologie.umontreal.ca\/en\/wp-json\/wp\/v2\/pages\/11407"}],"wp:attachment":[{"href":"https:\/\/microbiologie.umontreal.ca\/en\/wp-json\/wp\/v2\/media?parent=7693"}],"curies":[{"name":"wp","href":"https:\/\/api.w.org\/{rel}","templated":true}]}}