{"id":7709,"date":"2014-07-31T17:50:19","date_gmt":"2014-07-31T17:50:19","guid":{"rendered":"https:\/\/microbiologie.umontreal.ca\/mario-jacques\/"},"modified":"2018-07-16T18:16:13","modified_gmt":"2018-07-16T17:16:13","slug":"mario-jacques","status":"publish","type":"page","link":"https:\/\/microbiologie.umontreal.ca\/en\/professeurs-chercheurs\/mario-jacques\/","title":{"rendered":"Mario Jacques"},"content":{"rendered":"<div  class=\" fiche-chercheur  \">\n<div class=\"img noLightbox\"><\/p>\n<p><img loading=\"lazy\" decoding=\"async\" class=\"alignnone wp-image-3054 size-full\" alt=\"\" src=\"https:\/\/microbiologie.umontreal.ca\/wp-content\/uploads\/sites\/12\/mario-jacques.jpg\" width=\"100\" height=\"150\" \/><\/p>\n<p><\/div>\n<table style=\"height: 274px\">\n<tbody>\n<tr style=\"height: 24px\">\n<td style=\"width: 81px;height: 24px\"><strong>Title:<\/strong><\/td>\n<td style=\"width: 347px;height: 24px\">Full time professor (accredited)<\/td>\n<\/tr>\n<tr style=\"height: 120px\">\n<td style=\"width: 81px;height: 120px\"><strong>Address:<\/strong><\/td>\n<td style=\"width: 347px;height: 120px\">D\u00e9partement de pathologie et microbiologie<br \/>\nFacult\u00e9 de m\u00e9decine v\u00e9t\u00e9rinaire<br \/>\nCampus de Saint-Hyacinthe<br \/>\n3200, rue Sicotte<br \/>\nSaint-Hyacinthe (Qu\u00e9bec)<br \/>\nJ2S 2M2<\/td>\n<\/tr>\n<tr style=\"height: 24px\">\n<td style=\"width: 81px;height: 10px\"><strong>Local:<\/strong><\/td>\n<td style=\"width: 347px;height: 10px\">3911<\/td>\n<\/tr>\n<tr style=\"height: 24px\">\n<td style=\"width: 81px;height: 24px\"><strong>Phone:<\/strong><\/td>\n<td style=\"width: 347px;height: 24px\">450 773-8521 or 514\u00a0343-6111, ext. 8348<\/td>\n<\/tr>\n<tr style=\"height: 24px\">\n<td style=\"width: 81px;height: 24px\"><strong>Fax:<\/strong><\/td>\n<td style=\"width: 347px;height: 24px\">450 778-8108<\/td>\n<\/tr>\n<tr style=\"height: 24px\">\n<td style=\"width: 81px;height: 24px\"><strong>Email:<\/strong><\/td>\n<td style=\"width: 347px;height: 24px\"><a href=\"mailto:mario.jacques@umontreal.ca\">mario.jacques@umontreal.ca<\/a><\/td>\n<\/tr>\n<tr style=\"height: 48px\">\n<td style=\"width: 81px;height: 48px\"><strong>Web site:<\/strong><\/td>\n<td style=\"width: 347px;height: 48px\"><a href=\"http:\/\/www.medvet.umontreal.ca\/departements\/Patho_micro\/professeurs\/mjacques.htm\">My personal web page<\/a><\/td>\n<\/tr>\n<\/tbody>\n<\/table>\n<\/div><br \/>\n<hr\/><\/p>\n<h2 style=\"text-align: justify\"><strong>Biography<\/strong><\/h2>\n<p style=\"text-align: justify\">After obtaining a doctorate in microbiology from the University of Montreal under the direction of J. de Repentigny and P. Turgeon, Mario Jacques completed post-doctoral studies at the University of Calgary in the J.W. Costerton laboratory. In 1985 he was hired as an assistant researcher in the Department of Pathology and Microbiology at the Faculty of Veterinary Medicine at the Universit\u00e9 de Montr\u00e9al. He is currently a full professor in this department and director of the strategic research cluster on optimal milk quality (Op+Lait). His research focuses on the study of virulence factors involved in colonization and in the formation of biofilms by pathogenic bacteria.<\/p>\n<p style=\"text-align: justify\"><hr\/><\/p>\n<h2 style=\"text-align: justify\"><strong>Team<\/strong><\/h2>\n<ul style=\"text-align: justify\">\n<li>Coralie Goetz, Ph.D. student<\/li>\n<li>Ibtissem Doghri, postdoctoral fellow<\/li>\n<li>Jos\u00e9e Labrie, M.Sc. (Op+Lait research cluster manager)<\/li>\n<\/ul>\n<p style=\"text-align: justify\"><hr\/><\/p>\n<h2 style=\"text-align: justify\"><strong>Theme<\/strong><\/h2>\n<ul style=\"text-align: justify\">\n<li>Bacteriology<\/li>\n<\/ul>\n<p style=\"text-align: justify\"><hr\/><\/p>\n<h2 style=\"text-align: justify\"><strong>Research topics<\/strong><\/h2>\n<ul style=\"text-align: justify\">\n<li>Formation of biofilms by pathogenic bacteria<\/li>\n<li>Characterization of &#8220;antibiofilm&#8221; molecules<\/li>\n<li><em>In vitro<\/em> study of mixed bacterial-virus infections<\/li>\n<\/ul>\n<p style=\"text-align: justify\"><hr\/><\/p>\n<h2 style=\"text-align: justify\"><strong>Publications<\/strong><\/h2>\n<ul>\n<li style=\"text-align: justify\">Gaudreau, A.M., J. Labrie, C. Goetz, S. Dufour, and M. Jacques. 2018. Evaluation of MALDI-TOF mass spectrometry for the identification of bacteria growing as biofilms. <a href=\"https:\/\/www.ncbi.nlm.nih.gov\/pubmed\/29331241\"><strong>Journal of Microbiological Methods<\/strong> 145:79-81<\/a>.<\/li>\n<li style=\"text-align: justify\">Hernandez Reyes, Y., C. Provost, C.K. Traesel, M. Jacques, and C.A. Gagnon. 2018. <em>Actinobacillus pleuropneumoniae<\/em> culture supernatant antiviral effect against porcine reproductive and respiratory syndrome virus occurs prior to the viral genome replication and transcription through actin depolymerization. <a href=\"https:\/\/www.ncbi.nlm.nih.gov\/pubmed\/29293082\"><strong>Journal of Medical Microbiology<\/strong> 67:249-264<\/a>.<\/li>\n<li style=\"text-align: justify\">Sicard, J.-F., G. Le Bihan, P. Vogeleer, M. Jacques, and J. Harel. 2017. Interactions of intestinal bacteria with components of the intestinal mucus. <a href=\"https:\/\/www.ncbi.nlm.nih.gov\/pubmed\/28929087\"><strong>Frontiers in Cellular and Infection Microbiology<\/strong> 7: 387<\/a>.<\/li>\n<li style=\"text-align: justify\">Goetz, C., Y.D.N. Tremblay, D. Lamarche, A. Blondeau, A.M. Gaudreau, J. Labrie, F. Malouin, and M. Jacques. Coagulase-negative staphylococci species affect biofilm formation of other coagulase-negative and coagulase-positive staphylococci. <a href=\"https:\/\/www.ncbi.nlm.nih.gov\/pubmed\/28624271\"><strong>Journal of Dairy Science<\/strong> 100: 6454-6464<\/a>.<\/li>\n<li style=\"text-align: justify\">Tremblay, Y.D.N., J. Labrie, S. Ch\u00e9nier, and M. Jacques. <em>Actinobacillus pleuropneumoniae <\/em>grows as aggregates in the lung of pigs: Is it time to refine our<em> in vitro <\/em>biofilm assays? <a href=\"https:\/\/www.ncbi.nlm.nih.gov\/pubmed\/27790837\"><strong>Microbial Biotechnology<\/strong> 10: 756-760<\/a>.<\/li>\n<\/ul>\n","protected":false},"excerpt":{"rendered":"<p>Biography After obtaining a doctorate in microbiology from the University of Montreal under the direction of J. de Repentigny and P. Turgeon, Mario Jacques completed post-doctoral studies at the University [&hellip;]<\/p>\n","protected":false},"author":25,"featured_media":0,"parent":11407,"menu_order":0,"comment_status":"closed","ping_status":"closed","template":"","meta":{"footnotes":""},"class_list":["post-7709","page","type-page","status-publish","hentry"],"yoast_head":"<!-- This site is optimized with the Yoast SEO plugin v25.0 - https:\/\/yoast.com\/wordpress\/plugins\/seo\/ -->\n<title>Mario Jacques - D\u00e9partement de microbiologie, infectiologie et immunologie - Universit\u00e9 de Montr\u00e9al<\/title>\n<meta name=\"robots\" content=\"index, follow, max-snippet:-1, max-image-preview:large, max-video-preview:-1\" \/>\n<link rel=\"canonical\" href=\"https:\/\/microbiologie.umontreal.ca\/en\/professeurs-chercheurs\/mario-jacques\/\" \/>\n<meta property=\"og:locale\" content=\"en_US\" \/>\n<meta property=\"og:type\" content=\"article\" \/>\n<meta property=\"og:title\" content=\"Mario Jacques - D\u00e9partement de microbiologie, infectiologie et immunologie - Universit\u00e9 de Montr\u00e9al\" \/>\n<meta property=\"og:description\" content=\"Biography After obtaining a doctorate in microbiology from the University of Montreal under the direction of J. de Repentigny and P. Turgeon, Mario Jacques completed post-doctoral studies at the University [&hellip;]\" \/>\n<meta property=\"og:url\" content=\"https:\/\/microbiologie.umontreal.ca\/en\/professeurs-chercheurs\/mario-jacques\/\" \/>\n<meta property=\"og:site_name\" content=\"D\u00e9partement de microbiologie, infectiologie et immunologie\" \/>\n<meta property=\"article:modified_time\" content=\"2018-07-16T17:16:13+00:00\" \/>\n<meta property=\"og:image\" content=\"https:\/\/microbiologie.umontreal.ca\/wp-content\/uploads\/sites\/12\/mario-jacques.jpg\" \/>\n<meta name=\"twitter:label1\" content=\"Est. reading time\" \/>\n\t<meta name=\"twitter:data1\" content=\"2 minutes\" \/>\n<script type=\"application\/ld+json\" class=\"yoast-schema-graph\">{\"@context\":\"https:\/\/schema.org\",\"@graph\":[{\"@type\":\"WebPage\",\"@id\":\"https:\/\/microbiologie.umontreal.ca\/en\/professeurs-chercheurs\/mario-jacques\/\",\"url\":\"https:\/\/microbiologie.umontreal.ca\/en\/professeurs-chercheurs\/mario-jacques\/\",\"name\":\"Mario Jacques - D\u00e9partement de microbiologie, infectiologie et immunologie - Universit\u00e9 de Montr\u00e9al\",\"isPartOf\":{\"@id\":\"https:\/\/microbiologie.umontreal.ca\/#website\"},\"primaryImageOfPage\":{\"@id\":\"https:\/\/microbiologie.umontreal.ca\/en\/professeurs-chercheurs\/mario-jacques\/#primaryimage\"},\"image\":{\"@id\":\"https:\/\/microbiologie.umontreal.ca\/en\/professeurs-chercheurs\/mario-jacques\/#primaryimage\"},\"thumbnailUrl\":\"https:\/\/microbiologie.umontreal.ca\/wp-content\/uploads\/sites\/12\/mario-jacques.jpg\",\"datePublished\":\"2014-07-31T17:50:19+00:00\",\"dateModified\":\"2018-07-16T17:16:13+00:00\",\"breadcrumb\":{\"@id\":\"https:\/\/microbiologie.umontreal.ca\/en\/professeurs-chercheurs\/mario-jacques\/#breadcrumb\"},\"inLanguage\":\"en-US\",\"potentialAction\":[{\"@type\":\"ReadAction\",\"target\":[\"https:\/\/microbiologie.umontreal.ca\/en\/professeurs-chercheurs\/mario-jacques\/\"]}]},{\"@type\":\"ImageObject\",\"inLanguage\":\"en-US\",\"@id\":\"https:\/\/microbiologie.umontreal.ca\/en\/professeurs-chercheurs\/mario-jacques\/#primaryimage\",\"url\":\"https:\/\/microbiologie.umontreal.ca\/wp-content\/uploads\/sites\/12\/mario-jacques.jpg\",\"contentUrl\":\"https:\/\/microbiologie.umontreal.ca\/wp-content\/uploads\/sites\/12\/mario-jacques.jpg\"},{\"@type\":\"BreadcrumbList\",\"@id\":\"https:\/\/microbiologie.umontreal.ca\/en\/professeurs-chercheurs\/mario-jacques\/#breadcrumb\",\"itemListElement\":[{\"@type\":\"ListItem\",\"position\":1,\"name\":\"Accueil\",\"item\":\"https:\/\/microbiologie.umontreal.ca\/en\/\"},{\"@type\":\"ListItem\",\"position\":2,\"name\":\"Professeurs-chercheurs\",\"item\":\"https:\/\/microbiologie.umontreal.ca\/en\/professeurs-chercheurs\/\"},{\"@type\":\"ListItem\",\"position\":3,\"name\":\"Mario Jacques\"}]},{\"@type\":\"WebSite\",\"@id\":\"https:\/\/microbiologie.umontreal.ca\/#website\",\"url\":\"https:\/\/microbiologie.umontreal.ca\/\",\"name\":\"D\u00e9partement de microbiologie, infectiologie et immunologie\",\"description\":\"\",\"potentialAction\":[{\"@type\":\"SearchAction\",\"target\":{\"@type\":\"EntryPoint\",\"urlTemplate\":\"https:\/\/microbiologie.umontreal.ca\/?s={search_term_string}\"},\"query-input\":{\"@type\":\"PropertyValueSpecification\",\"valueRequired\":true,\"valueName\":\"search_term_string\"}}],\"inLanguage\":\"en-US\"}]}<\/script>\n<!-- \/ Yoast SEO plugin. -->","yoast_head_json":{"title":"Mario Jacques - D\u00e9partement de microbiologie, infectiologie et immunologie - Universit\u00e9 de Montr\u00e9al","robots":{"index":"index","follow":"follow","max-snippet":"max-snippet:-1","max-image-preview":"max-image-preview:large","max-video-preview":"max-video-preview:-1"},"canonical":"https:\/\/microbiologie.umontreal.ca\/en\/professeurs-chercheurs\/mario-jacques\/","og_locale":"en_US","og_type":"article","og_title":"Mario Jacques - D\u00e9partement de microbiologie, infectiologie et immunologie - Universit\u00e9 de Montr\u00e9al","og_description":"Biography After obtaining a doctorate in microbiology from the University of Montreal under the direction of J. de Repentigny and P. Turgeon, Mario Jacques completed post-doctoral studies at the University [&hellip;]","og_url":"https:\/\/microbiologie.umontreal.ca\/en\/professeurs-chercheurs\/mario-jacques\/","og_site_name":"D\u00e9partement de microbiologie, infectiologie et immunologie","article_modified_time":"2018-07-16T17:16:13+00:00","og_image":[{"url":"https:\/\/microbiologie.umontreal.ca\/wp-content\/uploads\/sites\/12\/mario-jacques.jpg","type":"","width":"","height":""}],"twitter_misc":{"Est. reading time":"2 minutes"},"schema":{"@context":"https:\/\/schema.org","@graph":[{"@type":"WebPage","@id":"https:\/\/microbiologie.umontreal.ca\/en\/professeurs-chercheurs\/mario-jacques\/","url":"https:\/\/microbiologie.umontreal.ca\/en\/professeurs-chercheurs\/mario-jacques\/","name":"Mario Jacques - D\u00e9partement de microbiologie, infectiologie et immunologie - Universit\u00e9 de Montr\u00e9al","isPartOf":{"@id":"https:\/\/microbiologie.umontreal.ca\/#website"},"primaryImageOfPage":{"@id":"https:\/\/microbiologie.umontreal.ca\/en\/professeurs-chercheurs\/mario-jacques\/#primaryimage"},"image":{"@id":"https:\/\/microbiologie.umontreal.ca\/en\/professeurs-chercheurs\/mario-jacques\/#primaryimage"},"thumbnailUrl":"https:\/\/microbiologie.umontreal.ca\/wp-content\/uploads\/sites\/12\/mario-jacques.jpg","datePublished":"2014-07-31T17:50:19+00:00","dateModified":"2018-07-16T17:16:13+00:00","breadcrumb":{"@id":"https:\/\/microbiologie.umontreal.ca\/en\/professeurs-chercheurs\/mario-jacques\/#breadcrumb"},"inLanguage":"en-US","potentialAction":[{"@type":"ReadAction","target":["https:\/\/microbiologie.umontreal.ca\/en\/professeurs-chercheurs\/mario-jacques\/"]}]},{"@type":"ImageObject","inLanguage":"en-US","@id":"https:\/\/microbiologie.umontreal.ca\/en\/professeurs-chercheurs\/mario-jacques\/#primaryimage","url":"https:\/\/microbiologie.umontreal.ca\/wp-content\/uploads\/sites\/12\/mario-jacques.jpg","contentUrl":"https:\/\/microbiologie.umontreal.ca\/wp-content\/uploads\/sites\/12\/mario-jacques.jpg"},{"@type":"BreadcrumbList","@id":"https:\/\/microbiologie.umontreal.ca\/en\/professeurs-chercheurs\/mario-jacques\/#breadcrumb","itemListElement":[{"@type":"ListItem","position":1,"name":"Accueil","item":"https:\/\/microbiologie.umontreal.ca\/en\/"},{"@type":"ListItem","position":2,"name":"Professeurs-chercheurs","item":"https:\/\/microbiologie.umontreal.ca\/en\/professeurs-chercheurs\/"},{"@type":"ListItem","position":3,"name":"Mario Jacques"}]},{"@type":"WebSite","@id":"https:\/\/microbiologie.umontreal.ca\/#website","url":"https:\/\/microbiologie.umontreal.ca\/","name":"D\u00e9partement de microbiologie, infectiologie et immunologie","description":"","potentialAction":[{"@type":"SearchAction","target":{"@type":"EntryPoint","urlTemplate":"https:\/\/microbiologie.umontreal.ca\/?s={search_term_string}"},"query-input":{"@type":"PropertyValueSpecification","valueRequired":true,"valueName":"search_term_string"}}],"inLanguage":"en-US"}]}},"_links":{"self":[{"href":"https:\/\/microbiologie.umontreal.ca\/en\/wp-json\/wp\/v2\/pages\/7709","targetHints":{"allow":["GET"]}}],"collection":[{"href":"https:\/\/microbiologie.umontreal.ca\/en\/wp-json\/wp\/v2\/pages"}],"about":[{"href":"https:\/\/microbiologie.umontreal.ca\/en\/wp-json\/wp\/v2\/types\/page"}],"author":[{"embeddable":true,"href":"https:\/\/microbiologie.umontreal.ca\/en\/wp-json\/wp\/v2\/users\/25"}],"replies":[{"embeddable":true,"href":"https:\/\/microbiologie.umontreal.ca\/en\/wp-json\/wp\/v2\/comments?post=7709"}],"version-history":[{"count":7,"href":"https:\/\/microbiologie.umontreal.ca\/en\/wp-json\/wp\/v2\/pages\/7709\/revisions"}],"predecessor-version":[{"id":8752,"href":"https:\/\/microbiologie.umontreal.ca\/en\/wp-json\/wp\/v2\/pages\/7709\/revisions\/8752"}],"up":[{"embeddable":true,"href":"https:\/\/microbiologie.umontreal.ca\/en\/wp-json\/wp\/v2\/pages\/11407"}],"wp:attachment":[{"href":"https:\/\/microbiologie.umontreal.ca\/en\/wp-json\/wp\/v2\/media?parent=7709"}],"curies":[{"name":"wp","href":"https:\/\/api.w.org\/{rel}","templated":true}]}}