{"id":7714,"date":"2014-08-04T14:09:41","date_gmt":"2014-08-04T14:09:41","guid":{"rendered":"https:\/\/microbiologie.umontreal.ca\/roger-lippe\/"},"modified":"2021-08-12T15:00:41","modified_gmt":"2021-08-12T14:00:41","slug":"roger-lippe","status":"publish","type":"page","link":"https:\/\/microbiologie.umontreal.ca\/en\/professeurs-chercheurs\/roger-lippe\/","title":{"rendered":"Roger Lipp\u00e9"},"content":{"rendered":"<div  class=\" fiche-chercheur  \">\n<div class=\"img noLightbox\"><\/p>\n<p><img loading=\"lazy\" decoding=\"async\" src=\"https:\/\/microbiologie.umontreal.ca\/wp-content\/uploads\/sites\/12\/2021\/08\/Roger_Lippe.jpg\" alt=\"\" width=\"380\" height=\"348\" class=\"alignnone size-full wp-image-12128\" \/><\/p>\n<p><\/div>\n<table style=\"width: 420px\">\n<tbody>\n<tr>\n<td style=\"width: 92px\"><strong>Title:<\/strong><\/td>\n<td style=\"width: 327px\">Full professor (accredited)<br \/>\nD\u00e9partement de pathologie et biologie cellulaire<\/td>\n<\/tr>\n<tr>\n<td style=\"width: 92px\"><strong>Address:<\/strong><\/td>\n<td style=\"width: 327px\">Centre de recherche<br \/>\nH\u00f4pital Ste-Justine<br \/>\n3175, ch. C\u00f4te-Ste-Catherine<br \/>\nMontr\u00e9al (Qu\u00e9bec)<br \/>\nH3T 1C5<\/td>\n<\/tr>\n<tr>\n<td style=\"width: 92px\"><strong>Room:<\/strong><\/td>\n<td style=\"width: 327px\">6.17.006<\/td>\n<\/tr>\n<tr>\n<td style=\"width: 92px\"><strong>Phone:<\/strong><\/td>\n<td style=\"width: 327px\">Office: 514 345-4931 ext. 5201<br \/>\nLab: 514 345-4931 ext. 7397<\/td>\n<\/tr>\n<tr>\n<td style=\"width: 92px\"><strong>Email:<\/strong><\/td>\n<td style=\"width: 327px\"><a href=\"mailto:roger.lippe@umontreal.ca\">roger.lippe@umontreal.ca<\/a><\/td>\n<\/tr>\n<tr>\n<td style=\"width: 92px\"><strong>Web site:<\/strong><\/td>\n<td style=\"width: 327px\"><a href=\"http:\/\/www.rogerlippelab.ca\">http:\/\/www.rogerlippelab.ca<\/a><\/td>\n<\/tr>\n<\/tbody>\n<\/table>\n<\/div><br \/>\n<hr\/><\/p>\n<h2 style=\"text-align: justify\"><strong>Biography<\/strong><\/h2>\n<p style=\"text-align: justify\">Dr. Lipp\u00e9 studied adenovirus replication during his master&#8217;s degree at McMaster University under the direction of Dr. Frank Graham. He then studied the antigenic presentation of these viruses during his Ph.D. at the University of British Columbia with Dr. Wilfred Jefferies. He subsequently completed postdoctoral studies at the laboratory of Dr. Marino Zerial at the EMBL (Heidelberg, Germany), where he studied intracellular transport. He began his academic career in the Department of Pathology and Cell Biology in 2001, where he is currently a full Professor. Author of some forty articles, some of them in prestigious journals, he sits on several national and international committees for evaluating applications for funds and scholarships, while participating in the review of scientific articles.<\/p>\n<p style=\"text-align: justify\"><hr\/><\/p>\n<h2 style=\"text-align: justify\"><strong>Team<\/strong><\/h2>\n<ul style=\"text-align: justify\">\n<li>Catherine Vandal, Agente de recherche<\/li>\n<li>Bita Khadivjam, Ph.D.<\/li>\n<li>Muhammad Rehan, Ph.D.<\/li>\n<li>Josiane Hawkins, M.Sc.<\/li>\n<li>Christopher Savoie, M.Sc.<\/li>\n<li>Negar Joharinia, M.Sc.<\/li>\n<\/ul>\n<p style=\"text-align: justify\"><hr\/><\/p>\n<h2 style=\"text-align: justify\"><strong>Theme<\/strong><\/h2>\n<ul style=\"text-align: justify\">\n<li>Virology<\/li>\n<\/ul>\n<p style=\"text-align: justify\"><hr\/><\/p>\n<h2 style=\"text-align: justify\"><strong>Research topics<\/strong><\/h2>\n<ul style=\"text-align: justify\">\n<li class=\"x_MsoNormal\">Mechanism of egress of HSV-1 from the nucleus to the plasma membrane.<\/li>\n<li class=\"x_MsoNormal\">Targeting of viral proteins to the inner nuclear membrane.<\/li>\n<li class=\"x_MsoNormal\">Analysis by proteomics and flow cytometry of the composition of HSV-1 viral intermediates.<\/li>\n<li class=\"x_MsoNormal\">Role of host proteins incorporated in HSV-1 virions.<\/li>\n<li class=\"x_MsoNormal\">Contribution of the cell to the intracellular transport of HSV-1.<\/li>\n<li class=\"x_MsoNormal\">Development of diagnostic tools for coronaviruses.<\/li>\n<\/ul>\n<p style=\"text-align: justify\"><hr\/><\/p>\n<h2 style=\"text-align: justify\"><strong>Publications<\/strong><\/h2>\n<ul><\/ul>\n<ul type=\"disc\">\n<li class=\"x_MsoNormal\" style=\"text-align: justify\">El Bilali, N.<i><sup><span lang=\"EN-US\">\u00a7<\/span><\/sup><\/i>, Khadivjam, B.<i><sup><span lang=\"EN-US\">\u00a7<\/span><\/sup><\/i>, Thornbury, M., Bonneil, E., Thibault, P. and\u00a0<b>Lipp\u00e9, R<\/b>. (2020). Proteomics of Herpes simplex virus type 1 nuclear capsids.\u00a0<a href=\"https:\/\/pubmed.ncbi.nlm.nih.gov\/33239454\/\"><b><i>J Virol<\/i><\/b> (epub ahead of print)<\/a>. <i><sup>\u00a7<\/sup>\u00a0Contribution \u00e9quivalente des deux premiers auteurs<\/i><\/li>\n<li class=\"x_MsoNormal\" style=\"text-align: justify\">Boruchowicz, B., Hawkins, J., Cruz-Palomar, K. and\u00a0<b>Lipp\u00e9, R.<\/b>\u00a0(2020). The XPO6 exportin mediates HSV-1 gM nuclear release late in infection.\u00a0<a href=\"https:\/\/pubmed.ncbi.nlm.nih.gov\/32817212\/\"><b><i>J Virol<\/i><\/b>\u00a0(e00753-20)<\/a>.<\/li>\n<li class=\"x_MsoNormal\" style=\"text-align: justify\"><b>Lipp\u00e9, R<\/b>. (2020). Transport intracellulaire du Virus Herp\u00e8s Simplex 1.\u00a0<a href=\"https:\/\/pubmed.ncbi.nlm.nih.gov\/32795979\/\"><b><i>Virologie<\/i><\/b>\u00a0<span lang=\"EN-US\">24:210-230<\/span><\/a><\/li>\n<li class=\"x_MsoNormal\" style=\"text-align: justify\"><b><span lang=\"EN-US\">Lipp\u00e9, R.\u00a0<\/span><\/b><span lang=\"EN-US\">(2020). Characterization of extracellular HSV-1 virions by proteomics.\u00a0<\/span><a href=\"https:\/\/pubmed.ncbi.nlm.nih.gov\/31617184\/\"><b><i>Methods Mol Biol<\/i><\/b>.<span lang=\"EN-US\">\u00a02060:279-88<\/span><\/a><\/li>\n<li class=\"x_MsoNormal\" style=\"text-align: justify\">Khadivjam, B. El Bilali, N. and\u00a0<b>Lipp\u00e9, R<\/b>. (2020). Analysis and sorting of individual viral particles by flow virometry.\u00a0<a href=\"https:\/\/pubmed.ncbi.nlm.nih.gov\/31617185\/\"><span class=\"x_jrnl\"><b><i>Methods Mol Biol<\/i><\/b><\/span>. 2060: 289-303<\/a><\/li>\n<\/ul>\n<ul type=\"disc\"><\/ul>\n<p>&nbsp;<\/p>\n","protected":false},"excerpt":{"rendered":"<p>Biography Dr. Lipp\u00e9 studied adenovirus replication during his master&#8217;s degree at McMaster University under the direction of Dr. Frank Graham. He then studied the antigenic presentation of these viruses during [&hellip;]<\/p>\n","protected":false},"author":25,"featured_media":0,"parent":11407,"menu_order":0,"comment_status":"closed","ping_status":"closed","template":"","meta":{"footnotes":""},"class_list":["post-7714","page","type-page","status-publish","hentry"],"yoast_head":"<!-- This site is optimized with the Yoast SEO plugin v25.0 - https:\/\/yoast.com\/wordpress\/plugins\/seo\/ -->\n<title>Roger Lipp\u00e9 - D\u00e9partement de microbiologie, infectiologie et immunologie - Universit\u00e9 de Montr\u00e9al<\/title>\n<meta name=\"robots\" content=\"index, follow, max-snippet:-1, max-image-preview:large, max-video-preview:-1\" \/>\n<link rel=\"canonical\" href=\"https:\/\/microbiologie.umontreal.ca\/en\/professeurs-chercheurs\/roger-lippe\/\" \/>\n<meta property=\"og:locale\" content=\"en_US\" \/>\n<meta property=\"og:type\" content=\"article\" \/>\n<meta property=\"og:title\" content=\"Roger Lipp\u00e9 - D\u00e9partement de microbiologie, infectiologie et immunologie - Universit\u00e9 de Montr\u00e9al\" \/>\n<meta property=\"og:description\" content=\"Biography Dr. Lipp\u00e9 studied adenovirus replication during his master&#8217;s degree at McMaster University under the direction of Dr. Frank Graham. He then studied the antigenic presentation of these viruses during [&hellip;]\" \/>\n<meta property=\"og:url\" content=\"https:\/\/microbiologie.umontreal.ca\/en\/professeurs-chercheurs\/roger-lippe\/\" \/>\n<meta property=\"og:site_name\" content=\"D\u00e9partement de microbiologie, infectiologie et immunologie\" \/>\n<meta property=\"article:modified_time\" content=\"2021-08-12T14:00:41+00:00\" \/>\n<meta property=\"og:image\" content=\"https:\/\/microbiologie.umontreal.ca\/wp-content\/uploads\/sites\/12\/2021\/08\/Roger_Lippe.jpg\" \/>\n<meta name=\"twitter:label1\" content=\"Est. reading time\" \/>\n\t<meta name=\"twitter:data1\" content=\"2 minutes\" \/>\n<script type=\"application\/ld+json\" class=\"yoast-schema-graph\">{\"@context\":\"https:\/\/schema.org\",\"@graph\":[{\"@type\":\"WebPage\",\"@id\":\"https:\/\/microbiologie.umontreal.ca\/en\/professeurs-chercheurs\/roger-lippe\/\",\"url\":\"https:\/\/microbiologie.umontreal.ca\/en\/professeurs-chercheurs\/roger-lippe\/\",\"name\":\"Roger Lipp\u00e9 - D\u00e9partement de microbiologie, infectiologie et immunologie - Universit\u00e9 de Montr\u00e9al\",\"isPartOf\":{\"@id\":\"https:\/\/microbiologie.umontreal.ca\/#website\"},\"primaryImageOfPage\":{\"@id\":\"https:\/\/microbiologie.umontreal.ca\/en\/professeurs-chercheurs\/roger-lippe\/#primaryimage\"},\"image\":{\"@id\":\"https:\/\/microbiologie.umontreal.ca\/en\/professeurs-chercheurs\/roger-lippe\/#primaryimage\"},\"thumbnailUrl\":\"https:\/\/microbiologie.umontreal.ca\/wp-content\/uploads\/sites\/12\/2021\/08\/Roger_Lippe.jpg\",\"datePublished\":\"2014-08-04T14:09:41+00:00\",\"dateModified\":\"2021-08-12T14:00:41+00:00\",\"breadcrumb\":{\"@id\":\"https:\/\/microbiologie.umontreal.ca\/en\/professeurs-chercheurs\/roger-lippe\/#breadcrumb\"},\"inLanguage\":\"en-US\",\"potentialAction\":[{\"@type\":\"ReadAction\",\"target\":[\"https:\/\/microbiologie.umontreal.ca\/en\/professeurs-chercheurs\/roger-lippe\/\"]}]},{\"@type\":\"ImageObject\",\"inLanguage\":\"en-US\",\"@id\":\"https:\/\/microbiologie.umontreal.ca\/en\/professeurs-chercheurs\/roger-lippe\/#primaryimage\",\"url\":\"https:\/\/microbiologie.umontreal.ca\/wp-content\/uploads\/sites\/12\/2021\/08\/Roger_Lippe.jpg\",\"contentUrl\":\"https:\/\/microbiologie.umontreal.ca\/wp-content\/uploads\/sites\/12\/2021\/08\/Roger_Lippe.jpg\"},{\"@type\":\"BreadcrumbList\",\"@id\":\"https:\/\/microbiologie.umontreal.ca\/en\/professeurs-chercheurs\/roger-lippe\/#breadcrumb\",\"itemListElement\":[{\"@type\":\"ListItem\",\"position\":1,\"name\":\"Accueil\",\"item\":\"https:\/\/microbiologie.umontreal.ca\/en\/\"},{\"@type\":\"ListItem\",\"position\":2,\"name\":\"Professeurs-chercheurs\",\"item\":\"https:\/\/microbiologie.umontreal.ca\/en\/professeurs-chercheurs\/\"},{\"@type\":\"ListItem\",\"position\":3,\"name\":\"Roger Lipp\u00e9\"}]},{\"@type\":\"WebSite\",\"@id\":\"https:\/\/microbiologie.umontreal.ca\/#website\",\"url\":\"https:\/\/microbiologie.umontreal.ca\/\",\"name\":\"D\u00e9partement de microbiologie, infectiologie et immunologie\",\"description\":\"\",\"potentialAction\":[{\"@type\":\"SearchAction\",\"target\":{\"@type\":\"EntryPoint\",\"urlTemplate\":\"https:\/\/microbiologie.umontreal.ca\/?s={search_term_string}\"},\"query-input\":{\"@type\":\"PropertyValueSpecification\",\"valueRequired\":true,\"valueName\":\"search_term_string\"}}],\"inLanguage\":\"en-US\"}]}<\/script>\n<!-- \/ Yoast SEO plugin. -->","yoast_head_json":{"title":"Roger Lipp\u00e9 - D\u00e9partement de microbiologie, infectiologie et immunologie - Universit\u00e9 de Montr\u00e9al","robots":{"index":"index","follow":"follow","max-snippet":"max-snippet:-1","max-image-preview":"max-image-preview:large","max-video-preview":"max-video-preview:-1"},"canonical":"https:\/\/microbiologie.umontreal.ca\/en\/professeurs-chercheurs\/roger-lippe\/","og_locale":"en_US","og_type":"article","og_title":"Roger Lipp\u00e9 - D\u00e9partement de microbiologie, infectiologie et immunologie - Universit\u00e9 de Montr\u00e9al","og_description":"Biography Dr. Lipp\u00e9 studied adenovirus replication during his master&#8217;s degree at McMaster University under the direction of Dr. Frank Graham. He then studied the antigenic presentation of these viruses during [&hellip;]","og_url":"https:\/\/microbiologie.umontreal.ca\/en\/professeurs-chercheurs\/roger-lippe\/","og_site_name":"D\u00e9partement de microbiologie, infectiologie et immunologie","article_modified_time":"2021-08-12T14:00:41+00:00","og_image":[{"url":"https:\/\/microbiologie.umontreal.ca\/wp-content\/uploads\/sites\/12\/2021\/08\/Roger_Lippe.jpg","type":"","width":"","height":""}],"twitter_misc":{"Est. reading time":"2 minutes"},"schema":{"@context":"https:\/\/schema.org","@graph":[{"@type":"WebPage","@id":"https:\/\/microbiologie.umontreal.ca\/en\/professeurs-chercheurs\/roger-lippe\/","url":"https:\/\/microbiologie.umontreal.ca\/en\/professeurs-chercheurs\/roger-lippe\/","name":"Roger Lipp\u00e9 - D\u00e9partement de microbiologie, infectiologie et immunologie - Universit\u00e9 de Montr\u00e9al","isPartOf":{"@id":"https:\/\/microbiologie.umontreal.ca\/#website"},"primaryImageOfPage":{"@id":"https:\/\/microbiologie.umontreal.ca\/en\/professeurs-chercheurs\/roger-lippe\/#primaryimage"},"image":{"@id":"https:\/\/microbiologie.umontreal.ca\/en\/professeurs-chercheurs\/roger-lippe\/#primaryimage"},"thumbnailUrl":"https:\/\/microbiologie.umontreal.ca\/wp-content\/uploads\/sites\/12\/2021\/08\/Roger_Lippe.jpg","datePublished":"2014-08-04T14:09:41+00:00","dateModified":"2021-08-12T14:00:41+00:00","breadcrumb":{"@id":"https:\/\/microbiologie.umontreal.ca\/en\/professeurs-chercheurs\/roger-lippe\/#breadcrumb"},"inLanguage":"en-US","potentialAction":[{"@type":"ReadAction","target":["https:\/\/microbiologie.umontreal.ca\/en\/professeurs-chercheurs\/roger-lippe\/"]}]},{"@type":"ImageObject","inLanguage":"en-US","@id":"https:\/\/microbiologie.umontreal.ca\/en\/professeurs-chercheurs\/roger-lippe\/#primaryimage","url":"https:\/\/microbiologie.umontreal.ca\/wp-content\/uploads\/sites\/12\/2021\/08\/Roger_Lippe.jpg","contentUrl":"https:\/\/microbiologie.umontreal.ca\/wp-content\/uploads\/sites\/12\/2021\/08\/Roger_Lippe.jpg"},{"@type":"BreadcrumbList","@id":"https:\/\/microbiologie.umontreal.ca\/en\/professeurs-chercheurs\/roger-lippe\/#breadcrumb","itemListElement":[{"@type":"ListItem","position":1,"name":"Accueil","item":"https:\/\/microbiologie.umontreal.ca\/en\/"},{"@type":"ListItem","position":2,"name":"Professeurs-chercheurs","item":"https:\/\/microbiologie.umontreal.ca\/en\/professeurs-chercheurs\/"},{"@type":"ListItem","position":3,"name":"Roger Lipp\u00e9"}]},{"@type":"WebSite","@id":"https:\/\/microbiologie.umontreal.ca\/#website","url":"https:\/\/microbiologie.umontreal.ca\/","name":"D\u00e9partement de microbiologie, infectiologie et immunologie","description":"","potentialAction":[{"@type":"SearchAction","target":{"@type":"EntryPoint","urlTemplate":"https:\/\/microbiologie.umontreal.ca\/?s={search_term_string}"},"query-input":{"@type":"PropertyValueSpecification","valueRequired":true,"valueName":"search_term_string"}}],"inLanguage":"en-US"}]}},"_links":{"self":[{"href":"https:\/\/microbiologie.umontreal.ca\/en\/wp-json\/wp\/v2\/pages\/7714","targetHints":{"allow":["GET"]}}],"collection":[{"href":"https:\/\/microbiologie.umontreal.ca\/en\/wp-json\/wp\/v2\/pages"}],"about":[{"href":"https:\/\/microbiologie.umontreal.ca\/en\/wp-json\/wp\/v2\/types\/page"}],"author":[{"embeddable":true,"href":"https:\/\/microbiologie.umontreal.ca\/en\/wp-json\/wp\/v2\/users\/25"}],"replies":[{"embeddable":true,"href":"https:\/\/microbiologie.umontreal.ca\/en\/wp-json\/wp\/v2\/comments?post=7714"}],"version-history":[{"count":9,"href":"https:\/\/microbiologie.umontreal.ca\/en\/wp-json\/wp\/v2\/pages\/7714\/revisions"}],"predecessor-version":[{"id":12176,"href":"https:\/\/microbiologie.umontreal.ca\/en\/wp-json\/wp\/v2\/pages\/7714\/revisions\/12176"}],"up":[{"embeddable":true,"href":"https:\/\/microbiologie.umontreal.ca\/en\/wp-json\/wp\/v2\/pages\/11407"}],"wp:attachment":[{"href":"https:\/\/microbiologie.umontreal.ca\/en\/wp-json\/wp\/v2\/media?parent=7714"}],"curies":[{"name":"wp","href":"https:\/\/api.w.org\/{rel}","templated":true}]}}