{"id":7718,"date":"2014-08-04T15:07:04","date_gmt":"2014-08-04T15:07:04","guid":{"rendered":"https:\/\/microbiologie.umontreal.ca\/yahye-merhi\/"},"modified":"2020-09-24T15:02:53","modified_gmt":"2020-09-24T14:02:53","slug":"yahye-merhi","status":"publish","type":"page","link":"https:\/\/microbiologie.umontreal.ca\/en\/professeurs-chercheurs\/yahye-merhi\/","title":{"rendered":"Yahye Merhi"},"content":{"rendered":"<div  class=\" fiche-chercheur  \">\n<div class=\"img noLightbox\"><\/p>\n<p><img loading=\"lazy\" decoding=\"async\" class=\"alignnone size-full wp-image-2215\" src=\"https:\/\/microbiologie.umontreal.ca\/wp-content\/uploads\/sites\/12\/silhouette-100.jpg\" alt=\"photo\" width=\"100\" height=\"150\" \/><\/p>\n<p><\/div>\n<table style=\"width: 378px\">\n<tbody>\n<tr>\n<td style=\"width: 96px\"><strong>Title:<\/strong><\/td>\n<td style=\"width: 268px\">Full time professor (accredited)<br \/>\nD\u00e9partement de m\u00e9decine et sp\u00e9cialit\u00e9s m\u00e9dicales<\/td>\n<\/tr>\n<tr>\n<td style=\"width: 96px\"><strong>Address:<\/strong><\/td>\n<td style=\"width: 268px\">Laboratoire de thrombose et h\u00e9mostase<br \/>\nInstitut de cardiologie de Montr\u00e9al<br \/>\n5000, B\u00e9langer<br \/>\nMontr\u00e9al (Qu\u00e9bec)\u00a0 H1T 1C8<\/td>\n<\/tr>\n<tr>\n<td style=\"width: 96px\"><strong>Phone:<\/strong><\/td>\n<td style=\"width: 268px\">514 376-3330, ext. 3035<\/td>\n<\/tr>\n<tr>\n<td style=\"width: 96px\"><strong>Fax:<\/strong><\/td>\n<td style=\"width: 268px\">514 376-1355<\/td>\n<\/tr>\n<tr>\n<td style=\"width: 96px\"><strong>Laboratory:<\/strong><\/td>\n<td style=\"width: 268px\">514 376-3330, ext. 3155<\/td>\n<\/tr>\n<tr>\n<td style=\"width: 96px\"><strong>Email:<\/strong><\/td>\n<td style=\"width: 268px\"><a href=\"mailto:yahye.merhi@icm-mhi.org\">yahye.merhi@icm-mhi.org<\/a><\/td>\n<\/tr>\n<\/tbody>\n<\/table>\n<\/div>\n<hr\/>\n<h2 style=\"text-align: justify\"><strong>Biography<\/strong><\/h2>\n<p style=\"text-align: justify\">Dr. Merhi received a bachelor of science in biology from UQAM in 1983, a master\u2019s degree in biology\/pharmacology from UQAM\/INRS-Sant\u00e9 in 1985, and a doctorate in experimental medicine from Universit\u00e9 Laval in 1989. After completing three years of postdoctoral studies, he was recruited in 1992 by the Montreal Heart Institute (MHI) as an independent researcher in affiliation with the Department of Medicine at Universit\u00e9 de Montr\u00e9al (UdeM), where he has been a full professor since 2007.\u00a0 Dr. Merhi received fellowships from the Heart and Stroke Foundation of Qu\u00e9bec (HSFQ), the Heart and Stroke Foundation of Canada (HSFC), and the Fonds de la recherche du Qu\u00e9bec \u2013 Sant\u00e9 (FRQS) as a Junior 1, Junior 2 and Senior Clinical Research Scholar. He has received continuous support from the Medical Research Council (MRC) of Canada and then from the Canadian Institutes of Health Research (CIHR) and the HSFC. Dr. Merhi has also participated in a number of translational studies on antiplatelets and anticoagulants that are supported by pharmaceutical and biotechnology companies. Dr. Merhi has published nearly 100 original scientific articles, reviews and book chapters. He teaches at the undergraduate and graduate level and has supervised approximately 30 students taking graduate studies and postdoctoral fellowships. His research work on blood cells and platelets involve collaborations with a number of researchers at the MHI, UdeM, Polytechnique Montr\u00e9al, \u00c9cole de technologie sup\u00e9rieure (\u00c9TS), McGill University and Universit\u00e9 Laval.<\/p>\n<hr\/>\n<h2 style=\"text-align: justify\"><strong>Team\u00a0<\/strong><\/h2>\n<ul style=\"text-align: justify\">\n<li>4 graduate students<\/li>\n<\/ul>\n<hr\/>\n<h2 style=\"text-align: justify\"><strong>Theme<\/strong><\/h2>\n<ul style=\"text-align: justify\">\n<li>Thrombosis<\/li>\n<li>Hemostasis<\/li>\n<li>Vascular biology<\/li>\n<li>Platelets<\/li>\n<li>Endothelial progenitor cells<\/li>\n<li>Antiplatelets<\/li>\n<li>Biomaterials<\/li>\n<li>Hemocompatibility<\/li>\n<\/ul>\n<hr\/>\n<h2 style=\"text-align: justify\"><strong>Research topics<\/strong><\/h2>\n<ul style=\"text-align: justify\">\n<li>Heart disease can be caused by multiple risk factors, which cause inflammation by activating blood cells, and damage blood vessels. Unfortunately, current drug treatments do not prevent completely such reactions. Actually, a subset of progenitor cells called endothelial progenitor cells have shown promising results in repairing the damaged arteries and in limiting the reactions of platelets. However, some inflammatory molecules, such as CD40 ligand, may affect the function of endothelial progenitior cells and their capacity to reduce blood clot formation.<\/li>\n<li>Our research program aims to study the mechanisms involved in the crosstalk between endothelial progenitor cells and platelets in clot formation and how these reactions are affected by CD40 ligand.<\/li>\n<li>Our experimental approaches include molecular and pharmacological tools with isolated blood cells, and clinically relevant animal models of heart vessel disease.<\/li>\n<li>We intend to identify new drugs and to propose innovative approaches in the clinical management of thrombotic heart disease.<\/li>\n<\/ul>\n<p style=\"text-align: justify\"><hr\/><\/p>\n<h2 style=\"text-align: justify\"><strong>Publications<\/strong><\/h2>\n<p style=\"text-align: justify\"><a href=\"http:\/\/www.ncbi.nlm.nih.gov\/pubmed\/?term=Merhi%20y%20or%20mehri%20y\">Yahye Merhi<\/a><\/p>\n<ul>\n<li style=\"text-align: justify\">Bou Khzam L, Hachem A, Zaid Y, Boulahya R, Mourad W, Merhi Y. Soluble CD40 ligand impairs the anti-platelet function of peripheral blood angiogenic outgrowth cells via increased production of reactive oxygen species. <a href=\"https:\/\/www.ncbi.nlm.nih.gov\/pubmed\/24358353\"><strong>Thromb Haemost<\/strong>. 2013 Feb 21;109(5) 940-5<\/a><\/li>\n<li style=\"text-align: justify\">Abou-Saleh H, Hachem A, Yacoub D, Gillis MA, Merhi Y. Endothelial progenitor cells inhibit platelet function in a P-selectin-dependent manner. <a href=\"https:\/\/www.ncbi.nlm.nih.gov\/pubmed\/24358353\"><strong>J Transl Med<\/strong>. 2015 May 7;13:142<\/a>.<\/li>\n<li style=\"text-align: justify\">Bou Khzam L, Bouchereau O, Boulahya R, Hachem A, Zaid Y, Abou-Saleh H, Merhi Y. Early outgrowth cells versus endothelial colony forming cells functions in platelet aggregation. <a href=\"https:\/\/www.ncbi.nlm.nih.gov\/pubmed\/26552480\"><strong>J Transl Med<\/strong>. 2015 Nov 9;13:353<\/a>.<\/li>\n<\/ul>\n","protected":false},"excerpt":{"rendered":"<p>Biography Dr. Merhi received a bachelor of science in biology from UQAM in 1983, a master\u2019s degree in biology\/pharmacology from UQAM\/INRS-Sant\u00e9 in 1985, and a doctorate in experimental medicine from [&hellip;]<\/p>\n","protected":false},"author":25,"featured_media":0,"parent":11407,"menu_order":0,"comment_status":"closed","ping_status":"closed","template":"","meta":{"footnotes":""},"class_list":["post-7718","page","type-page","status-publish","hentry"],"yoast_head":"<!-- This site is optimized with the Yoast SEO plugin v25.0 - https:\/\/yoast.com\/wordpress\/plugins\/seo\/ -->\n<title>Yahye Merhi - D\u00e9partement de microbiologie, infectiologie et immunologie - Universit\u00e9 de Montr\u00e9al<\/title>\n<meta name=\"robots\" content=\"index, follow, max-snippet:-1, max-image-preview:large, max-video-preview:-1\" \/>\n<link rel=\"canonical\" href=\"https:\/\/microbiologie.umontreal.ca\/en\/professeurs-chercheurs\/yahye-merhi\/\" \/>\n<meta property=\"og:locale\" content=\"en_US\" \/>\n<meta property=\"og:type\" content=\"article\" \/>\n<meta property=\"og:title\" content=\"Yahye Merhi - D\u00e9partement de microbiologie, infectiologie et immunologie - Universit\u00e9 de Montr\u00e9al\" \/>\n<meta property=\"og:description\" content=\"Biography Dr. Merhi received a bachelor of science in biology from UQAM in 1983, a master\u2019s degree in biology\/pharmacology from UQAM\/INRS-Sant\u00e9 in 1985, and a doctorate in experimental medicine from [&hellip;]\" \/>\n<meta property=\"og:url\" content=\"https:\/\/microbiologie.umontreal.ca\/en\/professeurs-chercheurs\/yahye-merhi\/\" \/>\n<meta property=\"og:site_name\" content=\"D\u00e9partement de microbiologie, infectiologie et immunologie\" \/>\n<meta property=\"article:modified_time\" content=\"2020-09-24T14:02:53+00:00\" \/>\n<meta property=\"og:image\" content=\"https:\/\/microbiologie.umontreal.ca\/wp-content\/uploads\/sites\/12\/silhouette-100.jpg\" \/>\n<meta name=\"twitter:label1\" content=\"Est. reading time\" \/>\n\t<meta name=\"twitter:data1\" content=\"3 minutes\" \/>\n<script type=\"application\/ld+json\" class=\"yoast-schema-graph\">{\"@context\":\"https:\/\/schema.org\",\"@graph\":[{\"@type\":\"WebPage\",\"@id\":\"https:\/\/microbiologie.umontreal.ca\/en\/professeurs-chercheurs\/yahye-merhi\/\",\"url\":\"https:\/\/microbiologie.umontreal.ca\/en\/professeurs-chercheurs\/yahye-merhi\/\",\"name\":\"Yahye Merhi - D\u00e9partement de microbiologie, infectiologie et immunologie - Universit\u00e9 de Montr\u00e9al\",\"isPartOf\":{\"@id\":\"https:\/\/microbiologie.umontreal.ca\/#website\"},\"primaryImageOfPage\":{\"@id\":\"https:\/\/microbiologie.umontreal.ca\/en\/professeurs-chercheurs\/yahye-merhi\/#primaryimage\"},\"image\":{\"@id\":\"https:\/\/microbiologie.umontreal.ca\/en\/professeurs-chercheurs\/yahye-merhi\/#primaryimage\"},\"thumbnailUrl\":\"https:\/\/microbiologie.umontreal.ca\/wp-content\/uploads\/sites\/12\/silhouette-100.jpg\",\"datePublished\":\"2014-08-04T15:07:04+00:00\",\"dateModified\":\"2020-09-24T14:02:53+00:00\",\"breadcrumb\":{\"@id\":\"https:\/\/microbiologie.umontreal.ca\/en\/professeurs-chercheurs\/yahye-merhi\/#breadcrumb\"},\"inLanguage\":\"en-US\",\"potentialAction\":[{\"@type\":\"ReadAction\",\"target\":[\"https:\/\/microbiologie.umontreal.ca\/en\/professeurs-chercheurs\/yahye-merhi\/\"]}]},{\"@type\":\"ImageObject\",\"inLanguage\":\"en-US\",\"@id\":\"https:\/\/microbiologie.umontreal.ca\/en\/professeurs-chercheurs\/yahye-merhi\/#primaryimage\",\"url\":\"https:\/\/microbiologie.umontreal.ca\/wp-content\/uploads\/sites\/12\/silhouette-100.jpg\",\"contentUrl\":\"https:\/\/microbiologie.umontreal.ca\/wp-content\/uploads\/sites\/12\/silhouette-100.jpg\"},{\"@type\":\"BreadcrumbList\",\"@id\":\"https:\/\/microbiologie.umontreal.ca\/en\/professeurs-chercheurs\/yahye-merhi\/#breadcrumb\",\"itemListElement\":[{\"@type\":\"ListItem\",\"position\":1,\"name\":\"Accueil\",\"item\":\"https:\/\/microbiologie.umontreal.ca\/en\/\"},{\"@type\":\"ListItem\",\"position\":2,\"name\":\"Professeurs-chercheurs\",\"item\":\"https:\/\/microbiologie.umontreal.ca\/en\/professeurs-chercheurs\/\"},{\"@type\":\"ListItem\",\"position\":3,\"name\":\"Yahye Merhi\"}]},{\"@type\":\"WebSite\",\"@id\":\"https:\/\/microbiologie.umontreal.ca\/#website\",\"url\":\"https:\/\/microbiologie.umontreal.ca\/\",\"name\":\"D\u00e9partement de microbiologie, infectiologie et immunologie\",\"description\":\"\",\"potentialAction\":[{\"@type\":\"SearchAction\",\"target\":{\"@type\":\"EntryPoint\",\"urlTemplate\":\"https:\/\/microbiologie.umontreal.ca\/?s={search_term_string}\"},\"query-input\":{\"@type\":\"PropertyValueSpecification\",\"valueRequired\":true,\"valueName\":\"search_term_string\"}}],\"inLanguage\":\"en-US\"}]}<\/script>\n<!-- \/ Yoast SEO plugin. -->","yoast_head_json":{"title":"Yahye Merhi - D\u00e9partement de microbiologie, infectiologie et immunologie - Universit\u00e9 de Montr\u00e9al","robots":{"index":"index","follow":"follow","max-snippet":"max-snippet:-1","max-image-preview":"max-image-preview:large","max-video-preview":"max-video-preview:-1"},"canonical":"https:\/\/microbiologie.umontreal.ca\/en\/professeurs-chercheurs\/yahye-merhi\/","og_locale":"en_US","og_type":"article","og_title":"Yahye Merhi - D\u00e9partement de microbiologie, infectiologie et immunologie - Universit\u00e9 de Montr\u00e9al","og_description":"Biography Dr. Merhi received a bachelor of science in biology from UQAM in 1983, a master\u2019s degree in biology\/pharmacology from UQAM\/INRS-Sant\u00e9 in 1985, and a doctorate in experimental medicine from [&hellip;]","og_url":"https:\/\/microbiologie.umontreal.ca\/en\/professeurs-chercheurs\/yahye-merhi\/","og_site_name":"D\u00e9partement de microbiologie, infectiologie et immunologie","article_modified_time":"2020-09-24T14:02:53+00:00","og_image":[{"url":"https:\/\/microbiologie.umontreal.ca\/wp-content\/uploads\/sites\/12\/silhouette-100.jpg","type":"","width":"","height":""}],"twitter_misc":{"Est. reading time":"3 minutes"},"schema":{"@context":"https:\/\/schema.org","@graph":[{"@type":"WebPage","@id":"https:\/\/microbiologie.umontreal.ca\/en\/professeurs-chercheurs\/yahye-merhi\/","url":"https:\/\/microbiologie.umontreal.ca\/en\/professeurs-chercheurs\/yahye-merhi\/","name":"Yahye Merhi - D\u00e9partement de microbiologie, infectiologie et immunologie - Universit\u00e9 de Montr\u00e9al","isPartOf":{"@id":"https:\/\/microbiologie.umontreal.ca\/#website"},"primaryImageOfPage":{"@id":"https:\/\/microbiologie.umontreal.ca\/en\/professeurs-chercheurs\/yahye-merhi\/#primaryimage"},"image":{"@id":"https:\/\/microbiologie.umontreal.ca\/en\/professeurs-chercheurs\/yahye-merhi\/#primaryimage"},"thumbnailUrl":"https:\/\/microbiologie.umontreal.ca\/wp-content\/uploads\/sites\/12\/silhouette-100.jpg","datePublished":"2014-08-04T15:07:04+00:00","dateModified":"2020-09-24T14:02:53+00:00","breadcrumb":{"@id":"https:\/\/microbiologie.umontreal.ca\/en\/professeurs-chercheurs\/yahye-merhi\/#breadcrumb"},"inLanguage":"en-US","potentialAction":[{"@type":"ReadAction","target":["https:\/\/microbiologie.umontreal.ca\/en\/professeurs-chercheurs\/yahye-merhi\/"]}]},{"@type":"ImageObject","inLanguage":"en-US","@id":"https:\/\/microbiologie.umontreal.ca\/en\/professeurs-chercheurs\/yahye-merhi\/#primaryimage","url":"https:\/\/microbiologie.umontreal.ca\/wp-content\/uploads\/sites\/12\/silhouette-100.jpg","contentUrl":"https:\/\/microbiologie.umontreal.ca\/wp-content\/uploads\/sites\/12\/silhouette-100.jpg"},{"@type":"BreadcrumbList","@id":"https:\/\/microbiologie.umontreal.ca\/en\/professeurs-chercheurs\/yahye-merhi\/#breadcrumb","itemListElement":[{"@type":"ListItem","position":1,"name":"Accueil","item":"https:\/\/microbiologie.umontreal.ca\/en\/"},{"@type":"ListItem","position":2,"name":"Professeurs-chercheurs","item":"https:\/\/microbiologie.umontreal.ca\/en\/professeurs-chercheurs\/"},{"@type":"ListItem","position":3,"name":"Yahye Merhi"}]},{"@type":"WebSite","@id":"https:\/\/microbiologie.umontreal.ca\/#website","url":"https:\/\/microbiologie.umontreal.ca\/","name":"D\u00e9partement de microbiologie, infectiologie et immunologie","description":"","potentialAction":[{"@type":"SearchAction","target":{"@type":"EntryPoint","urlTemplate":"https:\/\/microbiologie.umontreal.ca\/?s={search_term_string}"},"query-input":{"@type":"PropertyValueSpecification","valueRequired":true,"valueName":"search_term_string"}}],"inLanguage":"en-US"}]}},"_links":{"self":[{"href":"https:\/\/microbiologie.umontreal.ca\/en\/wp-json\/wp\/v2\/pages\/7718","targetHints":{"allow":["GET"]}}],"collection":[{"href":"https:\/\/microbiologie.umontreal.ca\/en\/wp-json\/wp\/v2\/pages"}],"about":[{"href":"https:\/\/microbiologie.umontreal.ca\/en\/wp-json\/wp\/v2\/types\/page"}],"author":[{"embeddable":true,"href":"https:\/\/microbiologie.umontreal.ca\/en\/wp-json\/wp\/v2\/users\/25"}],"replies":[{"embeddable":true,"href":"https:\/\/microbiologie.umontreal.ca\/en\/wp-json\/wp\/v2\/comments?post=7718"}],"version-history":[{"count":4,"href":"https:\/\/microbiologie.umontreal.ca\/en\/wp-json\/wp\/v2\/pages\/7718\/revisions"}],"predecessor-version":[{"id":10840,"href":"https:\/\/microbiologie.umontreal.ca\/en\/wp-json\/wp\/v2\/pages\/7718\/revisions\/10840"}],"up":[{"embeddable":true,"href":"https:\/\/microbiologie.umontreal.ca\/en\/wp-json\/wp\/v2\/pages\/11407"}],"wp:attachment":[{"href":"https:\/\/microbiologie.umontreal.ca\/en\/wp-json\/wp\/v2\/media?parent=7718"}],"curies":[{"name":"wp","href":"https:\/\/api.w.org\/{rel}","templated":true}]}}