{"id":7723,"date":"2015-12-01T18:59:44","date_gmt":"2015-12-01T17:59:44","guid":{"rendered":"https:\/\/microbiologie.umontreal.ca\/moutih-rafei\/"},"modified":"2021-08-10T21:06:00","modified_gmt":"2021-08-10T20:06:00","slug":"moutih-rafei","status":"publish","type":"page","link":"https:\/\/microbiologie.umontreal.ca\/en\/professeurs-chercheurs\/moutih-rafei\/","title":{"rendered":"Moutih Rafei"},"content":{"rendered":"<div  class=\" fiche-chercheur  \">\n<div class=\"img noLightbox\"><\/p>\n<p><img loading=\"lazy\" decoding=\"async\" src=\"https:\/\/microbiologie.umontreal.ca\/wp-content\/uploads\/sites\/12\/2021\/08\/Rafei_Moutih-332x450.jpg\" alt=\"\" width=\"332\" height=\"450\" class=\"alignnone size-medium wp-image-12122\" srcset=\"https:\/\/microbiologie.umontreal.ca\/wp-content\/uploads\/sites\/12\/2021\/08\/Rafei_Moutih-332x450.jpg 332w, https:\/\/microbiologie.umontreal.ca\/wp-content\/uploads\/sites\/12\/2021\/08\/Rafei_Moutih.jpg 510w\" sizes=\"auto, (max-width: 332px) 100vw, 332px\" \/><\/p>\n<p><\/div>\n<table style=\"width: 402px\">\n<tbody>\n<tr>\n<td style=\"width: 86px\"><strong>Title:<\/strong><\/td>\n<td style=\"width: 302px\">Associate professor<br \/>\nD\u00e9partement de pharmacologie et physiologie<\/td>\n<\/tr>\n<tr>\n<td style=\"width: 86px\"><strong>Address:<\/strong><\/td>\n<td style=\"width: 302px\">Facult\u00e9 de m\u00e9decine<br \/>\nUniversit\u00e9 de Montr\u00e9al<br \/>\nC.P. 6128, SUCC. Centre-Ville<br \/>\nMontr\u00e9al (Qu\u00e9bec)\u00a0 H3C 3J7<\/td>\n<\/tr>\n<tr>\n<td style=\"width: 86px\"><strong>Room:<\/strong><\/td>\n<td style=\"width: 302px\">V-437-1<\/td>\n<\/tr>\n<tr>\n<td style=\"width: 86px\"><strong>Phone:<\/strong><\/td>\n<td style=\"width: 302px\">Office: 514-343-6931<br \/>\nLab: 514-343-3070<\/td>\n<\/tr>\n<tr>\n<td style=\"width: 86px\"><strong>Email:<\/strong><\/td>\n<td style=\"width: 302px\"><a href=\"mailto:moutih.rafei.1@umontreal.ca\">moutih.rafei.1@umontreal.ca<\/a><\/td>\n<\/tr>\n<\/tbody>\n<\/table>\n<\/div><br \/>\n<hr\/><\/p>\n<h2 style=\"text-align: justify\"><strong>Research topics<\/strong><\/h2>\n<ul>\n<li><span lang=\"en\">Pharmacological stimulation of thymopoiesis <\/span><\/li>\n<li><span lang=\"en\">Cellular vaccine engineering <\/span><\/li>\n<li><span lang=\"en\">High throughput screening for the discovery of new immunomodulatory molecules<\/span><\/li>\n<\/ul>\n<p style=\"text-align: justify\"><hr\/><\/p>\n<h2 style=\"text-align: justify\">Laboratory members<\/h2>\n<ul style=\"text-align: justify\">\n<li>Jean-Pierre Bikoriman, PhD student<\/li>\n<li>Ali Ahmadi, MSc student<\/li>\n<li>Nazila Mardani, MSc student<\/li>\n<li>Wael Saad, MSc student<\/li>\n<li>Marina Pereira Gon\u00e7alves, MSc student<\/li>\n<\/ul>\n<hr\/>\n<ul><\/ul>\n<h2><strong>Publications\u00a0<\/strong><\/h2>\n<ul>\n<li>El-Kadiry AE, Lumbao C,\u00a0<strong>Rafei M<\/strong>, Shammaa. R <a href=\"https:\/\/pubmed.ncbi.nlm.nih.gov\/33816523\/\">Autologous BMAC Therapy Improves Spinal Degenerative Joint Disease in Lower Back Pain Patients.<\/a> Front Med (Lausanne). 2021 Mar 18;8:622573. doi: 10.3389\/fmed.2021.622573. eCollection 2021.<\/li>\n<li>Bikorimana JP, El-Hachem N, El-Kadiry AE, Abusarah J, Salame N, Shammaa R,\u00a0<strong>Rafei M. <\/strong><a href=\"https:\/\/pubmed.ncbi.nlm.nih.gov\/33542714\/\">Thymoproteasome-Expressing Mesenchymal Stromal Cells Confer Protective Anti-Tumor Immunity\u00a0<em>via<\/em>Cross-Priming of Endogenous Dendritic Cells.<\/a> Front Immunol. 2021 Jan 19;11:596303. doi: 10.3389\/fimmu.2020.596303. eCollection 2020.<\/li>\n<li>Abusarah J, Cui Y, El-Hachem N, El-Kadiry AE, Hammond-Martel I, Wurtele H, Beaudry A, Raynal NJ, Robert F, Pelletier J, Jankovic M, Mercier F, Kamyabiazar S, Annabi B,\u00a0<strong>Rafei M. <\/strong><a href=\"https:\/\/pubmed.ncbi.nlm.nih.gov\/33087510\/\">TACIMA-218: A Novel Pro-Oxidant Agent Exhibiting Selective Antitumoral Activity.<\/a> Mol Cancer Ther. 2021 Jan;20(1):37-49. doi: 10.1158\/1535-7163.MCT-20-0333. Epub 2020 Oct 21.<\/li>\n<li>El-Hachem N, Eid E, Nemer G, Dbaibo G, Abbas O, Rubeiz N, Zeineldine S, Matar GM, Bikorimana JP, Shammaa R, Haibe-Kains B, Kurban M,\u00a0<strong>Rafei M.<\/strong> <a href=\"https:\/\/pubmed.ncbi.nlm.nih.gov\/33103068\/\">Integrative Transcriptome Analyses Empower the Anti-COVID-19 Drug Arsenal. <\/a> 2020 Nov 20;23(11):101697. doi: 10.1016\/j.isci.2020.101697. Epub 2020 Oct 19.<\/li>\n<\/ul>\n<p>&nbsp;<\/p>\n","protected":false},"excerpt":{"rendered":"<p>Research topics Pharmacological stimulation of thymopoiesis Cellular vaccine engineering High throughput screening for the discovery of new immunomodulatory molecules Laboratory members Jean-Pierre Bikoriman, PhD student Ali Ahmadi, MSc student Nazila [&hellip;]<\/p>\n","protected":false},"author":26,"featured_media":0,"parent":11407,"menu_order":0,"comment_status":"closed","ping_status":"closed","template":"","meta":{"footnotes":""},"class_list":["post-7723","page","type-page","status-publish","hentry"],"yoast_head":"<!-- This site is optimized with the Yoast SEO plugin v25.0 - https:\/\/yoast.com\/wordpress\/plugins\/seo\/ -->\n<title>Moutih Rafei - D\u00e9partement de microbiologie, infectiologie et immunologie - Universit\u00e9 de Montr\u00e9al<\/title>\n<meta name=\"robots\" content=\"index, follow, max-snippet:-1, max-image-preview:large, max-video-preview:-1\" \/>\n<link rel=\"canonical\" href=\"https:\/\/microbiologie.umontreal.ca\/en\/professeurs-chercheurs\/moutih-rafei\/\" \/>\n<meta property=\"og:locale\" content=\"en_US\" \/>\n<meta property=\"og:type\" content=\"article\" \/>\n<meta property=\"og:title\" content=\"Moutih Rafei - D\u00e9partement de microbiologie, infectiologie et immunologie - Universit\u00e9 de Montr\u00e9al\" \/>\n<meta property=\"og:description\" content=\"Research topics Pharmacological stimulation of thymopoiesis Cellular vaccine engineering High throughput screening for the discovery of new immunomodulatory molecules Laboratory members Jean-Pierre Bikoriman, PhD student Ali Ahmadi, MSc student Nazila [&hellip;]\" \/>\n<meta property=\"og:url\" content=\"https:\/\/microbiologie.umontreal.ca\/en\/professeurs-chercheurs\/moutih-rafei\/\" \/>\n<meta property=\"og:site_name\" content=\"D\u00e9partement de microbiologie, infectiologie et immunologie\" \/>\n<meta property=\"article:modified_time\" content=\"2021-08-10T20:06:00+00:00\" \/>\n<meta property=\"og:image\" content=\"https:\/\/microbiologie.umontreal.ca\/wp-content\/uploads\/sites\/12\/2021\/08\/Rafei_Moutih-332x450.jpg\" \/>\n<meta name=\"twitter:label1\" content=\"Est. reading time\" \/>\n\t<meta name=\"twitter:data1\" content=\"1 minute\" \/>\n<script type=\"application\/ld+json\" class=\"yoast-schema-graph\">{\"@context\":\"https:\/\/schema.org\",\"@graph\":[{\"@type\":\"WebPage\",\"@id\":\"https:\/\/microbiologie.umontreal.ca\/en\/professeurs-chercheurs\/moutih-rafei\/\",\"url\":\"https:\/\/microbiologie.umontreal.ca\/en\/professeurs-chercheurs\/moutih-rafei\/\",\"name\":\"Moutih Rafei - D\u00e9partement de microbiologie, infectiologie et immunologie - Universit\u00e9 de Montr\u00e9al\",\"isPartOf\":{\"@id\":\"https:\/\/microbiologie.umontreal.ca\/#website\"},\"primaryImageOfPage\":{\"@id\":\"https:\/\/microbiologie.umontreal.ca\/en\/professeurs-chercheurs\/moutih-rafei\/#primaryimage\"},\"image\":{\"@id\":\"https:\/\/microbiologie.umontreal.ca\/en\/professeurs-chercheurs\/moutih-rafei\/#primaryimage\"},\"thumbnailUrl\":\"https:\/\/microbiologie.umontreal.ca\/wp-content\/uploads\/sites\/12\/2021\/08\/Rafei_Moutih-332x450.jpg\",\"datePublished\":\"2015-12-01T17:59:44+00:00\",\"dateModified\":\"2021-08-10T20:06:00+00:00\",\"breadcrumb\":{\"@id\":\"https:\/\/microbiologie.umontreal.ca\/en\/professeurs-chercheurs\/moutih-rafei\/#breadcrumb\"},\"inLanguage\":\"en-US\",\"potentialAction\":[{\"@type\":\"ReadAction\",\"target\":[\"https:\/\/microbiologie.umontreal.ca\/en\/professeurs-chercheurs\/moutih-rafei\/\"]}]},{\"@type\":\"ImageObject\",\"inLanguage\":\"en-US\",\"@id\":\"https:\/\/microbiologie.umontreal.ca\/en\/professeurs-chercheurs\/moutih-rafei\/#primaryimage\",\"url\":\"https:\/\/microbiologie.umontreal.ca\/wp-content\/uploads\/sites\/12\/2021\/08\/Rafei_Moutih-332x450.jpg\",\"contentUrl\":\"https:\/\/microbiologie.umontreal.ca\/wp-content\/uploads\/sites\/12\/2021\/08\/Rafei_Moutih-332x450.jpg\"},{\"@type\":\"BreadcrumbList\",\"@id\":\"https:\/\/microbiologie.umontreal.ca\/en\/professeurs-chercheurs\/moutih-rafei\/#breadcrumb\",\"itemListElement\":[{\"@type\":\"ListItem\",\"position\":1,\"name\":\"Accueil\",\"item\":\"https:\/\/microbiologie.umontreal.ca\/en\/\"},{\"@type\":\"ListItem\",\"position\":2,\"name\":\"Professeurs-chercheurs\",\"item\":\"https:\/\/microbiologie.umontreal.ca\/en\/professeurs-chercheurs\/\"},{\"@type\":\"ListItem\",\"position\":3,\"name\":\"Moutih Rafei\"}]},{\"@type\":\"WebSite\",\"@id\":\"https:\/\/microbiologie.umontreal.ca\/#website\",\"url\":\"https:\/\/microbiologie.umontreal.ca\/\",\"name\":\"D\u00e9partement de microbiologie, infectiologie et immunologie\",\"description\":\"\",\"potentialAction\":[{\"@type\":\"SearchAction\",\"target\":{\"@type\":\"EntryPoint\",\"urlTemplate\":\"https:\/\/microbiologie.umontreal.ca\/?s={search_term_string}\"},\"query-input\":{\"@type\":\"PropertyValueSpecification\",\"valueRequired\":true,\"valueName\":\"search_term_string\"}}],\"inLanguage\":\"en-US\"}]}<\/script>\n<!-- \/ Yoast SEO plugin. -->","yoast_head_json":{"title":"Moutih Rafei - D\u00e9partement de microbiologie, infectiologie et immunologie - Universit\u00e9 de Montr\u00e9al","robots":{"index":"index","follow":"follow","max-snippet":"max-snippet:-1","max-image-preview":"max-image-preview:large","max-video-preview":"max-video-preview:-1"},"canonical":"https:\/\/microbiologie.umontreal.ca\/en\/professeurs-chercheurs\/moutih-rafei\/","og_locale":"en_US","og_type":"article","og_title":"Moutih Rafei - D\u00e9partement de microbiologie, infectiologie et immunologie - Universit\u00e9 de Montr\u00e9al","og_description":"Research topics Pharmacological stimulation of thymopoiesis Cellular vaccine engineering High throughput screening for the discovery of new immunomodulatory molecules Laboratory members Jean-Pierre Bikoriman, PhD student Ali Ahmadi, MSc student Nazila [&hellip;]","og_url":"https:\/\/microbiologie.umontreal.ca\/en\/professeurs-chercheurs\/moutih-rafei\/","og_site_name":"D\u00e9partement de microbiologie, infectiologie et immunologie","article_modified_time":"2021-08-10T20:06:00+00:00","og_image":[{"url":"https:\/\/microbiologie.umontreal.ca\/wp-content\/uploads\/sites\/12\/2021\/08\/Rafei_Moutih-332x450.jpg","type":"","width":"","height":""}],"twitter_misc":{"Est. reading time":"1 minute"},"schema":{"@context":"https:\/\/schema.org","@graph":[{"@type":"WebPage","@id":"https:\/\/microbiologie.umontreal.ca\/en\/professeurs-chercheurs\/moutih-rafei\/","url":"https:\/\/microbiologie.umontreal.ca\/en\/professeurs-chercheurs\/moutih-rafei\/","name":"Moutih Rafei - D\u00e9partement de microbiologie, infectiologie et immunologie - Universit\u00e9 de Montr\u00e9al","isPartOf":{"@id":"https:\/\/microbiologie.umontreal.ca\/#website"},"primaryImageOfPage":{"@id":"https:\/\/microbiologie.umontreal.ca\/en\/professeurs-chercheurs\/moutih-rafei\/#primaryimage"},"image":{"@id":"https:\/\/microbiologie.umontreal.ca\/en\/professeurs-chercheurs\/moutih-rafei\/#primaryimage"},"thumbnailUrl":"https:\/\/microbiologie.umontreal.ca\/wp-content\/uploads\/sites\/12\/2021\/08\/Rafei_Moutih-332x450.jpg","datePublished":"2015-12-01T17:59:44+00:00","dateModified":"2021-08-10T20:06:00+00:00","breadcrumb":{"@id":"https:\/\/microbiologie.umontreal.ca\/en\/professeurs-chercheurs\/moutih-rafei\/#breadcrumb"},"inLanguage":"en-US","potentialAction":[{"@type":"ReadAction","target":["https:\/\/microbiologie.umontreal.ca\/en\/professeurs-chercheurs\/moutih-rafei\/"]}]},{"@type":"ImageObject","inLanguage":"en-US","@id":"https:\/\/microbiologie.umontreal.ca\/en\/professeurs-chercheurs\/moutih-rafei\/#primaryimage","url":"https:\/\/microbiologie.umontreal.ca\/wp-content\/uploads\/sites\/12\/2021\/08\/Rafei_Moutih-332x450.jpg","contentUrl":"https:\/\/microbiologie.umontreal.ca\/wp-content\/uploads\/sites\/12\/2021\/08\/Rafei_Moutih-332x450.jpg"},{"@type":"BreadcrumbList","@id":"https:\/\/microbiologie.umontreal.ca\/en\/professeurs-chercheurs\/moutih-rafei\/#breadcrumb","itemListElement":[{"@type":"ListItem","position":1,"name":"Accueil","item":"https:\/\/microbiologie.umontreal.ca\/en\/"},{"@type":"ListItem","position":2,"name":"Professeurs-chercheurs","item":"https:\/\/microbiologie.umontreal.ca\/en\/professeurs-chercheurs\/"},{"@type":"ListItem","position":3,"name":"Moutih Rafei"}]},{"@type":"WebSite","@id":"https:\/\/microbiologie.umontreal.ca\/#website","url":"https:\/\/microbiologie.umontreal.ca\/","name":"D\u00e9partement de microbiologie, infectiologie et immunologie","description":"","potentialAction":[{"@type":"SearchAction","target":{"@type":"EntryPoint","urlTemplate":"https:\/\/microbiologie.umontreal.ca\/?s={search_term_string}"},"query-input":{"@type":"PropertyValueSpecification","valueRequired":true,"valueName":"search_term_string"}}],"inLanguage":"en-US"}]}},"_links":{"self":[{"href":"https:\/\/microbiologie.umontreal.ca\/en\/wp-json\/wp\/v2\/pages\/7723","targetHints":{"allow":["GET"]}}],"collection":[{"href":"https:\/\/microbiologie.umontreal.ca\/en\/wp-json\/wp\/v2\/pages"}],"about":[{"href":"https:\/\/microbiologie.umontreal.ca\/en\/wp-json\/wp\/v2\/types\/page"}],"author":[{"embeddable":true,"href":"https:\/\/microbiologie.umontreal.ca\/en\/wp-json\/wp\/v2\/users\/26"}],"replies":[{"embeddable":true,"href":"https:\/\/microbiologie.umontreal.ca\/en\/wp-json\/wp\/v2\/comments?post=7723"}],"version-history":[{"count":12,"href":"https:\/\/microbiologie.umontreal.ca\/en\/wp-json\/wp\/v2\/pages\/7723\/revisions"}],"predecessor-version":[{"id":12126,"href":"https:\/\/microbiologie.umontreal.ca\/en\/wp-json\/wp\/v2\/pages\/7723\/revisions\/12126"}],"up":[{"embeddable":true,"href":"https:\/\/microbiologie.umontreal.ca\/en\/wp-json\/wp\/v2\/pages\/11407"}],"wp:attachment":[{"href":"https:\/\/microbiologie.umontreal.ca\/en\/wp-json\/wp\/v2\/media?parent=7723"}],"curies":[{"name":"wp","href":"https:\/\/api.w.org\/{rel}","templated":true}]}}