{"id":7748,"date":"2014-08-04T20:21:40","date_gmt":"2014-08-04T20:21:40","guid":{"rendered":"https:\/\/microbiologie.umontreal.ca\/laurent-sabbagh\/"},"modified":"2020-12-02T04:08:20","modified_gmt":"2020-12-02T03:08:20","slug":"laurent-sabbagh","status":"publish","type":"page","link":"https:\/\/microbiologie.umontreal.ca\/en\/professeurs-chercheurs\/laurent-sabbagh\/","title":{"rendered":"Laurent Sabbagh"},"content":{"rendered":"<div  class=\" fiche-chercheur  \">\n<div class=\"img noLightbox\"><\/p>\n<p><img loading=\"lazy\" decoding=\"async\" src=\"https:\/\/microbiologie.umontreal.ca\/wp-content\/uploads\/sites\/12\/2020\/12\/Laurent-Sabbagh-430x450.jpg\" alt=\"\" width=\"430\" height=\"450\" class=\"alignnone size-medium wp-image-11133\" srcset=\"https:\/\/microbiologie.umontreal.ca\/wp-content\/uploads\/sites\/12\/2020\/12\/Laurent-Sabbagh-430x450.jpg 430w, https:\/\/microbiologie.umontreal.ca\/wp-content\/uploads\/sites\/12\/2020\/12\/Laurent-Sabbagh.jpg 450w\" sizes=\"auto, (max-width: 430px) 100vw, 430px\" \/><\/p>\n<p><\/div>\n<table style=\"width: 318px\">\n<tbody>\n<tr>\n<td style=\"width: 69px\"><strong>Title:<\/strong><\/td>\n<td style=\"width: 235px\">Adjunct professor<\/td>\n<\/tr>\n<tr>\n<td style=\"width: 69px\"><strong>Address:<\/strong><\/td>\n<td style=\"width: 235px\">Associate Director R&amp;D, Head of biology department<br \/>\nDomain Therapeutics NA Inc.<br \/>\n7171 Fr\u00e9d\u00e9rick-Banting<br \/>\nSt-Laurent, Qu\u00e9bec, CANADA<br \/>\nH4S 1Z9<\/td>\n<\/tr>\n<tr>\n<td style=\"width: 69px\"><strong>Phone:<\/strong><\/td>\n<td style=\"width: 235px\">514-992-2679<\/td>\n<\/tr>\n<tr>\n<td style=\"width: 69px\"><strong>Email:<\/strong><\/td>\n<td style=\"width: 235px\"><a href=\"mailto:laurent.sabbagh@umontreal.ca\">laurent.sabbagh@umontreal.ca<\/a><\/td>\n<\/tr>\n<\/tbody>\n<\/table>\n<\/div>\n<hr\/>\n<h2 style=\"text-align: justify\"><strong>Biography<\/strong><\/h2>\n<p style=\"text-align: justify\">Dr. Laurent Sabbagh obtained his B.Sc. in biochemistry from McGill University. Subsequently, he obtained his M.Sc. degree in microbiology from Laval University under the supervision of Dr. Roger Levesque where he identified novel pathogenesis genes in <em>Pseudomonas aeruginosa<\/em>. He then obtained his Ph.D. in immunology from McGill University under the supervision of Dr. Rafick-Pierre Sekaly where he studied mechanisms involved in immunological memory of T lymphocytes. Following his doctoral degree Dr. Sabbagh undertook post-doctoral fellowships at the Ontario Cancer Institute and the University of Toronto where he identified novel signaling mechanisms downstream of TNF receptor family members. Dr. Sabbagh opened his laboratory in the fall of 2010 at the research centre of Maisonneuve-Rosemont Hospital where he established a research team working on the role of TNF receptors in immunological memory, inflammation and hematological malignancies. In the fall of 2013, Dr. Sabbagh pursued his research activities on inflammatory bowel disease and polycystic kidney disease at Vertex Pharmaceuticals (Canada). Subsequently between 2017 and 2020, Dr. Sabbagh led research projects aimed on drug discovery of small molecules for the treatment of inflammatory disorders and cancer at Paraza Pharma Inc. in Montreal. Since the spring of 2020, he holds the position of associate director of R&amp;D and head of the biology department at Domain Therapeutics NA Inc.<\/p>\n<p style=\"text-align: justify\"><hr\/><\/p>\n<h2 style=\"text-align: justify\"><strong>Team<\/strong><\/h2>\n<p style=\"text-align: justify\">\u00a0<hr\/><\/p>\n<h2 style=\"text-align: justify\"><strong>Theme<\/strong><\/h2>\n<ul style=\"text-align: justify\">\n<li>Immuno-Oncology<\/li>\n<li>Neurological disorders<\/li>\n<li>Rare diseases<\/li>\n<li>Drug discovery<\/li>\n<\/ul>\n<p style=\"text-align: justify\"><hr\/><\/p>\n<h2 style=\"text-align: justify\"><strong>Research topics<\/strong><\/h2>\n<ul style=\"text-align: justify\">\n<li>Drug discovery of small molecules and antibodies for immune-oncology, neurological disorders, and rare diseases<\/li>\n<\/ul>\n<p style=\"text-align: justify\"><hr\/><\/p>\n<h2 style=\"text-align: justify\"><strong>Publications<\/strong><\/h2>\n<ul>\n<li style=\"text-align: justify\">Regulation of tumor growth by leukocyte-specific protein 1 in T cells. Kown R, Hong BK, Lee KG, Choi E, <strong>Sabbagh L<\/strong>, Cho CS, Lee N, Kim WU. <a href=\"https:\/\/www.ncbi.nlm.nih.gov\/pmc\/articles\/PMC7537340\/\">J Immunother Cancer. <strong>2020<\/strong> Oct;8(2):e001180<\/a>.<\/li>\n<li style=\"text-align: justify\">Novel mechanisms to inhibit HIV reservoir seeding using Jak inhibitors. Gavegnano C, Brehm JH, Dupuy FP, Talla A, Ribeiro SP, Kulpa DA, Cameron C, Santos S, Hurwitz SJ, Marconi VC, Routy JP, <strong>Sabbagh L<\/strong>, Schinazi RF, S\u00e9kaly RP. <a href=\"https:\/\/www.ncbi.nlm.nih.gov\/pubmed\/29267399\">PLoS Pathog. <strong>2017<\/strong> Dec 21;13(12):e1006740<\/a>.<\/li>\n<li style=\"text-align: justify\">VEGF Requires the Receptor NRP-1 To Inhibit Lipopolysaccharide-Dependent Dendritic Cell Maturation. Oussa NA, Dahmani A, Gomis M, Richaud M, Andreev E, Navab-Daneshmand AR, Taillefer J, Carli C, Boulet S, <strong>Sabbagh L<\/strong>, Labrecque N, Sapieha P, Delisle JS. <a href=\"https:\/\/www.ncbi.nlm.nih.gov\/pubmed\/27815442\">J Immunol. <strong>2016<\/strong> Nov 15;197(10):3927-3935<\/a>.<\/li>\n<li style=\"text-align: justify\">Leukocyte-specific protein 1 regulates T-cell migration in rheumatoid arthritis. Hwang SH, Jung SH, Lee S, Choi S, Yoo SA, Park JH, Hwang D, Shim SC, <strong>Sabbagh L<\/strong>, Kim KJ, Park SH, Cho CS, Kim BS, Leng L, Montgomery RR, Bucala R, Chung YJ, Kim WU. <a href=\"https:\/\/www.ncbi.nlm.nih.gov\/pubmed\/26554018\">Proc Natl Acad Sci U S A. <strong>2015<\/strong> Nov 24;112(47):E6535-43<\/a>.<\/li>\n<li style=\"text-align: justify\">Leukocyte-specific protein 1 links TNF receptor-associated factor 1 to survival signaling downstream of 4-1BB in T cells. <strong>Sabbagh L<\/strong>, Andreeva D, Laram\u00e9e GD, Oussa NA, Lew D, Bisson N, Soumounou Y, Pawson T, Watts TH. <a href=\"https:\/\/www.ncbi.nlm.nih.gov\/pubmed\/23446150\">J Leukoc Biol. <strong>2013<\/strong> May;93(5):713-721<\/a>.<\/li>\n<li style=\"text-align: justify\">TRAF1 phosphorylation on Serine 139 modulates NF-\u03baB activity downstream of 4-1BB in T cells. Oussa NA, Soumounou Y, <strong>Sabbagh L. <\/strong><a href=\"https:\/\/www.ncbi.nlm.nih.gov\/pubmed\/23376065\">Biochem Biophys Res Commun. <strong>2013<\/strong> Mar 1;432(1):129-134<\/a>.<\/li>\n<\/ul>\n","protected":false},"excerpt":{"rendered":"<p>Biography Dr. Laurent Sabbagh obtained his B.Sc. in biochemistry from McGill University. Subsequently, he obtained his M.Sc. degree in microbiology from Laval University under the supervision of Dr. Roger Levesque [&hellip;]<\/p>\n","protected":false},"author":25,"featured_media":0,"parent":11407,"menu_order":0,"comment_status":"closed","ping_status":"closed","template":"","meta":{"footnotes":""},"class_list":["post-7748","page","type-page","status-publish","hentry"],"yoast_head":"<!-- This site is optimized with the Yoast SEO plugin v25.0 - https:\/\/yoast.com\/wordpress\/plugins\/seo\/ -->\n<title>Laurent Sabbagh - D\u00e9partement de microbiologie, infectiologie et immunologie - Universit\u00e9 de Montr\u00e9al<\/title>\n<meta name=\"robots\" content=\"index, follow, max-snippet:-1, max-image-preview:large, max-video-preview:-1\" \/>\n<link rel=\"canonical\" href=\"https:\/\/microbiologie.umontreal.ca\/en\/professeurs-chercheurs\/laurent-sabbagh\/\" \/>\n<meta property=\"og:locale\" content=\"en_US\" \/>\n<meta property=\"og:type\" content=\"article\" \/>\n<meta property=\"og:title\" content=\"Laurent Sabbagh - D\u00e9partement de microbiologie, infectiologie et immunologie - Universit\u00e9 de Montr\u00e9al\" \/>\n<meta property=\"og:description\" content=\"Biography Dr. Laurent Sabbagh obtained his B.Sc. in biochemistry from McGill University. Subsequently, he obtained his M.Sc. degree in microbiology from Laval University under the supervision of Dr. Roger Levesque [&hellip;]\" \/>\n<meta property=\"og:url\" content=\"https:\/\/microbiologie.umontreal.ca\/en\/professeurs-chercheurs\/laurent-sabbagh\/\" \/>\n<meta property=\"og:site_name\" content=\"D\u00e9partement de microbiologie, infectiologie et immunologie\" \/>\n<meta property=\"article:modified_time\" content=\"2020-12-02T03:08:20+00:00\" \/>\n<meta property=\"og:image\" content=\"https:\/\/microbiologie.umontreal.ca\/wp-content\/uploads\/sites\/12\/2020\/12\/Laurent-Sabbagh-430x450.jpg\" \/>\n<meta name=\"twitter:label1\" content=\"Est. reading time\" \/>\n\t<meta name=\"twitter:data1\" content=\"3 minutes\" \/>\n<script type=\"application\/ld+json\" class=\"yoast-schema-graph\">{\"@context\":\"https:\/\/schema.org\",\"@graph\":[{\"@type\":\"WebPage\",\"@id\":\"https:\/\/microbiologie.umontreal.ca\/en\/professeurs-chercheurs\/laurent-sabbagh\/\",\"url\":\"https:\/\/microbiologie.umontreal.ca\/en\/professeurs-chercheurs\/laurent-sabbagh\/\",\"name\":\"Laurent Sabbagh - D\u00e9partement de microbiologie, infectiologie et immunologie - Universit\u00e9 de Montr\u00e9al\",\"isPartOf\":{\"@id\":\"https:\/\/microbiologie.umontreal.ca\/#website\"},\"primaryImageOfPage\":{\"@id\":\"https:\/\/microbiologie.umontreal.ca\/en\/professeurs-chercheurs\/laurent-sabbagh\/#primaryimage\"},\"image\":{\"@id\":\"https:\/\/microbiologie.umontreal.ca\/en\/professeurs-chercheurs\/laurent-sabbagh\/#primaryimage\"},\"thumbnailUrl\":\"https:\/\/microbiologie.umontreal.ca\/wp-content\/uploads\/sites\/12\/2020\/12\/Laurent-Sabbagh-430x450.jpg\",\"datePublished\":\"2014-08-04T20:21:40+00:00\",\"dateModified\":\"2020-12-02T03:08:20+00:00\",\"breadcrumb\":{\"@id\":\"https:\/\/microbiologie.umontreal.ca\/en\/professeurs-chercheurs\/laurent-sabbagh\/#breadcrumb\"},\"inLanguage\":\"en-US\",\"potentialAction\":[{\"@type\":\"ReadAction\",\"target\":[\"https:\/\/microbiologie.umontreal.ca\/en\/professeurs-chercheurs\/laurent-sabbagh\/\"]}]},{\"@type\":\"ImageObject\",\"inLanguage\":\"en-US\",\"@id\":\"https:\/\/microbiologie.umontreal.ca\/en\/professeurs-chercheurs\/laurent-sabbagh\/#primaryimage\",\"url\":\"https:\/\/microbiologie.umontreal.ca\/wp-content\/uploads\/sites\/12\/2020\/12\/Laurent-Sabbagh-430x450.jpg\",\"contentUrl\":\"https:\/\/microbiologie.umontreal.ca\/wp-content\/uploads\/sites\/12\/2020\/12\/Laurent-Sabbagh-430x450.jpg\"},{\"@type\":\"BreadcrumbList\",\"@id\":\"https:\/\/microbiologie.umontreal.ca\/en\/professeurs-chercheurs\/laurent-sabbagh\/#breadcrumb\",\"itemListElement\":[{\"@type\":\"ListItem\",\"position\":1,\"name\":\"Accueil\",\"item\":\"https:\/\/microbiologie.umontreal.ca\/en\/\"},{\"@type\":\"ListItem\",\"position\":2,\"name\":\"Professeurs-chercheurs\",\"item\":\"https:\/\/microbiologie.umontreal.ca\/en\/professeurs-chercheurs\/\"},{\"@type\":\"ListItem\",\"position\":3,\"name\":\"Laurent Sabbagh\"}]},{\"@type\":\"WebSite\",\"@id\":\"https:\/\/microbiologie.umontreal.ca\/#website\",\"url\":\"https:\/\/microbiologie.umontreal.ca\/\",\"name\":\"D\u00e9partement de microbiologie, infectiologie et immunologie\",\"description\":\"\",\"potentialAction\":[{\"@type\":\"SearchAction\",\"target\":{\"@type\":\"EntryPoint\",\"urlTemplate\":\"https:\/\/microbiologie.umontreal.ca\/?s={search_term_string}\"},\"query-input\":{\"@type\":\"PropertyValueSpecification\",\"valueRequired\":true,\"valueName\":\"search_term_string\"}}],\"inLanguage\":\"en-US\"}]}<\/script>\n<!-- \/ Yoast SEO plugin. -->","yoast_head_json":{"title":"Laurent Sabbagh - D\u00e9partement de microbiologie, infectiologie et immunologie - Universit\u00e9 de Montr\u00e9al","robots":{"index":"index","follow":"follow","max-snippet":"max-snippet:-1","max-image-preview":"max-image-preview:large","max-video-preview":"max-video-preview:-1"},"canonical":"https:\/\/microbiologie.umontreal.ca\/en\/professeurs-chercheurs\/laurent-sabbagh\/","og_locale":"en_US","og_type":"article","og_title":"Laurent Sabbagh - D\u00e9partement de microbiologie, infectiologie et immunologie - Universit\u00e9 de Montr\u00e9al","og_description":"Biography Dr. Laurent Sabbagh obtained his B.Sc. in biochemistry from McGill University. Subsequently, he obtained his M.Sc. degree in microbiology from Laval University under the supervision of Dr. Roger Levesque [&hellip;]","og_url":"https:\/\/microbiologie.umontreal.ca\/en\/professeurs-chercheurs\/laurent-sabbagh\/","og_site_name":"D\u00e9partement de microbiologie, infectiologie et immunologie","article_modified_time":"2020-12-02T03:08:20+00:00","og_image":[{"url":"https:\/\/microbiologie.umontreal.ca\/wp-content\/uploads\/sites\/12\/2020\/12\/Laurent-Sabbagh-430x450.jpg","type":"","width":"","height":""}],"twitter_misc":{"Est. reading time":"3 minutes"},"schema":{"@context":"https:\/\/schema.org","@graph":[{"@type":"WebPage","@id":"https:\/\/microbiologie.umontreal.ca\/en\/professeurs-chercheurs\/laurent-sabbagh\/","url":"https:\/\/microbiologie.umontreal.ca\/en\/professeurs-chercheurs\/laurent-sabbagh\/","name":"Laurent Sabbagh - D\u00e9partement de microbiologie, infectiologie et immunologie - Universit\u00e9 de Montr\u00e9al","isPartOf":{"@id":"https:\/\/microbiologie.umontreal.ca\/#website"},"primaryImageOfPage":{"@id":"https:\/\/microbiologie.umontreal.ca\/en\/professeurs-chercheurs\/laurent-sabbagh\/#primaryimage"},"image":{"@id":"https:\/\/microbiologie.umontreal.ca\/en\/professeurs-chercheurs\/laurent-sabbagh\/#primaryimage"},"thumbnailUrl":"https:\/\/microbiologie.umontreal.ca\/wp-content\/uploads\/sites\/12\/2020\/12\/Laurent-Sabbagh-430x450.jpg","datePublished":"2014-08-04T20:21:40+00:00","dateModified":"2020-12-02T03:08:20+00:00","breadcrumb":{"@id":"https:\/\/microbiologie.umontreal.ca\/en\/professeurs-chercheurs\/laurent-sabbagh\/#breadcrumb"},"inLanguage":"en-US","potentialAction":[{"@type":"ReadAction","target":["https:\/\/microbiologie.umontreal.ca\/en\/professeurs-chercheurs\/laurent-sabbagh\/"]}]},{"@type":"ImageObject","inLanguage":"en-US","@id":"https:\/\/microbiologie.umontreal.ca\/en\/professeurs-chercheurs\/laurent-sabbagh\/#primaryimage","url":"https:\/\/microbiologie.umontreal.ca\/wp-content\/uploads\/sites\/12\/2020\/12\/Laurent-Sabbagh-430x450.jpg","contentUrl":"https:\/\/microbiologie.umontreal.ca\/wp-content\/uploads\/sites\/12\/2020\/12\/Laurent-Sabbagh-430x450.jpg"},{"@type":"BreadcrumbList","@id":"https:\/\/microbiologie.umontreal.ca\/en\/professeurs-chercheurs\/laurent-sabbagh\/#breadcrumb","itemListElement":[{"@type":"ListItem","position":1,"name":"Accueil","item":"https:\/\/microbiologie.umontreal.ca\/en\/"},{"@type":"ListItem","position":2,"name":"Professeurs-chercheurs","item":"https:\/\/microbiologie.umontreal.ca\/en\/professeurs-chercheurs\/"},{"@type":"ListItem","position":3,"name":"Laurent Sabbagh"}]},{"@type":"WebSite","@id":"https:\/\/microbiologie.umontreal.ca\/#website","url":"https:\/\/microbiologie.umontreal.ca\/","name":"D\u00e9partement de microbiologie, infectiologie et immunologie","description":"","potentialAction":[{"@type":"SearchAction","target":{"@type":"EntryPoint","urlTemplate":"https:\/\/microbiologie.umontreal.ca\/?s={search_term_string}"},"query-input":{"@type":"PropertyValueSpecification","valueRequired":true,"valueName":"search_term_string"}}],"inLanguage":"en-US"}]}},"_links":{"self":[{"href":"https:\/\/microbiologie.umontreal.ca\/en\/wp-json\/wp\/v2\/pages\/7748","targetHints":{"allow":["GET"]}}],"collection":[{"href":"https:\/\/microbiologie.umontreal.ca\/en\/wp-json\/wp\/v2\/pages"}],"about":[{"href":"https:\/\/microbiologie.umontreal.ca\/en\/wp-json\/wp\/v2\/types\/page"}],"author":[{"embeddable":true,"href":"https:\/\/microbiologie.umontreal.ca\/en\/wp-json\/wp\/v2\/users\/25"}],"replies":[{"embeddable":true,"href":"https:\/\/microbiologie.umontreal.ca\/en\/wp-json\/wp\/v2\/comments?post=7748"}],"version-history":[{"count":6,"href":"https:\/\/microbiologie.umontreal.ca\/en\/wp-json\/wp\/v2\/pages\/7748\/revisions"}],"predecessor-version":[{"id":11136,"href":"https:\/\/microbiologie.umontreal.ca\/en\/wp-json\/wp\/v2\/pages\/7748\/revisions\/11136"}],"up":[{"embeddable":true,"href":"https:\/\/microbiologie.umontreal.ca\/en\/wp-json\/wp\/v2\/pages\/11407"}],"wp:attachment":[{"href":"https:\/\/microbiologie.umontreal.ca\/en\/wp-json\/wp\/v2\/media?parent=7748"}],"curies":[{"name":"wp","href":"https:\/\/api.w.org\/{rel}","templated":true}]}}