{"id":7841,"date":"2014-08-04T19:20:40","date_gmt":"2014-08-04T19:20:40","guid":{"rendered":"https:\/\/microbiologie.umontreal.ca\/jean-luc-senecal\/"},"modified":"2021-08-05T16:51:27","modified_gmt":"2021-08-05T15:51:27","slug":"jean-luc-senecal","status":"publish","type":"page","link":"https:\/\/microbiologie.umontreal.ca\/en\/professeurs-chercheurs\/jean-luc-senecal\/","title":{"rendered":"Jean-Luc Sen\u00e9cal"},"content":{"rendered":"<div  class=\" fiche-chercheur  \">\n<div class=\"img noLightbox\"><\/p>\n<p><img loading=\"lazy\" decoding=\"async\" src=\"https:\/\/microbiologie.umontreal.ca\/wp-content\/uploads\/sites\/12\/2018\/03\/zJEAN-LUC-SEN\u00c9CAL-MD-301x450.jpg\" alt=\"\" width=\"301\" height=\"450\" class=\"alignnone size-medium wp-image-7860\" srcset=\"https:\/\/microbiologie.umontreal.ca\/wp-content\/uploads\/sites\/12\/2018\/03\/zJEAN-LUC-SEN\u00c9CAL-MD-301x450.jpg 301w, https:\/\/microbiologie.umontreal.ca\/wp-content\/uploads\/sites\/12\/2018\/03\/zJEAN-LUC-SEN\u00c9CAL-MD-684x1024.jpg 684w, https:\/\/microbiologie.umontreal.ca\/wp-content\/uploads\/sites\/12\/2018\/03\/zJEAN-LUC-SEN\u00c9CAL-MD-610x913.jpg 610w, https:\/\/microbiologie.umontreal.ca\/wp-content\/uploads\/sites\/12\/2018\/03\/zJEAN-LUC-SEN\u00c9CAL-MD.jpg 1787w\" sizes=\"auto, (max-width: 301px) 100vw, 301px\" \/><\/p>\n<p><\/div>\n\n\n<table style=\"width: 306px\">\n<tbody>\n<tr>\n<td style=\"width: 75px\"><strong>Title:<\/strong><\/td>\n<td style=\"width: 217px\">Full time professor (accredited)<br \/>\nD\u00e9partement de m\u00e9decine et sp\u00e9cialit\u00e9s m\u00e9dicales<\/td>\n<\/tr>\n<tr>\n<td style=\"width: 75px\"><strong>Address:<\/strong><\/td>\n<td style=\"width: 217px\">Laboratoire de recherche en autoimmunit\u00e9 (LABRAI)<br \/>\nCentre de recherche du CHUM<br \/>\nTour Viger R11.428<br \/>\n900, rue Saint-Denis<br \/>\nMontr\u00e9al (Qu\u00e9bec) \u00a0H2X 0A9<\/td>\n<\/tr>\n<tr>\n<td style=\"width: 75px\"><strong>Phone:<\/strong><\/td>\n<td style=\"width: 217px\">514 890-8000, poste 25364<\/td>\n<\/tr>\n<tr>\n<td style=\"width: 75px\"><strong>Email:<\/strong><\/td>\n<td style=\"width: 217px\"><a href=\"mailto:SENECAL-LABRAI@bell.net\"><\/a><a href=\"mailto:LABRAI-JL.SENECAL@outlook.com\">LABRAI-JL.SENECAL@outlook.com<\/a><\/td>\n<\/tr>\n<\/tbody>\n<\/table>\n<\/div>\n<hr\/>\n<h2 style=\"text-align: justify\"><strong>Biography<\/strong><\/h2>\n<p style=\"text-align: justify\">To come up<\/p>\n<p style=\"text-align: justify\"><hr\/><\/p>\n<h2 style=\"text-align: justify\"><strong>Team\u00a0<\/strong><\/h2>\n<p style=\"text-align: justify\">To come up<\/p>\n<p style=\"text-align: justify\"><hr\/><\/p>\n<h2 style=\"text-align: justify\"><strong>Theme<\/strong><\/h2>\n<p style=\"text-align: justify\">To come up<\/p>\n<p style=\"text-align: justify\"><hr\/><\/p>\n<h2 style=\"text-align: justify\"><strong>Research topics<\/strong><\/h2>\n<ul style=\"text-align: justify\">\n<li>Human systemic autoimune diseases :<\/li>\n<li>Identification, characterization and clinical significance of autoantibodies associated with human systemic autoimmune diseases: scleroderma (systemic sclerosis), systemic lupus erythematosus (SLE) and autoimmune myositis.<\/li>\n<li>Molecular mechanisms in the immunopathogenesis of scleroderma and SLE.<\/li>\n<li>Role of apoptosis in the generation of autoantigens and their role in the immunopathogenesis of scleroderma and SLE.<\/li>\n<li>Development of new therapies for scleroderma and SLE.<\/li>\n<\/ul>\n<p style=\"text-align: justify\"><hr\/><\/p>\n<h2 style=\"text-align: justify\"><strong>Publications<\/strong><\/h2>\n<ul>\n<li style=\"text-align: justify\">Mehta<sup> <\/sup>H, Goulet<sup> <\/sup>PO, Mashiko<sup> <\/sup>S, Desjardins J, P\u00e9rez<sup> <\/sup>G, Koenig<sup> <\/sup>K, <u>Sen\u00e9cal<sup> <\/sup>JL<\/u>, Constante<sup> <\/sup>M,<sup> <\/sup>Santos<sup> <\/sup>MM, Sarfati M. Exposure to antibiotic limited to early life causes intestinal dysbiosis and exacerbates skin and lung pathology in murine experimental systemic sclerosis<strong><em>. <a href=\"https:\/\/www.ncbi.nlm.nih.gov\/pubmed\/28757138\">J Inv Derm (2017)<\/a><\/em><\/strong><a href=\"https:\/\/www.ncbi.nlm.nih.gov\/pubmed\/28757138\"> 137:2316-2325.doi:10.1016\/j.jid.2017.06.019.<\/a><\/li>\n<li style=\"text-align: justify\"><u>Sen\u00e9cal JL<\/u>, Raynauld JP, Troyanov Y. A new classification of autoimmune myositis. Editorial. <a href=\"https:\/\/www.ncbi.nlm.nih.gov\/pubmed\/28382651\"><strong><em>Arthritis Rheumatol (2017)<\/em><\/strong> 69(5):878-884. doi: 10.1002\/art.40063<\/a>.<\/li>\n<li style=\"text-align: justify\">Hoa S, Troyanov Y, Fritzler MJ, Targoff IN, Chartrand S, Mansour AM, Rich E, Boudabbouz H, Bourr\u00e9-Tessier J, Goulet JR, Albert M, Landry M, <u>Sene\u0301cal JL<\/u>. Anti-MDA5-associated rapidly progressive interstitial lung disease: defining suggestive clinical, biochemical and radiological features and expanding the clinical spectrum. Case series of 10 Canadian patients and literature review. <a href=\"https:\/\/www.ncbi.nlm.nih.gov\/pubmed\/29065773\"><strong><em>Scand J Rheumatol (2017)<\/em><\/strong> 25:1-15. doi: 10.1080\/03009742.2017.1334814<\/a>.<\/li>\n<\/ul>\n","protected":false},"excerpt":{"rendered":"<p>Biography To come up Team\u00a0 To come up Theme To come up Research topics Human systemic autoimune diseases : Identification, characterization and clinical significance of autoantibodies associated with human systemic [&hellip;]<\/p>\n","protected":false},"author":25,"featured_media":0,"parent":11407,"menu_order":0,"comment_status":"closed","ping_status":"closed","template":"","meta":{"footnotes":""},"class_list":["post-7841","page","type-page","status-publish","hentry"],"yoast_head":"<!-- This site is optimized with the Yoast SEO plugin v25.0 - https:\/\/yoast.com\/wordpress\/plugins\/seo\/ -->\n<title>Jean-Luc Sen\u00e9cal - D\u00e9partement de microbiologie, infectiologie et immunologie - Universit\u00e9 de Montr\u00e9al<\/title>\n<meta name=\"robots\" content=\"index, follow, max-snippet:-1, max-image-preview:large, max-video-preview:-1\" \/>\n<link rel=\"canonical\" href=\"https:\/\/microbiologie.umontreal.ca\/en\/professeurs-chercheurs\/jean-luc-senecal\/\" \/>\n<meta property=\"og:locale\" content=\"en_US\" \/>\n<meta property=\"og:type\" content=\"article\" \/>\n<meta property=\"og:title\" content=\"Jean-Luc Sen\u00e9cal - D\u00e9partement de microbiologie, infectiologie et immunologie - Universit\u00e9 de Montr\u00e9al\" \/>\n<meta property=\"og:description\" content=\"Biography To come up Team\u00a0 To come up Theme To come up Research topics Human systemic autoimune diseases : Identification, characterization and clinical significance of autoantibodies associated with human systemic [&hellip;]\" \/>\n<meta property=\"og:url\" content=\"https:\/\/microbiologie.umontreal.ca\/en\/professeurs-chercheurs\/jean-luc-senecal\/\" \/>\n<meta property=\"og:site_name\" content=\"D\u00e9partement de microbiologie, infectiologie et immunologie\" \/>\n<meta property=\"article:modified_time\" content=\"2021-08-05T15:51:27+00:00\" \/>\n<meta name=\"twitter:label1\" content=\"Est. reading time\" \/>\n\t<meta name=\"twitter:data1\" content=\"1 minute\" \/>\n<script type=\"application\/ld+json\" class=\"yoast-schema-graph\">{\"@context\":\"https:\/\/schema.org\",\"@graph\":[{\"@type\":\"WebPage\",\"@id\":\"https:\/\/microbiologie.umontreal.ca\/en\/professeurs-chercheurs\/jean-luc-senecal\/\",\"url\":\"https:\/\/microbiologie.umontreal.ca\/en\/professeurs-chercheurs\/jean-luc-senecal\/\",\"name\":\"Jean-Luc Sen\u00e9cal - D\u00e9partement de microbiologie, infectiologie et immunologie - Universit\u00e9 de Montr\u00e9al\",\"isPartOf\":{\"@id\":\"https:\/\/microbiologie.umontreal.ca\/#website\"},\"datePublished\":\"2014-08-04T19:20:40+00:00\",\"dateModified\":\"2021-08-05T15:51:27+00:00\",\"breadcrumb\":{\"@id\":\"https:\/\/microbiologie.umontreal.ca\/en\/professeurs-chercheurs\/jean-luc-senecal\/#breadcrumb\"},\"inLanguage\":\"en-US\",\"potentialAction\":[{\"@type\":\"ReadAction\",\"target\":[\"https:\/\/microbiologie.umontreal.ca\/en\/professeurs-chercheurs\/jean-luc-senecal\/\"]}]},{\"@type\":\"BreadcrumbList\",\"@id\":\"https:\/\/microbiologie.umontreal.ca\/en\/professeurs-chercheurs\/jean-luc-senecal\/#breadcrumb\",\"itemListElement\":[{\"@type\":\"ListItem\",\"position\":1,\"name\":\"Accueil\",\"item\":\"https:\/\/microbiologie.umontreal.ca\/en\/\"},{\"@type\":\"ListItem\",\"position\":2,\"name\":\"Professeurs-chercheurs\",\"item\":\"https:\/\/microbiologie.umontreal.ca\/en\/professeurs-chercheurs\/\"},{\"@type\":\"ListItem\",\"position\":3,\"name\":\"Jean-Luc Sen\u00e9cal\"}]},{\"@type\":\"WebSite\",\"@id\":\"https:\/\/microbiologie.umontreal.ca\/#website\",\"url\":\"https:\/\/microbiologie.umontreal.ca\/\",\"name\":\"D\u00e9partement de microbiologie, infectiologie et immunologie\",\"description\":\"\",\"potentialAction\":[{\"@type\":\"SearchAction\",\"target\":{\"@type\":\"EntryPoint\",\"urlTemplate\":\"https:\/\/microbiologie.umontreal.ca\/?s={search_term_string}\"},\"query-input\":{\"@type\":\"PropertyValueSpecification\",\"valueRequired\":true,\"valueName\":\"search_term_string\"}}],\"inLanguage\":\"en-US\"}]}<\/script>\n<!-- \/ Yoast SEO plugin. -->","yoast_head_json":{"title":"Jean-Luc Sen\u00e9cal - D\u00e9partement de microbiologie, infectiologie et immunologie - Universit\u00e9 de Montr\u00e9al","robots":{"index":"index","follow":"follow","max-snippet":"max-snippet:-1","max-image-preview":"max-image-preview:large","max-video-preview":"max-video-preview:-1"},"canonical":"https:\/\/microbiologie.umontreal.ca\/en\/professeurs-chercheurs\/jean-luc-senecal\/","og_locale":"en_US","og_type":"article","og_title":"Jean-Luc Sen\u00e9cal - D\u00e9partement de microbiologie, infectiologie et immunologie - Universit\u00e9 de Montr\u00e9al","og_description":"Biography To come up Team\u00a0 To come up Theme To come up Research topics Human systemic autoimune diseases : Identification, characterization and clinical significance of autoantibodies associated with human systemic [&hellip;]","og_url":"https:\/\/microbiologie.umontreal.ca\/en\/professeurs-chercheurs\/jean-luc-senecal\/","og_site_name":"D\u00e9partement de microbiologie, infectiologie et immunologie","article_modified_time":"2021-08-05T15:51:27+00:00","twitter_misc":{"Est. reading time":"1 minute"},"schema":{"@context":"https:\/\/schema.org","@graph":[{"@type":"WebPage","@id":"https:\/\/microbiologie.umontreal.ca\/en\/professeurs-chercheurs\/jean-luc-senecal\/","url":"https:\/\/microbiologie.umontreal.ca\/en\/professeurs-chercheurs\/jean-luc-senecal\/","name":"Jean-Luc Sen\u00e9cal - D\u00e9partement de microbiologie, infectiologie et immunologie - Universit\u00e9 de Montr\u00e9al","isPartOf":{"@id":"https:\/\/microbiologie.umontreal.ca\/#website"},"datePublished":"2014-08-04T19:20:40+00:00","dateModified":"2021-08-05T15:51:27+00:00","breadcrumb":{"@id":"https:\/\/microbiologie.umontreal.ca\/en\/professeurs-chercheurs\/jean-luc-senecal\/#breadcrumb"},"inLanguage":"en-US","potentialAction":[{"@type":"ReadAction","target":["https:\/\/microbiologie.umontreal.ca\/en\/professeurs-chercheurs\/jean-luc-senecal\/"]}]},{"@type":"BreadcrumbList","@id":"https:\/\/microbiologie.umontreal.ca\/en\/professeurs-chercheurs\/jean-luc-senecal\/#breadcrumb","itemListElement":[{"@type":"ListItem","position":1,"name":"Accueil","item":"https:\/\/microbiologie.umontreal.ca\/en\/"},{"@type":"ListItem","position":2,"name":"Professeurs-chercheurs","item":"https:\/\/microbiologie.umontreal.ca\/en\/professeurs-chercheurs\/"},{"@type":"ListItem","position":3,"name":"Jean-Luc Sen\u00e9cal"}]},{"@type":"WebSite","@id":"https:\/\/microbiologie.umontreal.ca\/#website","url":"https:\/\/microbiologie.umontreal.ca\/","name":"D\u00e9partement de microbiologie, infectiologie et immunologie","description":"","potentialAction":[{"@type":"SearchAction","target":{"@type":"EntryPoint","urlTemplate":"https:\/\/microbiologie.umontreal.ca\/?s={search_term_string}"},"query-input":{"@type":"PropertyValueSpecification","valueRequired":true,"valueName":"search_term_string"}}],"inLanguage":"en-US"}]}},"_links":{"self":[{"href":"https:\/\/microbiologie.umontreal.ca\/en\/wp-json\/wp\/v2\/pages\/7841","targetHints":{"allow":["GET"]}}],"collection":[{"href":"https:\/\/microbiologie.umontreal.ca\/en\/wp-json\/wp\/v2\/pages"}],"about":[{"href":"https:\/\/microbiologie.umontreal.ca\/en\/wp-json\/wp\/v2\/types\/page"}],"author":[{"embeddable":true,"href":"https:\/\/microbiologie.umontreal.ca\/en\/wp-json\/wp\/v2\/users\/25"}],"replies":[{"embeddable":true,"href":"https:\/\/microbiologie.umontreal.ca\/en\/wp-json\/wp\/v2\/comments?post=7841"}],"version-history":[{"count":8,"href":"https:\/\/microbiologie.umontreal.ca\/en\/wp-json\/wp\/v2\/pages\/7841\/revisions"}],"predecessor-version":[{"id":12115,"href":"https:\/\/microbiologie.umontreal.ca\/en\/wp-json\/wp\/v2\/pages\/7841\/revisions\/12115"}],"up":[{"embeddable":true,"href":"https:\/\/microbiologie.umontreal.ca\/en\/wp-json\/wp\/v2\/pages\/11407"}],"wp:attachment":[{"href":"https:\/\/microbiologie.umontreal.ca\/en\/wp-json\/wp\/v2\/media?parent=7841"}],"curies":[{"name":"wp","href":"https:\/\/api.w.org\/{rel}","templated":true}]}}