{"id":7851,"date":"2015-08-26T17:04:24","date_gmt":"2015-08-26T16:04:24","guid":{"rendered":"https:\/\/microbiologie.umontreal.ca\/sylvie-girard\/"},"modified":"2020-10-21T14:18:58","modified_gmt":"2020-10-21T13:18:58","slug":"sylvie-girard","status":"publish","type":"page","link":"https:\/\/microbiologie.umontreal.ca\/en\/professeurs-chercheurs\/sylvie-girard\/","title":{"rendered":"Sylvie Girard"},"content":{"rendered":"<div  class=\" fiche-chercheur  \">\n<div class=\"img noLightbox\"><\/p>\n<p><img loading=\"lazy\" decoding=\"async\" src=\"https:\/\/microbiologie.umontreal.ca\/wp-content\/uploads\/sites\/12\/2018\/03\/Sylvie-Girard-439x450.jpg\" alt=\"\" width=\"439\" height=\"450\" class=\"alignnone size-medium wp-image-7846\" srcset=\"https:\/\/microbiologie.umontreal.ca\/wp-content\/uploads\/sites\/12\/2018\/03\/Sylvie-Girard-439x450.jpg 439w, https:\/\/microbiologie.umontreal.ca\/wp-content\/uploads\/sites\/12\/2018\/03\/Sylvie-Girard.jpg 488w\" sizes=\"auto, (max-width: 439px) 100vw, 439px\" \/><\/p>\n<p><\/div>\n<table style=\"width: 386px\">\n<tbody>\n<tr>\n<td style=\"width: 72px\"><strong>Title:<\/strong><\/td>\n<td style=\"width: 314px\">Associate research professor (accredited)<br \/>\nD\u00e9partement d&#8217;obst\u00e9trique-gyn\u00e9cologie<\/td>\n<\/tr>\n<tr>\n<td style=\"width: 72px\"><strong>Address:<\/strong><\/td>\n<td style=\"width: 314px\">Centre de recherche du CHU Sainte-Justine<br \/>\n3175, chemin C\u00f4te-Sainte-Catherine<br \/>\nMontr\u00e9al (Qu\u00e9bec)<br \/>\nH3T 1C5<\/td>\n<\/tr>\n<tr>\n<td style=\"width: 72px\"><strong>Room:<\/strong><\/td>\n<td style=\"width: 314px\">Office: A715<br \/>\nLabo: 1725<\/td>\n<\/tr>\n<tr>\n<td style=\"width: 72px\"><strong>Phone:<\/strong><\/td>\n<td style=\"width: 314px\">Office: 514-345-4931 ext. 2448<br \/>\nLabo: 514-345-4931 ext. 4133<\/td>\n<\/tr>\n<tr>\n<td style=\"width: 72px\"><strong>Email:<\/strong><\/td>\n<td style=\"width: 314px\"><a href=\"mailto:sylvie.girard@umontreal.ca\">sylvie.girard@umontreal.ca<\/a><\/td>\n<\/tr>\n<\/tbody>\n<\/table>\n<p><span style=\"font-weight: 400;text-align: start\"><\/div><\/span><\/p>\n<hr\/>\n<h2 style=\"text-align: justify\"><strong>Biography<\/strong><\/h2>\n<p style=\"text-align: justify\">Dr. Sylvie Girard completed her Ph.D. in Immunology at the Universit\u00e9 de Sherbrooke, working on perinatal inflammatory processes and their impact on brain development in the newborn. She then pursued post-doctoral studies at the University of Manchester in the United Kingdom and then at Yale University in the United States where she acquired expertise in reproductive immunology. Dr. Girard joined the Department of Obstetrics and Gynecology at the Universit\u00e9 de Montr\u00e9al in 2014 and focuses on inflammatory mechanisms at the materno-fetal interface in both humans and animals and the effects on the development of the newborn. She is now accredited with the Department of microbiology, infectiology and immunology at the Universit\u00e9 de Montr\u00e9al since 2015.<br \/>\n<hr\/><\/p>\n<h2 style=\"text-align: justify\"><strong>Team<\/strong><\/h2>\n<ul style=\"text-align: justify\">\n<li>Marie-\u00c8ve Brien (\u00e9tudiante au doctorat)<\/li>\n<li>Cyntia Duval (\u00e9tudiante au doctorat)<\/li>\n<li>Virginie Gaudreault (\u00e9tudiante \u00e0 la maitrise)<\/li>\n<li>Ines Boufaied (assistante de recherche)<\/li>\n<\/ul>\n<p style=\"text-align: justify\"><hr\/><\/p>\n<h2 style=\"text-align: justify\"><strong>Themes<\/strong><\/h2>\n<ul>\n<li>Inflammation<\/li>\n<li>Immune activation<\/li>\n<li>Immunology of reproduction<\/li>\n<li><span id=\"result_box\" lang=\"en\">Child development<\/span><\/li>\n<\/ul>\n<div class=\"g-section\" id=\"gt-c\" style=\"text-align: justify\">\n<div id=\"gt-form-c\">\n<div id=\"gt-text-all\">\n<div id=\"gt-main\">\n<div id=\"gt-text-c\">\n<div id=\"gt-text-top\">\n<div class=\"g-unit\" id=\"gt-res-c\">\n<div id=\"gt-res-p\">\n<div id=\"gt-res-data\">\n<div id=\"gt-res-wrap\">\n<div id=\"gt-res-content\"><\/div>\n<\/div>\n<\/div>\n<\/div>\n<\/div>\n<\/div>\n<\/div>\n<\/div>\n<\/div>\n<\/div>\n<\/div>\n<p style=\"text-align: justify\"><hr\/><\/p>\n<h2 style=\"text-align: justify\"><strong>Research topics<\/strong><\/h2>\n<div class=\"g-section\" id=\"gt-c\" style=\"text-align: justify\">\n<div id=\"gt-form-c\">\n<div id=\"gt-text-all\">\n<div id=\"gt-main\">\n<div id=\"gt-text-c\">\n<div id=\"gt-text-top\">\n<div class=\"g-unit\" id=\"gt-res-c\">\n<div id=\"gt-res-p\">\n<div id=\"gt-res-data\">\n<div id=\"gt-res-wrap\">\n<div id=\"gt-res-content\">\n<ul>\n<li><span id=\"gt-res-error\"><\/span><span id=\"result_box\" lang=\"en\">Inflammation during pregnancy<\/span><\/li>\n<li><span id=\"result_box\" lang=\"en\">Preeclampsia<\/span><\/li>\n<li><span id=\"result_box\" lang=\"en\">Prematurity<\/span><\/li>\n<li><span id=\"result_box\" lang=\"en\">Placenta<\/span><\/li>\n<li><span id=\"result_box\" lang=\"en\">Fetal brain<\/span><\/li>\n<\/ul>\n<\/div>\n<\/div>\n<\/div>\n<\/div>\n<\/div>\n<\/div>\n<\/div>\n<\/div>\n<\/div>\n<\/div>\n<\/div>\n<p style=\"text-align: justify\"><hr\/><\/p>\n<h2 style=\"text-align: justify\"><strong>Publications<\/strong><\/h2>\n<ul>\n<li style=\"text-align: justify\"><u>Brien ME<\/u>, <u>Duval C<\/u>, <u>Palacios J<\/u>, Boufaied I, Hudon-Thibeault AA, <u>Nadeau-Vallee M<\/u>, Vaillancourt C, Sibley CP, Abrahams VM, Jones RL, <strong>Girard S*<\/strong>. Uric acid crystals induce placental inflammation and alter trophoblast function via an IL-1-dependent pathway: implication for fetal growth restriction. <a href=\"https:\/\/www.ncbi.nlm.nih.gov\/pubmed\/27903743\"><strong>Journal of Immunology, <\/strong>2017; 198(1): 443-451<\/a>.<\/li>\n<li style=\"text-align: justify\"><u>Nadeau-Vallee M<\/u>, Obari D, <u>Palacios J<\/u>, <u>Brien ME<\/u>, <u>Duval C<\/u>, Chemtob S, <strong>Girard S*<\/strong>. Sterile inflammation and pregnancy complications: a review. <a href=\"https:\/\/www.ncbi.nlm.nih.gov\/pubmed\/27679863\"><strong>Reproduction<\/strong>, 2016; 152(6): R277-292<\/a>.<\/li>\n<li style=\"text-align: justify\"><strong>Girard S<\/strong>, Heazell AEP, Derricott H, Allan SM, Sibley CP, Abrahams VM, Jones RL. Circulating cytokines and alarmins associated with placental inflammation in high-risk pregnancies. <a href=\"http:\/\/www.ncbi.nlm.nih.gov\/pubmed\/24867252\"><strong>American Journal of Reproductive Immunology<\/strong>, 2014; 72(4):422-434<\/a>.<\/li>\n<li style=\"text-align: justify\"><strong>Girard S<\/strong>, Tremblay L, Lepage M, S\u00e9bire G. IL-1 receptor antagonist protects against placental and neurodevelopmental defects induced by maternal inflammation. <a href=\"http:\/\/www.ncbi.nlm.nih.gov\/pubmed\/20181892\"><strong>Journal of Immunology<\/strong>, 2010; 184(7): 3997-4005<\/a><\/li>\n<\/ul>\n","protected":false},"excerpt":{"rendered":"<p>Biography Dr. Sylvie Girard completed her Ph.D. in Immunology at the Universit\u00e9 de Sherbrooke, working on perinatal inflammatory processes and their impact on brain development in the newborn. She then [&hellip;]<\/p>\n","protected":false},"author":26,"featured_media":0,"parent":11407,"menu_order":0,"comment_status":"closed","ping_status":"closed","template":"","meta":{"footnotes":""},"class_list":["post-7851","page","type-page","status-publish","hentry"],"yoast_head":"<!-- This site is optimized with the Yoast SEO plugin v25.0 - https:\/\/yoast.com\/wordpress\/plugins\/seo\/ -->\n<title>Sylvie Girard - D\u00e9partement de microbiologie, infectiologie et immunologie - Universit\u00e9 de Montr\u00e9al<\/title>\n<meta name=\"robots\" content=\"index, follow, max-snippet:-1, max-image-preview:large, max-video-preview:-1\" \/>\n<link rel=\"canonical\" href=\"https:\/\/microbiologie.umontreal.ca\/en\/professeurs-chercheurs\/sylvie-girard\/\" \/>\n<meta property=\"og:locale\" content=\"en_US\" \/>\n<meta property=\"og:type\" content=\"article\" \/>\n<meta property=\"og:title\" content=\"Sylvie Girard - D\u00e9partement de microbiologie, infectiologie et immunologie - Universit\u00e9 de Montr\u00e9al\" \/>\n<meta property=\"og:description\" content=\"Biography Dr. Sylvie Girard completed her Ph.D. in Immunology at the Universit\u00e9 de Sherbrooke, working on perinatal inflammatory processes and their impact on brain development in the newborn. She then [&hellip;]\" \/>\n<meta property=\"og:url\" content=\"https:\/\/microbiologie.umontreal.ca\/en\/professeurs-chercheurs\/sylvie-girard\/\" \/>\n<meta property=\"og:site_name\" content=\"D\u00e9partement de microbiologie, infectiologie et immunologie\" \/>\n<meta property=\"article:modified_time\" content=\"2020-10-21T13:18:58+00:00\" \/>\n<meta property=\"og:image\" content=\"https:\/\/microbiologie.umontreal.ca\/wp-content\/uploads\/sites\/12\/2018\/03\/Sylvie-Girard-439x450.jpg\" \/>\n<meta name=\"twitter:label1\" content=\"Est. reading time\" \/>\n\t<meta name=\"twitter:data1\" content=\"2 minutes\" \/>\n<script type=\"application\/ld+json\" class=\"yoast-schema-graph\">{\"@context\":\"https:\/\/schema.org\",\"@graph\":[{\"@type\":\"WebPage\",\"@id\":\"https:\/\/microbiologie.umontreal.ca\/en\/professeurs-chercheurs\/sylvie-girard\/\",\"url\":\"https:\/\/microbiologie.umontreal.ca\/en\/professeurs-chercheurs\/sylvie-girard\/\",\"name\":\"Sylvie Girard - D\u00e9partement de microbiologie, infectiologie et immunologie - Universit\u00e9 de Montr\u00e9al\",\"isPartOf\":{\"@id\":\"https:\/\/microbiologie.umontreal.ca\/#website\"},\"primaryImageOfPage\":{\"@id\":\"https:\/\/microbiologie.umontreal.ca\/en\/professeurs-chercheurs\/sylvie-girard\/#primaryimage\"},\"image\":{\"@id\":\"https:\/\/microbiologie.umontreal.ca\/en\/professeurs-chercheurs\/sylvie-girard\/#primaryimage\"},\"thumbnailUrl\":\"https:\/\/microbiologie.umontreal.ca\/wp-content\/uploads\/sites\/12\/2018\/03\/Sylvie-Girard-439x450.jpg\",\"datePublished\":\"2015-08-26T16:04:24+00:00\",\"dateModified\":\"2020-10-21T13:18:58+00:00\",\"breadcrumb\":{\"@id\":\"https:\/\/microbiologie.umontreal.ca\/en\/professeurs-chercheurs\/sylvie-girard\/#breadcrumb\"},\"inLanguage\":\"en-US\",\"potentialAction\":[{\"@type\":\"ReadAction\",\"target\":[\"https:\/\/microbiologie.umontreal.ca\/en\/professeurs-chercheurs\/sylvie-girard\/\"]}]},{\"@type\":\"ImageObject\",\"inLanguage\":\"en-US\",\"@id\":\"https:\/\/microbiologie.umontreal.ca\/en\/professeurs-chercheurs\/sylvie-girard\/#primaryimage\",\"url\":\"https:\/\/microbiologie.umontreal.ca\/wp-content\/uploads\/sites\/12\/2018\/03\/Sylvie-Girard-439x450.jpg\",\"contentUrl\":\"https:\/\/microbiologie.umontreal.ca\/wp-content\/uploads\/sites\/12\/2018\/03\/Sylvie-Girard-439x450.jpg\"},{\"@type\":\"BreadcrumbList\",\"@id\":\"https:\/\/microbiologie.umontreal.ca\/en\/professeurs-chercheurs\/sylvie-girard\/#breadcrumb\",\"itemListElement\":[{\"@type\":\"ListItem\",\"position\":1,\"name\":\"Accueil\",\"item\":\"https:\/\/microbiologie.umontreal.ca\/en\/\"},{\"@type\":\"ListItem\",\"position\":2,\"name\":\"Professeurs-chercheurs\",\"item\":\"https:\/\/microbiologie.umontreal.ca\/en\/professeurs-chercheurs\/\"},{\"@type\":\"ListItem\",\"position\":3,\"name\":\"Sylvie Girard\"}]},{\"@type\":\"WebSite\",\"@id\":\"https:\/\/microbiologie.umontreal.ca\/#website\",\"url\":\"https:\/\/microbiologie.umontreal.ca\/\",\"name\":\"D\u00e9partement de microbiologie, infectiologie et immunologie\",\"description\":\"\",\"potentialAction\":[{\"@type\":\"SearchAction\",\"target\":{\"@type\":\"EntryPoint\",\"urlTemplate\":\"https:\/\/microbiologie.umontreal.ca\/?s={search_term_string}\"},\"query-input\":{\"@type\":\"PropertyValueSpecification\",\"valueRequired\":true,\"valueName\":\"search_term_string\"}}],\"inLanguage\":\"en-US\"}]}<\/script>\n<!-- \/ Yoast SEO plugin. -->","yoast_head_json":{"title":"Sylvie Girard - D\u00e9partement de microbiologie, infectiologie et immunologie - Universit\u00e9 de Montr\u00e9al","robots":{"index":"index","follow":"follow","max-snippet":"max-snippet:-1","max-image-preview":"max-image-preview:large","max-video-preview":"max-video-preview:-1"},"canonical":"https:\/\/microbiologie.umontreal.ca\/en\/professeurs-chercheurs\/sylvie-girard\/","og_locale":"en_US","og_type":"article","og_title":"Sylvie Girard - D\u00e9partement de microbiologie, infectiologie et immunologie - Universit\u00e9 de Montr\u00e9al","og_description":"Biography Dr. Sylvie Girard completed her Ph.D. in Immunology at the Universit\u00e9 de Sherbrooke, working on perinatal inflammatory processes and their impact on brain development in the newborn. She then [&hellip;]","og_url":"https:\/\/microbiologie.umontreal.ca\/en\/professeurs-chercheurs\/sylvie-girard\/","og_site_name":"D\u00e9partement de microbiologie, infectiologie et immunologie","article_modified_time":"2020-10-21T13:18:58+00:00","og_image":[{"url":"https:\/\/microbiologie.umontreal.ca\/wp-content\/uploads\/sites\/12\/2018\/03\/Sylvie-Girard-439x450.jpg","type":"","width":"","height":""}],"twitter_misc":{"Est. reading time":"2 minutes"},"schema":{"@context":"https:\/\/schema.org","@graph":[{"@type":"WebPage","@id":"https:\/\/microbiologie.umontreal.ca\/en\/professeurs-chercheurs\/sylvie-girard\/","url":"https:\/\/microbiologie.umontreal.ca\/en\/professeurs-chercheurs\/sylvie-girard\/","name":"Sylvie Girard - D\u00e9partement de microbiologie, infectiologie et immunologie - Universit\u00e9 de Montr\u00e9al","isPartOf":{"@id":"https:\/\/microbiologie.umontreal.ca\/#website"},"primaryImageOfPage":{"@id":"https:\/\/microbiologie.umontreal.ca\/en\/professeurs-chercheurs\/sylvie-girard\/#primaryimage"},"image":{"@id":"https:\/\/microbiologie.umontreal.ca\/en\/professeurs-chercheurs\/sylvie-girard\/#primaryimage"},"thumbnailUrl":"https:\/\/microbiologie.umontreal.ca\/wp-content\/uploads\/sites\/12\/2018\/03\/Sylvie-Girard-439x450.jpg","datePublished":"2015-08-26T16:04:24+00:00","dateModified":"2020-10-21T13:18:58+00:00","breadcrumb":{"@id":"https:\/\/microbiologie.umontreal.ca\/en\/professeurs-chercheurs\/sylvie-girard\/#breadcrumb"},"inLanguage":"en-US","potentialAction":[{"@type":"ReadAction","target":["https:\/\/microbiologie.umontreal.ca\/en\/professeurs-chercheurs\/sylvie-girard\/"]}]},{"@type":"ImageObject","inLanguage":"en-US","@id":"https:\/\/microbiologie.umontreal.ca\/en\/professeurs-chercheurs\/sylvie-girard\/#primaryimage","url":"https:\/\/microbiologie.umontreal.ca\/wp-content\/uploads\/sites\/12\/2018\/03\/Sylvie-Girard-439x450.jpg","contentUrl":"https:\/\/microbiologie.umontreal.ca\/wp-content\/uploads\/sites\/12\/2018\/03\/Sylvie-Girard-439x450.jpg"},{"@type":"BreadcrumbList","@id":"https:\/\/microbiologie.umontreal.ca\/en\/professeurs-chercheurs\/sylvie-girard\/#breadcrumb","itemListElement":[{"@type":"ListItem","position":1,"name":"Accueil","item":"https:\/\/microbiologie.umontreal.ca\/en\/"},{"@type":"ListItem","position":2,"name":"Professeurs-chercheurs","item":"https:\/\/microbiologie.umontreal.ca\/en\/professeurs-chercheurs\/"},{"@type":"ListItem","position":3,"name":"Sylvie Girard"}]},{"@type":"WebSite","@id":"https:\/\/microbiologie.umontreal.ca\/#website","url":"https:\/\/microbiologie.umontreal.ca\/","name":"D\u00e9partement de microbiologie, infectiologie et immunologie","description":"","potentialAction":[{"@type":"SearchAction","target":{"@type":"EntryPoint","urlTemplate":"https:\/\/microbiologie.umontreal.ca\/?s={search_term_string}"},"query-input":{"@type":"PropertyValueSpecification","valueRequired":true,"valueName":"search_term_string"}}],"inLanguage":"en-US"}]}},"_links":{"self":[{"href":"https:\/\/microbiologie.umontreal.ca\/en\/wp-json\/wp\/v2\/pages\/7851","targetHints":{"allow":["GET"]}}],"collection":[{"href":"https:\/\/microbiologie.umontreal.ca\/en\/wp-json\/wp\/v2\/pages"}],"about":[{"href":"https:\/\/microbiologie.umontreal.ca\/en\/wp-json\/wp\/v2\/types\/page"}],"author":[{"embeddable":true,"href":"https:\/\/microbiologie.umontreal.ca\/en\/wp-json\/wp\/v2\/users\/26"}],"replies":[{"embeddable":true,"href":"https:\/\/microbiologie.umontreal.ca\/en\/wp-json\/wp\/v2\/comments?post=7851"}],"version-history":[{"count":10,"href":"https:\/\/microbiologie.umontreal.ca\/en\/wp-json\/wp\/v2\/pages\/7851\/revisions"}],"predecessor-version":[{"id":10964,"href":"https:\/\/microbiologie.umontreal.ca\/en\/wp-json\/wp\/v2\/pages\/7851\/revisions\/10964"}],"up":[{"embeddable":true,"href":"https:\/\/microbiologie.umontreal.ca\/en\/wp-json\/wp\/v2\/pages\/11407"}],"wp:attachment":[{"href":"https:\/\/microbiologie.umontreal.ca\/en\/wp-json\/wp\/v2\/media?parent=7851"}],"curies":[{"name":"wp","href":"https:\/\/api.w.org\/{rel}","templated":true}]}}