{"id":7877,"date":"2014-07-28T17:02:34","date_gmt":"2014-07-28T17:02:34","guid":{"rendered":"https:\/\/microbiologie.umontreal.ca\/paul-bayardelle\/"},"modified":"2020-09-23T21:51:02","modified_gmt":"2020-09-23T20:51:02","slug":"paul-bayardelle","status":"publish","type":"page","link":"https:\/\/microbiologie.umontreal.ca\/en\/paul-bayardelle\/","title":{"rendered":"Paul Bayardelle"},"content":{"rendered":"<div  class=\" fiche-chercheur  \">\n<div class=\"img noLightbox\"><\/p>\n<p><img loading=\"lazy\" decoding=\"async\" class=\"alignnone size-full wp-image-2215\" src=\"https:\/\/microbiologie.umontreal.ca\/wp-content\/uploads\/sites\/12\/silhouette-100.jpg\" alt=\"photo\" width=\"100\" height=\"150\" \/><\/p>\n<p><\/div>\n<table style=\"width: 351px\">\n<tbody>\n<tr>\n<td style=\"width: 71px\"><strong>Title:<\/strong><\/td>\n<td style=\"width: 279px\">Honorary Member<\/td>\n<\/tr>\n<tr>\n<td style=\"width: 71px\"><strong>Address:<\/strong><\/td>\n<td style=\"width: 279px\">Laboratoires du CHUM<br \/>\nCHUM<br \/>\n1000, rue Saint-Denis, Pavillon F<br \/>\nbureau F-04-1211<br \/>\nMontr\u00e9al (Qu\u00e9bec)\u00a0 H2X 0C1<\/td>\n<\/tr>\n<tr>\n<td style=\"width: 71px\"><strong>Phone:<\/strong><\/td>\n<td style=\"width: 279px\">514 890-8000, ext. 20751 or 20731<\/td>\n<\/tr>\n<tr>\n<td style=\"width: 71px\"><strong>Email:<\/strong><\/td>\n<td style=\"width: 279px\"><a href=\"mailto:paul.bayardelle.chum@ssss.gouv.qc.ca\">paul.bayardelle.chum@ssss.gouv.qc.ca<\/a><\/td>\n<\/tr>\n<\/tbody>\n<\/table>\n<p><strong><br \/>\n<\/strong><\/div>\n<hr\/>\n<h2 style=\"text-align: justify\"><strong>Biography<\/strong><\/h2>\n<p style=\"text-align: justify\">To come up<\/p>\n<p style=\"text-align: justify\"><hr\/><\/p>\n<h2 style=\"text-align: justify\"><strong>Team\u00a0<\/strong><\/h2>\n<p style=\"text-align: justify\">To come up<\/p>\n<p style=\"text-align: justify\"><hr\/><\/p>\n<h2 style=\"text-align: justify\"><strong>Themes<\/strong><\/h2>\n<ul style=\"text-align: justify\">\n<li>Bacteriology<\/li>\n<li>Clinical<\/li>\n<\/ul>\n<p style=\"text-align: justify\"><hr\/><\/p>\n<h2 style=\"text-align: justify\"><strong>Research topics<\/strong><\/h2>\n<ul style=\"text-align: justify\">\n<li>Role of antibodies against the common antigen of Enterobacteriaceae (ACE) in the rapid diagnosis of Enterobacteriaceae<\/li>\n<li>Evaluation of different immunological methods for the diagnosis of Enterobacteriaceae infections using anti-ECA antibodies<\/li>\n<li>Evaluation of the role of the common antigen of Enterobacteriaceae (ACE) in human pathologies and immunocompromised host<\/li>\n<li>Identification of Enterobacteriaceae and Gram-negative bacilli by PCR and sequencing of wec genes and by the use of biochips<\/li>\n<\/ul>\n<p style=\"text-align: justify\"><hr\/><\/p>\n<h2 style=\"text-align: justify\"><strong>Publications<\/strong><\/h2>\n<ul>\n<li style=\"text-align: justify\">P. Bayardelle. &#8220;Clostridium difficile outbreaks &#8220;. Lettre \u00e0 l\u2019\u00e9diteur accept\u00e9 pour publication dans <a href=\"https:\/\/www.ncbi.nlm.nih.gov\/pubmed\/18978989\">The Canadian Journal of Infectious Diseases and Medical Microbiology 2007<\/a><\/li>\n<li style=\"text-align: justify\">K. Lemarchand , F. Berthiaume , C. Maynard , J. Harel , P. Payment , P. Bayardelle , L. Masson and R. Brousseau. Optimization of microbial DNA extraction and purification from raw wastewater samples for downstream pathogen detection by microarrays. <a href=\"https:\/\/www.ncbi.nlm.nih.gov\/pubmed\/15936096\"><strong>J Microbiol Methods<\/strong>. 2005 Nov;63(2):115-26<\/a>.<\/li>\n<li style=\"text-align: justify\">C. Maynard , F. Berthiaume , K. Lemarchand , J. Harel, P. Payment , P. Bayardelle, L. Masson and R. Brousseau. Microarrays for waterborne pathogen detection. <a href=\"https:\/\/www.ncbi.nlm.nih.gov\/pubmed\/16332846\"><strong>Appl Environ Microbiol<\/strong>. 2005 Dec;71(12):8548-57<\/a>.<\/li>\n<\/ul>\n","protected":false},"excerpt":{"rendered":"<p>Biography To come up Team\u00a0 To come up Themes Bacteriology Clinical Research topics Role of antibodies against the common antigen of Enterobacteriaceae (ACE) in the rapid diagnosis of Enterobacteriaceae Evaluation [&hellip;]<\/p>\n","protected":false},"author":25,"featured_media":0,"parent":0,"menu_order":0,"comment_status":"closed","ping_status":"closed","template":"","meta":{"footnotes":""},"class_list":["post-7877","page","type-page","status-publish","hentry"],"yoast_head":"<!-- This site is optimized with the Yoast SEO plugin v25.0 - https:\/\/yoast.com\/wordpress\/plugins\/seo\/ -->\n<title>Paul Bayardelle - D\u00e9partement de microbiologie, infectiologie et immunologie - Universit\u00e9 de Montr\u00e9al<\/title>\n<meta name=\"robots\" content=\"index, follow, max-snippet:-1, max-image-preview:large, max-video-preview:-1\" \/>\n<link rel=\"canonical\" href=\"https:\/\/microbiologie.umontreal.ca\/en\/paul-bayardelle\/\" \/>\n<meta property=\"og:locale\" content=\"en_US\" \/>\n<meta property=\"og:type\" content=\"article\" \/>\n<meta property=\"og:title\" content=\"Paul Bayardelle - D\u00e9partement de microbiologie, infectiologie et immunologie - Universit\u00e9 de Montr\u00e9al\" \/>\n<meta property=\"og:description\" content=\"Biography To come up Team\u00a0 To come up Themes Bacteriology Clinical Research topics Role of antibodies against the common antigen of Enterobacteriaceae (ACE) in the rapid diagnosis of Enterobacteriaceae Evaluation [&hellip;]\" \/>\n<meta property=\"og:url\" content=\"https:\/\/microbiologie.umontreal.ca\/en\/paul-bayardelle\/\" \/>\n<meta property=\"og:site_name\" content=\"D\u00e9partement de microbiologie, infectiologie et immunologie\" \/>\n<meta property=\"article:modified_time\" content=\"2020-09-23T20:51:02+00:00\" \/>\n<meta property=\"og:image\" content=\"https:\/\/microbiologie.umontreal.ca\/wp-content\/uploads\/sites\/12\/silhouette-100.jpg\" \/>\n<meta name=\"twitter:label1\" content=\"Est. reading time\" \/>\n\t<meta name=\"twitter:data1\" content=\"1 minute\" \/>\n<script type=\"application\/ld+json\" class=\"yoast-schema-graph\">{\"@context\":\"https:\/\/schema.org\",\"@graph\":[{\"@type\":\"WebPage\",\"@id\":\"https:\/\/microbiologie.umontreal.ca\/en\/paul-bayardelle\/\",\"url\":\"https:\/\/microbiologie.umontreal.ca\/en\/paul-bayardelle\/\",\"name\":\"Paul Bayardelle - D\u00e9partement de microbiologie, infectiologie et immunologie - Universit\u00e9 de Montr\u00e9al\",\"isPartOf\":{\"@id\":\"https:\/\/microbiologie.umontreal.ca\/#website\"},\"primaryImageOfPage\":{\"@id\":\"https:\/\/microbiologie.umontreal.ca\/en\/paul-bayardelle\/#primaryimage\"},\"image\":{\"@id\":\"https:\/\/microbiologie.umontreal.ca\/en\/paul-bayardelle\/#primaryimage\"},\"thumbnailUrl\":\"https:\/\/microbiologie.umontreal.ca\/wp-content\/uploads\/sites\/12\/silhouette-100.jpg\",\"datePublished\":\"2014-07-28T17:02:34+00:00\",\"dateModified\":\"2020-09-23T20:51:02+00:00\",\"breadcrumb\":{\"@id\":\"https:\/\/microbiologie.umontreal.ca\/en\/paul-bayardelle\/#breadcrumb\"},\"inLanguage\":\"en-US\",\"potentialAction\":[{\"@type\":\"ReadAction\",\"target\":[\"https:\/\/microbiologie.umontreal.ca\/en\/paul-bayardelle\/\"]}]},{\"@type\":\"ImageObject\",\"inLanguage\":\"en-US\",\"@id\":\"https:\/\/microbiologie.umontreal.ca\/en\/paul-bayardelle\/#primaryimage\",\"url\":\"https:\/\/microbiologie.umontreal.ca\/wp-content\/uploads\/sites\/12\/silhouette-100.jpg\",\"contentUrl\":\"https:\/\/microbiologie.umontreal.ca\/wp-content\/uploads\/sites\/12\/silhouette-100.jpg\"},{\"@type\":\"BreadcrumbList\",\"@id\":\"https:\/\/microbiologie.umontreal.ca\/en\/paul-bayardelle\/#breadcrumb\",\"itemListElement\":[{\"@type\":\"ListItem\",\"position\":1,\"name\":\"Accueil\",\"item\":\"https:\/\/microbiologie.umontreal.ca\/en\/\"},{\"@type\":\"ListItem\",\"position\":2,\"name\":\"Paul Bayardelle\"}]},{\"@type\":\"WebSite\",\"@id\":\"https:\/\/microbiologie.umontreal.ca\/#website\",\"url\":\"https:\/\/microbiologie.umontreal.ca\/\",\"name\":\"D\u00e9partement de microbiologie, infectiologie et immunologie\",\"description\":\"\",\"potentialAction\":[{\"@type\":\"SearchAction\",\"target\":{\"@type\":\"EntryPoint\",\"urlTemplate\":\"https:\/\/microbiologie.umontreal.ca\/?s={search_term_string}\"},\"query-input\":{\"@type\":\"PropertyValueSpecification\",\"valueRequired\":true,\"valueName\":\"search_term_string\"}}],\"inLanguage\":\"en-US\"}]}<\/script>\n<!-- \/ Yoast SEO plugin. -->","yoast_head_json":{"title":"Paul Bayardelle - D\u00e9partement de microbiologie, infectiologie et immunologie - Universit\u00e9 de Montr\u00e9al","robots":{"index":"index","follow":"follow","max-snippet":"max-snippet:-1","max-image-preview":"max-image-preview:large","max-video-preview":"max-video-preview:-1"},"canonical":"https:\/\/microbiologie.umontreal.ca\/en\/paul-bayardelle\/","og_locale":"en_US","og_type":"article","og_title":"Paul Bayardelle - D\u00e9partement de microbiologie, infectiologie et immunologie - Universit\u00e9 de Montr\u00e9al","og_description":"Biography To come up Team\u00a0 To come up Themes Bacteriology Clinical Research topics Role of antibodies against the common antigen of Enterobacteriaceae (ACE) in the rapid diagnosis of Enterobacteriaceae Evaluation [&hellip;]","og_url":"https:\/\/microbiologie.umontreal.ca\/en\/paul-bayardelle\/","og_site_name":"D\u00e9partement de microbiologie, infectiologie et immunologie","article_modified_time":"2020-09-23T20:51:02+00:00","og_image":[{"url":"https:\/\/microbiologie.umontreal.ca\/wp-content\/uploads\/sites\/12\/silhouette-100.jpg","type":"","width":"","height":""}],"twitter_misc":{"Est. reading time":"1 minute"},"schema":{"@context":"https:\/\/schema.org","@graph":[{"@type":"WebPage","@id":"https:\/\/microbiologie.umontreal.ca\/en\/paul-bayardelle\/","url":"https:\/\/microbiologie.umontreal.ca\/en\/paul-bayardelle\/","name":"Paul Bayardelle - D\u00e9partement de microbiologie, infectiologie et immunologie - Universit\u00e9 de Montr\u00e9al","isPartOf":{"@id":"https:\/\/microbiologie.umontreal.ca\/#website"},"primaryImageOfPage":{"@id":"https:\/\/microbiologie.umontreal.ca\/en\/paul-bayardelle\/#primaryimage"},"image":{"@id":"https:\/\/microbiologie.umontreal.ca\/en\/paul-bayardelle\/#primaryimage"},"thumbnailUrl":"https:\/\/microbiologie.umontreal.ca\/wp-content\/uploads\/sites\/12\/silhouette-100.jpg","datePublished":"2014-07-28T17:02:34+00:00","dateModified":"2020-09-23T20:51:02+00:00","breadcrumb":{"@id":"https:\/\/microbiologie.umontreal.ca\/en\/paul-bayardelle\/#breadcrumb"},"inLanguage":"en-US","potentialAction":[{"@type":"ReadAction","target":["https:\/\/microbiologie.umontreal.ca\/en\/paul-bayardelle\/"]}]},{"@type":"ImageObject","inLanguage":"en-US","@id":"https:\/\/microbiologie.umontreal.ca\/en\/paul-bayardelle\/#primaryimage","url":"https:\/\/microbiologie.umontreal.ca\/wp-content\/uploads\/sites\/12\/silhouette-100.jpg","contentUrl":"https:\/\/microbiologie.umontreal.ca\/wp-content\/uploads\/sites\/12\/silhouette-100.jpg"},{"@type":"BreadcrumbList","@id":"https:\/\/microbiologie.umontreal.ca\/en\/paul-bayardelle\/#breadcrumb","itemListElement":[{"@type":"ListItem","position":1,"name":"Accueil","item":"https:\/\/microbiologie.umontreal.ca\/en\/"},{"@type":"ListItem","position":2,"name":"Paul Bayardelle"}]},{"@type":"WebSite","@id":"https:\/\/microbiologie.umontreal.ca\/#website","url":"https:\/\/microbiologie.umontreal.ca\/","name":"D\u00e9partement de microbiologie, infectiologie et immunologie","description":"","potentialAction":[{"@type":"SearchAction","target":{"@type":"EntryPoint","urlTemplate":"https:\/\/microbiologie.umontreal.ca\/?s={search_term_string}"},"query-input":{"@type":"PropertyValueSpecification","valueRequired":true,"valueName":"search_term_string"}}],"inLanguage":"en-US"}]}},"_links":{"self":[{"href":"https:\/\/microbiologie.umontreal.ca\/en\/wp-json\/wp\/v2\/pages\/7877","targetHints":{"allow":["GET"]}}],"collection":[{"href":"https:\/\/microbiologie.umontreal.ca\/en\/wp-json\/wp\/v2\/pages"}],"about":[{"href":"https:\/\/microbiologie.umontreal.ca\/en\/wp-json\/wp\/v2\/types\/page"}],"author":[{"embeddable":true,"href":"https:\/\/microbiologie.umontreal.ca\/en\/wp-json\/wp\/v2\/users\/25"}],"replies":[{"embeddable":true,"href":"https:\/\/microbiologie.umontreal.ca\/en\/wp-json\/wp\/v2\/comments?post=7877"}],"version-history":[{"count":7,"href":"https:\/\/microbiologie.umontreal.ca\/en\/wp-json\/wp\/v2\/pages\/7877\/revisions"}],"predecessor-version":[{"id":10788,"href":"https:\/\/microbiologie.umontreal.ca\/en\/wp-json\/wp\/v2\/pages\/7877\/revisions\/10788"}],"wp:attachment":[{"href":"https:\/\/microbiologie.umontreal.ca\/en\/wp-json\/wp\/v2\/media?parent=7877"}],"curies":[{"name":"wp","href":"https:\/\/api.w.org\/{rel}","templated":true}]}}