{"id":7904,"date":"2014-07-30T20:02:04","date_gmt":"2014-07-30T20:02:04","guid":{"rendered":"https:\/\/microbiologie.umontreal.ca\/simon-frederic-dufresne\/"},"modified":"2020-09-24T14:17:27","modified_gmt":"2020-09-24T13:17:27","slug":"simon-frederic-dufresne","status":"publish","type":"page","link":"https:\/\/microbiologie.umontreal.ca\/en\/professeurs-chercheurs\/simon-frederic-dufresne\/","title":{"rendered":"Simon Fr\u00e9d\u00e9ric Dufresne"},"content":{"rendered":"<div  class=\" fiche-chercheur  \">\n<div class=\"img noLightbox\"><\/p>\n<p><a href=\"https:\/\/microbiologie.umontreal.ca\/wp-content\/uploads\/sites\/12\/Dufresne-Simon-Frederic-e1436908512564.jpg\"><img loading=\"lazy\" decoding=\"async\" class=\"alignnone wp-image-4409\" alt=\"Dufresne, Simon Frederic\" src=\"https:\/\/microbiologie.umontreal.ca\/wp-content\/uploads\/sites\/12\/Dufresne-Simon-Frederic-e1436908512564-235x300.jpg\" width=\"308\" height=\"393\" srcset=\"https:\/\/microbiologie.umontreal.ca\/wp-content\/uploads\/sites\/12\/Dufresne-Simon-Frederic-e1436908512564-235x300.jpg 235w, https:\/\/microbiologie.umontreal.ca\/wp-content\/uploads\/sites\/12\/Dufresne-Simon-Frederic-e1436908512564-803x1024.jpg 803w, https:\/\/microbiologie.umontreal.ca\/wp-content\/uploads\/sites\/12\/Dufresne-Simon-Frederic-e1436908512564-200x255.jpg 200w, https:\/\/microbiologie.umontreal.ca\/wp-content\/uploads\/sites\/12\/Dufresne-Simon-Frederic-e1436908512564-231x295.jpg 231w, https:\/\/microbiologie.umontreal.ca\/wp-content\/uploads\/sites\/12\/Dufresne-Simon-Frederic-e1436908512564-155x198.jpg 155w, https:\/\/microbiologie.umontreal.ca\/wp-content\/uploads\/sites\/12\/Dufresne-Simon-Frederic-e1436908512564-474x604.jpg 474w\" sizes=\"auto, (max-width: 308px) 100vw, 308px\" \/><\/a><\/p>\n<p><\/div>\n<table style=\"width: 486px\">\n<tbody>\n<tr>\n<td style=\"width: 71px\"><strong>Title:<\/strong><\/td>\n<td style=\"width: 329px\">Clinical associate professor<\/td>\n<\/tr>\n<tr>\n<td style=\"width: 71px\"><strong>Address:<\/strong><\/td>\n<td style=\"width: 329px\">D\u00e9partement de maladies infectieuses et microbiologie m\u00e9dicale<br \/>\nH\u00f4pital Maisonneuve-Rosemont<br \/>\n5415 boul. de l\u2019Assomption<br \/>\nMontr\u00e9al, QC, Canada<br \/>\nH1T 2M4<\/td>\n<\/tr>\n<tr>\n<td style=\"width: 71px\"><strong>Phone:<\/strong><\/td>\n<td style=\"width: 329px\">514-252-3400, ext. 4524<\/td>\n<\/tr>\n<tr>\n<td style=\"width: 71px\"><strong>Fax:<\/strong><\/td>\n<td style=\"width: 329px\">514-252-3898<\/td>\n<\/tr>\n<tr>\n<td style=\"width: 71px\"><strong>Email:<\/strong><\/td>\n<td style=\"width: 329px\"><a href=\"mailto:sf.dufresne@umontreal.ca\">sf.dufresne@umontreal.ca<\/a><\/td>\n<\/tr>\n<\/tbody>\n<\/table>\n<\/div><br \/>\n<hr\/><\/p>\n<h2 style=\"text-align: justify\"><strong>Biography<\/strong><\/h2>\n<p style=\"text-align: justify\">Dr. Dufresne completed his PhD in Medicine at the Universit\u00e9 de Montr\u00e9al in 2005 and graduated as a Specialist in Infectious Diseases and Medical Microbiology in 2010. He then pursued post-doctoral research in Transplant &amp; Oncology Infectious Diseases Program, at the Johns Hopkins University School of Medicine (under the direction of Dr. Kieren Marr). Since 2012, he practices as a microbiologist-infectiologist at Maisonneuve-Rosemont Hospital, where he directs the clinical mycology laboratory, and is in charge of a clinic specialized in immunocompromised host and microbiologist-counseling for the Center d Excellence in cell therapy. He has also acted as a medical advisor in mycology for the Quebec Public Health Laboratory since 2013. He is an editor for the journal Medical Mycology (Oxford University Press) and author of several articles published in peer-reviewed journals.<br \/>\n<hr\/><\/p>\n<h2 style=\"text-align: justify\"><strong>Team<\/strong><\/h2>\n<ul style=\"text-align: justify\">\n<li>Maxime Parent-Michaud, M.Sc.<\/li>\n<li>Sylvie B\u00e9langer, infirmi\u00e8re de recherche<\/li>\n<li>Christiane Restieri, assistante technique<\/li>\n<\/ul>\n<p style=\"text-align: justify\"><hr\/><\/p>\n<h2 style=\"text-align: justify\"><strong>Theme<\/strong><\/h2>\n<ul style=\"text-align: justify\">\n<li>Medical Mycology<\/li>\n<\/ul>\n<p style=\"text-align: justify\"><hr\/><\/p>\n<h2 style=\"text-align: justify\"><strong>Research topics<\/strong><\/h2>\n<ul style=\"text-align: justify\">\n<li>Invasive aspergillosis in immunocompromised hosts<\/li>\n<li>Epidemiology of invasive aspergillosis: host genetic predisposition, incidence, risk factors and seasonality, molecular epidemiology of Fumigati species<\/li>\n<li>Diagnosis of invasive aspergillosis: development, optimization and validation of diagnostic tests<\/li>\n<li>Histoplasmosis in Quebec<\/li>\n<li>Epidemiology of Histoplasma capsulatum in Quebec: incidence, geographic distribution and molecular epidemiology<\/li>\n<li>Diagnosis of histoplasmosis: development, optimization and validation of diagnostic tests<\/li>\n<\/ul>\n<p style=\"text-align: justify\"><hr\/><\/p>\n<h2 style=\"text-align: justify\"><strong>Publications<\/strong><\/h2>\n<ul>\n<li style=\"text-align: justify\">DUFRESNE SF, Beauchemin S, Lavall\u00e9e C, Laverdi\u00e8re M. Instability of Aspergillus galactomannan in stored clinical samples. <a href=\"http:\/\/www.ncbi.nlm.nih.gov\/pubmed\/25253794\"><strong>Journal of Clinical Microbiology<\/strong> (2014); 52(12): 4435-6<\/a>.<\/li>\n<li style=\"text-align: justify\">DUFRESNE SF, Marr KA, Sydnor E, Staab JF, Karp JE, Lu K, Zhang SX, Lavall\u00e9e C, Perl TM, Neofytos D. Epidemiology of Candida kefyr in Patients with Hematologic Malignancies. <a href=\"http:\/\/www.ncbi.nlm.nih.gov\/pubmed\/24622105\"><strong>Journal of Clinical Microbiology<\/strong> (2014); 52(6): 1830-7<\/a>.<\/li>\n<li style=\"text-align: justify\">DUFRESNE SF, LeBlanc R, Zhang SX, Marr KA and Neofytos D. Histoplasmosis and subcutaneous nodules in a kidney transplant recipient: erythema nodosum versus fungal panniculitis. <a href=\"http:\/\/www.ncbi.nlm.nih.gov\/pubmed\/23331504\"><strong>Transplant Infectious Disease<\/strong> (2013); 15(2): E58-63<\/a>.<\/li>\n<li style=\"text-align: justify\">DUFRESNE SF, Datta K*, Li X, Staab JF, Patterson TF, Dadachova E, Feldmesser M and Marr KA. Detection of urinary excreted galactomannan for diagnosis of invasive aspergillosis. <a href=\"http:\/\/www.ncbi.nlm.nih.gov\/pubmed\/22900046\"><strong>PLoS One<\/strong> (2012); 7(8): e42736<\/a>.<\/li>\n<\/ul>\n","protected":false},"excerpt":{"rendered":"<p>Biography Dr. Dufresne completed his PhD in Medicine at the Universit\u00e9 de Montr\u00e9al in 2005 and graduated as a Specialist in Infectious Diseases and Medical Microbiology in 2010. He then [&hellip;]<\/p>\n","protected":false},"author":25,"featured_media":0,"parent":11407,"menu_order":0,"comment_status":"closed","ping_status":"closed","template":"","meta":{"footnotes":""},"class_list":["post-7904","page","type-page","status-publish","hentry"],"yoast_head":"<!-- This site is optimized with the Yoast SEO plugin v25.0 - https:\/\/yoast.com\/wordpress\/plugins\/seo\/ -->\n<title>Simon Fr\u00e9d\u00e9ric Dufresne - D\u00e9partement de microbiologie, infectiologie et immunologie - Universit\u00e9 de Montr\u00e9al<\/title>\n<meta name=\"robots\" content=\"index, follow, max-snippet:-1, max-image-preview:large, max-video-preview:-1\" \/>\n<link rel=\"canonical\" href=\"https:\/\/microbiologie.umontreal.ca\/en\/professeurs-chercheurs\/simon-frederic-dufresne\/\" \/>\n<meta property=\"og:locale\" content=\"en_US\" \/>\n<meta property=\"og:type\" content=\"article\" \/>\n<meta property=\"og:title\" content=\"Simon Fr\u00e9d\u00e9ric Dufresne - D\u00e9partement de microbiologie, infectiologie et immunologie - Universit\u00e9 de Montr\u00e9al\" \/>\n<meta property=\"og:description\" content=\"Biography Dr. Dufresne completed his PhD in Medicine at the Universit\u00e9 de Montr\u00e9al in 2005 and graduated as a Specialist in Infectious Diseases and Medical Microbiology in 2010. He then [&hellip;]\" \/>\n<meta property=\"og:url\" content=\"https:\/\/microbiologie.umontreal.ca\/en\/professeurs-chercheurs\/simon-frederic-dufresne\/\" \/>\n<meta property=\"og:site_name\" content=\"D\u00e9partement de microbiologie, infectiologie et immunologie\" \/>\n<meta property=\"article:modified_time\" content=\"2020-09-24T13:17:27+00:00\" \/>\n<meta property=\"og:image\" content=\"https:\/\/microbiologie.umontreal.ca\/wp-content\/uploads\/sites\/12\/Dufresne-Simon-Frederic-e1436908512564-235x300.jpg\" \/>\n<meta name=\"twitter:label1\" content=\"Est. reading time\" \/>\n\t<meta name=\"twitter:data1\" content=\"2 minutes\" \/>\n<script type=\"application\/ld+json\" class=\"yoast-schema-graph\">{\"@context\":\"https:\/\/schema.org\",\"@graph\":[{\"@type\":\"WebPage\",\"@id\":\"https:\/\/microbiologie.umontreal.ca\/en\/professeurs-chercheurs\/simon-frederic-dufresne\/\",\"url\":\"https:\/\/microbiologie.umontreal.ca\/en\/professeurs-chercheurs\/simon-frederic-dufresne\/\",\"name\":\"Simon Fr\u00e9d\u00e9ric Dufresne - D\u00e9partement de microbiologie, infectiologie et immunologie - Universit\u00e9 de Montr\u00e9al\",\"isPartOf\":{\"@id\":\"https:\/\/microbiologie.umontreal.ca\/#website\"},\"primaryImageOfPage\":{\"@id\":\"https:\/\/microbiologie.umontreal.ca\/en\/professeurs-chercheurs\/simon-frederic-dufresne\/#primaryimage\"},\"image\":{\"@id\":\"https:\/\/microbiologie.umontreal.ca\/en\/professeurs-chercheurs\/simon-frederic-dufresne\/#primaryimage\"},\"thumbnailUrl\":\"https:\/\/microbiologie.umontreal.ca\/wp-content\/uploads\/sites\/12\/Dufresne-Simon-Frederic-e1436908512564-235x300.jpg\",\"datePublished\":\"2014-07-30T20:02:04+00:00\",\"dateModified\":\"2020-09-24T13:17:27+00:00\",\"breadcrumb\":{\"@id\":\"https:\/\/microbiologie.umontreal.ca\/en\/professeurs-chercheurs\/simon-frederic-dufresne\/#breadcrumb\"},\"inLanguage\":\"en-US\",\"potentialAction\":[{\"@type\":\"ReadAction\",\"target\":[\"https:\/\/microbiologie.umontreal.ca\/en\/professeurs-chercheurs\/simon-frederic-dufresne\/\"]}]},{\"@type\":\"ImageObject\",\"inLanguage\":\"en-US\",\"@id\":\"https:\/\/microbiologie.umontreal.ca\/en\/professeurs-chercheurs\/simon-frederic-dufresne\/#primaryimage\",\"url\":\"https:\/\/microbiologie.umontreal.ca\/wp-content\/uploads\/sites\/12\/Dufresne-Simon-Frederic-e1436908512564-235x300.jpg\",\"contentUrl\":\"https:\/\/microbiologie.umontreal.ca\/wp-content\/uploads\/sites\/12\/Dufresne-Simon-Frederic-e1436908512564-235x300.jpg\"},{\"@type\":\"BreadcrumbList\",\"@id\":\"https:\/\/microbiologie.umontreal.ca\/en\/professeurs-chercheurs\/simon-frederic-dufresne\/#breadcrumb\",\"itemListElement\":[{\"@type\":\"ListItem\",\"position\":1,\"name\":\"Accueil\",\"item\":\"https:\/\/microbiologie.umontreal.ca\/en\/\"},{\"@type\":\"ListItem\",\"position\":2,\"name\":\"Professeurs-chercheurs\",\"item\":\"https:\/\/microbiologie.umontreal.ca\/en\/professeurs-chercheurs\/\"},{\"@type\":\"ListItem\",\"position\":3,\"name\":\"Simon Fr\u00e9d\u00e9ric Dufresne\"}]},{\"@type\":\"WebSite\",\"@id\":\"https:\/\/microbiologie.umontreal.ca\/#website\",\"url\":\"https:\/\/microbiologie.umontreal.ca\/\",\"name\":\"D\u00e9partement de microbiologie, infectiologie et immunologie\",\"description\":\"\",\"potentialAction\":[{\"@type\":\"SearchAction\",\"target\":{\"@type\":\"EntryPoint\",\"urlTemplate\":\"https:\/\/microbiologie.umontreal.ca\/?s={search_term_string}\"},\"query-input\":{\"@type\":\"PropertyValueSpecification\",\"valueRequired\":true,\"valueName\":\"search_term_string\"}}],\"inLanguage\":\"en-US\"}]}<\/script>\n<!-- \/ Yoast SEO plugin. -->","yoast_head_json":{"title":"Simon Fr\u00e9d\u00e9ric Dufresne - D\u00e9partement de microbiologie, infectiologie et immunologie - Universit\u00e9 de Montr\u00e9al","robots":{"index":"index","follow":"follow","max-snippet":"max-snippet:-1","max-image-preview":"max-image-preview:large","max-video-preview":"max-video-preview:-1"},"canonical":"https:\/\/microbiologie.umontreal.ca\/en\/professeurs-chercheurs\/simon-frederic-dufresne\/","og_locale":"en_US","og_type":"article","og_title":"Simon Fr\u00e9d\u00e9ric Dufresne - D\u00e9partement de microbiologie, infectiologie et immunologie - Universit\u00e9 de Montr\u00e9al","og_description":"Biography Dr. Dufresne completed his PhD in Medicine at the Universit\u00e9 de Montr\u00e9al in 2005 and graduated as a Specialist in Infectious Diseases and Medical Microbiology in 2010. He then [&hellip;]","og_url":"https:\/\/microbiologie.umontreal.ca\/en\/professeurs-chercheurs\/simon-frederic-dufresne\/","og_site_name":"D\u00e9partement de microbiologie, infectiologie et immunologie","article_modified_time":"2020-09-24T13:17:27+00:00","og_image":[{"url":"https:\/\/microbiologie.umontreal.ca\/wp-content\/uploads\/sites\/12\/Dufresne-Simon-Frederic-e1436908512564-235x300.jpg","type":"","width":"","height":""}],"twitter_misc":{"Est. reading time":"2 minutes"},"schema":{"@context":"https:\/\/schema.org","@graph":[{"@type":"WebPage","@id":"https:\/\/microbiologie.umontreal.ca\/en\/professeurs-chercheurs\/simon-frederic-dufresne\/","url":"https:\/\/microbiologie.umontreal.ca\/en\/professeurs-chercheurs\/simon-frederic-dufresne\/","name":"Simon Fr\u00e9d\u00e9ric Dufresne - D\u00e9partement de microbiologie, infectiologie et immunologie - Universit\u00e9 de Montr\u00e9al","isPartOf":{"@id":"https:\/\/microbiologie.umontreal.ca\/#website"},"primaryImageOfPage":{"@id":"https:\/\/microbiologie.umontreal.ca\/en\/professeurs-chercheurs\/simon-frederic-dufresne\/#primaryimage"},"image":{"@id":"https:\/\/microbiologie.umontreal.ca\/en\/professeurs-chercheurs\/simon-frederic-dufresne\/#primaryimage"},"thumbnailUrl":"https:\/\/microbiologie.umontreal.ca\/wp-content\/uploads\/sites\/12\/Dufresne-Simon-Frederic-e1436908512564-235x300.jpg","datePublished":"2014-07-30T20:02:04+00:00","dateModified":"2020-09-24T13:17:27+00:00","breadcrumb":{"@id":"https:\/\/microbiologie.umontreal.ca\/en\/professeurs-chercheurs\/simon-frederic-dufresne\/#breadcrumb"},"inLanguage":"en-US","potentialAction":[{"@type":"ReadAction","target":["https:\/\/microbiologie.umontreal.ca\/en\/professeurs-chercheurs\/simon-frederic-dufresne\/"]}]},{"@type":"ImageObject","inLanguage":"en-US","@id":"https:\/\/microbiologie.umontreal.ca\/en\/professeurs-chercheurs\/simon-frederic-dufresne\/#primaryimage","url":"https:\/\/microbiologie.umontreal.ca\/wp-content\/uploads\/sites\/12\/Dufresne-Simon-Frederic-e1436908512564-235x300.jpg","contentUrl":"https:\/\/microbiologie.umontreal.ca\/wp-content\/uploads\/sites\/12\/Dufresne-Simon-Frederic-e1436908512564-235x300.jpg"},{"@type":"BreadcrumbList","@id":"https:\/\/microbiologie.umontreal.ca\/en\/professeurs-chercheurs\/simon-frederic-dufresne\/#breadcrumb","itemListElement":[{"@type":"ListItem","position":1,"name":"Accueil","item":"https:\/\/microbiologie.umontreal.ca\/en\/"},{"@type":"ListItem","position":2,"name":"Professeurs-chercheurs","item":"https:\/\/microbiologie.umontreal.ca\/en\/professeurs-chercheurs\/"},{"@type":"ListItem","position":3,"name":"Simon Fr\u00e9d\u00e9ric Dufresne"}]},{"@type":"WebSite","@id":"https:\/\/microbiologie.umontreal.ca\/#website","url":"https:\/\/microbiologie.umontreal.ca\/","name":"D\u00e9partement de microbiologie, infectiologie et immunologie","description":"","potentialAction":[{"@type":"SearchAction","target":{"@type":"EntryPoint","urlTemplate":"https:\/\/microbiologie.umontreal.ca\/?s={search_term_string}"},"query-input":{"@type":"PropertyValueSpecification","valueRequired":true,"valueName":"search_term_string"}}],"inLanguage":"en-US"}]}},"_links":{"self":[{"href":"https:\/\/microbiologie.umontreal.ca\/en\/wp-json\/wp\/v2\/pages\/7904","targetHints":{"allow":["GET"]}}],"collection":[{"href":"https:\/\/microbiologie.umontreal.ca\/en\/wp-json\/wp\/v2\/pages"}],"about":[{"href":"https:\/\/microbiologie.umontreal.ca\/en\/wp-json\/wp\/v2\/types\/page"}],"author":[{"embeddable":true,"href":"https:\/\/microbiologie.umontreal.ca\/en\/wp-json\/wp\/v2\/users\/25"}],"replies":[{"embeddable":true,"href":"https:\/\/microbiologie.umontreal.ca\/en\/wp-json\/wp\/v2\/comments?post=7904"}],"version-history":[{"count":6,"href":"https:\/\/microbiologie.umontreal.ca\/en\/wp-json\/wp\/v2\/pages\/7904\/revisions"}],"predecessor-version":[{"id":10816,"href":"https:\/\/microbiologie.umontreal.ca\/en\/wp-json\/wp\/v2\/pages\/7904\/revisions\/10816"}],"up":[{"embeddable":true,"href":"https:\/\/microbiologie.umontreal.ca\/en\/wp-json\/wp\/v2\/pages\/11407"}],"wp:attachment":[{"href":"https:\/\/microbiologie.umontreal.ca\/en\/wp-json\/wp\/v2\/media?parent=7904"}],"curies":[{"name":"wp","href":"https:\/\/api.w.org\/{rel}","templated":true}]}}