{"id":8317,"date":"2014-08-04T19:29:36","date_gmt":"2014-08-04T19:29:36","guid":{"rendered":"https:\/\/microbiologie.umontreal.ca\/marie-sarfati\/"},"modified":"2020-10-08T16:41:11","modified_gmt":"2020-10-08T15:41:11","slug":"marie-sarfati","status":"publish","type":"page","link":"https:\/\/microbiologie.umontreal.ca\/en\/professeurs-chercheurs\/marie-sarfati\/","title":{"rendered":"Marie Sarfati"},"content":{"rendered":"<p style=\"text-align: justify\"><div  class=\" fiche-chercheur  \">\n<p style=\"text-align: justify\"><div class=\"img noLightbox\"><\/p>\n<p style=\"text-align: justify\"><img loading=\"lazy\" decoding=\"async\" class=\"alignnone size-full wp-image-2215\" src=\"https:\/\/microbiologie.umontreal.ca\/wp-content\/uploads\/sites\/12\/silhouette-fille-100.jpg\" alt=\"silhouette-fille-100\" width=\"100\" height=\"150\" \/><\/p>\n<p style=\"text-align: justify\"><\/div><\/p>\n<table class=\"fiche-chercheur\" style=\"width: 326px\">\n<tbody>\n<tr>\n<td style=\"width: 81px\"><strong>Title<\/strong>:<\/td>\n<td style=\"width: 249px\">Full time professor (accredited)<br \/>\nD\u00e9partement de m\u00e9decine et sp\u00e9cialit\u00e9s m\u00e9dicales<\/td>\n<\/tr>\n<tr>\n<td style=\"width: 81px\"><strong>Address<\/strong>:<\/td>\n<td style=\"width: 249px\">Centre de recherche du CHUM<br \/>\n900, rue Saint-Denis, Pavillon R<br \/>\nMontr\u00e9al (Qu\u00e9bec) \u00a0H2X 0A9<\/td>\n<\/tr>\n<tr>\n<td style=\"width: 81px\"><strong>Phone<\/strong>:<\/td>\n<td style=\"width: 249px\">\u00a0514 890-8000, ext. 25394<\/td>\n<\/tr>\n<tr>\n<td style=\"width: 81px\"><strong>Email<\/strong>:<\/td>\n<td style=\"width: 249px\">\u00a0<a href=\"mailto:m.sarfati@umontreal.ca\">m.sarfati@umontreal.ca<\/a><\/td>\n<\/tr>\n<\/tbody>\n<\/table>\n<p style=\"text-align: justify\"><\/div><\/p>\n<p style=\"text-align: justify\"><hr\/><\/p>\n<h2><strong>Biography<\/strong><\/h2>\n<p>MD PhD<\/p>\n<p>Directeor of\u00a0 Immunoregulation laboratory (CRCHUM).<\/p>\n<p>Full Professor, Department of Medicine, University of Montreal<\/p>\n<hr\/>\n<h2><strong>Team<\/strong><\/h2>\n<ul>\n<li>Marwa Bsat, Ph.D student.<\/li>\n<li>Laurence Anne Chapuy, Ph.D student.<\/li>\n<li>Heena Mehta, Research Associate<\/li>\n<li>Am\u00e9lieTherrien, MSc student.<\/li>\n<li>Shunya Mashiko, Research Assistant<\/li>\n<li>Manuel Rubio, Research Assistant<\/li>\n<\/ul>\n<hr\/>\n<h2><strong>Themes<\/strong><\/h2>\n<p>Skin chronic inflammatory diseases ( psoriasis, atopic dermatitis, systemic sclerosis)<\/p>\n<p>Inflammatory bowel diseases (Crohn\u2019s disease and ulcerative colitis)<\/p>\n<p>Allergic diseases<\/p>\n<hr\/>\n<h2><strong>Research topics<\/strong><\/h2>\n<ul>\n<li>Chracterization and fonction of innate immune cells and T lymphocytes in tissue of patients with chronic inflammatory diseases<\/li>\n<\/ul>\n<hr\/>\n<h2 style=\"text-align: justify\"><strong>Publications<\/strong><\/h2>\n<p style=\"text-align: justify\"><a href=\"https:\/\/www.ncbi.nlm.nih.gov\/pubmed\/28757138\">Early-Life Antibiotic Exposure Causes Intestinal Dysbiosis and Exacerbates Skin and Lung Pathology in Experimental Systemic Sclerosis.<\/a>Mehta H, Goulet PO, Mashiko S, Desjardins J, P\u00e9rez G, Koenig M, Sen\u00e9cal JL, Constante M, Santos MM, <strong>Sarfati M<\/strong>.J Invest Dermatol. 2017 Nov;137(11):2316-2325. doi: 10.1016\/j.jid.2017.06.019. Epub 2017 Jul 27.<\/p>\n<p style=\"text-align: justify\"><a href=\"https:\/\/www.ncbi.nlm.nih.gov\/pubmed\/28743611\">Increased frequencies of basophils, type 2 innate lymphoid cells and Th2 cells in skin of patients with atopic dermatitis but not psoriasis.<\/a>Mashiko S, Mehta H, Bissonnette R, <strong>Sarfati M<\/strong>.J Dermatol Sci. 2017 Nov;88(2):167-174. doi: 10.1016\/j.jdermsci.2017.07.003. Epub 2017 Jul 15.<\/p>\n<p style=\"text-align: justify\"><a href=\"https:\/\/www.ncbi.nlm.nih.gov\/pubmed\/27599204\">Persistence of interleukin (IL)-17A+ T lymphocytes and IL-17A expression in treatment-resistant psoriatic plaques despite ustekinumab therapy.<\/a>Jack C, Mashiko S, Arbour N, Bissonnette R, <strong>Sarfati M<\/strong>.Br J Dermatol. 2017 Jul;177(1):267-270. doi: 10.1111\/bjd.15029. Epub 2017 Jun 6.<\/p>\n<p style=\"text-align: justify\"><a href=\"https:\/\/www.ncbi.nlm.nih.gov\/pubmed\/26162403\">Differential accumulation and function of proinflammatory 6-sulfo LacNAc dendritic cells in lymph node and colon of Crohn&#8217;s versus ulcerative colitis patients.<\/a><strong>Bsat<\/strong> M, Chapuy L, Baba N, Rubio M, Panzini B, Wassef R, Richard C, Soucy G, Mehta H, <strong>Sarfati M<\/strong>.J Leukoc Biol. 2015 Oct;98(4):671-81. doi: 10.1189\/jlb.5A1014-509RR. Epub 2015 Jul 10.<\/p>\n<p style=\"text-align: justify\"><a href=\"https:\/\/www.ncbi.nlm.nih.gov\/pubmed\/26284078\">Mutual Interaction of Basophils and T Cells in Chronic Inflammatory Diseases.<\/a><strong>Sarfati M<\/strong>, Wakahara K, Chapuy L, Delespesse G. Front Immunol. 2015 Aug 3;6:399. doi: 10.3389\/fimmu.2015.00399. eCollection 2015. Review.<\/p>\n<p style=\"text-align: justify\"><a href=\"https:\/\/www.ncbi.nlm.nih.gov\/pubmed\/24996262\">Basophils increase in Crohn disease and ulcerative colitis and favor mesenteric lymph node memory TH17\/TH1 response.<\/a>Chapuy L, Bsat M, Mehta H, Rubio M, Wakahara K, Van VQ, Baba N, Cheong C, Yun TJ, Panzini B, Wassef R, Richard C, Tamaz R, Soucy G, Delespesse G, <strong>Sarfati M<\/strong>.J Allergy Clin Immunol. 2014 Oct;134(4):978-81.e1. doi: 10.1016\/j.jaci.2014.05.025. Epub 2014 Jul 2.<\/p>\n<p style=\"text-align: justify\"><a href=\"https:\/\/www.ncbi.nlm.nih.gov\/pubmed\/23669395\">CD47 fusion protein targets CD172a+ cells in Crohn&#8217;s disease and dampens the production of IL-1\u03b2 and TNF.<\/a>Baba N, Van VQ, Wakahara K, Rubio M, Fortin G, Panzini B, Soucy G, Wassef R, Richard C, Tamaz R, Lahaie R, Bernard EJ, Caussignac Y, Leduc R, Lougnarath R, Bergeron C, Racicot MA, Bergeron F, Panzini MA, Demetter P, Franchimont D, Sch\u00e4kel K, Weckbecker G, Kolbinger F, Heusser C, Huber T, Welzenbach K, <strong>Sarfati M<\/strong>. J Exp Med. 2013 Jun 3;210(6):1251-63. doi: 10.1084\/jem.20122037. Epub 2013 May 13.<\/p>\n","protected":false},"excerpt":{"rendered":"<p>Biography MD PhD Directeor of\u00a0 Immunoregulation laboratory (CRCHUM). Full Professor, Department of Medicine, University of Montreal Team Marwa Bsat, Ph.D student. Laurence Anne Chapuy, Ph.D student. Heena Mehta, Research Associate [&hellip;]<\/p>\n","protected":false},"author":25,"featured_media":0,"parent":11407,"menu_order":0,"comment_status":"closed","ping_status":"closed","template":"","meta":{"footnotes":""},"class_list":["post-8317","page","type-page","status-publish","hentry"],"yoast_head":"<!-- This site is optimized with the Yoast SEO plugin v25.0 - https:\/\/yoast.com\/wordpress\/plugins\/seo\/ -->\n<title>Marie Sarfati - D\u00e9partement de microbiologie, infectiologie et immunologie - Universit\u00e9 de Montr\u00e9al<\/title>\n<meta name=\"robots\" content=\"index, follow, max-snippet:-1, max-image-preview:large, max-video-preview:-1\" \/>\n<link rel=\"canonical\" href=\"https:\/\/microbiologie.umontreal.ca\/en\/professeurs-chercheurs\/marie-sarfati\/\" \/>\n<meta property=\"og:locale\" content=\"en_US\" \/>\n<meta property=\"og:type\" content=\"article\" \/>\n<meta property=\"og:title\" content=\"Marie Sarfati - D\u00e9partement de microbiologie, infectiologie et immunologie - Universit\u00e9 de Montr\u00e9al\" \/>\n<meta property=\"og:description\" content=\"Biography MD PhD Directeor of\u00a0 Immunoregulation laboratory (CRCHUM). Full Professor, Department of Medicine, University of Montreal Team Marwa Bsat, Ph.D student. Laurence Anne Chapuy, Ph.D student. Heena Mehta, Research Associate [&hellip;]\" \/>\n<meta property=\"og:url\" content=\"https:\/\/microbiologie.umontreal.ca\/en\/professeurs-chercheurs\/marie-sarfati\/\" \/>\n<meta property=\"og:site_name\" content=\"D\u00e9partement de microbiologie, infectiologie et immunologie\" \/>\n<meta property=\"article:modified_time\" content=\"2020-10-08T15:41:11+00:00\" \/>\n<meta property=\"og:image\" content=\"https:\/\/microbiologie.umontreal.ca\/wp-content\/uploads\/sites\/12\/silhouette-fille-100.jpg\" \/>\n<meta name=\"twitter:label1\" content=\"Est. reading time\" \/>\n\t<meta name=\"twitter:data1\" content=\"2 minutes\" \/>\n<script type=\"application\/ld+json\" class=\"yoast-schema-graph\">{\"@context\":\"https:\/\/schema.org\",\"@graph\":[{\"@type\":\"WebPage\",\"@id\":\"https:\/\/microbiologie.umontreal.ca\/en\/professeurs-chercheurs\/marie-sarfati\/\",\"url\":\"https:\/\/microbiologie.umontreal.ca\/en\/professeurs-chercheurs\/marie-sarfati\/\",\"name\":\"Marie Sarfati - D\u00e9partement de microbiologie, infectiologie et immunologie - Universit\u00e9 de Montr\u00e9al\",\"isPartOf\":{\"@id\":\"https:\/\/microbiologie.umontreal.ca\/#website\"},\"primaryImageOfPage\":{\"@id\":\"https:\/\/microbiologie.umontreal.ca\/en\/professeurs-chercheurs\/marie-sarfati\/#primaryimage\"},\"image\":{\"@id\":\"https:\/\/microbiologie.umontreal.ca\/en\/professeurs-chercheurs\/marie-sarfati\/#primaryimage\"},\"thumbnailUrl\":\"https:\/\/microbiologie.umontreal.ca\/wp-content\/uploads\/sites\/12\/silhouette-fille-100.jpg\",\"datePublished\":\"2014-08-04T19:29:36+00:00\",\"dateModified\":\"2020-10-08T15:41:11+00:00\",\"breadcrumb\":{\"@id\":\"https:\/\/microbiologie.umontreal.ca\/en\/professeurs-chercheurs\/marie-sarfati\/#breadcrumb\"},\"inLanguage\":\"en-US\",\"potentialAction\":[{\"@type\":\"ReadAction\",\"target\":[\"https:\/\/microbiologie.umontreal.ca\/en\/professeurs-chercheurs\/marie-sarfati\/\"]}]},{\"@type\":\"ImageObject\",\"inLanguage\":\"en-US\",\"@id\":\"https:\/\/microbiologie.umontreal.ca\/en\/professeurs-chercheurs\/marie-sarfati\/#primaryimage\",\"url\":\"https:\/\/microbiologie.umontreal.ca\/wp-content\/uploads\/sites\/12\/silhouette-fille-100.jpg\",\"contentUrl\":\"https:\/\/microbiologie.umontreal.ca\/wp-content\/uploads\/sites\/12\/silhouette-fille-100.jpg\"},{\"@type\":\"BreadcrumbList\",\"@id\":\"https:\/\/microbiologie.umontreal.ca\/en\/professeurs-chercheurs\/marie-sarfati\/#breadcrumb\",\"itemListElement\":[{\"@type\":\"ListItem\",\"position\":1,\"name\":\"Accueil\",\"item\":\"https:\/\/microbiologie.umontreal.ca\/en\/\"},{\"@type\":\"ListItem\",\"position\":2,\"name\":\"Professeurs-chercheurs\",\"item\":\"https:\/\/microbiologie.umontreal.ca\/en\/professeurs-chercheurs\/\"},{\"@type\":\"ListItem\",\"position\":3,\"name\":\"Marie Sarfati\"}]},{\"@type\":\"WebSite\",\"@id\":\"https:\/\/microbiologie.umontreal.ca\/#website\",\"url\":\"https:\/\/microbiologie.umontreal.ca\/\",\"name\":\"D\u00e9partement de microbiologie, infectiologie et immunologie\",\"description\":\"\",\"potentialAction\":[{\"@type\":\"SearchAction\",\"target\":{\"@type\":\"EntryPoint\",\"urlTemplate\":\"https:\/\/microbiologie.umontreal.ca\/?s={search_term_string}\"},\"query-input\":{\"@type\":\"PropertyValueSpecification\",\"valueRequired\":true,\"valueName\":\"search_term_string\"}}],\"inLanguage\":\"en-US\"}]}<\/script>\n<!-- \/ Yoast SEO plugin. -->","yoast_head_json":{"title":"Marie Sarfati - D\u00e9partement de microbiologie, infectiologie et immunologie - Universit\u00e9 de Montr\u00e9al","robots":{"index":"index","follow":"follow","max-snippet":"max-snippet:-1","max-image-preview":"max-image-preview:large","max-video-preview":"max-video-preview:-1"},"canonical":"https:\/\/microbiologie.umontreal.ca\/en\/professeurs-chercheurs\/marie-sarfati\/","og_locale":"en_US","og_type":"article","og_title":"Marie Sarfati - D\u00e9partement de microbiologie, infectiologie et immunologie - Universit\u00e9 de Montr\u00e9al","og_description":"Biography MD PhD Directeor of\u00a0 Immunoregulation laboratory (CRCHUM). Full Professor, Department of Medicine, University of Montreal Team Marwa Bsat, Ph.D student. Laurence Anne Chapuy, Ph.D student. Heena Mehta, Research Associate [&hellip;]","og_url":"https:\/\/microbiologie.umontreal.ca\/en\/professeurs-chercheurs\/marie-sarfati\/","og_site_name":"D\u00e9partement de microbiologie, infectiologie et immunologie","article_modified_time":"2020-10-08T15:41:11+00:00","og_image":[{"url":"https:\/\/microbiologie.umontreal.ca\/wp-content\/uploads\/sites\/12\/silhouette-fille-100.jpg","type":"","width":"","height":""}],"twitter_misc":{"Est. reading time":"2 minutes"},"schema":{"@context":"https:\/\/schema.org","@graph":[{"@type":"WebPage","@id":"https:\/\/microbiologie.umontreal.ca\/en\/professeurs-chercheurs\/marie-sarfati\/","url":"https:\/\/microbiologie.umontreal.ca\/en\/professeurs-chercheurs\/marie-sarfati\/","name":"Marie Sarfati - D\u00e9partement de microbiologie, infectiologie et immunologie - Universit\u00e9 de Montr\u00e9al","isPartOf":{"@id":"https:\/\/microbiologie.umontreal.ca\/#website"},"primaryImageOfPage":{"@id":"https:\/\/microbiologie.umontreal.ca\/en\/professeurs-chercheurs\/marie-sarfati\/#primaryimage"},"image":{"@id":"https:\/\/microbiologie.umontreal.ca\/en\/professeurs-chercheurs\/marie-sarfati\/#primaryimage"},"thumbnailUrl":"https:\/\/microbiologie.umontreal.ca\/wp-content\/uploads\/sites\/12\/silhouette-fille-100.jpg","datePublished":"2014-08-04T19:29:36+00:00","dateModified":"2020-10-08T15:41:11+00:00","breadcrumb":{"@id":"https:\/\/microbiologie.umontreal.ca\/en\/professeurs-chercheurs\/marie-sarfati\/#breadcrumb"},"inLanguage":"en-US","potentialAction":[{"@type":"ReadAction","target":["https:\/\/microbiologie.umontreal.ca\/en\/professeurs-chercheurs\/marie-sarfati\/"]}]},{"@type":"ImageObject","inLanguage":"en-US","@id":"https:\/\/microbiologie.umontreal.ca\/en\/professeurs-chercheurs\/marie-sarfati\/#primaryimage","url":"https:\/\/microbiologie.umontreal.ca\/wp-content\/uploads\/sites\/12\/silhouette-fille-100.jpg","contentUrl":"https:\/\/microbiologie.umontreal.ca\/wp-content\/uploads\/sites\/12\/silhouette-fille-100.jpg"},{"@type":"BreadcrumbList","@id":"https:\/\/microbiologie.umontreal.ca\/en\/professeurs-chercheurs\/marie-sarfati\/#breadcrumb","itemListElement":[{"@type":"ListItem","position":1,"name":"Accueil","item":"https:\/\/microbiologie.umontreal.ca\/en\/"},{"@type":"ListItem","position":2,"name":"Professeurs-chercheurs","item":"https:\/\/microbiologie.umontreal.ca\/en\/professeurs-chercheurs\/"},{"@type":"ListItem","position":3,"name":"Marie Sarfati"}]},{"@type":"WebSite","@id":"https:\/\/microbiologie.umontreal.ca\/#website","url":"https:\/\/microbiologie.umontreal.ca\/","name":"D\u00e9partement de microbiologie, infectiologie et immunologie","description":"","potentialAction":[{"@type":"SearchAction","target":{"@type":"EntryPoint","urlTemplate":"https:\/\/microbiologie.umontreal.ca\/?s={search_term_string}"},"query-input":{"@type":"PropertyValueSpecification","valueRequired":true,"valueName":"search_term_string"}}],"inLanguage":"en-US"}]}},"_links":{"self":[{"href":"https:\/\/microbiologie.umontreal.ca\/en\/wp-json\/wp\/v2\/pages\/8317","targetHints":{"allow":["GET"]}}],"collection":[{"href":"https:\/\/microbiologie.umontreal.ca\/en\/wp-json\/wp\/v2\/pages"}],"about":[{"href":"https:\/\/microbiologie.umontreal.ca\/en\/wp-json\/wp\/v2\/types\/page"}],"author":[{"embeddable":true,"href":"https:\/\/microbiologie.umontreal.ca\/en\/wp-json\/wp\/v2\/users\/25"}],"replies":[{"embeddable":true,"href":"https:\/\/microbiologie.umontreal.ca\/en\/wp-json\/wp\/v2\/comments?post=8317"}],"version-history":[{"count":3,"href":"https:\/\/microbiologie.umontreal.ca\/en\/wp-json\/wp\/v2\/pages\/8317\/revisions"}],"predecessor-version":[{"id":10915,"href":"https:\/\/microbiologie.umontreal.ca\/en\/wp-json\/wp\/v2\/pages\/8317\/revisions\/10915"}],"up":[{"embeddable":true,"href":"https:\/\/microbiologie.umontreal.ca\/en\/wp-json\/wp\/v2\/pages\/11407"}],"wp:attachment":[{"href":"https:\/\/microbiologie.umontreal.ca\/en\/wp-json\/wp\/v2\/media?parent=8317"}],"curies":[{"name":"wp","href":"https:\/\/api.w.org\/{rel}","templated":true}]}}