{"id":8336,"date":"2016-09-14T19:07:47","date_gmt":"2016-09-14T18:07:47","guid":{"rendered":"https:\/\/microbiologie.umontreal.ca\/marylise-duperthuy\/"},"modified":"2021-08-25T18:54:19","modified_gmt":"2021-08-25T17:54:19","slug":"marylise-duperthuy","status":"publish","type":"page","link":"https:\/\/microbiologie.umontreal.ca\/en\/professeurs-chercheurs\/marylise-duperthuy\/","title":{"rendered":"Marylise Duperthuy"},"content":{"rendered":"<div  class=\" fiche-chercheur  \">\n<div class=\"img noLightbox\"><\/p>\n<p><img loading=\"lazy\" decoding=\"async\" src=\"https:\/\/microbiologie.umontreal.ca\/wp-content\/uploads\/sites\/12\/2021\/08\/Marylise_Duperthuy-002-450x450.jpg\" alt=\"\" width=\"450\" height=\"450\" class=\"size-medium wp-image-12142 alignleft\" srcset=\"https:\/\/microbiologie.umontreal.ca\/wp-content\/uploads\/sites\/12\/2021\/08\/Marylise_Duperthuy-002-450x450.jpg 450w, https:\/\/microbiologie.umontreal.ca\/wp-content\/uploads\/sites\/12\/2021\/08\/Marylise_Duperthuy-002-150x150.jpg 150w, https:\/\/microbiologie.umontreal.ca\/wp-content\/uploads\/sites\/12\/2021\/08\/Marylise_Duperthuy-002.jpg 512w\" sizes=\"auto, (max-width: 450px) 100vw, 450px\" \/><\/p>\n<p><\/div>\n<table style=\"width: 491px\">\n<tbody>\n<tr>\n<td style=\"width: 63px\"><strong>Title:<\/strong><\/td>\n<td style=\"width: 428px\">Full time assistant professor<\/td>\n<\/tr>\n<tr>\n<td style=\"width: 63px\"><strong>Address:<\/strong><\/td>\n<td style=\"width: 428px\">D\u00e9partement de microbiologie, infectiologie et immunologie<br \/>\nUniversit\u00e9 de Montr\u00e9al<br \/>\nC.P. 6128, Succ. Centre-ville<br \/>\nMontr\u00e9al (Qu\u00e9bec)<br \/>\nH3C 3J7<\/td>\n<\/tr>\n<tr>\n<td style=\"width: 63px\"><strong>Room:<\/strong><\/td>\n<td style=\"width: 428px\">Office: S-621, Pavillon Roger-Gaudry<br \/>\nLabo: U-621, Pavillon Roger-Gaudry<\/td>\n<\/tr>\n<tr>\n<td style=\"width: 63px\"><strong>Phone:<\/strong><\/td>\n<td style=\"width: 428px\">Office: 514-343-6111, ext.\u00a032942<br \/>\nLabo: To come up<\/td>\n<\/tr>\n<tr>\n<td style=\"width: 63px\"><strong>Fax:<\/strong><\/td>\n<td style=\"width: 428px\">514-343-5701<\/td>\n<\/tr>\n<tr>\n<td style=\"width: 63px\"><strong>Email:<\/strong><\/td>\n<td style=\"width: 428px\"><a href=\"mailto:marylise.duperthuy@umontreal.ca\">marylise.duperthuy@umontreal.ca <\/a><\/td>\n<\/tr>\n<\/tbody>\n<\/table>\n<p><hr\/><\/div>\n<h2><strong>Biography<\/strong><\/h2>\n<p style=\"text-align: justify\">After a Master of Science and Technology in biochemistry at the University of La Rochelle (France), Marylise Duperthuy completed her doctoral studies in microbiology at the University of Montpellier 2 under the supervision of Dr. Delphine Destoumieux-Garz\u00f2n (2007- 2010). She investigated the role of the OmpU porin of <em>Vibrio splendidus<\/em> in the interaction with its host, the oyster <em>Crassostrea gigas.<\/em> She investigated the resistance of the <em>Vibrio<\/em> to the oyster&#8217;s antimicrobial peptides, its virulence, and its pathogenesis. Her doctoral study was nominated for the trophy of the best thesis of the French Institute for Research and Exploitation of the Sea (Ifremer) in 2011. Dr. Duperthuy completed a postdoctoral fellowship, followed by a research associate position in Prof. Sun Nyunt Wai\u2019s group at the University of Umea (Sweden) in the Molecular Infection Medicine Sweden (MIMS) Center (2011-2016). She was working on the role of bacterial outer membrane vesicles in resistance of <em>Vibrio <\/em>to antimicrobial peptides. She joined the Department of Microbiology, Infectiology and Immunology at the Universit\u00e9 de Montr\u00e9al in 2016. Her research program aims to understand the bacterial interactions by focusing on the modulation of virulence by molecules produced by the microbiota, including antimicrobial peptides, as well as studying the mechanisms of antimicrobial resistance in <em>Vibrio cholerae<\/em>.<\/p>\n<hr\/>\n<h2><strong>Team\u00a0<\/strong><\/h2>\n<ul>\n<li>Sean Giacomucci (\u00e9tudiant au PhD.)<\/li>\n<li>Annabelle Mathieu-Denoncourt (\u00e9tudiante au PhD.)<\/li>\n<li>Hanen Jannadi (\u00e9tudiante au PhD.)<\/li>\n<li>Cl\u00e9ment Baret (\u00e9tudiant \u00e0 la M.Sc.)<\/li>\n<li>Julien Pauz\u00e9-Foixet (\u00e9tudiant \u00e0 la M.Sc.)<\/li>\n<\/ul>\n<hr\/>\n<h2><strong>Theme<\/strong><\/h2>\n<ul>\n<li>Bacteriology<\/li>\n<\/ul>\n<hr\/>\n<h2><strong>Research topics<\/strong><\/h2>\n<p>Update coming soon<\/p>\n<hr\/>\n<h2 style=\"text-align: justify\"><strong>Publications<\/strong><\/h2>\n<p style=\"text-align: justify\">Myint SL, Zlatkov N, Aung KM, Toh E, Sj\u00f6str\u00f6m A, Nadeem A, <strong>Duperthuy M<\/strong>, Uhlin BE, Wai SN. Ecotin and LamB in Escherichia coli influence the susceptibility to Type VI secretion-mediated interbacterial competition and killing by Vibrio cholerae. <a href=\"https:\/\/pubmed.ncbi.nlm.nih.gov\/33892013\/\"><strong>Biochim Biophys Acta Gen Subj<\/strong>. 2021 Jul;1865(7):129912. doi: 10.1016\/j.bbagen.2021.129912. Epub 2021 Apr 20. PMID: 33892013.<\/a><\/p>\n<p style=\"text-align: justify\">Annabelle Mathieu-Denoncourt, Sean Giacomucci and <strong>Marylise Duperthuy<\/strong> (March 19th 2021). The Secretome of &lt;em&gt;Vibrio cholerae&lt;\/em&gt; [Online First], <strong>IntechOpen<\/strong>, <a href=\"https:\/\/www.intechopen.com\/online-first\/75818\">DOI: 10.5772\/intechopen.96803. Available from: https:\/\/www.intechopen.com\/online-first\/75818<\/a><\/p>\n<p style=\"text-align: justify\">Giacomucci S, Cros CD, Perron X, Mathieu-Denoncourt A, <strong>Duperthuy M<\/strong>. Flagella-dependent inhibition of biofilm formation by sub-inhibitory concentration of polymyxin B in Vibrio cholerae. <a href=\"https:\/\/pubmed.ncbi.nlm.nih.gov\/31430343\/\"><strong>PLoS One<\/strong>. 2019 Aug 20;14(8):e0221431. doi: 10.1371\/journal.pone.0221431. PMID: 31430343; PMCID: PMC6701800.<\/a><\/p>\n<p style=\"text-align: justify\"><strong>Duperthuy M<\/strong>. Antimicrobial Peptides: Virulence and Resistance Modulation in Gram-Negative Bacteria. <a href=\"https:\/\/pubmed.ncbi.nlm.nih.gov\/32092866\/\"><strong>Microorganisms<\/strong>. 2020 Feb 19;8(2):280. doi: 10.3390\/microorganisms8020280. PMID: 32092866; PMCID: PMC7074834.<\/a><\/p>\n","protected":false},"excerpt":{"rendered":"<p>Biography After a Master of Science and Technology in biochemistry at the University of La Rochelle (France), Marylise Duperthuy completed her doctoral studies in microbiology at the University of Montpellier [&hellip;]<\/p>\n","protected":false},"author":26,"featured_media":0,"parent":11407,"menu_order":0,"comment_status":"closed","ping_status":"closed","template":"","meta":{"footnotes":""},"class_list":["post-8336","page","type-page","status-publish","hentry"],"yoast_head":"<!-- This site is optimized with the Yoast SEO plugin v25.0 - https:\/\/yoast.com\/wordpress\/plugins\/seo\/ -->\n<title>Marylise Duperthuy - D\u00e9partement de microbiologie, infectiologie et immunologie - Universit\u00e9 de Montr\u00e9al<\/title>\n<meta name=\"robots\" content=\"index, follow, max-snippet:-1, max-image-preview:large, max-video-preview:-1\" \/>\n<link rel=\"canonical\" href=\"https:\/\/microbiologie.umontreal.ca\/en\/professeurs-chercheurs\/marylise-duperthuy\/\" \/>\n<meta property=\"og:locale\" content=\"en_US\" \/>\n<meta property=\"og:type\" content=\"article\" \/>\n<meta property=\"og:title\" content=\"Marylise Duperthuy - D\u00e9partement de microbiologie, infectiologie et immunologie - Universit\u00e9 de Montr\u00e9al\" \/>\n<meta property=\"og:description\" content=\"Biography After a Master of Science and Technology in biochemistry at the University of La Rochelle (France), Marylise Duperthuy completed her doctoral studies in microbiology at the University of Montpellier [&hellip;]\" \/>\n<meta property=\"og:url\" content=\"https:\/\/microbiologie.umontreal.ca\/en\/professeurs-chercheurs\/marylise-duperthuy\/\" \/>\n<meta property=\"og:site_name\" content=\"D\u00e9partement de microbiologie, infectiologie et immunologie\" \/>\n<meta property=\"article:modified_time\" content=\"2021-08-25T17:54:19+00:00\" \/>\n<meta property=\"og:image\" content=\"https:\/\/microbiologie.umontreal.ca\/wp-content\/uploads\/sites\/12\/2021\/08\/Marylise_Duperthuy-002-450x450.jpg\" \/>\n<meta name=\"twitter:label1\" content=\"Est. reading time\" \/>\n\t<meta name=\"twitter:data1\" content=\"2 minutes\" \/>\n<script type=\"application\/ld+json\" class=\"yoast-schema-graph\">{\"@context\":\"https:\/\/schema.org\",\"@graph\":[{\"@type\":\"WebPage\",\"@id\":\"https:\/\/microbiologie.umontreal.ca\/en\/professeurs-chercheurs\/marylise-duperthuy\/\",\"url\":\"https:\/\/microbiologie.umontreal.ca\/en\/professeurs-chercheurs\/marylise-duperthuy\/\",\"name\":\"Marylise Duperthuy - D\u00e9partement de microbiologie, infectiologie et immunologie - Universit\u00e9 de Montr\u00e9al\",\"isPartOf\":{\"@id\":\"https:\/\/microbiologie.umontreal.ca\/#website\"},\"primaryImageOfPage\":{\"@id\":\"https:\/\/microbiologie.umontreal.ca\/en\/professeurs-chercheurs\/marylise-duperthuy\/#primaryimage\"},\"image\":{\"@id\":\"https:\/\/microbiologie.umontreal.ca\/en\/professeurs-chercheurs\/marylise-duperthuy\/#primaryimage\"},\"thumbnailUrl\":\"https:\/\/microbiologie.umontreal.ca\/wp-content\/uploads\/sites\/12\/2021\/08\/Marylise_Duperthuy-002-450x450.jpg\",\"datePublished\":\"2016-09-14T18:07:47+00:00\",\"dateModified\":\"2021-08-25T17:54:19+00:00\",\"breadcrumb\":{\"@id\":\"https:\/\/microbiologie.umontreal.ca\/en\/professeurs-chercheurs\/marylise-duperthuy\/#breadcrumb\"},\"inLanguage\":\"en-US\",\"potentialAction\":[{\"@type\":\"ReadAction\",\"target\":[\"https:\/\/microbiologie.umontreal.ca\/en\/professeurs-chercheurs\/marylise-duperthuy\/\"]}]},{\"@type\":\"ImageObject\",\"inLanguage\":\"en-US\",\"@id\":\"https:\/\/microbiologie.umontreal.ca\/en\/professeurs-chercheurs\/marylise-duperthuy\/#primaryimage\",\"url\":\"https:\/\/microbiologie.umontreal.ca\/wp-content\/uploads\/sites\/12\/2021\/08\/Marylise_Duperthuy-002-450x450.jpg\",\"contentUrl\":\"https:\/\/microbiologie.umontreal.ca\/wp-content\/uploads\/sites\/12\/2021\/08\/Marylise_Duperthuy-002-450x450.jpg\"},{\"@type\":\"BreadcrumbList\",\"@id\":\"https:\/\/microbiologie.umontreal.ca\/en\/professeurs-chercheurs\/marylise-duperthuy\/#breadcrumb\",\"itemListElement\":[{\"@type\":\"ListItem\",\"position\":1,\"name\":\"Accueil\",\"item\":\"https:\/\/microbiologie.umontreal.ca\/en\/\"},{\"@type\":\"ListItem\",\"position\":2,\"name\":\"Professeurs-chercheurs\",\"item\":\"https:\/\/microbiologie.umontreal.ca\/en\/professeurs-chercheurs\/\"},{\"@type\":\"ListItem\",\"position\":3,\"name\":\"Marylise Duperthuy\"}]},{\"@type\":\"WebSite\",\"@id\":\"https:\/\/microbiologie.umontreal.ca\/#website\",\"url\":\"https:\/\/microbiologie.umontreal.ca\/\",\"name\":\"D\u00e9partement de microbiologie, infectiologie et immunologie\",\"description\":\"\",\"potentialAction\":[{\"@type\":\"SearchAction\",\"target\":{\"@type\":\"EntryPoint\",\"urlTemplate\":\"https:\/\/microbiologie.umontreal.ca\/?s={search_term_string}\"},\"query-input\":{\"@type\":\"PropertyValueSpecification\",\"valueRequired\":true,\"valueName\":\"search_term_string\"}}],\"inLanguage\":\"en-US\"}]}<\/script>\n<!-- \/ Yoast SEO plugin. -->","yoast_head_json":{"title":"Marylise Duperthuy - D\u00e9partement de microbiologie, infectiologie et immunologie - Universit\u00e9 de Montr\u00e9al","robots":{"index":"index","follow":"follow","max-snippet":"max-snippet:-1","max-image-preview":"max-image-preview:large","max-video-preview":"max-video-preview:-1"},"canonical":"https:\/\/microbiologie.umontreal.ca\/en\/professeurs-chercheurs\/marylise-duperthuy\/","og_locale":"en_US","og_type":"article","og_title":"Marylise Duperthuy - D\u00e9partement de microbiologie, infectiologie et immunologie - Universit\u00e9 de Montr\u00e9al","og_description":"Biography After a Master of Science and Technology in biochemistry at the University of La Rochelle (France), Marylise Duperthuy completed her doctoral studies in microbiology at the University of Montpellier [&hellip;]","og_url":"https:\/\/microbiologie.umontreal.ca\/en\/professeurs-chercheurs\/marylise-duperthuy\/","og_site_name":"D\u00e9partement de microbiologie, infectiologie et immunologie","article_modified_time":"2021-08-25T17:54:19+00:00","og_image":[{"url":"https:\/\/microbiologie.umontreal.ca\/wp-content\/uploads\/sites\/12\/2021\/08\/Marylise_Duperthuy-002-450x450.jpg","type":"","width":"","height":""}],"twitter_misc":{"Est. reading time":"2 minutes"},"schema":{"@context":"https:\/\/schema.org","@graph":[{"@type":"WebPage","@id":"https:\/\/microbiologie.umontreal.ca\/en\/professeurs-chercheurs\/marylise-duperthuy\/","url":"https:\/\/microbiologie.umontreal.ca\/en\/professeurs-chercheurs\/marylise-duperthuy\/","name":"Marylise Duperthuy - D\u00e9partement de microbiologie, infectiologie et immunologie - Universit\u00e9 de Montr\u00e9al","isPartOf":{"@id":"https:\/\/microbiologie.umontreal.ca\/#website"},"primaryImageOfPage":{"@id":"https:\/\/microbiologie.umontreal.ca\/en\/professeurs-chercheurs\/marylise-duperthuy\/#primaryimage"},"image":{"@id":"https:\/\/microbiologie.umontreal.ca\/en\/professeurs-chercheurs\/marylise-duperthuy\/#primaryimage"},"thumbnailUrl":"https:\/\/microbiologie.umontreal.ca\/wp-content\/uploads\/sites\/12\/2021\/08\/Marylise_Duperthuy-002-450x450.jpg","datePublished":"2016-09-14T18:07:47+00:00","dateModified":"2021-08-25T17:54:19+00:00","breadcrumb":{"@id":"https:\/\/microbiologie.umontreal.ca\/en\/professeurs-chercheurs\/marylise-duperthuy\/#breadcrumb"},"inLanguage":"en-US","potentialAction":[{"@type":"ReadAction","target":["https:\/\/microbiologie.umontreal.ca\/en\/professeurs-chercheurs\/marylise-duperthuy\/"]}]},{"@type":"ImageObject","inLanguage":"en-US","@id":"https:\/\/microbiologie.umontreal.ca\/en\/professeurs-chercheurs\/marylise-duperthuy\/#primaryimage","url":"https:\/\/microbiologie.umontreal.ca\/wp-content\/uploads\/sites\/12\/2021\/08\/Marylise_Duperthuy-002-450x450.jpg","contentUrl":"https:\/\/microbiologie.umontreal.ca\/wp-content\/uploads\/sites\/12\/2021\/08\/Marylise_Duperthuy-002-450x450.jpg"},{"@type":"BreadcrumbList","@id":"https:\/\/microbiologie.umontreal.ca\/en\/professeurs-chercheurs\/marylise-duperthuy\/#breadcrumb","itemListElement":[{"@type":"ListItem","position":1,"name":"Accueil","item":"https:\/\/microbiologie.umontreal.ca\/en\/"},{"@type":"ListItem","position":2,"name":"Professeurs-chercheurs","item":"https:\/\/microbiologie.umontreal.ca\/en\/professeurs-chercheurs\/"},{"@type":"ListItem","position":3,"name":"Marylise Duperthuy"}]},{"@type":"WebSite","@id":"https:\/\/microbiologie.umontreal.ca\/#website","url":"https:\/\/microbiologie.umontreal.ca\/","name":"D\u00e9partement de microbiologie, infectiologie et immunologie","description":"","potentialAction":[{"@type":"SearchAction","target":{"@type":"EntryPoint","urlTemplate":"https:\/\/microbiologie.umontreal.ca\/?s={search_term_string}"},"query-input":{"@type":"PropertyValueSpecification","valueRequired":true,"valueName":"search_term_string"}}],"inLanguage":"en-US"}]}},"_links":{"self":[{"href":"https:\/\/microbiologie.umontreal.ca\/en\/wp-json\/wp\/v2\/pages\/8336","targetHints":{"allow":["GET"]}}],"collection":[{"href":"https:\/\/microbiologie.umontreal.ca\/en\/wp-json\/wp\/v2\/pages"}],"about":[{"href":"https:\/\/microbiologie.umontreal.ca\/en\/wp-json\/wp\/v2\/types\/page"}],"author":[{"embeddable":true,"href":"https:\/\/microbiologie.umontreal.ca\/en\/wp-json\/wp\/v2\/users\/26"}],"replies":[{"embeddable":true,"href":"https:\/\/microbiologie.umontreal.ca\/en\/wp-json\/wp\/v2\/comments?post=8336"}],"version-history":[{"count":7,"href":"https:\/\/microbiologie.umontreal.ca\/en\/wp-json\/wp\/v2\/pages\/8336\/revisions"}],"predecessor-version":[{"id":12239,"href":"https:\/\/microbiologie.umontreal.ca\/en\/wp-json\/wp\/v2\/pages\/8336\/revisions\/12239"}],"up":[{"embeddable":true,"href":"https:\/\/microbiologie.umontreal.ca\/en\/wp-json\/wp\/v2\/pages\/11407"}],"wp:attachment":[{"href":"https:\/\/microbiologie.umontreal.ca\/en\/wp-json\/wp\/v2\/media?parent=8336"}],"curies":[{"name":"wp","href":"https:\/\/api.w.org\/{rel}","templated":true}]}}