{"id":8344,"date":"2014-07-31T15:26:05","date_gmt":"2014-07-31T15:26:05","guid":{"rendered":"https:\/\/microbiologie.umontreal.ca\/serge-guiot\/"},"modified":"2018-07-16T16:39:20","modified_gmt":"2018-07-16T15:39:20","slug":"serge-guiot","status":"publish","type":"page","link":"https:\/\/microbiologie.umontreal.ca\/en\/professeurs-chercheurs\/serge-guiot\/","title":{"rendered":"Serge Guiot"},"content":{"rendered":"<div  class=\" fiche-chercheur  \">\n<div class=\"img noLightbox\"><\/p>\n<p><img loading=\"lazy\" decoding=\"async\" class=\"alignnone size-full wp-image-2215\" src=\"https:\/\/microbiologie.umontreal.ca\/wp-content\/uploads\/sites\/12\/serge-guiot.jpg\" alt=\"photo\" width=\"100\" height=\"150\" \/><\/p>\n<p><\/div>\n\n<table style=\"width: 413px\">\n<tbody>\n<tr>\n<td style=\"width: 88px\"><strong>Title:<\/strong><\/td>\n<td style=\"width: 325px\">Adjunct professor<\/td>\n<\/tr>\n<tr>\n<td style=\"width: 88px\"><strong>Address:<\/strong><\/td>\n<td style=\"width: 325px\">National Research Council of Canada<br \/>\nEnergy, Mining and Environment Research Center<br \/>\n6100, ave. Royalmount<br \/>\nMontr\u00e9al (Qu\u00e9bec)<br \/>\nH4P 2R2<\/td>\n<\/tr>\n<tr>\n<td style=\"width: 88px\"><strong>Phone:<\/strong><\/td>\n<td style=\"width: 325px\">514-496-6181<\/td>\n<\/tr>\n<tr>\n<td style=\"width: 88px\"><strong>Fax:<\/strong><\/td>\n<td style=\"width: 325px\">514-496-6265<\/td>\n<\/tr>\n<tr>\n<td style=\"width: 88px\"><strong>Email:<\/strong><\/td>\n<td style=\"width: 325px\"><a href=\"mailto:serge.guiot@cnrc-nrc.gc.ca\">serge.guiot@cnrc-nrc.gc.ca<\/a><br \/>\n<a href=\"mailto:serge.guiot@umontreal.ca\">serge.guiot@umontreal.ca<\/a><\/td>\n<\/tr>\n<\/tbody>\n<\/table>\n<\/div><br \/>\n<hr\/><\/p>\n<h2 style=\"text-align: justify\"><strong>Biography<\/strong><\/h2>\n<p style=\"text-align: justify\">Dr. Serge GUIOT (Ph.D., Environmental Sciences, U. Lg., Campus Arlon, Belgium, 1980) is a Principal Research Officer and Leader of the Research Group in Anaerobic technologies and bioprocess control within the Energy, Mining and Environment Research Center of National Research Council of Canada (NRC) in Montreal. His scientific interests and activities since 1987 have focused on the microbial ecology of anaerobic biofilms, hydrogen transfer and control in continuous anaerobic bioreactors, and methanogenic \/ methanotrophic coupling for degradation of chlorinated compounds. His current research, focused more on biomass and waste conversion to energy, mainly biomethane and biohydrogen, includes the anaerobic digestion of organic wastes and microalgae and the carboxydotrophic fermentation of syngas. He is the author or co-author of more than 180 publications with arbitration, and 8 patents. He recently received Her Majesty Queen Elizabeth II&#8217;s Diamond Jubilee Medal in recognition of his tireless research in understanding and enhancing biomethanation processes in more than 30 years of scientific careers.<\/p>\n<p style=\"text-align: justify\"><hr\/><\/p>\n<h2 style=\"text-align: justify\"><strong>Theme<\/strong><\/h2>\n<ul style=\"text-align: justify\">\n<li>Anaerobic microbiology<\/li>\n<\/ul>\n<p style=\"text-align: justify\"><hr\/><\/p>\n<h2 style=\"text-align: justify\"><strong>Research topics<\/strong><\/h2>\n<ul style=\"text-align: justify\">\n<li>Carboxydotrophic fermentation of synthesis gas (syngas, containing essentially CO, H<sub>2<\/sub>, and CO<sub>2<\/sub>) into methane and\/or alcohols.<\/li>\n<li>Bio-upgrading of CO<sub>2<\/sub>\/biogas into renewable naturel gas (power-to-gas)<\/li>\n<li>Direct interspecies electron transfer in anaerobic multispecies biofilms<\/li>\n<\/ul>\n<p style=\"text-align: justify\"><hr\/><\/p>\n<h2 style=\"text-align: justify\"><strong>Publications<\/strong><\/h2>\n<ul>\n<li style=\"text-align: justify\">Nuchdang, S., J.-C. Frigon, C. Roy, G. Pilon, C. Phalakornkule, S.R. Guiot. 2018. Hydrothermal post-treatment of digestate to maximize the methane yield from the anaerobic digestion of microalgae. <a href=\"https:\/\/www.ncbi.nlm.nih.gov\/pubmed\/28655465\"><strong>Waste Management<\/strong>, <strong>71<\/strong>: 683\u2013688. DOI: 10.1016\/j.wasman.2017.06.021.<\/a><\/li>\n<li style=\"text-align: justify\">Dub\u00e9, C.-D. and S.R. Guiot. 2017. Ethanol-to-methane activity of <em>Geobacter<\/em>-deprived anaerobic granules enhanced by conductive microparticles. <strong>Process Biochemistry<\/strong>, <strong>63<\/strong>(12): 42-48, DOI: 10.\u200b1016\/\u200bj.\u200bprocbio.\u200b2017.\u200b07.\u200b032<\/li>\n<li style=\"text-align: justify\">Sancho-Navarro, S., R. Cimpoia, G. Bruant, S.R. Guiot. 2016. Biomethanation of syngas using anaerobic sludge: shift in the catabolic routes with the CO partial pressure increase. <a href=\"https:\/\/www.ncbi.nlm.nih.gov\/pubmed\/27536280\"><strong>Frontiers in Microbiology<\/strong>, <strong>7<\/strong> (1188): 1-10. DOI: 10.3389\/fmicb.2016.01188<\/a><\/li>\n<li style=\"text-align: justify\">Hussain A., G. Bruant, P. Mehta, V. Raghavan, Tartakovsky B., S.R. Guiot. 2014. Population analysis of mesophilic microbial fuel cells fed with carbon monoxide. <a href=\"https:\/\/www.ncbi.nlm.nih.gov\/pubmed\/24122627\"><strong>Applied Biochem. Biotechnol.<\/strong> <strong>172<\/strong>(2): 713-726. DOI: 10.1007\/s12010-013-0556-9.<\/a><\/li>\n<li style=\"text-align: justify\">Zhao Ya, M. Haddad, R. Cimpoia, Z. Liu, S.R. Guiot. 2013. Performance of a Carboxydothermus hydrogenoformans-immobilizing membrane reactor for syngas upgrading into hydrogen. <a href=\"http:\/\/www.sciencedirect.com\/science\/article\/pii\/S0360319912024846\"><strong>Int. J. Hydrogen Energy<\/strong>, 38(5): 2167-2175. DOI: 10.1016\/j.ijhydene.2012.11.038<\/a>.<\/li>\n<\/ul>\n","protected":false},"excerpt":{"rendered":"<p>Biography Dr. Serge GUIOT (Ph.D., Environmental Sciences, U. Lg., Campus Arlon, Belgium, 1980) is a Principal Research Officer and Leader of the Research Group in Anaerobic technologies and bioprocess control [&hellip;]<\/p>\n","protected":false},"author":25,"featured_media":0,"parent":11407,"menu_order":0,"comment_status":"closed","ping_status":"closed","template":"","meta":{"footnotes":""},"class_list":["post-8344","page","type-page","status-publish","hentry"],"yoast_head":"<!-- This site is optimized with the Yoast SEO plugin v25.0 - https:\/\/yoast.com\/wordpress\/plugins\/seo\/ -->\n<title>Serge Guiot - D\u00e9partement de microbiologie, infectiologie et immunologie - Universit\u00e9 de Montr\u00e9al<\/title>\n<meta name=\"robots\" content=\"index, follow, max-snippet:-1, max-image-preview:large, max-video-preview:-1\" \/>\n<link rel=\"canonical\" href=\"https:\/\/microbiologie.umontreal.ca\/en\/professeurs-chercheurs\/serge-guiot\/\" \/>\n<meta property=\"og:locale\" content=\"en_US\" \/>\n<meta property=\"og:type\" content=\"article\" \/>\n<meta property=\"og:title\" content=\"Serge Guiot - D\u00e9partement de microbiologie, infectiologie et immunologie - Universit\u00e9 de Montr\u00e9al\" \/>\n<meta property=\"og:description\" content=\"Biography Dr. Serge GUIOT (Ph.D., Environmental Sciences, U. Lg., Campus Arlon, Belgium, 1980) is a Principal Research Officer and Leader of the Research Group in Anaerobic technologies and bioprocess control [&hellip;]\" \/>\n<meta property=\"og:url\" content=\"https:\/\/microbiologie.umontreal.ca\/en\/professeurs-chercheurs\/serge-guiot\/\" \/>\n<meta property=\"og:site_name\" content=\"D\u00e9partement de microbiologie, infectiologie et immunologie\" \/>\n<meta property=\"article:modified_time\" content=\"2018-07-16T15:39:20+00:00\" \/>\n<meta property=\"og:image\" content=\"https:\/\/microbiologie.umontreal.ca\/wp-content\/uploads\/sites\/12\/serge-guiot.jpg\" \/>\n<meta name=\"twitter:label1\" content=\"Est. reading time\" \/>\n\t<meta name=\"twitter:data1\" content=\"2 minutes\" \/>\n<script type=\"application\/ld+json\" class=\"yoast-schema-graph\">{\"@context\":\"https:\/\/schema.org\",\"@graph\":[{\"@type\":\"WebPage\",\"@id\":\"https:\/\/microbiologie.umontreal.ca\/en\/professeurs-chercheurs\/serge-guiot\/\",\"url\":\"https:\/\/microbiologie.umontreal.ca\/en\/professeurs-chercheurs\/serge-guiot\/\",\"name\":\"Serge Guiot - D\u00e9partement de microbiologie, infectiologie et immunologie - Universit\u00e9 de Montr\u00e9al\",\"isPartOf\":{\"@id\":\"https:\/\/microbiologie.umontreal.ca\/#website\"},\"primaryImageOfPage\":{\"@id\":\"https:\/\/microbiologie.umontreal.ca\/en\/professeurs-chercheurs\/serge-guiot\/#primaryimage\"},\"image\":{\"@id\":\"https:\/\/microbiologie.umontreal.ca\/en\/professeurs-chercheurs\/serge-guiot\/#primaryimage\"},\"thumbnailUrl\":\"https:\/\/microbiologie.umontreal.ca\/wp-content\/uploads\/sites\/12\/serge-guiot.jpg\",\"datePublished\":\"2014-07-31T15:26:05+00:00\",\"dateModified\":\"2018-07-16T15:39:20+00:00\",\"breadcrumb\":{\"@id\":\"https:\/\/microbiologie.umontreal.ca\/en\/professeurs-chercheurs\/serge-guiot\/#breadcrumb\"},\"inLanguage\":\"en-US\",\"potentialAction\":[{\"@type\":\"ReadAction\",\"target\":[\"https:\/\/microbiologie.umontreal.ca\/en\/professeurs-chercheurs\/serge-guiot\/\"]}]},{\"@type\":\"ImageObject\",\"inLanguage\":\"en-US\",\"@id\":\"https:\/\/microbiologie.umontreal.ca\/en\/professeurs-chercheurs\/serge-guiot\/#primaryimage\",\"url\":\"https:\/\/microbiologie.umontreal.ca\/wp-content\/uploads\/sites\/12\/serge-guiot.jpg\",\"contentUrl\":\"https:\/\/microbiologie.umontreal.ca\/wp-content\/uploads\/sites\/12\/serge-guiot.jpg\"},{\"@type\":\"BreadcrumbList\",\"@id\":\"https:\/\/microbiologie.umontreal.ca\/en\/professeurs-chercheurs\/serge-guiot\/#breadcrumb\",\"itemListElement\":[{\"@type\":\"ListItem\",\"position\":1,\"name\":\"Accueil\",\"item\":\"https:\/\/microbiologie.umontreal.ca\/en\/\"},{\"@type\":\"ListItem\",\"position\":2,\"name\":\"Professeurs-chercheurs\",\"item\":\"https:\/\/microbiologie.umontreal.ca\/en\/professeurs-chercheurs\/\"},{\"@type\":\"ListItem\",\"position\":3,\"name\":\"Serge Guiot\"}]},{\"@type\":\"WebSite\",\"@id\":\"https:\/\/microbiologie.umontreal.ca\/#website\",\"url\":\"https:\/\/microbiologie.umontreal.ca\/\",\"name\":\"D\u00e9partement de microbiologie, infectiologie et immunologie\",\"description\":\"\",\"potentialAction\":[{\"@type\":\"SearchAction\",\"target\":{\"@type\":\"EntryPoint\",\"urlTemplate\":\"https:\/\/microbiologie.umontreal.ca\/?s={search_term_string}\"},\"query-input\":{\"@type\":\"PropertyValueSpecification\",\"valueRequired\":true,\"valueName\":\"search_term_string\"}}],\"inLanguage\":\"en-US\"}]}<\/script>\n<!-- \/ Yoast SEO plugin. -->","yoast_head_json":{"title":"Serge Guiot - D\u00e9partement de microbiologie, infectiologie et immunologie - Universit\u00e9 de Montr\u00e9al","robots":{"index":"index","follow":"follow","max-snippet":"max-snippet:-1","max-image-preview":"max-image-preview:large","max-video-preview":"max-video-preview:-1"},"canonical":"https:\/\/microbiologie.umontreal.ca\/en\/professeurs-chercheurs\/serge-guiot\/","og_locale":"en_US","og_type":"article","og_title":"Serge Guiot - D\u00e9partement de microbiologie, infectiologie et immunologie - Universit\u00e9 de Montr\u00e9al","og_description":"Biography Dr. Serge GUIOT (Ph.D., Environmental Sciences, U. Lg., Campus Arlon, Belgium, 1980) is a Principal Research Officer and Leader of the Research Group in Anaerobic technologies and bioprocess control [&hellip;]","og_url":"https:\/\/microbiologie.umontreal.ca\/en\/professeurs-chercheurs\/serge-guiot\/","og_site_name":"D\u00e9partement de microbiologie, infectiologie et immunologie","article_modified_time":"2018-07-16T15:39:20+00:00","og_image":[{"url":"https:\/\/microbiologie.umontreal.ca\/wp-content\/uploads\/sites\/12\/serge-guiot.jpg","type":"","width":"","height":""}],"twitter_misc":{"Est. reading time":"2 minutes"},"schema":{"@context":"https:\/\/schema.org","@graph":[{"@type":"WebPage","@id":"https:\/\/microbiologie.umontreal.ca\/en\/professeurs-chercheurs\/serge-guiot\/","url":"https:\/\/microbiologie.umontreal.ca\/en\/professeurs-chercheurs\/serge-guiot\/","name":"Serge Guiot - D\u00e9partement de microbiologie, infectiologie et immunologie - Universit\u00e9 de Montr\u00e9al","isPartOf":{"@id":"https:\/\/microbiologie.umontreal.ca\/#website"},"primaryImageOfPage":{"@id":"https:\/\/microbiologie.umontreal.ca\/en\/professeurs-chercheurs\/serge-guiot\/#primaryimage"},"image":{"@id":"https:\/\/microbiologie.umontreal.ca\/en\/professeurs-chercheurs\/serge-guiot\/#primaryimage"},"thumbnailUrl":"https:\/\/microbiologie.umontreal.ca\/wp-content\/uploads\/sites\/12\/serge-guiot.jpg","datePublished":"2014-07-31T15:26:05+00:00","dateModified":"2018-07-16T15:39:20+00:00","breadcrumb":{"@id":"https:\/\/microbiologie.umontreal.ca\/en\/professeurs-chercheurs\/serge-guiot\/#breadcrumb"},"inLanguage":"en-US","potentialAction":[{"@type":"ReadAction","target":["https:\/\/microbiologie.umontreal.ca\/en\/professeurs-chercheurs\/serge-guiot\/"]}]},{"@type":"ImageObject","inLanguage":"en-US","@id":"https:\/\/microbiologie.umontreal.ca\/en\/professeurs-chercheurs\/serge-guiot\/#primaryimage","url":"https:\/\/microbiologie.umontreal.ca\/wp-content\/uploads\/sites\/12\/serge-guiot.jpg","contentUrl":"https:\/\/microbiologie.umontreal.ca\/wp-content\/uploads\/sites\/12\/serge-guiot.jpg"},{"@type":"BreadcrumbList","@id":"https:\/\/microbiologie.umontreal.ca\/en\/professeurs-chercheurs\/serge-guiot\/#breadcrumb","itemListElement":[{"@type":"ListItem","position":1,"name":"Accueil","item":"https:\/\/microbiologie.umontreal.ca\/en\/"},{"@type":"ListItem","position":2,"name":"Professeurs-chercheurs","item":"https:\/\/microbiologie.umontreal.ca\/en\/professeurs-chercheurs\/"},{"@type":"ListItem","position":3,"name":"Serge Guiot"}]},{"@type":"WebSite","@id":"https:\/\/microbiologie.umontreal.ca\/#website","url":"https:\/\/microbiologie.umontreal.ca\/","name":"D\u00e9partement de microbiologie, infectiologie et immunologie","description":"","potentialAction":[{"@type":"SearchAction","target":{"@type":"EntryPoint","urlTemplate":"https:\/\/microbiologie.umontreal.ca\/?s={search_term_string}"},"query-input":{"@type":"PropertyValueSpecification","valueRequired":true,"valueName":"search_term_string"}}],"inLanguage":"en-US"}]}},"_links":{"self":[{"href":"https:\/\/microbiologie.umontreal.ca\/en\/wp-json\/wp\/v2\/pages\/8344","targetHints":{"allow":["GET"]}}],"collection":[{"href":"https:\/\/microbiologie.umontreal.ca\/en\/wp-json\/wp\/v2\/pages"}],"about":[{"href":"https:\/\/microbiologie.umontreal.ca\/en\/wp-json\/wp\/v2\/types\/page"}],"author":[{"embeddable":true,"href":"https:\/\/microbiologie.umontreal.ca\/en\/wp-json\/wp\/v2\/users\/25"}],"replies":[{"embeddable":true,"href":"https:\/\/microbiologie.umontreal.ca\/en\/wp-json\/wp\/v2\/comments?post=8344"}],"version-history":[{"count":2,"href":"https:\/\/microbiologie.umontreal.ca\/en\/wp-json\/wp\/v2\/pages\/8344\/revisions"}],"predecessor-version":[{"id":8742,"href":"https:\/\/microbiologie.umontreal.ca\/en\/wp-json\/wp\/v2\/pages\/8344\/revisions\/8742"}],"up":[{"embeddable":true,"href":"https:\/\/microbiologie.umontreal.ca\/en\/wp-json\/wp\/v2\/pages\/11407"}],"wp:attachment":[{"href":"https:\/\/microbiologie.umontreal.ca\/en\/wp-json\/wp\/v2\/media?parent=8344"}],"curies":[{"name":"wp","href":"https:\/\/api.w.org\/{rel}","templated":true}]}}