{"id":8349,"date":"2014-07-31T14:59:51","date_gmt":"2014-07-31T14:59:51","guid":{"rendered":"https:\/\/microbiologie.umontreal.ca\/hua-gu\/"},"modified":"2019-06-27T15:15:39","modified_gmt":"2019-06-27T14:15:39","slug":"hua-gu","status":"publish","type":"page","link":"https:\/\/microbiologie.umontreal.ca\/en\/professeurs-chercheurs\/hua-gu\/","title":{"rendered":"Hua Gu"},"content":{"rendered":"<div  class=\" fiche-chercheur  \">\n<div class=\"img noLightbox\"><\/p>\n<p><img loading=\"lazy\" decoding=\"async\" class=\"alignnone size-full wp-image-2215\" src=\"https:\/\/microbiologie.umontreal.ca\/wp-content\/uploads\/sites\/12\/hua-gu.jpg\" alt=\"photo\" width=\"100\" height=\"150\" \/><\/p>\n<p><\/div>\n\n<table style=\"width: 436px\">\n<tbody>\n<tr>\n<td style=\"width: 93px\"><strong>Title:<\/strong><\/td>\n<td style=\"width: 371px\">Full research professor<\/td>\n<\/tr>\n<tr>\n<td style=\"width: 93px\"><strong>Address:<\/strong><\/td>\n<td style=\"width: 371px\">Unit\u00e9 de recherche en immunologie mol\u00e9culaire<br \/>\nInstitut de recherches cliniques de Montr\u00e9al (IRCM)<br \/>\n110 avenue des Pins Ouest<br \/>\nMontr\u00e9al, Qu\u00e9bec<br \/>\nH2W 1R7<\/td>\n<\/tr>\n<tr>\n<td style=\"width: 93px\"><strong>Phone:<\/strong><\/td>\n<td style=\"width: 371px\">Office: 514-987-5546<br \/>\nLab: 514-987-5543<\/td>\n<\/tr>\n<tr>\n<td style=\"width: 93px\"><strong>Fax:<\/strong><\/td>\n<td style=\"width: 371px\">514-987-5585<\/td>\n<\/tr>\n<tr>\n<td style=\"width: 93px\"><strong>Email:<\/strong><\/td>\n<td style=\"width: 371px\"><a href=\"mailto:hua.gu@ircm.qc.ca\">hua.gu@ircm.qc.ca <\/a><\/td>\n<\/tr>\n<tr>\n<td style=\"width: 93px\"><strong>Web site:<\/strong><\/td>\n<td style=\"width: 371px\"><a href=\"https:\/\/ircm.qc.ca\/en\/research\/immunity-and-viral-infections\/molecular-immunology\">My personal web page<\/a><\/td>\n<\/tr>\n<\/tbody>\n<\/table>\n<\/div>\n<hr\/>\n<h2 style=\"text-align: justify\"><strong>Biography<\/strong><\/h2>\n<p style=\"text-align: justify\">To come up<\/p>\n<p style=\"text-align: justify\"><hr\/><\/p>\n<h2 style=\"text-align: justify\"><strong>Team<\/strong><\/h2>\n<ul style=\"text-align: justify\">\n<li>Furquan Ahmad<\/li>\n<li>Chongshan Bi, Ph.D.<\/li>\n<li>Adeline Gadzinski, Satgiaire postdoctorale<\/li>\n<li>Qicheng Lao<\/li>\n<li>Sarah Lecky<\/li>\n<li>Xin Li, Ph.D.<\/li>\n<li>Tamara Moore<\/li>\n<\/ul>\n<p style=\"text-align: justify\"><hr\/><\/p>\n<h2 style=\"text-align: justify\"><strong>Theme<\/strong><\/h2>\n<p style=\"text-align: justify\">To come up<\/p>\n<p style=\"text-align: justify\"><hr\/><\/p>\n<h2 style=\"text-align: justify\"><strong>Research topics<\/strong><\/h2>\n<ul style=\"text-align: justify\">\n<li>The molecular mechanisms that control the intracellular signaling threshold at the posttranslational level.<\/li>\n<li>The role of microRNA (miRNA) in immune system development and differentiation.<\/li>\n<li>Modulating intracellular signaling for autoimmune and tumor immunotherapy.<\/li>\n<\/ul>\n<p style=\"text-align: justify\"><hr\/><\/p>\n<h2 style=\"text-align: justify\"><strong>Publications<\/strong><\/h2>\n<ul>\n<li style=\"text-align: justify\">Chiang, J. Y., Jang, I. K., Hodes, R., and Gu, H. Ablation of Cbl-b provides protection against implanted and spontaneous tumors. <a href=\"https:\/\/www.ncbi.nlm.nih.gov\/pubmed\/17364027\"><strong>J. Clin. Invest<\/strong>. 117: 1029-1036, 2007.<\/a> (Article soulign\u00e9 dans Nature Review Immunology et Nature Review Cancer, 2007).<\/li>\n<li style=\"text-align: justify\">Han, Y-C., Park, C., Bhagat, G., Zhang, J. P., Wang, Y.L., Fan, J. B., Liu, M. F., Zou, Y. R., Weissman, I., and Gu, H. MicroRNA miR29a regulates self-renewal of hematopoietic and myeloid leukemia stem cells. <a href=\"https:\/\/www.ncbi.nlm.nih.gov\/pubmed\/20212066\"><strong>J. Exp. Medicine<\/strong> 207:475-489, 2010<\/a>.<\/li>\n<\/ul>\n","protected":false},"excerpt":{"rendered":"<p>Biography To come up Team Furquan Ahmad Chongshan Bi, Ph.D. Adeline Gadzinski, Satgiaire postdoctorale Qicheng Lao Sarah Lecky Xin Li, Ph.D. Tamara Moore Theme To come up Research topics The [&hellip;]<\/p>\n","protected":false},"author":25,"featured_media":0,"parent":11407,"menu_order":0,"comment_status":"closed","ping_status":"closed","template":"","meta":{"footnotes":""},"class_list":["post-8349","page","type-page","status-publish","hentry"],"yoast_head":"<!-- This site is optimized with the Yoast SEO plugin v25.0 - https:\/\/yoast.com\/wordpress\/plugins\/seo\/ -->\n<title>Hua Gu - D\u00e9partement de microbiologie, infectiologie et immunologie - Universit\u00e9 de Montr\u00e9al<\/title>\n<meta name=\"robots\" content=\"index, follow, max-snippet:-1, max-image-preview:large, max-video-preview:-1\" \/>\n<link rel=\"canonical\" href=\"https:\/\/microbiologie.umontreal.ca\/en\/professeurs-chercheurs\/hua-gu\/\" \/>\n<meta property=\"og:locale\" content=\"en_US\" \/>\n<meta property=\"og:type\" content=\"article\" \/>\n<meta property=\"og:title\" content=\"Hua Gu - D\u00e9partement de microbiologie, infectiologie et immunologie - Universit\u00e9 de Montr\u00e9al\" \/>\n<meta property=\"og:description\" content=\"Biography To come up Team Furquan Ahmad Chongshan Bi, Ph.D. Adeline Gadzinski, Satgiaire postdoctorale Qicheng Lao Sarah Lecky Xin Li, Ph.D. Tamara Moore Theme To come up Research topics The [&hellip;]\" \/>\n<meta property=\"og:url\" content=\"https:\/\/microbiologie.umontreal.ca\/en\/professeurs-chercheurs\/hua-gu\/\" \/>\n<meta property=\"og:site_name\" content=\"D\u00e9partement de microbiologie, infectiologie et immunologie\" \/>\n<meta property=\"article:modified_time\" content=\"2019-06-27T14:15:39+00:00\" \/>\n<meta property=\"og:image\" content=\"https:\/\/microbiologie.umontreal.ca\/wp-content\/uploads\/sites\/12\/hua-gu.jpg\" \/>\n<meta name=\"twitter:label1\" content=\"Est. reading time\" \/>\n\t<meta name=\"twitter:data1\" content=\"1 minute\" \/>\n<script type=\"application\/ld+json\" class=\"yoast-schema-graph\">{\"@context\":\"https:\/\/schema.org\",\"@graph\":[{\"@type\":\"WebPage\",\"@id\":\"https:\/\/microbiologie.umontreal.ca\/en\/professeurs-chercheurs\/hua-gu\/\",\"url\":\"https:\/\/microbiologie.umontreal.ca\/en\/professeurs-chercheurs\/hua-gu\/\",\"name\":\"Hua Gu - D\u00e9partement de microbiologie, infectiologie et immunologie - Universit\u00e9 de Montr\u00e9al\",\"isPartOf\":{\"@id\":\"https:\/\/microbiologie.umontreal.ca\/#website\"},\"primaryImageOfPage\":{\"@id\":\"https:\/\/microbiologie.umontreal.ca\/en\/professeurs-chercheurs\/hua-gu\/#primaryimage\"},\"image\":{\"@id\":\"https:\/\/microbiologie.umontreal.ca\/en\/professeurs-chercheurs\/hua-gu\/#primaryimage\"},\"thumbnailUrl\":\"https:\/\/microbiologie.umontreal.ca\/wp-content\/uploads\/sites\/12\/hua-gu.jpg\",\"datePublished\":\"2014-07-31T14:59:51+00:00\",\"dateModified\":\"2019-06-27T14:15:39+00:00\",\"breadcrumb\":{\"@id\":\"https:\/\/microbiologie.umontreal.ca\/en\/professeurs-chercheurs\/hua-gu\/#breadcrumb\"},\"inLanguage\":\"en-US\",\"potentialAction\":[{\"@type\":\"ReadAction\",\"target\":[\"https:\/\/microbiologie.umontreal.ca\/en\/professeurs-chercheurs\/hua-gu\/\"]}]},{\"@type\":\"ImageObject\",\"inLanguage\":\"en-US\",\"@id\":\"https:\/\/microbiologie.umontreal.ca\/en\/professeurs-chercheurs\/hua-gu\/#primaryimage\",\"url\":\"https:\/\/microbiologie.umontreal.ca\/wp-content\/uploads\/sites\/12\/hua-gu.jpg\",\"contentUrl\":\"https:\/\/microbiologie.umontreal.ca\/wp-content\/uploads\/sites\/12\/hua-gu.jpg\"},{\"@type\":\"BreadcrumbList\",\"@id\":\"https:\/\/microbiologie.umontreal.ca\/en\/professeurs-chercheurs\/hua-gu\/#breadcrumb\",\"itemListElement\":[{\"@type\":\"ListItem\",\"position\":1,\"name\":\"Accueil\",\"item\":\"https:\/\/microbiologie.umontreal.ca\/en\/\"},{\"@type\":\"ListItem\",\"position\":2,\"name\":\"Professeurs-chercheurs\",\"item\":\"https:\/\/microbiologie.umontreal.ca\/en\/professeurs-chercheurs\/\"},{\"@type\":\"ListItem\",\"position\":3,\"name\":\"Hua Gu\"}]},{\"@type\":\"WebSite\",\"@id\":\"https:\/\/microbiologie.umontreal.ca\/#website\",\"url\":\"https:\/\/microbiologie.umontreal.ca\/\",\"name\":\"D\u00e9partement de microbiologie, infectiologie et immunologie\",\"description\":\"\",\"potentialAction\":[{\"@type\":\"SearchAction\",\"target\":{\"@type\":\"EntryPoint\",\"urlTemplate\":\"https:\/\/microbiologie.umontreal.ca\/?s={search_term_string}\"},\"query-input\":{\"@type\":\"PropertyValueSpecification\",\"valueRequired\":true,\"valueName\":\"search_term_string\"}}],\"inLanguage\":\"en-US\"}]}<\/script>\n<!-- \/ Yoast SEO plugin. -->","yoast_head_json":{"title":"Hua Gu - D\u00e9partement de microbiologie, infectiologie et immunologie - Universit\u00e9 de Montr\u00e9al","robots":{"index":"index","follow":"follow","max-snippet":"max-snippet:-1","max-image-preview":"max-image-preview:large","max-video-preview":"max-video-preview:-1"},"canonical":"https:\/\/microbiologie.umontreal.ca\/en\/professeurs-chercheurs\/hua-gu\/","og_locale":"en_US","og_type":"article","og_title":"Hua Gu - D\u00e9partement de microbiologie, infectiologie et immunologie - Universit\u00e9 de Montr\u00e9al","og_description":"Biography To come up Team Furquan Ahmad Chongshan Bi, Ph.D. Adeline Gadzinski, Satgiaire postdoctorale Qicheng Lao Sarah Lecky Xin Li, Ph.D. Tamara Moore Theme To come up Research topics The [&hellip;]","og_url":"https:\/\/microbiologie.umontreal.ca\/en\/professeurs-chercheurs\/hua-gu\/","og_site_name":"D\u00e9partement de microbiologie, infectiologie et immunologie","article_modified_time":"2019-06-27T14:15:39+00:00","og_image":[{"url":"https:\/\/microbiologie.umontreal.ca\/wp-content\/uploads\/sites\/12\/hua-gu.jpg","type":"","width":"","height":""}],"twitter_misc":{"Est. reading time":"1 minute"},"schema":{"@context":"https:\/\/schema.org","@graph":[{"@type":"WebPage","@id":"https:\/\/microbiologie.umontreal.ca\/en\/professeurs-chercheurs\/hua-gu\/","url":"https:\/\/microbiologie.umontreal.ca\/en\/professeurs-chercheurs\/hua-gu\/","name":"Hua Gu - D\u00e9partement de microbiologie, infectiologie et immunologie - Universit\u00e9 de Montr\u00e9al","isPartOf":{"@id":"https:\/\/microbiologie.umontreal.ca\/#website"},"primaryImageOfPage":{"@id":"https:\/\/microbiologie.umontreal.ca\/en\/professeurs-chercheurs\/hua-gu\/#primaryimage"},"image":{"@id":"https:\/\/microbiologie.umontreal.ca\/en\/professeurs-chercheurs\/hua-gu\/#primaryimage"},"thumbnailUrl":"https:\/\/microbiologie.umontreal.ca\/wp-content\/uploads\/sites\/12\/hua-gu.jpg","datePublished":"2014-07-31T14:59:51+00:00","dateModified":"2019-06-27T14:15:39+00:00","breadcrumb":{"@id":"https:\/\/microbiologie.umontreal.ca\/en\/professeurs-chercheurs\/hua-gu\/#breadcrumb"},"inLanguage":"en-US","potentialAction":[{"@type":"ReadAction","target":["https:\/\/microbiologie.umontreal.ca\/en\/professeurs-chercheurs\/hua-gu\/"]}]},{"@type":"ImageObject","inLanguage":"en-US","@id":"https:\/\/microbiologie.umontreal.ca\/en\/professeurs-chercheurs\/hua-gu\/#primaryimage","url":"https:\/\/microbiologie.umontreal.ca\/wp-content\/uploads\/sites\/12\/hua-gu.jpg","contentUrl":"https:\/\/microbiologie.umontreal.ca\/wp-content\/uploads\/sites\/12\/hua-gu.jpg"},{"@type":"BreadcrumbList","@id":"https:\/\/microbiologie.umontreal.ca\/en\/professeurs-chercheurs\/hua-gu\/#breadcrumb","itemListElement":[{"@type":"ListItem","position":1,"name":"Accueil","item":"https:\/\/microbiologie.umontreal.ca\/en\/"},{"@type":"ListItem","position":2,"name":"Professeurs-chercheurs","item":"https:\/\/microbiologie.umontreal.ca\/en\/professeurs-chercheurs\/"},{"@type":"ListItem","position":3,"name":"Hua Gu"}]},{"@type":"WebSite","@id":"https:\/\/microbiologie.umontreal.ca\/#website","url":"https:\/\/microbiologie.umontreal.ca\/","name":"D\u00e9partement de microbiologie, infectiologie et immunologie","description":"","potentialAction":[{"@type":"SearchAction","target":{"@type":"EntryPoint","urlTemplate":"https:\/\/microbiologie.umontreal.ca\/?s={search_term_string}"},"query-input":{"@type":"PropertyValueSpecification","valueRequired":true,"valueName":"search_term_string"}}],"inLanguage":"en-US"}]}},"_links":{"self":[{"href":"https:\/\/microbiologie.umontreal.ca\/en\/wp-json\/wp\/v2\/pages\/8349","targetHints":{"allow":["GET"]}}],"collection":[{"href":"https:\/\/microbiologie.umontreal.ca\/en\/wp-json\/wp\/v2\/pages"}],"about":[{"href":"https:\/\/microbiologie.umontreal.ca\/en\/wp-json\/wp\/v2\/types\/page"}],"author":[{"embeddable":true,"href":"https:\/\/microbiologie.umontreal.ca\/en\/wp-json\/wp\/v2\/users\/25"}],"replies":[{"embeddable":true,"href":"https:\/\/microbiologie.umontreal.ca\/en\/wp-json\/wp\/v2\/comments?post=8349"}],"version-history":[{"count":5,"href":"https:\/\/microbiologie.umontreal.ca\/en\/wp-json\/wp\/v2\/pages\/8349\/revisions"}],"predecessor-version":[{"id":9598,"href":"https:\/\/microbiologie.umontreal.ca\/en\/wp-json\/wp\/v2\/pages\/8349\/revisions\/9598"}],"up":[{"embeddable":true,"href":"https:\/\/microbiologie.umontreal.ca\/en\/wp-json\/wp\/v2\/pages\/11407"}],"wp:attachment":[{"href":"https:\/\/microbiologie.umontreal.ca\/en\/wp-json\/wp\/v2\/media?parent=8349"}],"curies":[{"name":"wp","href":"https:\/\/api.w.org\/{rel}","templated":true}]}}