{"id":8496,"date":"2014-07-28T17:25:55","date_gmt":"2014-07-28T17:25:55","guid":{"rendered":"https:\/\/microbiologie.umontreal.ca\/annie-claude-labbe-m-d\/"},"modified":"2021-08-25T16:35:55","modified_gmt":"2021-08-25T15:35:55","slug":"annie-claude-labbe-m-d","status":"publish","type":"page","link":"https:\/\/microbiologie.umontreal.ca\/en\/professeurs-chercheurs\/annie-claude-labbe-m-d\/","title":{"rendered":"Annie-Claude Labb\u00e9, M.D."},"content":{"rendered":"<div  class=\" fiche-chercheur  \">\n<div class=\"img noLightbox\"><\/p>\n<p><a href=\"https:\/\/microbiologie.umontreal.ca\/wp-content\/uploads\/sites\/12\/Annie-Claude-Labb\u00e9.jpg\"><img loading=\"lazy\" decoding=\"async\" src=\"https:\/\/microbiologie.umontreal.ca\/wp-content\/uploads\/sites\/12\/Annie-Claude-Labb\u00e9-480x600.jpg\" alt=\"Annie-Claude Labb\u00e9\" width=\"480\" height=\"600\" class=\"alignnone size-medium wp-image-5181\" \/><\/a><\/p>\n<p><\/div>\n<table>\n<tbody>\n<tr>\n<td style=\"width: 96px\"><strong>Title:<\/strong><\/td>\n<td style=\"width: 323px\">Clinical associate professor<\/td>\n<\/tr>\n<tr>\n<td style=\"width: 96px\"><strong>Address:<\/strong><\/td>\n<td style=\"width: 323px\">D\u00e9partement de microbiologie et d&#8217;infectiologie<br \/>\nH\u00f4pital Maisonneuve-Rosemont<br \/>\n5415, boul. de l&#8217;Assomption<br \/>\nMontr\u00e9al (Qu\u00e9bec)\u00a0 H1T 2M4<\/td>\n<\/tr>\n<tr>\n<td style=\"width: 96px\"><strong>Phone:<\/strong><\/td>\n<td style=\"width: 323px\">514 252-3400, ext. 4524<\/td>\n<\/tr>\n<tr>\n<td style=\"width: 96px\"><strong>Fax:<\/strong><\/td>\n<td style=\"width: 323px\">514 252-3898<\/td>\n<\/tr>\n<tr>\n<td style=\"width: 96px\"><strong>email:<\/strong><\/td>\n<td style=\"width: 323px\"><a href=\"mailto:ac.labbe@umontreal.ca\">ac.labbe@umontreal.ca<\/a><\/td>\n<\/tr>\n<\/tbody>\n<\/table>\n<\/div><br \/>\n<hr\/><\/p>\n<h2><strong>Biography<\/strong><\/h2>\n<p>To come up<\/p>\n<hr\/>\n<h2><strong>Team\u00a0<\/strong><\/h2>\n<p>To come up<\/p>\n<hr\/>\n<h2><strong>Theme<\/strong><\/h2>\n<p>To come up<\/p>\n<hr\/>\n<h2><strong>Research topics<\/strong><\/h2>\n<p>To come up<\/p>\n<hr\/>\n<h2><strong>Publications<\/strong><\/h2>\n<p>P\u00e9pin J,\u00a0<strong>Labb\u00e9 AC<\/strong>, Carignan A, Parent ME, Yu J, Grenier C, Beauchemin S, De Wals P, Valiquette L, Rousseau MC.\u00a0Does BCG provide long-term protection against SARS-CoV-2 infection? A case\u2013control study in Quebec, Canada.\u00a0<a href=\"https:\/\/doi.org\/10.1016\/j.vaccine.2021.08.019\"><em><strong>Vaccine<\/strong><\/em>. Sous presse.<\/a><\/p>\n<p>Beno\u00eet P,\u00a0<strong>Labb\u00e9 AC<\/strong>, Lalancette L, Gagnon S, Bonneau E, Lavall\u00e9e C, Roger M, Fafard J, Dumaresq J, Beauchemin S, Coutl\u00e9e F. Comparison of SARS-CoV-2 detection with the cobas\u00ae 6800\/8800 system on gargle samples using two sample processing methods with combined oropharyngeal\/ nasopharyngeal swab.\u00a0<a href=\"https:\/\/pubmed.ncbi.nlm.nih.gov\/34324212\/\"><strong><em>Journal of Medical Virol<\/em>ogy<\/strong>.\u00a0doi: 10.1002\/jmv.27245<\/a><\/p>\n<p>Ivensky V, Mandel R,\u00a0Boulay AC, Lavall\u00e9e C, Beno\u00eet J,\u00a0<strong>Labb\u00e9 AC<\/strong>. Suboptimal prenatal screening of\u00a0<em>Chlamydia trachomatis<\/em>\u00a0and\u00a0<em>Neisseria gonorrhoeae<\/em>\u00a0infections in a Montr\u00e9al birthing and tertiary care centre: A retrospective cohort study.\u00a0<a href=\"https:\/\/pubmed.ncbi.nlm.nih.gov\/34035667\/\"><strong><em>Canada Communicable Disease Report<\/em><\/strong>\u00a02021;47(4): 209-15. doi: 10.14745\/ccdr.v47i04a05.\u00a0<\/a><\/p>\n<p>Harvey-Lavoie S, Apelian H,\u00a0<strong>Labb\u00e9 AC<\/strong>, Cox J, Messier-Peet M, Moodie E, Fourmigue A, Moore D, Lachowsky NJ, Grace D, Hart TA, Jollimore J, Fortin C, Lambert G. Community-based prevalence estimates of\u00a0<em>Chlamydia trachomatis<\/em>\u00a0and\u00a0<em>Neisseria gonorrhoeae<\/em>\u00a0infections among gay, bisexual and other men who have sex with men in Montr\u00e9al, Canada.\u00a0<a href=\"https:\/\/pubmed.ncbi.nlm.nih.gov\/34030155\/\"><em><strong>Sexually Transmitted Diseases<\/strong>\u00a0<\/em>2021; doi: 10.1097\/OLQ.0000000000001486.\u00a0<\/a><\/p>\n<p><strong>Labb\u00e9 AC<\/strong>,\u00a0Benoit P,\u00a0Gobeille Par\u00e9 S, Coutl\u00e9e F, L\u00e9vesque S, Bestman-Smith J, Dumaresq J, Lavall\u00e9e C, Houle C, Martin P, Mak A, Gervais P, Langevin S, Jacob-Wagner M, Gagnon S, St-Hilaire M, Lussier N, Yechouron A, Roy D, Roger M, Fafard J. Comparison of saliva with oral and nasopharyngeal swabs for SARS-CoV-2 detection on various commercial and laboratory-developed assays.\u00a0<a href=\"https:\/\/pubmed.ncbi.nlm.nih.gov\/33851739\/\"><strong><em>Journal of Medical Virol<\/em>ogy<\/strong>\u00a02021; doi: 10.1002\/jmv.27026.\u00a0<\/a><\/p>\n","protected":false},"excerpt":{"rendered":"<p>Biography To come up Team\u00a0 To come up Theme To come up Research topics To come up Publications P\u00e9pin J,\u00a0Labb\u00e9 AC, Carignan A, Parent ME, Yu J, Grenier C, Beauchemin [&hellip;]<\/p>\n","protected":false},"author":25,"featured_media":0,"parent":11407,"menu_order":0,"comment_status":"closed","ping_status":"closed","template":"","meta":{"footnotes":""},"class_list":["post-8496","page","type-page","status-publish","hentry"],"yoast_head":"<!-- This site is optimized with the Yoast SEO plugin v25.0 - https:\/\/yoast.com\/wordpress\/plugins\/seo\/ -->\n<title>Annie-Claude Labb\u00e9, M.D. - D\u00e9partement de microbiologie, infectiologie et immunologie - Universit\u00e9 de Montr\u00e9al<\/title>\n<meta name=\"robots\" content=\"index, follow, max-snippet:-1, max-image-preview:large, max-video-preview:-1\" \/>\n<link rel=\"canonical\" href=\"https:\/\/microbiologie.umontreal.ca\/en\/professeurs-chercheurs\/annie-claude-labbe-m-d\/\" \/>\n<meta property=\"og:locale\" content=\"en_US\" \/>\n<meta property=\"og:type\" content=\"article\" \/>\n<meta property=\"og:title\" content=\"Annie-Claude Labb\u00e9, M.D. - D\u00e9partement de microbiologie, infectiologie et immunologie - Universit\u00e9 de Montr\u00e9al\" \/>\n<meta property=\"og:description\" content=\"Biography To come up Team\u00a0 To come up Theme To come up Research topics To come up Publications P\u00e9pin J,\u00a0Labb\u00e9 AC, Carignan A, Parent ME, Yu J, Grenier C, Beauchemin [&hellip;]\" \/>\n<meta property=\"og:url\" content=\"https:\/\/microbiologie.umontreal.ca\/en\/professeurs-chercheurs\/annie-claude-labbe-m-d\/\" \/>\n<meta property=\"og:site_name\" content=\"D\u00e9partement de microbiologie, infectiologie et immunologie\" \/>\n<meta property=\"article:modified_time\" content=\"2021-08-25T15:35:55+00:00\" \/>\n<meta name=\"twitter:label1\" content=\"Est. reading time\" \/>\n\t<meta name=\"twitter:data1\" content=\"2 minutes\" \/>\n<script type=\"application\/ld+json\" class=\"yoast-schema-graph\">{\"@context\":\"https:\/\/schema.org\",\"@graph\":[{\"@type\":\"WebPage\",\"@id\":\"https:\/\/microbiologie.umontreal.ca\/en\/professeurs-chercheurs\/annie-claude-labbe-m-d\/\",\"url\":\"https:\/\/microbiologie.umontreal.ca\/en\/professeurs-chercheurs\/annie-claude-labbe-m-d\/\",\"name\":\"Annie-Claude Labb\u00e9, M.D. - D\u00e9partement de microbiologie, infectiologie et immunologie - Universit\u00e9 de Montr\u00e9al\",\"isPartOf\":{\"@id\":\"https:\/\/microbiologie.umontreal.ca\/#website\"},\"datePublished\":\"2014-07-28T17:25:55+00:00\",\"dateModified\":\"2021-08-25T15:35:55+00:00\",\"breadcrumb\":{\"@id\":\"https:\/\/microbiologie.umontreal.ca\/en\/professeurs-chercheurs\/annie-claude-labbe-m-d\/#breadcrumb\"},\"inLanguage\":\"en-US\",\"potentialAction\":[{\"@type\":\"ReadAction\",\"target\":[\"https:\/\/microbiologie.umontreal.ca\/en\/professeurs-chercheurs\/annie-claude-labbe-m-d\/\"]}]},{\"@type\":\"BreadcrumbList\",\"@id\":\"https:\/\/microbiologie.umontreal.ca\/en\/professeurs-chercheurs\/annie-claude-labbe-m-d\/#breadcrumb\",\"itemListElement\":[{\"@type\":\"ListItem\",\"position\":1,\"name\":\"Accueil\",\"item\":\"https:\/\/microbiologie.umontreal.ca\/en\/\"},{\"@type\":\"ListItem\",\"position\":2,\"name\":\"Professeurs-chercheurs\",\"item\":\"https:\/\/microbiologie.umontreal.ca\/en\/professeurs-chercheurs\/\"},{\"@type\":\"ListItem\",\"position\":3,\"name\":\"Annie-Claude Labb\u00e9, M.D.\"}]},{\"@type\":\"WebSite\",\"@id\":\"https:\/\/microbiologie.umontreal.ca\/#website\",\"url\":\"https:\/\/microbiologie.umontreal.ca\/\",\"name\":\"D\u00e9partement de microbiologie, infectiologie et immunologie\",\"description\":\"\",\"potentialAction\":[{\"@type\":\"SearchAction\",\"target\":{\"@type\":\"EntryPoint\",\"urlTemplate\":\"https:\/\/microbiologie.umontreal.ca\/?s={search_term_string}\"},\"query-input\":{\"@type\":\"PropertyValueSpecification\",\"valueRequired\":true,\"valueName\":\"search_term_string\"}}],\"inLanguage\":\"en-US\"}]}<\/script>\n<!-- \/ Yoast SEO plugin. -->","yoast_head_json":{"title":"Annie-Claude Labb\u00e9, M.D. - D\u00e9partement de microbiologie, infectiologie et immunologie - Universit\u00e9 de Montr\u00e9al","robots":{"index":"index","follow":"follow","max-snippet":"max-snippet:-1","max-image-preview":"max-image-preview:large","max-video-preview":"max-video-preview:-1"},"canonical":"https:\/\/microbiologie.umontreal.ca\/en\/professeurs-chercheurs\/annie-claude-labbe-m-d\/","og_locale":"en_US","og_type":"article","og_title":"Annie-Claude Labb\u00e9, M.D. - D\u00e9partement de microbiologie, infectiologie et immunologie - Universit\u00e9 de Montr\u00e9al","og_description":"Biography To come up Team\u00a0 To come up Theme To come up Research topics To come up Publications P\u00e9pin J,\u00a0Labb\u00e9 AC, Carignan A, Parent ME, Yu J, Grenier C, Beauchemin [&hellip;]","og_url":"https:\/\/microbiologie.umontreal.ca\/en\/professeurs-chercheurs\/annie-claude-labbe-m-d\/","og_site_name":"D\u00e9partement de microbiologie, infectiologie et immunologie","article_modified_time":"2021-08-25T15:35:55+00:00","twitter_misc":{"Est. reading time":"2 minutes"},"schema":{"@context":"https:\/\/schema.org","@graph":[{"@type":"WebPage","@id":"https:\/\/microbiologie.umontreal.ca\/en\/professeurs-chercheurs\/annie-claude-labbe-m-d\/","url":"https:\/\/microbiologie.umontreal.ca\/en\/professeurs-chercheurs\/annie-claude-labbe-m-d\/","name":"Annie-Claude Labb\u00e9, M.D. - D\u00e9partement de microbiologie, infectiologie et immunologie - Universit\u00e9 de Montr\u00e9al","isPartOf":{"@id":"https:\/\/microbiologie.umontreal.ca\/#website"},"datePublished":"2014-07-28T17:25:55+00:00","dateModified":"2021-08-25T15:35:55+00:00","breadcrumb":{"@id":"https:\/\/microbiologie.umontreal.ca\/en\/professeurs-chercheurs\/annie-claude-labbe-m-d\/#breadcrumb"},"inLanguage":"en-US","potentialAction":[{"@type":"ReadAction","target":["https:\/\/microbiologie.umontreal.ca\/en\/professeurs-chercheurs\/annie-claude-labbe-m-d\/"]}]},{"@type":"BreadcrumbList","@id":"https:\/\/microbiologie.umontreal.ca\/en\/professeurs-chercheurs\/annie-claude-labbe-m-d\/#breadcrumb","itemListElement":[{"@type":"ListItem","position":1,"name":"Accueil","item":"https:\/\/microbiologie.umontreal.ca\/en\/"},{"@type":"ListItem","position":2,"name":"Professeurs-chercheurs","item":"https:\/\/microbiologie.umontreal.ca\/en\/professeurs-chercheurs\/"},{"@type":"ListItem","position":3,"name":"Annie-Claude Labb\u00e9, M.D."}]},{"@type":"WebSite","@id":"https:\/\/microbiologie.umontreal.ca\/#website","url":"https:\/\/microbiologie.umontreal.ca\/","name":"D\u00e9partement de microbiologie, infectiologie et immunologie","description":"","potentialAction":[{"@type":"SearchAction","target":{"@type":"EntryPoint","urlTemplate":"https:\/\/microbiologie.umontreal.ca\/?s={search_term_string}"},"query-input":{"@type":"PropertyValueSpecification","valueRequired":true,"valueName":"search_term_string"}}],"inLanguage":"en-US"}]}},"_links":{"self":[{"href":"https:\/\/microbiologie.umontreal.ca\/en\/wp-json\/wp\/v2\/pages\/8496","targetHints":{"allow":["GET"]}}],"collection":[{"href":"https:\/\/microbiologie.umontreal.ca\/en\/wp-json\/wp\/v2\/pages"}],"about":[{"href":"https:\/\/microbiologie.umontreal.ca\/en\/wp-json\/wp\/v2\/types\/page"}],"author":[{"embeddable":true,"href":"https:\/\/microbiologie.umontreal.ca\/en\/wp-json\/wp\/v2\/users\/25"}],"replies":[{"embeddable":true,"href":"https:\/\/microbiologie.umontreal.ca\/en\/wp-json\/wp\/v2\/comments?post=8496"}],"version-history":[{"count":3,"href":"https:\/\/microbiologie.umontreal.ca\/en\/wp-json\/wp\/v2\/pages\/8496\/revisions"}],"predecessor-version":[{"id":12229,"href":"https:\/\/microbiologie.umontreal.ca\/en\/wp-json\/wp\/v2\/pages\/8496\/revisions\/12229"}],"up":[{"embeddable":true,"href":"https:\/\/microbiologie.umontreal.ca\/en\/wp-json\/wp\/v2\/pages\/11407"}],"wp:attachment":[{"href":"https:\/\/microbiologie.umontreal.ca\/en\/wp-json\/wp\/v2\/media?parent=8496"}],"curies":[{"name":"wp","href":"https:\/\/api.w.org\/{rel}","templated":true}]}}