{"id":8536,"date":"2016-11-04T14:10:54","date_gmt":"2016-11-04T13:10:54","guid":{"rendered":"https:\/\/microbiologie.umontreal.ca\/vibhuti-dave-2\/"},"modified":"2020-10-21T15:25:00","modified_gmt":"2020-10-21T14:25:00","slug":"vibhuti-dave-2","status":"publish","type":"page","link":"https:\/\/microbiologie.umontreal.ca\/en\/professeurs-chercheurs\/vibhuti-dave-2\/","title":{"rendered":"Vibhuti Dave"},"content":{"rendered":"<div  class=\" fiche-chercheur  \">\n<div class=\"img noLightbox\"><\/p>\n<p><img loading=\"lazy\" decoding=\"async\" src=\"https:\/\/microbiologie.umontreal.ca\/wp-content\/uploads\/sites\/12\/silhouette-100.jpg\" alt=\"silhouette-100\" width=\"100\" height=\"150\" class=\"alignnone size-full wp-image-2154\" \/><\/p>\n<p><\/div>\n<table style=\"width: 296px\">\n<tbody>\n<tr>\n<td style=\"width: 69px\">Title:<\/td>\n<td style=\"width: 227px\">Research Associate<\/td>\n<\/tr>\n<tr>\n<td style=\"width: 69px\">Address:<\/td>\n<td style=\"width: 227px\">Centre de recherche<br \/>\nH\u00f4pital Maisonneuve-Rosemont<br \/>\n5415 boul. de l&#8217;Assomption<br \/>\nMontr\u00e9al (Qu\u00e9bec)<br \/>\nH1T 2M4<\/td>\n<\/tr>\n<tr>\n<td style=\"width: 69px\">Room:<\/td>\n<td style=\"width: 227px\"><\/td>\n<\/tr>\n<tr>\n<td style=\"width: 69px\">Phone:<\/td>\n<td style=\"width: 227px\">Office: 514-252-3400 ext 4403<br \/>\nLabo: \u00a0514-252-3400 ext 4650<\/td>\n<\/tr>\n<tr>\n<td style=\"width: 69px\">Fax:<\/td>\n<td style=\"width: 227px\"><\/td>\n<\/tr>\n<tr>\n<td style=\"width: 69px\">Email:<\/td>\n<td style=\"width: 227px\"><a href=\"mailto:vdave.hmr@ssss.gouv.qc.ca\">vdave.hmr@ssss.gouv.qc.ca<\/a><\/td>\n<\/tr>\n<\/tbody>\n<\/table>\n<\/div>\n<hr\/>\n<h2 style=\"text-align: justify\"><strong>Biography<\/strong><\/h2>\n<p style=\"text-align: justify\">Dr. Dave received master and doctoral (biochemistry) degrees from University of Mumbai. He then pursued postdoctoral training in immunology at St. Jude Children`s Research Hospital (Memphis, USA) and Fox Chase Cancer Center (Philadelphia, USA). Dr. Dave established his research lab at IRCM. In 2002, he was awarded Canada Research Chair. Presently, he is at Centre de Researche Hopital Maisonneuve-Rosemont (CRHMR) where he is continuing to study CD4\/CD8 lineage commitment in thymus and mature T cell function using transgenic and gene deficient mouse models.<br \/>\n<hr\/><\/p>\n<h2 style=\"text-align: justify\"><strong>Team<\/strong><\/h2>\n<ul style=\"text-align: justify\">\n<li>Nabil Zeidan, Ph.D. student.<\/li>\n<li>Hassan Damen, Ph.D. student.<\/li>\n<\/ul>\n<p style=\"text-align: justify\"><hr\/><\/p>\n<h2 style=\"text-align: justify\"><strong>Theme<\/strong><\/h2>\n<ul style=\"text-align: justify\">\n<li>Immunology<\/li>\n<\/ul>\n<p style=\"text-align: justify\"><hr\/><\/p>\n<h2 style=\"text-align: justify\"><strong>Research topics<\/strong><\/h2>\n<ul style=\"text-align: justify\">\n<li>Mechanism of ThPOK-mediated CD4\/CD8 lineage choice in thymus.<\/li>\n<li>Understanding T cell exhaustion.<\/li>\n<li>Chimeric antigen receptor and cancer immunotherapy.<\/li>\n<\/ul>\n<p style=\"text-align: justify\"><hr\/><\/p>\n<h2 style=\"text-align: justify\"><strong>Publications<\/strong><\/h2>\n<ul>\n<li style=\"text-align: justify\">Brodeur JF, Li S, Damlaj O, and <strong>Dave VP <\/strong>(2009). Expression of of fully-assembled T cell receptor\/CD3 complex on double positive thymocytes: synergistic role for the PRS and the ER retention motifs in the intra-cytoplasmic tail of CD3e. <a href=\"https:\/\/www.ncbi.nlm.nih.gov\/pubmed\/19819936\"><strong>International Immunology<\/strong>; 21:1317-1327<\/a>.<\/li>\n<li style=\"text-align: justify\">Brodeur JF, Li S, da Silva Martins M, Larose L, <strong>Dave VP\u00a0<\/strong>(2009). Critical and multiple roles for the CD3epsilon intracytoplasmic tail in double negative to double positive thymocyte differentiation. <a href=\"https:\/\/www.ncbi.nlm.nih.gov\/pubmed\/19342663\"><strong>J Immunol<\/strong>. 182(9);4844-4853<\/a>.<\/li>\n<li style=\"text-align: justify\">Pan Q, Brodeur JF, Drbal K and <strong>Dave VP<\/strong> (2006). Different role for mouse and human CD3\u03b4\/\u03b5 heterodimer in pretT cell receptor (preTCR) function: human CD3d\/\u03b5 heterodimer restores the defective preTCR function in CD3g\u03b4-deficient mice. <a href=\"https:\/\/www.ncbi.nlm.nih.gov\/pubmed\/16412509\"><strong>Mol Immunol<\/strong>, 43:1741-1750<\/a>.<\/li>\n<li style=\"text-align: justify\">He X, He X, <strong>Dave VP<\/strong>, Zhang Y, Hua X, Nicolas E, Xu W, Roe BA, Kappes DJ (2005). The zinc finger transcription factor Th-POK regulates CD4 versus CD8 T-cell lineage commitment. <a href=\"https:\/\/www.ncbi.nlm.nih.gov\/pubmed\/15729333\"><strong>Nature<\/strong>\u00a0433(7028):826-833<\/a>.<\/li>\n<\/ul>\n","protected":false},"excerpt":{"rendered":"<p>Biography Dr. Dave received master and doctoral (biochemistry) degrees from University of Mumbai. He then pursued postdoctoral training in immunology at St. Jude Children`s Research Hospital (Memphis, USA) and Fox [&hellip;]<\/p>\n","protected":false},"author":26,"featured_media":0,"parent":11407,"menu_order":0,"comment_status":"closed","ping_status":"closed","template":"","meta":{"footnotes":""},"class_list":["post-8536","page","type-page","status-publish","hentry"],"yoast_head":"<!-- This site is optimized with the Yoast SEO plugin v25.0 - https:\/\/yoast.com\/wordpress\/plugins\/seo\/ -->\n<title>Vibhuti Dave - D\u00e9partement de microbiologie, infectiologie et immunologie - Universit\u00e9 de Montr\u00e9al<\/title>\n<meta name=\"robots\" content=\"index, follow, max-snippet:-1, max-image-preview:large, max-video-preview:-1\" \/>\n<link rel=\"canonical\" href=\"https:\/\/microbiologie.umontreal.ca\/en\/professeurs-chercheurs\/vibhuti-dave-2\/\" \/>\n<meta property=\"og:locale\" content=\"en_US\" \/>\n<meta property=\"og:type\" content=\"article\" \/>\n<meta property=\"og:title\" content=\"Vibhuti Dave - D\u00e9partement de microbiologie, infectiologie et immunologie - Universit\u00e9 de Montr\u00e9al\" \/>\n<meta property=\"og:description\" content=\"Biography Dr. Dave received master and doctoral (biochemistry) degrees from University of Mumbai. He then pursued postdoctoral training in immunology at St. Jude Children`s Research Hospital (Memphis, USA) and Fox [&hellip;]\" \/>\n<meta property=\"og:url\" content=\"https:\/\/microbiologie.umontreal.ca\/en\/professeurs-chercheurs\/vibhuti-dave-2\/\" \/>\n<meta property=\"og:site_name\" content=\"D\u00e9partement de microbiologie, infectiologie et immunologie\" \/>\n<meta property=\"article:modified_time\" content=\"2020-10-21T14:25:00+00:00\" \/>\n<meta property=\"og:image\" content=\"https:\/\/microbiologie.umontreal.ca\/wp-content\/uploads\/sites\/12\/silhouette-100.jpg\" \/>\n<meta name=\"twitter:label1\" content=\"Est. reading time\" \/>\n\t<meta name=\"twitter:data1\" content=\"2 minutes\" \/>\n<script type=\"application\/ld+json\" class=\"yoast-schema-graph\">{\"@context\":\"https:\/\/schema.org\",\"@graph\":[{\"@type\":\"WebPage\",\"@id\":\"https:\/\/microbiologie.umontreal.ca\/en\/professeurs-chercheurs\/vibhuti-dave-2\/\",\"url\":\"https:\/\/microbiologie.umontreal.ca\/en\/professeurs-chercheurs\/vibhuti-dave-2\/\",\"name\":\"Vibhuti Dave - D\u00e9partement de microbiologie, infectiologie et immunologie - Universit\u00e9 de Montr\u00e9al\",\"isPartOf\":{\"@id\":\"https:\/\/microbiologie.umontreal.ca\/#website\"},\"primaryImageOfPage\":{\"@id\":\"https:\/\/microbiologie.umontreal.ca\/en\/professeurs-chercheurs\/vibhuti-dave-2\/#primaryimage\"},\"image\":{\"@id\":\"https:\/\/microbiologie.umontreal.ca\/en\/professeurs-chercheurs\/vibhuti-dave-2\/#primaryimage\"},\"thumbnailUrl\":\"https:\/\/microbiologie.umontreal.ca\/wp-content\/uploads\/sites\/12\/silhouette-100.jpg\",\"datePublished\":\"2016-11-04T13:10:54+00:00\",\"dateModified\":\"2020-10-21T14:25:00+00:00\",\"breadcrumb\":{\"@id\":\"https:\/\/microbiologie.umontreal.ca\/en\/professeurs-chercheurs\/vibhuti-dave-2\/#breadcrumb\"},\"inLanguage\":\"en-US\",\"potentialAction\":[{\"@type\":\"ReadAction\",\"target\":[\"https:\/\/microbiologie.umontreal.ca\/en\/professeurs-chercheurs\/vibhuti-dave-2\/\"]}]},{\"@type\":\"ImageObject\",\"inLanguage\":\"en-US\",\"@id\":\"https:\/\/microbiologie.umontreal.ca\/en\/professeurs-chercheurs\/vibhuti-dave-2\/#primaryimage\",\"url\":\"https:\/\/microbiologie.umontreal.ca\/wp-content\/uploads\/sites\/12\/silhouette-100.jpg\",\"contentUrl\":\"https:\/\/microbiologie.umontreal.ca\/wp-content\/uploads\/sites\/12\/silhouette-100.jpg\"},{\"@type\":\"BreadcrumbList\",\"@id\":\"https:\/\/microbiologie.umontreal.ca\/en\/professeurs-chercheurs\/vibhuti-dave-2\/#breadcrumb\",\"itemListElement\":[{\"@type\":\"ListItem\",\"position\":1,\"name\":\"Accueil\",\"item\":\"https:\/\/microbiologie.umontreal.ca\/en\/\"},{\"@type\":\"ListItem\",\"position\":2,\"name\":\"Professeurs-chercheurs\",\"item\":\"https:\/\/microbiologie.umontreal.ca\/en\/professeurs-chercheurs\/\"},{\"@type\":\"ListItem\",\"position\":3,\"name\":\"Vibhuti Dave\"}]},{\"@type\":\"WebSite\",\"@id\":\"https:\/\/microbiologie.umontreal.ca\/#website\",\"url\":\"https:\/\/microbiologie.umontreal.ca\/\",\"name\":\"D\u00e9partement de microbiologie, infectiologie et immunologie\",\"description\":\"\",\"potentialAction\":[{\"@type\":\"SearchAction\",\"target\":{\"@type\":\"EntryPoint\",\"urlTemplate\":\"https:\/\/microbiologie.umontreal.ca\/?s={search_term_string}\"},\"query-input\":{\"@type\":\"PropertyValueSpecification\",\"valueRequired\":true,\"valueName\":\"search_term_string\"}}],\"inLanguage\":\"en-US\"}]}<\/script>\n<!-- \/ Yoast SEO plugin. -->","yoast_head_json":{"title":"Vibhuti Dave - D\u00e9partement de microbiologie, infectiologie et immunologie - Universit\u00e9 de Montr\u00e9al","robots":{"index":"index","follow":"follow","max-snippet":"max-snippet:-1","max-image-preview":"max-image-preview:large","max-video-preview":"max-video-preview:-1"},"canonical":"https:\/\/microbiologie.umontreal.ca\/en\/professeurs-chercheurs\/vibhuti-dave-2\/","og_locale":"en_US","og_type":"article","og_title":"Vibhuti Dave - D\u00e9partement de microbiologie, infectiologie et immunologie - Universit\u00e9 de Montr\u00e9al","og_description":"Biography Dr. Dave received master and doctoral (biochemistry) degrees from University of Mumbai. He then pursued postdoctoral training in immunology at St. Jude Children`s Research Hospital (Memphis, USA) and Fox [&hellip;]","og_url":"https:\/\/microbiologie.umontreal.ca\/en\/professeurs-chercheurs\/vibhuti-dave-2\/","og_site_name":"D\u00e9partement de microbiologie, infectiologie et immunologie","article_modified_time":"2020-10-21T14:25:00+00:00","og_image":[{"url":"https:\/\/microbiologie.umontreal.ca\/wp-content\/uploads\/sites\/12\/silhouette-100.jpg","type":"","width":"","height":""}],"twitter_misc":{"Est. reading time":"2 minutes"},"schema":{"@context":"https:\/\/schema.org","@graph":[{"@type":"WebPage","@id":"https:\/\/microbiologie.umontreal.ca\/en\/professeurs-chercheurs\/vibhuti-dave-2\/","url":"https:\/\/microbiologie.umontreal.ca\/en\/professeurs-chercheurs\/vibhuti-dave-2\/","name":"Vibhuti Dave - D\u00e9partement de microbiologie, infectiologie et immunologie - Universit\u00e9 de Montr\u00e9al","isPartOf":{"@id":"https:\/\/microbiologie.umontreal.ca\/#website"},"primaryImageOfPage":{"@id":"https:\/\/microbiologie.umontreal.ca\/en\/professeurs-chercheurs\/vibhuti-dave-2\/#primaryimage"},"image":{"@id":"https:\/\/microbiologie.umontreal.ca\/en\/professeurs-chercheurs\/vibhuti-dave-2\/#primaryimage"},"thumbnailUrl":"https:\/\/microbiologie.umontreal.ca\/wp-content\/uploads\/sites\/12\/silhouette-100.jpg","datePublished":"2016-11-04T13:10:54+00:00","dateModified":"2020-10-21T14:25:00+00:00","breadcrumb":{"@id":"https:\/\/microbiologie.umontreal.ca\/en\/professeurs-chercheurs\/vibhuti-dave-2\/#breadcrumb"},"inLanguage":"en-US","potentialAction":[{"@type":"ReadAction","target":["https:\/\/microbiologie.umontreal.ca\/en\/professeurs-chercheurs\/vibhuti-dave-2\/"]}]},{"@type":"ImageObject","inLanguage":"en-US","@id":"https:\/\/microbiologie.umontreal.ca\/en\/professeurs-chercheurs\/vibhuti-dave-2\/#primaryimage","url":"https:\/\/microbiologie.umontreal.ca\/wp-content\/uploads\/sites\/12\/silhouette-100.jpg","contentUrl":"https:\/\/microbiologie.umontreal.ca\/wp-content\/uploads\/sites\/12\/silhouette-100.jpg"},{"@type":"BreadcrumbList","@id":"https:\/\/microbiologie.umontreal.ca\/en\/professeurs-chercheurs\/vibhuti-dave-2\/#breadcrumb","itemListElement":[{"@type":"ListItem","position":1,"name":"Accueil","item":"https:\/\/microbiologie.umontreal.ca\/en\/"},{"@type":"ListItem","position":2,"name":"Professeurs-chercheurs","item":"https:\/\/microbiologie.umontreal.ca\/en\/professeurs-chercheurs\/"},{"@type":"ListItem","position":3,"name":"Vibhuti Dave"}]},{"@type":"WebSite","@id":"https:\/\/microbiologie.umontreal.ca\/#website","url":"https:\/\/microbiologie.umontreal.ca\/","name":"D\u00e9partement de microbiologie, infectiologie et immunologie","description":"","potentialAction":[{"@type":"SearchAction","target":{"@type":"EntryPoint","urlTemplate":"https:\/\/microbiologie.umontreal.ca\/?s={search_term_string}"},"query-input":{"@type":"PropertyValueSpecification","valueRequired":true,"valueName":"search_term_string"}}],"inLanguage":"en-US"}]}},"_links":{"self":[{"href":"https:\/\/microbiologie.umontreal.ca\/en\/wp-json\/wp\/v2\/pages\/8536","targetHints":{"allow":["GET"]}}],"collection":[{"href":"https:\/\/microbiologie.umontreal.ca\/en\/wp-json\/wp\/v2\/pages"}],"about":[{"href":"https:\/\/microbiologie.umontreal.ca\/en\/wp-json\/wp\/v2\/types\/page"}],"author":[{"embeddable":true,"href":"https:\/\/microbiologie.umontreal.ca\/en\/wp-json\/wp\/v2\/users\/26"}],"replies":[{"embeddable":true,"href":"https:\/\/microbiologie.umontreal.ca\/en\/wp-json\/wp\/v2\/comments?post=8536"}],"version-history":[{"count":5,"href":"https:\/\/microbiologie.umontreal.ca\/en\/wp-json\/wp\/v2\/pages\/8536\/revisions"}],"predecessor-version":[{"id":10970,"href":"https:\/\/microbiologie.umontreal.ca\/en\/wp-json\/wp\/v2\/pages\/8536\/revisions\/10970"}],"up":[{"embeddable":true,"href":"https:\/\/microbiologie.umontreal.ca\/en\/wp-json\/wp\/v2\/pages\/11407"}],"wp:attachment":[{"href":"https:\/\/microbiologie.umontreal.ca\/en\/wp-json\/wp\/v2\/media?parent=8536"}],"curies":[{"name":"wp","href":"https:\/\/api.w.org\/{rel}","templated":true}]}}