{"id":8549,"date":"2017-01-18T15:52:39","date_gmt":"2017-01-18T14:52:39","guid":{"rendered":"https:\/\/microbiologie.umontreal.ca\/caroline-quach\/"},"modified":"2021-04-29T13:21:56","modified_gmt":"2021-04-29T12:21:56","slug":"caroline-quach","status":"publish","type":"page","link":"https:\/\/microbiologie.umontreal.ca\/en\/professeurs-chercheurs\/caroline-quach\/","title":{"rendered":"Caroline Quach"},"content":{"rendered":"<div  class=\" fiche-chercheur  \">\n<div class=\"img noLightbox\"><\/p>\n<p><img loading=\"lazy\" decoding=\"async\" src=\"https:\/\/microbiologie.umontreal.ca\/wp-content\/uploads\/sites\/12\/2021\/04\/CQuachThanh-328x450.jpg\" alt=\"\" width=\"328\" height=\"450\" class=\"size-medium wp-image-11688 alignleft\" \/><\/p>\n<p><\/div>\n<table>\n<tbody>\n<tr>\n<td style=\"width: 87px\"><strong>Title:<\/strong><\/td>\n<td style=\"width: 315px\">Geographical full time professor<\/td>\n<\/tr>\n<tr>\n<td style=\"width: 87px\"><strong>Address:<\/strong><\/td>\n<td style=\"width: 315px\">D\u00e9partement de microbiologie et immunologie<br \/>\nCHU Sainte-Justine<br \/>\n3175, ch. De la C\u00f4te-Ste-Catherine<br \/>\nMontr\u00e9al (Qu\u00e9bec)\u00a0 H3T 1C5<\/td>\n<\/tr>\n<tr>\n<td style=\"width: 87px\"><strong>Room:<\/strong><\/td>\n<td style=\"width: 315px\">B.17.102<\/td>\n<\/tr>\n<tr>\n<td style=\"width: 87px\"><strong>Phone:<\/strong><\/td>\n<td style=\"width: 315px\">514-345-4931, ext. 7430<\/td>\n<\/tr>\n<tr>\n<td style=\"width: 87px\"><strong>Email:<\/strong><\/td>\n<td style=\"width: 315px\"><a href=\"mailto:c.quach@umontreal.ca\">c.quach@umontreal.ca<\/a><\/td>\n<\/tr>\n<\/tbody>\n<\/table>\n<\/div>\n<hr\/>\n<h2 style=\"text-align: justify\"><strong>Biography<\/strong><\/h2>\n<p style=\"text-align: justify\">Dr. Caroline Quach is a Professor in the Departments of Microbiology, Infectious Diseases &amp; Immunology and of Pediatrics at University of Montreal. She is an adjunct Professor in the Department of Epidemiology, Biostatistics &amp; Occupational Health at McGill University and a scientific collaborator at the School of Public Health at Universit\u00e9 Libre de Bruxelles (ULB) in Brussels. She is the physician in charge of Infection Prevention and control at CHU Sainte-Justine where she also works as a pediatric infectious diseases specialist and medical microbiologist. Dr. Quach is a clinician-scientist, supported by the Fonds de Recherche Qu\u00e9bec \u2013 Sant\u00e9 (FRQS, chercheure boursi\u00e8re de m\u00e9rite) and was recently awarded the Canada Research Chair, Tier 1 in Infection Prevention and Control. Her research interests are in Infection Prevention: both healthcare-associated and vaccine-preventable diseases.<\/p>\n<p style=\"text-align: justify\">Dr. Quach is the current Chair of the National Advisory Committee on Immunization from the Public Health Agency of Canada. She is a former president from the Association for Medical Microbiology and Infectious Diseases (AMMI) Canada (2014-2016). She was named Fellow of the Canadian Academy of Health Sciences and of the Society for Healthcare Epidemiology of America. Dr. Quach was selected as one of the 2019 most Powerful Women in Canada (2019 Top 100 Award Winner in the Manulife Science and Technology category).<\/p>\n<p style=\"text-align: justify\"><hr\/><\/p>\n<h2 style=\"text-align: justify\"><strong>Team<\/strong><\/h2>\n<ul style=\"text-align: justify\">\n<li>Milagros Gonzales, M.Sc.<\/li>\n<li>Zineb Laghdir, M. Sc.<\/li>\n<li>Deirdre McCormack, BSc(N), RN, CCRC<\/li>\n<\/ul>\n<p style=\"text-align: justify\"><hr\/><\/p>\n<h2 style=\"text-align: justify\"><strong>Themes<\/strong><\/h2>\n<ul style=\"text-align: justify\">\n<li>Bacteriology<\/li>\n<li>Virology<\/li>\n<li>Clinical<\/li>\n<\/ul>\n<p style=\"text-align: justify\"><hr\/><\/p>\n<h2 style=\"text-align: justify\"><strong>Research topics<\/strong><\/h2>\n<ul style=\"text-align: justify\">\n<li>Prevention of healthcare-associated infections: central line associated bloodstream infections<\/li>\n<li>Prevention of healthcare-associated infections: Respiratory infections<\/li>\n<li>Vaccine preventable diseases<\/li>\n<li>Prevention of healthcare-associated infections: vulnerable populations<\/li>\n<\/ul>\n<p style=\"text-align: justify\"><hr\/><\/p>\n<h2 style=\"text-align: justify\"><strong>Selected Publications<\/strong><\/h2>\n<ol>\n<li style=\"text-align: justify\">Tilmanne A, Marisca Kandet Yattara H, Herpol M, Vlaes L, Restore P, <strong>Quach C<\/strong>, Vandenberg O, Hallin M, Martiny D. Multi-step Optimization of the Filtration Method for the Isolation of <em>Campylobacter<\/em> species from stool samples. <em>European J Clin Microbiol Infect Dis. <\/em>2019; <em>In Press.<\/em><\/li>\n<li style=\"text-align: justify\">Tse SM, Krajinovic M, Bhupendrasinh FC, Zemek R, Gravel J, Chalut D, Poonai N, <strong>Quach C<\/strong>, Laberge S, Ducharme FM for the DOORWAY research group of the PERC network. Genetic Determinants of Acute Asthma Therapy Response in Children with Moderate-to-Severe Asthma Exacerbations. <a href=\"https:\/\/www.ncbi.nlm.nih.gov\/pubmed\/30644648\"><em>Pediatr Pulmonol<\/em> 2019<\/a>; <em>In Press.<\/em><\/li>\n<li style=\"text-align: justify\">Breitschwerdt EB, Maggi RG, <strong>Quach C<\/strong>, Bradley JM. <em>Bartonella spp<\/em> bloodstream infecdtion in a Canadian Family. <a href=\"https:\/\/www.ncbi.nlm.nih.gov\/pubmed\/30589638\"><em>Vector-Borne and Zoonotic Diseases<\/em> 2018<\/a>; <em>In Press.<\/em><\/li>\n<li style=\"text-align: justify\">Rahmouni El Idrissi K<u>.<\/u> Isabel S, Carbonneau J, Lafond M, <strong>Quach C<\/strong>, Caya C, Fontela PS, Beltempo M, Boivin G, Lefebvre MA, Papenburg J. Molecular and Epidemiologic Investigation of a Rhinovius Outbreak in a Neonatal Intensive Care Unit. <a href=\"https:\/\/www.ncbi.nlm.nih.gov\/pubmed\/?term=Rahmouni+El+Idrissi+K.+Isabel+S,+Carbonneau+J,+Lafond+M,+Quach\"><em>Infect Control Hospit Epidemiol<\/em> 2018<\/a>; <em>In Press.<\/em><\/li>\n<li style=\"text-align: justify\"><u>Tilmanne A<\/u>, Lepage P, Vandenberg O, Martiny D, Hallin M. <strong>Quach C<\/strong>. Rotavirus: The Guard dies, but it does not Surrender. <a href=\"https:\/\/www.ncbi.nlm.nih.gov\/pubmed\/30371131\"><em>Infectious Diseases (London)<\/em> 2018; Oct 29:1-4<\/a>. doi: 10.1080\/23744235.2018.1508885. [Epub ahead of print]<\/li>\n<li style=\"text-align: justify\"><u>Fakih I<\/u>, Fortin E, Smith MA, Carignan A, Tremblay C, Villeneuve J, Moisan D, Frenette C, <strong>Quach C*<\/strong> for SPIN-BACTOT. A Ten-Year Review of Healthcare-Associated Bloodstream Infections from 40 Hospitals in Quebec, Canada. <a href=\"https:\/\/www.ncbi.nlm.nih.gov\/pubmed\/30156168\"><em>Infect Control Hospit Epidemiol<\/em> 2018; 39: 1202-1209<\/a>.<\/li>\n<li style=\"text-align: justify\">Dub\u00e9 E, Farrands A, Lemaitre T, Boulianne N, Sauvageau C, Boucher FD, Tapiero B, <strong>Quach C<\/strong>, Ouakki M, Gosselin V, Gagnon D, De Wals P, Petit G, Jacques MC, Gagneur A. Overview of knowledge, attitudes, beliefs, vaccine hesitancy and vaccine acceptance among mothers of infants in Quebec, Canada. <a href=\"https:\/\/www.ncbi.nlm.nih.gov\/pubmed\/30095325\"><em>Human Vaccines &amp; Immunotherapeutics<\/em> 2018; Aug 10:1-8<\/a>. doi: 10.1080\/21645515.2018.1509647. [Epub ahead of print]<\/li>\n<li style=\"text-align: justify\">Martineau C, Li X, Lalancette C, Perreault T, Fournier E, Tremblay J, Gonzales M, Yergeau E, <strong>Quach C*<\/strong>. <em>Serratia marcescens <\/em>outbreak in a neonatal intensive care unit (NICU): new insights from next-generation sequencing applications. <a href=\"https:\/\/www.ncbi.nlm.nih.gov\/pubmed\/29899005\"><em>J Clin Microbiol<\/em> 2018; 56<\/a>. Pii\u00a0: e00235-18. Doi\u00a0: 10. 1128\/JCM.00235-18. Print 2018 Sep.<\/li>\n<li style=\"text-align: justify\"><u>Desjardins M, Iachimov D, Mousseau S, Doyon-Plourde P<\/u>, Brousseau F, Rallu F, <strong>Quach C*<\/strong>. Clinical characteristics of pediatric pertussis cases, Quebec (2015-2017). <em>Can Communic Dis Rep<\/em> 2018; 44; 190-195<\/li>\n<li style=\"text-align: justify\"><u>Desjardins M, Mousseau S, Doyon-Plourde P, <\/u>Brousseau N, <u>Iachimov D<\/u>, Rallu F, <strong>Quach C*<\/strong>. Should equivocal <em>B. pertussis<\/em> PCR results in children be reported to public health? <em>Can Communic Dis Rep<\/em> 2018; 44; 196-201.<\/li>\n<li style=\"text-align: justify\"><u>Mathews N, Zayed S<\/u>, Winters N, Lands LC, Shapiro AJ, Cote J, <strong>Quach C*<\/strong>. Evaluation of the Safety of Piperacillin-Tazobactam in Admitted Paediatric Patients with Cystic Fibrosis. <em>JAMMI<\/em> 2018; 3 (2); <a href=\"https:\/\/doi.org\/10.3138\/jammi.2017-0012\">https:\/\/doi.org\/10.3138\/jammi.2017-0012<\/a> <em>\u00a0<\/em><\/li>\n<li style=\"text-align: justify\"><u>Merckx J, <\/u>Ducharme FM, Martineau C, Zemek R, Gravel J, Chalut D, Poonai N, <strong>Quach C*<\/strong> for the Pediatric Emergency Research Canada DOORWAY Team. Association of respiratory viruses and treatment failure in children with an asthma exacerbation. <a href=\"https:\/\/www.ncbi.nlm.nih.gov\/pubmed\/29866794\"><em>Pediatrics<\/em> 2018; 142(1): e20174105<\/a>.<\/li>\n<li style=\"text-align: justify\"><u>Doll MK<\/u>, <strong>Quach C<\/strong>, Buckeridge DL. Evaluation of the Impact of a Rotavirus Vaccine Program on Pediatric Acute Gastroenteritis Hospitalizations: Estimating the Overall Effect attributable to the Program as a whole and a per-unit Change in Rotavirus Vaccine Coverage. <a href=\"https:\/\/www.ncbi.nlm.nih.gov\/pubmed\/29757352\"><em>American J Epidemiol<\/em> 2018 May 11 doi: 10.1093\/aje\/kwy097<\/a>. [Epub ahead of print]<em>.<\/em><\/li>\n<li style=\"text-align: justify\">Tilmanne A, Martiny D, Hallin M, Cornelius A, Wautier M, <strong>Quach C<\/strong>, Lepage P, Vandenberg O. <em>Campylobacter concisus <\/em>and acute gastroenteritis in children: Lack of association. <a href=\"https:\/\/www.ncbi.nlm.nih.gov\/pubmed\/29601450\"><em>Pediatr. Infect. Dis. J. <\/em>2018 Mar 29<\/a>. doi: 10.1097\/INF.0000000000002028.\u00a0 [Epub ahead of print]<\/li>\n<li style=\"text-align: justify\">Trudel K, Zavalkoff S, Winters N, <strong>Quach C<\/strong>, Lacroix J, Fontela PS. Determinants of urinary catheter removal practices in pediatric intensive care units: a survey. <a href=\"https:\/\/www.ncbi.nlm.nih.gov\/pubmed\/29519651\"><em>American J Infect Control <\/em>2018; 46: 627-32<\/a>.<\/li>\n<li style=\"text-align: justify\"><u>Dolce L<\/u>, <strong>Quach C<\/strong>, Thirion DJG, Bergeron L, Gonzales M, Papenburg J, Dionne M, Fortin A, Fortin E, Surveillance of Antimicrobial Use in Quebec Acute Care Hospitals: A Survey. <em>JAMMI<\/em> 2018; 3\u00a0: 37-46.<\/li>\n<li style=\"text-align: justify\"><u>Kraicer-Melamed H, Doll MK, Boikos C<\/u>, Winters N., <u>Frimer L, <\/u>Stirling R., Gore G. <strong>Quach C*<\/strong>. A Scoping Review of the Guidelines and Recommendations for the use of Influenza Antiviral Medications. <em>JAMMI <\/em>2018; 2\u00a0: 16-32.<\/li>\n<li style=\"text-align: justify\">Auger N, <strong>Quach C<\/strong>, Healy-Profitos J, Dinh T, Chass\u00e9 M. Early Predictors of Guillain-Barr\u00e9 Syndrome in Women. <a href=\"https:\/\/www.ncbi.nlm.nih.gov\/pubmed\/29024971\"><em>International<\/em> <em>Journal of Epidemiology<\/em> 2018; 47: 280-8<\/a>.<\/li>\n<li style=\"text-align: justify\"><strong>Quach C*<\/strong>, Shah R, Rubin L. Burden of Healthcare-Associated Viral Respiratory Infections in Children\u2019s Hospitals. <a href=\"https:\/\/www.ncbi.nlm.nih.gov\/pubmed\/28040689\"><em>J Pediatr Infect Dis Soc<\/em> 2018; 7: 18-24<\/a>.<\/li>\n<li style=\"text-align: justify\">Auger N, <strong>Quach C<\/strong>, Healy-Profitos J, Lowe AM, Arbour L. Congenital microcephaly in Quebec: baseline prevalence, risk factors and outcomes in a large cohort of neonates. <a href=\"https:\/\/www.ncbi.nlm.nih.gov\/pubmed\/28676560\"><em>Archives Dis Child Fetal Neonatal Ed. <\/em>2018; 103: F167-72<\/a>.<\/li>\n<\/ol>\n","protected":false},"excerpt":{"rendered":"<p>Biography Dr. Caroline Quach is a Professor in the Departments of Microbiology, Infectious Diseases &amp; Immunology and of Pediatrics at University of Montreal. She is an adjunct Professor in the [&hellip;]<\/p>\n","protected":false},"author":26,"featured_media":11688,"parent":11407,"menu_order":0,"comment_status":"closed","ping_status":"closed","template":"","meta":{"footnotes":""},"class_list":["post-8549","page","type-page","status-publish","has-post-thumbnail","hentry"],"yoast_head":"<!-- This site is optimized with the Yoast SEO plugin v25.0 - https:\/\/yoast.com\/wordpress\/plugins\/seo\/ -->\n<title>Caroline Quach - D\u00e9partement de microbiologie, infectiologie et immunologie - Universit\u00e9 de Montr\u00e9al<\/title>\n<meta name=\"robots\" content=\"index, follow, max-snippet:-1, max-image-preview:large, max-video-preview:-1\" \/>\n<link rel=\"canonical\" href=\"https:\/\/microbiologie.umontreal.ca\/en\/professeurs-chercheurs\/caroline-quach\/\" \/>\n<meta property=\"og:locale\" content=\"en_US\" \/>\n<meta property=\"og:type\" content=\"article\" \/>\n<meta property=\"og:title\" content=\"Caroline Quach - D\u00e9partement de microbiologie, infectiologie et immunologie - Universit\u00e9 de Montr\u00e9al\" \/>\n<meta property=\"og:description\" content=\"Biography Dr. Caroline Quach is a Professor in the Departments of Microbiology, Infectious Diseases &amp; Immunology and of Pediatrics at University of Montreal. She is an adjunct Professor in the [&hellip;]\" \/>\n<meta property=\"og:url\" content=\"https:\/\/microbiologie.umontreal.ca\/en\/professeurs-chercheurs\/caroline-quach\/\" \/>\n<meta property=\"og:site_name\" content=\"D\u00e9partement de microbiologie, infectiologie et immunologie\" \/>\n<meta property=\"article:modified_time\" content=\"2021-04-29T12:21:56+00:00\" \/>\n<meta property=\"og:image\" content=\"https:\/\/microbiologie.umontreal.ca\/wp-content\/uploads\/sites\/12\/2021\/04\/CQuachThanh-e1623262849141.jpg\" \/>\n\t<meta property=\"og:image:width\" content=\"950\" \/>\n\t<meta property=\"og:image:height\" content=\"1304\" \/>\n\t<meta property=\"og:image:type\" content=\"image\/jpeg\" \/>\n<meta name=\"twitter:label1\" content=\"Est. reading time\" \/>\n\t<meta name=\"twitter:data1\" content=\"5 minutes\" \/>\n<script type=\"application\/ld+json\" class=\"yoast-schema-graph\">{\"@context\":\"https:\/\/schema.org\",\"@graph\":[{\"@type\":\"WebPage\",\"@id\":\"https:\/\/microbiologie.umontreal.ca\/en\/professeurs-chercheurs\/caroline-quach\/\",\"url\":\"https:\/\/microbiologie.umontreal.ca\/en\/professeurs-chercheurs\/caroline-quach\/\",\"name\":\"Caroline Quach - D\u00e9partement de microbiologie, infectiologie et immunologie - Universit\u00e9 de Montr\u00e9al\",\"isPartOf\":{\"@id\":\"https:\/\/microbiologie.umontreal.ca\/#website\"},\"primaryImageOfPage\":{\"@id\":\"https:\/\/microbiologie.umontreal.ca\/en\/professeurs-chercheurs\/caroline-quach\/#primaryimage\"},\"image\":{\"@id\":\"https:\/\/microbiologie.umontreal.ca\/en\/professeurs-chercheurs\/caroline-quach\/#primaryimage\"},\"thumbnailUrl\":\"https:\/\/microbiologie.umontreal.ca\/wp-content\/uploads\/sites\/12\/2021\/04\/CQuachThanh-e1623262849141.jpg\",\"datePublished\":\"2017-01-18T14:52:39+00:00\",\"dateModified\":\"2021-04-29T12:21:56+00:00\",\"breadcrumb\":{\"@id\":\"https:\/\/microbiologie.umontreal.ca\/en\/professeurs-chercheurs\/caroline-quach\/#breadcrumb\"},\"inLanguage\":\"en-US\",\"potentialAction\":[{\"@type\":\"ReadAction\",\"target\":[\"https:\/\/microbiologie.umontreal.ca\/en\/professeurs-chercheurs\/caroline-quach\/\"]}]},{\"@type\":\"ImageObject\",\"inLanguage\":\"en-US\",\"@id\":\"https:\/\/microbiologie.umontreal.ca\/en\/professeurs-chercheurs\/caroline-quach\/#primaryimage\",\"url\":\"https:\/\/microbiologie.umontreal.ca\/wp-content\/uploads\/sites\/12\/2021\/04\/CQuachThanh-e1623262849141.jpg\",\"contentUrl\":\"https:\/\/microbiologie.umontreal.ca\/wp-content\/uploads\/sites\/12\/2021\/04\/CQuachThanh-e1623262849141.jpg\",\"width\":950,\"height\":1304},{\"@type\":\"BreadcrumbList\",\"@id\":\"https:\/\/microbiologie.umontreal.ca\/en\/professeurs-chercheurs\/caroline-quach\/#breadcrumb\",\"itemListElement\":[{\"@type\":\"ListItem\",\"position\":1,\"name\":\"Accueil\",\"item\":\"https:\/\/microbiologie.umontreal.ca\/en\/\"},{\"@type\":\"ListItem\",\"position\":2,\"name\":\"Professeurs-chercheurs\",\"item\":\"https:\/\/microbiologie.umontreal.ca\/en\/professeurs-chercheurs\/\"},{\"@type\":\"ListItem\",\"position\":3,\"name\":\"Caroline Quach\"}]},{\"@type\":\"WebSite\",\"@id\":\"https:\/\/microbiologie.umontreal.ca\/#website\",\"url\":\"https:\/\/microbiologie.umontreal.ca\/\",\"name\":\"D\u00e9partement de microbiologie, infectiologie et immunologie\",\"description\":\"\",\"potentialAction\":[{\"@type\":\"SearchAction\",\"target\":{\"@type\":\"EntryPoint\",\"urlTemplate\":\"https:\/\/microbiologie.umontreal.ca\/?s={search_term_string}\"},\"query-input\":{\"@type\":\"PropertyValueSpecification\",\"valueRequired\":true,\"valueName\":\"search_term_string\"}}],\"inLanguage\":\"en-US\"}]}<\/script>\n<!-- \/ Yoast SEO plugin. -->","yoast_head_json":{"title":"Caroline Quach - D\u00e9partement de microbiologie, infectiologie et immunologie - Universit\u00e9 de Montr\u00e9al","robots":{"index":"index","follow":"follow","max-snippet":"max-snippet:-1","max-image-preview":"max-image-preview:large","max-video-preview":"max-video-preview:-1"},"canonical":"https:\/\/microbiologie.umontreal.ca\/en\/professeurs-chercheurs\/caroline-quach\/","og_locale":"en_US","og_type":"article","og_title":"Caroline Quach - D\u00e9partement de microbiologie, infectiologie et immunologie - Universit\u00e9 de Montr\u00e9al","og_description":"Biography Dr. Caroline Quach is a Professor in the Departments of Microbiology, Infectious Diseases &amp; Immunology and of Pediatrics at University of Montreal. She is an adjunct Professor in the [&hellip;]","og_url":"https:\/\/microbiologie.umontreal.ca\/en\/professeurs-chercheurs\/caroline-quach\/","og_site_name":"D\u00e9partement de microbiologie, infectiologie et immunologie","article_modified_time":"2021-04-29T12:21:56+00:00","og_image":[{"width":950,"height":1304,"url":"https:\/\/microbiologie.umontreal.ca\/wp-content\/uploads\/sites\/12\/2021\/04\/CQuachThanh-e1623262849141.jpg","type":"image\/jpeg"}],"twitter_misc":{"Est. reading time":"5 minutes"},"schema":{"@context":"https:\/\/schema.org","@graph":[{"@type":"WebPage","@id":"https:\/\/microbiologie.umontreal.ca\/en\/professeurs-chercheurs\/caroline-quach\/","url":"https:\/\/microbiologie.umontreal.ca\/en\/professeurs-chercheurs\/caroline-quach\/","name":"Caroline Quach - D\u00e9partement de microbiologie, infectiologie et immunologie - Universit\u00e9 de Montr\u00e9al","isPartOf":{"@id":"https:\/\/microbiologie.umontreal.ca\/#website"},"primaryImageOfPage":{"@id":"https:\/\/microbiologie.umontreal.ca\/en\/professeurs-chercheurs\/caroline-quach\/#primaryimage"},"image":{"@id":"https:\/\/microbiologie.umontreal.ca\/en\/professeurs-chercheurs\/caroline-quach\/#primaryimage"},"thumbnailUrl":"https:\/\/microbiologie.umontreal.ca\/wp-content\/uploads\/sites\/12\/2021\/04\/CQuachThanh-e1623262849141.jpg","datePublished":"2017-01-18T14:52:39+00:00","dateModified":"2021-04-29T12:21:56+00:00","breadcrumb":{"@id":"https:\/\/microbiologie.umontreal.ca\/en\/professeurs-chercheurs\/caroline-quach\/#breadcrumb"},"inLanguage":"en-US","potentialAction":[{"@type":"ReadAction","target":["https:\/\/microbiologie.umontreal.ca\/en\/professeurs-chercheurs\/caroline-quach\/"]}]},{"@type":"ImageObject","inLanguage":"en-US","@id":"https:\/\/microbiologie.umontreal.ca\/en\/professeurs-chercheurs\/caroline-quach\/#primaryimage","url":"https:\/\/microbiologie.umontreal.ca\/wp-content\/uploads\/sites\/12\/2021\/04\/CQuachThanh-e1623262849141.jpg","contentUrl":"https:\/\/microbiologie.umontreal.ca\/wp-content\/uploads\/sites\/12\/2021\/04\/CQuachThanh-e1623262849141.jpg","width":950,"height":1304},{"@type":"BreadcrumbList","@id":"https:\/\/microbiologie.umontreal.ca\/en\/professeurs-chercheurs\/caroline-quach\/#breadcrumb","itemListElement":[{"@type":"ListItem","position":1,"name":"Accueil","item":"https:\/\/microbiologie.umontreal.ca\/en\/"},{"@type":"ListItem","position":2,"name":"Professeurs-chercheurs","item":"https:\/\/microbiologie.umontreal.ca\/en\/professeurs-chercheurs\/"},{"@type":"ListItem","position":3,"name":"Caroline Quach"}]},{"@type":"WebSite","@id":"https:\/\/microbiologie.umontreal.ca\/#website","url":"https:\/\/microbiologie.umontreal.ca\/","name":"D\u00e9partement de microbiologie, infectiologie et immunologie","description":"","potentialAction":[{"@type":"SearchAction","target":{"@type":"EntryPoint","urlTemplate":"https:\/\/microbiologie.umontreal.ca\/?s={search_term_string}"},"query-input":{"@type":"PropertyValueSpecification","valueRequired":true,"valueName":"search_term_string"}}],"inLanguage":"en-US"}]}},"_links":{"self":[{"href":"https:\/\/microbiologie.umontreal.ca\/en\/wp-json\/wp\/v2\/pages\/8549","targetHints":{"allow":["GET"]}}],"collection":[{"href":"https:\/\/microbiologie.umontreal.ca\/en\/wp-json\/wp\/v2\/pages"}],"about":[{"href":"https:\/\/microbiologie.umontreal.ca\/en\/wp-json\/wp\/v2\/types\/page"}],"author":[{"embeddable":true,"href":"https:\/\/microbiologie.umontreal.ca\/en\/wp-json\/wp\/v2\/users\/26"}],"replies":[{"embeddable":true,"href":"https:\/\/microbiologie.umontreal.ca\/en\/wp-json\/wp\/v2\/comments?post=8549"}],"version-history":[{"count":13,"href":"https:\/\/microbiologie.umontreal.ca\/en\/wp-json\/wp\/v2\/pages\/8549\/revisions"}],"predecessor-version":[{"id":11694,"href":"https:\/\/microbiologie.umontreal.ca\/en\/wp-json\/wp\/v2\/pages\/8549\/revisions\/11694"}],"up":[{"embeddable":true,"href":"https:\/\/microbiologie.umontreal.ca\/en\/wp-json\/wp\/v2\/pages\/11407"}],"wp:featuredmedia":[{"embeddable":true,"href":"https:\/\/microbiologie.umontreal.ca\/en\/wp-json\/wp\/v2\/media\/11688"}],"wp:attachment":[{"href":"https:\/\/microbiologie.umontreal.ca\/en\/wp-json\/wp\/v2\/media?parent=8549"}],"curies":[{"name":"wp","href":"https:\/\/api.w.org\/{rel}","templated":true}]}}