{"id":8580,"date":"2014-08-04T15:22:27","date_gmt":"2014-08-04T15:22:27","guid":{"rendered":"https:\/\/microbiologie.umontreal.ca\/tarik-moroy\/"},"modified":"2018-07-12T16:45:46","modified_gmt":"2018-07-12T15:45:46","slug":"tarik-moroy","status":"publish","type":"page","link":"https:\/\/microbiologie.umontreal.ca\/en\/professeurs-chercheurs\/tarik-moroy\/","title":{"rendered":"Tarik M\u00f6r\u00f6y"},"content":{"rendered":"<div  class=\" fiche-chercheur  \">\n<div class=\"img noLightbox\"><\/p>\n<p><img loading=\"lazy\" decoding=\"async\" class=\"alignnone wp-image-3649\" alt=\"Moroy, Tarik\" src=\"https:\/\/microbiologie.umontreal.ca\/wp-content\/uploads\/sites\/12\/Moroy-Tarok-210x300.jpg\" width=\"112\" height=\"160\" srcset=\"https:\/\/microbiologie.umontreal.ca\/wp-content\/uploads\/sites\/12\/Moroy-Tarok-210x300.jpg 210w, https:\/\/microbiologie.umontreal.ca\/wp-content\/uploads\/sites\/12\/Moroy-Tarok-200x284.jpg 200w, https:\/\/microbiologie.umontreal.ca\/wp-content\/uploads\/sites\/12\/Moroy-Tarok-207x295.jpg 207w, https:\/\/microbiologie.umontreal.ca\/wp-content\/uploads\/sites\/12\/Moroy-Tarok.jpg 250w\" sizes=\"auto, (max-width: 112px) 100vw, 112px\" \/><\/p>\n<p><\/div>\n<table>\n<tbody>\n<tr>\n<td style=\"width: 69px\"><strong>Title:<\/strong><\/td>\n<td style=\"width: 378px\">Full research professor<\/td>\n<\/tr>\n<tr>\n<td style=\"width: 69px\"><strong>Address:<\/strong><\/td>\n<td style=\"width: 378px\">President and scientific Director, IRCM<br \/>\nDirector, Hematopoiesis and cancer Laboratory<br \/>\nInstitut de recherches cliniques de Montr\u00e9al (IRCM)<br \/>\n110, avenue des Pins Ouest<br \/>\nMontr\u00e9al (Qu\u00e9bec) H2W 1R7<\/td>\n<\/tr>\n<tr>\n<td style=\"width: 69px\"><strong>Room\u00a0:<\/strong><\/td>\n<td style=\"width: 378px\">IRCM Laboratory: 777.01<\/td>\n<\/tr>\n<tr>\n<td style=\"width: 69px\"><strong>Phone:<\/strong><\/td>\n<td style=\"width: 378px\">(514) 987-5501 or (514) 987-5776<\/td>\n<\/tr>\n<tr>\n<td style=\"width: 69px\"><strong>Fax:<\/strong><\/td>\n<td style=\"width: 378px\">514 987-5679<\/td>\n<\/tr>\n<tr>\n<td style=\"width: 69px\"><strong>Email:<\/strong><\/td>\n<td style=\"width: 378px\"><a href=\"mailto:tarik.moroy@ircm.qc.ca\">tarik.moroy@ircm.qc.ca<\/a><\/td>\n<\/tr>\n<tr>\n<td style=\"width: 69px\"><strong>Web Site:<\/strong><\/td>\n<td style=\"width: 378px\"><a href=\"http:\/\/www.moroylab.org\/\">http:\/\/www.moroylab.org\/<\/a><\/td>\n<\/tr>\n<\/tbody>\n<\/table>\n<\/div>\n<hr\/>\n<h2><strong>Biography<\/strong><\/h2>\n<p style=\"text-align: justify\">Tarik M\u00f6r\u00f6y is the fourth president and permanent scientific director of the Montreal Institute of Clinical Research. Dr. M\u00f6r\u00f6y is also Director of the Hematopoiesis and Cancer Research Unit and Canada Research Chair (Level 1) in hematopoiesis and differentiation of immune cells. To date, Dr. M\u00f6r\u00f6y&#8217;s list of publications includes more than 300 titles, including 127 original articles published in peer-reviewed journals, 26 journal articles and book chapters, and over 130 abstracts presented at congresses and symposia. Tarik M\u00f6r\u00f6y holds a Ph.D. (1987) in Biochemistry from the University of Ludwig-Maximilians in Munich, Germany. He did the practical work for his doctoral thesis at the Institut Pasteur in Paris (1984-1987), and worked as a postdoctoral researcher at Columbia University in New York (1988-1991). In 1991, Dr. M\u00f6r\u00f6y returned to Germany to become an independent junior team leader (the equivalent of assistant professor) at the Philipps University Marburg Institute for Molekular Biology and Tumorforschung. At this University, he also passed an empowerment thesis to lead research in molecular biology and immunology (1994). In 1995 he was appointed associate professor and in 1996 he became full professor of cellular and molecular biology at the Faculty of Medicine of the Duisburg-Essen University. At this University, he worked as a professor and principal investigator at the Institute of Cell Biology (Institut f\u00fcr Zellbiologie, IFZ). Dr. M\u00f6r\u00f6y also held administrative positions at the University of Duisburg-Essen as Executive Director of the Institute for Cell Biology (Institut f\u00fcr Zellbiologie, IFZ) (1996-1999 and 2002-2005) and Chairman of the Executive Board of the Biotechnology Center Medical (ZMB, 2003-2005).<\/p>\n<p style=\"text-align: justify\"><hr\/><\/p>\n<h2 style=\"text-align: justify\"><strong>Team<\/strong><\/h2>\n<p style=\"text-align: justify\"><div class=\"one-half first \">\n<strong>Chercheurs invit\u00e9s<\/strong><\/p>\n<ul style=\"text-align: justify\">\n<li>Cyrus Khandanpour, MD<\/li>\n<\/ul>\n<p style=\"text-align: justify\"><strong>Chercheurs associ\u00e9s<\/strong><\/p>\n<ul style=\"text-align: justify\">\n<li>Hugues Beauchemin, PhD<\/li>\n<li>Riyan Chen, PhD<\/li>\n<li>Peiman Shooshtarizadeh, PhD<\/li>\n<li>Anne Helness, PhD<\/li>\n<li>Julie Ross, PhD<\/li>\n<li>Jennifer Fraszsak, PhD<\/li>\n<\/ul>\n<p style=\"text-align: justify\"><\/div><\/p>\n<p style=\"text-align: justify\"><div class=\"one-half  \">\n<p style=\"text-align: justify\"><strong>Assistant de recherche<\/strong><\/p>\n<ul style=\"text-align: justify\">\n<li>Mathieu Lapointe<\/li>\n<\/ul>\n<p style=\"text-align: justify\"><strong>Stagiaires postdoctoraux<\/strong><\/p>\n<ul style=\"text-align: justify\">\n<li>Charles Vadnais, PhD<\/li>\n<li>Kaifee Armain, PhD<\/li>\n<\/ul>\n<p style=\"text-align: justify\"><strong>\u00c9tudiante au doctorat<\/strong><\/p>\n<ul style=\"text-align: justify\">\n<li>Marion Lacroix<\/li>\n<\/ul>\n<p style=\"text-align: justify\">\u00a0<\/div><br \/>\n<hr\/><\/p>\n<h2 style=\"text-align: justify\"><strong>Themes<\/strong><\/h2>\n<ul style=\"text-align: justify\">\n<li>Molecular Biology and immunology<\/li>\n<li>Molecular hematology<\/li>\n<\/ul>\n<p style=\"text-align: justify\"><hr\/><\/p>\n<h2 style=\"text-align: justify\"><strong>Research topics<\/strong><\/h2>\n<ul style=\"text-align: justify\">\n<li>Mechanisms of differentiation of immune cells<\/li>\n<li>Transcription and epigenetic factors<\/li>\n<li>Leukemia and lymphoma<\/li>\n<li>Alternative splicing in immune cells<\/li>\n<\/ul>\n<p style=\"text-align: justify\"><hr\/><\/p>\n<h2 style=\"text-align: justify\"><strong>Selected publications (6)<\/strong><\/h2>\n<ul>\n<li style=\"text-align: justify\">Vadnais C, Chen R, Fraszczak J, Yu Z, Boulais J, Pinder J, Frank D, Khandanpour C, H\u00e9bert J, Dellaire G, C\u00f4t\u00e9 JF, Richard S, Orthwein A, Drobetsky E and M\u00f6r\u00f6y T. GFI1 is required for efficient DNA Repair by regulating PRMT1 dependent methylation of MRE11 and 53BP1. <a href=\"https:\/\/www.ncbi.nlm.nih.gov\/pubmed\/29651020\"><strong>Nature Communications, 2018, Apr 12;9(1):1418.<\/strong><\/a><\/li>\n<li style=\"text-align: justify\">Gaudreau MC, Grapton D, Helness A, Vadnais C, Fraszczak J, Shooshtarizadeh P, Wilhelm B, Robert F, Heyd F, M\u00f6r\u00f6y T. Heterogeneous Nuclear Ribonucleoprotein L is required for the survival and functional integrity of murine hematopoietic stem cells. <a href=\"https:\/\/www.ncbi.nlm.nih.gov\/pubmed\/27271479\"><strong> Reports, 2016, June 7; 6: 27379 <\/strong><\/a><\/li>\n<li style=\"text-align: justify\">Rashkovan M, Vadnais C, Ross J, Gigoux M, Suh WK, Gu W and M\u00f6r\u00f6y T. Miz-1 regulates translation of Trp53 via ribosomal protein L22 in cells undergoing V(D)J recombination. <a href=\"https:\/\/www.ncbi.nlm.nih.gov\/pubmed\/25468973\"><strong> Natl. Acad. Scie. (USA),<\/strong> 2014, Dec 16;111(50):E5411-9<\/a>.<\/li>\n<li style=\"text-align: justify\">Preu\u00dfner M, Wilhelmi I, Schultz AS, Finkernagel F, Michel M, M\u00f6r\u00f6y T, Heyd F. Rhythmic U2af26 alternative splicing controls PERIOD1 stability and the circadian clock in mice. <a href=\"http:\/\/www.ncbi.nlm.nih.gov\/pubmed\/?term=Preu%C3%9Fner+M%2C+Wilhelmi+I%2C+Schultz+AS%2C+Finkernagel+F%2C+Michel+M%2C+M%C3%B6r%C3%B6y+T%2C+Heyd+F.\"><strong>Mol Cell<\/strong><strong>, 2014 May 22;54(4):651-62<\/strong><\/a><strong>.<\/strong><\/li>\n<li style=\"text-align: justify\">Khandanpour C, Phelan JD, Vassen L, Sch\u00fctte J, Chen R, Horman SR, Gaudreau MC, Krongold J, Zhu J, Paul WE, D\u00fchrsen U, G\u00f6ttgens B, Grimes HL, M\u00f6r\u00f6y T. Growth factor independence 1 antagonizes a p53-induced DNA damage response pathway in lymphoblastic leukemia. <a href=\"http:\/\/www.ncbi.nlm.nih.gov\/pubmed\/?term=Khandanpour+C%2C+Phelan+JD%2C+Vassen+L%2C+Sch%C3%BCtte+J%2C+Chen+R%2C+Horman+SR%2C+Gaudreau+MC%2C+Krongold+J%2C+Zhu+J%2C+Paul+WE%2C+D%C3%BChrsen+U%2C+G%C3%B6ttgens+B%2C+Grimes+HL%2C+M%C3%B6r%C3%B6y+T\"><strong>Cancer Cell<\/strong><strong>, 2013 Feb 11;23(2):200-14<\/strong><\/a><strong>.<\/strong><\/li>\n<li style=\"text-align: justify\">Kosan C, Saba I, Godmann M, Herold S, Herkert B, Eilers M, M\u00f6r\u00f6y T. Transcription factor miz-1 is required to regulate interleukin-7 receptor signaling at early commitment stages of B cell differentiation. <a href=\"http:\/\/www.ncbi.nlm.nih.gov\/pubmed\/?term=Kosan+C%2C+Saba+I%2C+Godmann+M%2C+Herold+S%2C+Herkert+B%2C+Eilers+M%2C+M%C3%B6r%C3%B6y+T\"><strong>Immunity<\/strong><strong>, 2010 Dec 14;33(6):917-28<\/strong><\/a><strong>.<\/strong><\/li>\n<\/ul>\n","protected":false},"excerpt":{"rendered":"<p>Biography Tarik M\u00f6r\u00f6y is the fourth president and permanent scientific director of the Montreal Institute of Clinical Research. Dr. M\u00f6r\u00f6y is also Director of the Hematopoiesis and Cancer Research Unit [&hellip;]<\/p>\n","protected":false},"author":25,"featured_media":0,"parent":11407,"menu_order":0,"comment_status":"closed","ping_status":"closed","template":"","meta":{"footnotes":""},"class_list":["post-8580","page","type-page","status-publish","hentry"],"yoast_head":"<!-- This site is optimized with the Yoast SEO plugin v25.0 - https:\/\/yoast.com\/wordpress\/plugins\/seo\/ -->\n<title>Tarik M\u00f6r\u00f6y - D\u00e9partement de microbiologie, infectiologie et immunologie - Universit\u00e9 de Montr\u00e9al<\/title>\n<meta name=\"robots\" content=\"index, follow, max-snippet:-1, max-image-preview:large, max-video-preview:-1\" \/>\n<link rel=\"canonical\" href=\"https:\/\/microbiologie.umontreal.ca\/en\/professeurs-chercheurs\/tarik-moroy\/\" \/>\n<meta property=\"og:locale\" content=\"en_US\" \/>\n<meta property=\"og:type\" content=\"article\" \/>\n<meta property=\"og:title\" content=\"Tarik M\u00f6r\u00f6y - D\u00e9partement de microbiologie, infectiologie et immunologie - Universit\u00e9 de Montr\u00e9al\" \/>\n<meta property=\"og:description\" content=\"Biography Tarik M\u00f6r\u00f6y is the fourth president and permanent scientific director of the Montreal Institute of Clinical Research. Dr. M\u00f6r\u00f6y is also Director of the Hematopoiesis and Cancer Research Unit [&hellip;]\" \/>\n<meta property=\"og:url\" content=\"https:\/\/microbiologie.umontreal.ca\/en\/professeurs-chercheurs\/tarik-moroy\/\" \/>\n<meta property=\"og:site_name\" content=\"D\u00e9partement de microbiologie, infectiologie et immunologie\" \/>\n<meta property=\"article:modified_time\" content=\"2018-07-12T15:45:46+00:00\" \/>\n<meta property=\"og:image\" content=\"https:\/\/microbiologie.umontreal.ca\/wp-content\/uploads\/sites\/12\/Moroy-Tarok-210x300.jpg\" \/>\n<meta name=\"twitter:label1\" content=\"Est. reading time\" \/>\n\t<meta name=\"twitter:data1\" content=\"3 minutes\" \/>\n<script type=\"application\/ld+json\" class=\"yoast-schema-graph\">{\"@context\":\"https:\/\/schema.org\",\"@graph\":[{\"@type\":\"WebPage\",\"@id\":\"https:\/\/microbiologie.umontreal.ca\/en\/professeurs-chercheurs\/tarik-moroy\/\",\"url\":\"https:\/\/microbiologie.umontreal.ca\/en\/professeurs-chercheurs\/tarik-moroy\/\",\"name\":\"Tarik M\u00f6r\u00f6y - D\u00e9partement de microbiologie, infectiologie et immunologie - Universit\u00e9 de Montr\u00e9al\",\"isPartOf\":{\"@id\":\"https:\/\/microbiologie.umontreal.ca\/#website\"},\"primaryImageOfPage\":{\"@id\":\"https:\/\/microbiologie.umontreal.ca\/en\/professeurs-chercheurs\/tarik-moroy\/#primaryimage\"},\"image\":{\"@id\":\"https:\/\/microbiologie.umontreal.ca\/en\/professeurs-chercheurs\/tarik-moroy\/#primaryimage\"},\"thumbnailUrl\":\"https:\/\/microbiologie.umontreal.ca\/wp-content\/uploads\/sites\/12\/Moroy-Tarok-210x300.jpg\",\"datePublished\":\"2014-08-04T15:22:27+00:00\",\"dateModified\":\"2018-07-12T15:45:46+00:00\",\"breadcrumb\":{\"@id\":\"https:\/\/microbiologie.umontreal.ca\/en\/professeurs-chercheurs\/tarik-moroy\/#breadcrumb\"},\"inLanguage\":\"en-US\",\"potentialAction\":[{\"@type\":\"ReadAction\",\"target\":[\"https:\/\/microbiologie.umontreal.ca\/en\/professeurs-chercheurs\/tarik-moroy\/\"]}]},{\"@type\":\"ImageObject\",\"inLanguage\":\"en-US\",\"@id\":\"https:\/\/microbiologie.umontreal.ca\/en\/professeurs-chercheurs\/tarik-moroy\/#primaryimage\",\"url\":\"https:\/\/microbiologie.umontreal.ca\/wp-content\/uploads\/sites\/12\/Moroy-Tarok-210x300.jpg\",\"contentUrl\":\"https:\/\/microbiologie.umontreal.ca\/wp-content\/uploads\/sites\/12\/Moroy-Tarok-210x300.jpg\"},{\"@type\":\"BreadcrumbList\",\"@id\":\"https:\/\/microbiologie.umontreal.ca\/en\/professeurs-chercheurs\/tarik-moroy\/#breadcrumb\",\"itemListElement\":[{\"@type\":\"ListItem\",\"position\":1,\"name\":\"Accueil\",\"item\":\"https:\/\/microbiologie.umontreal.ca\/en\/\"},{\"@type\":\"ListItem\",\"position\":2,\"name\":\"Professeurs-chercheurs\",\"item\":\"https:\/\/microbiologie.umontreal.ca\/en\/professeurs-chercheurs\/\"},{\"@type\":\"ListItem\",\"position\":3,\"name\":\"Tarik M\u00f6r\u00f6y\"}]},{\"@type\":\"WebSite\",\"@id\":\"https:\/\/microbiologie.umontreal.ca\/#website\",\"url\":\"https:\/\/microbiologie.umontreal.ca\/\",\"name\":\"D\u00e9partement de microbiologie, infectiologie et immunologie\",\"description\":\"\",\"potentialAction\":[{\"@type\":\"SearchAction\",\"target\":{\"@type\":\"EntryPoint\",\"urlTemplate\":\"https:\/\/microbiologie.umontreal.ca\/?s={search_term_string}\"},\"query-input\":{\"@type\":\"PropertyValueSpecification\",\"valueRequired\":true,\"valueName\":\"search_term_string\"}}],\"inLanguage\":\"en-US\"}]}<\/script>\n<!-- \/ Yoast SEO plugin. -->","yoast_head_json":{"title":"Tarik M\u00f6r\u00f6y - D\u00e9partement de microbiologie, infectiologie et immunologie - Universit\u00e9 de Montr\u00e9al","robots":{"index":"index","follow":"follow","max-snippet":"max-snippet:-1","max-image-preview":"max-image-preview:large","max-video-preview":"max-video-preview:-1"},"canonical":"https:\/\/microbiologie.umontreal.ca\/en\/professeurs-chercheurs\/tarik-moroy\/","og_locale":"en_US","og_type":"article","og_title":"Tarik M\u00f6r\u00f6y - D\u00e9partement de microbiologie, infectiologie et immunologie - Universit\u00e9 de Montr\u00e9al","og_description":"Biography Tarik M\u00f6r\u00f6y is the fourth president and permanent scientific director of the Montreal Institute of Clinical Research. Dr. M\u00f6r\u00f6y is also Director of the Hematopoiesis and Cancer Research Unit [&hellip;]","og_url":"https:\/\/microbiologie.umontreal.ca\/en\/professeurs-chercheurs\/tarik-moroy\/","og_site_name":"D\u00e9partement de microbiologie, infectiologie et immunologie","article_modified_time":"2018-07-12T15:45:46+00:00","og_image":[{"url":"https:\/\/microbiologie.umontreal.ca\/wp-content\/uploads\/sites\/12\/Moroy-Tarok-210x300.jpg","type":"","width":"","height":""}],"twitter_misc":{"Est. reading time":"3 minutes"},"schema":{"@context":"https:\/\/schema.org","@graph":[{"@type":"WebPage","@id":"https:\/\/microbiologie.umontreal.ca\/en\/professeurs-chercheurs\/tarik-moroy\/","url":"https:\/\/microbiologie.umontreal.ca\/en\/professeurs-chercheurs\/tarik-moroy\/","name":"Tarik M\u00f6r\u00f6y - D\u00e9partement de microbiologie, infectiologie et immunologie - Universit\u00e9 de Montr\u00e9al","isPartOf":{"@id":"https:\/\/microbiologie.umontreal.ca\/#website"},"primaryImageOfPage":{"@id":"https:\/\/microbiologie.umontreal.ca\/en\/professeurs-chercheurs\/tarik-moroy\/#primaryimage"},"image":{"@id":"https:\/\/microbiologie.umontreal.ca\/en\/professeurs-chercheurs\/tarik-moroy\/#primaryimage"},"thumbnailUrl":"https:\/\/microbiologie.umontreal.ca\/wp-content\/uploads\/sites\/12\/Moroy-Tarok-210x300.jpg","datePublished":"2014-08-04T15:22:27+00:00","dateModified":"2018-07-12T15:45:46+00:00","breadcrumb":{"@id":"https:\/\/microbiologie.umontreal.ca\/en\/professeurs-chercheurs\/tarik-moroy\/#breadcrumb"},"inLanguage":"en-US","potentialAction":[{"@type":"ReadAction","target":["https:\/\/microbiologie.umontreal.ca\/en\/professeurs-chercheurs\/tarik-moroy\/"]}]},{"@type":"ImageObject","inLanguage":"en-US","@id":"https:\/\/microbiologie.umontreal.ca\/en\/professeurs-chercheurs\/tarik-moroy\/#primaryimage","url":"https:\/\/microbiologie.umontreal.ca\/wp-content\/uploads\/sites\/12\/Moroy-Tarok-210x300.jpg","contentUrl":"https:\/\/microbiologie.umontreal.ca\/wp-content\/uploads\/sites\/12\/Moroy-Tarok-210x300.jpg"},{"@type":"BreadcrumbList","@id":"https:\/\/microbiologie.umontreal.ca\/en\/professeurs-chercheurs\/tarik-moroy\/#breadcrumb","itemListElement":[{"@type":"ListItem","position":1,"name":"Accueil","item":"https:\/\/microbiologie.umontreal.ca\/en\/"},{"@type":"ListItem","position":2,"name":"Professeurs-chercheurs","item":"https:\/\/microbiologie.umontreal.ca\/en\/professeurs-chercheurs\/"},{"@type":"ListItem","position":3,"name":"Tarik M\u00f6r\u00f6y"}]},{"@type":"WebSite","@id":"https:\/\/microbiologie.umontreal.ca\/#website","url":"https:\/\/microbiologie.umontreal.ca\/","name":"D\u00e9partement de microbiologie, infectiologie et immunologie","description":"","potentialAction":[{"@type":"SearchAction","target":{"@type":"EntryPoint","urlTemplate":"https:\/\/microbiologie.umontreal.ca\/?s={search_term_string}"},"query-input":{"@type":"PropertyValueSpecification","valueRequired":true,"valueName":"search_term_string"}}],"inLanguage":"en-US"}]}},"_links":{"self":[{"href":"https:\/\/microbiologie.umontreal.ca\/en\/wp-json\/wp\/v2\/pages\/8580","targetHints":{"allow":["GET"]}}],"collection":[{"href":"https:\/\/microbiologie.umontreal.ca\/en\/wp-json\/wp\/v2\/pages"}],"about":[{"href":"https:\/\/microbiologie.umontreal.ca\/en\/wp-json\/wp\/v2\/types\/page"}],"author":[{"embeddable":true,"href":"https:\/\/microbiologie.umontreal.ca\/en\/wp-json\/wp\/v2\/users\/25"}],"replies":[{"embeddable":true,"href":"https:\/\/microbiologie.umontreal.ca\/en\/wp-json\/wp\/v2\/comments?post=8580"}],"version-history":[{"count":5,"href":"https:\/\/microbiologie.umontreal.ca\/en\/wp-json\/wp\/v2\/pages\/8580\/revisions"}],"predecessor-version":[{"id":8590,"href":"https:\/\/microbiologie.umontreal.ca\/en\/wp-json\/wp\/v2\/pages\/8580\/revisions\/8590"}],"up":[{"embeddable":true,"href":"https:\/\/microbiologie.umontreal.ca\/en\/wp-json\/wp\/v2\/pages\/11407"}],"wp:attachment":[{"href":"https:\/\/microbiologie.umontreal.ca\/en\/wp-json\/wp\/v2\/media?parent=8580"}],"curies":[{"name":"wp","href":"https:\/\/api.w.org\/{rel}","templated":true}]}}