{"id":8624,"date":"2014-08-04T14:19:45","date_gmt":"2014-08-04T14:19:45","guid":{"rendered":"https:\/\/microbiologie.umontreal.ca\/linh-luong\/"},"modified":"2020-10-21T14:51:56","modified_gmt":"2020-10-21T13:51:56","slug":"linh-luong","status":"publish","type":"page","link":"https:\/\/microbiologie.umontreal.ca\/en\/professeurs-chercheurs\/linh-luong\/","title":{"rendered":"Me-Linh Luong"},"content":{"rendered":"<div  class=\" fiche-chercheur  \">\n<div class=\"img noLightbox\"><\/p>\n<p><img loading=\"lazy\" decoding=\"async\" class=\"alignnone size-full wp-image-2215\" src=\"https:\/\/microbiologie.umontreal.ca\/wp-content\/uploads\/sites\/12\/silhouette-fille-100.jpg\" alt=\"silhouette-fille-100\" width=\"100\" height=\"150\" \/><\/p>\n<p><\/div>\n<table>\n<tbody>\n<tr>\n<td style=\"width: 58px\"><strong>Title:<\/strong><\/td>\n<td style=\"width: 279px\">Clinical associate professor<\/td>\n<\/tr>\n<tr>\n<td style=\"width: 58px\"><strong>Address:<\/strong><\/td>\n<td style=\"width: 279px\">Laboratoires du CHUM<br \/>\nCHUM<br \/>\n1000, rue Saint-Denis, Pavillon F<br \/>\nMontr\u00e9al (Qu\u00e9bec)\u00a0 H2X 0C1<\/td>\n<\/tr>\n<tr>\n<td style=\"width: 58px\"><strong>Room:<\/strong><\/td>\n<td style=\"width: 279px\">F-06-1102F<\/td>\n<\/tr>\n<tr>\n<td style=\"width: 58px\"><strong>Phone:<\/strong><\/td>\n<td style=\"width: 279px\">514-890-8000, ext. 20924 or 20731<\/td>\n<\/tr>\n<tr>\n<td style=\"width: 58px\"><strong>Email:<\/strong><\/td>\n<td style=\"width: 279px\"><a href=\"mailto:me-linh.luong.chum@ssss.gouv.qc.ca\">me-linh.luong.chum@ssss.gouv.qc.ca<\/a><\/td>\n<\/tr>\n<\/tbody>\n<\/table>\n<\/div>\n<hr\/>\n<h2 style=\"text-align: justify\"><strong>Biography<\/strong><\/h2>\n<p style=\"text-align: justify\">To come up<\/p>\n<p style=\"text-align: justify\"><hr\/><\/p>\n<h2 style=\"text-align: justify\"><strong>Team\u00a0<\/strong><\/h2>\n<p style=\"text-align: justify\">To come up<\/p>\n<p style=\"text-align: justify\"><hr\/><\/p>\n<h2 style=\"text-align: justify\"><strong>Theme<\/strong><\/h2>\n<p style=\"text-align: justify\">To come up<\/p>\n<p style=\"text-align: justify\"><hr\/><\/p>\n<h2 style=\"text-align: justify\"><strong>Research topics<\/strong><\/h2>\n<ul style=\"text-align: justify\">\n<li>Clinical epidemiological studies on fungal infections in the population of patients receiving solid organ transplants<\/li>\n<li>Invasive aspergillosis<\/li>\n<li>Diagnostic tests for invasive aspergillosis<\/li>\n<li>Pharmacokinetics, pharmacodynamics and clinical impact of antifungals for the prophylaxis and treatment of invasive aspergillosis<\/li>\n<\/ul>\n<p style=\"text-align: justify\"><hr\/><\/p>\n<h2 style=\"text-align: justify\"><strong>Publications<\/strong><\/h2>\n<ul>\n<li style=\"text-align: justify\">Me-Linh Luong, Charles Filion, Annie-Claude Labb\u00e9, Julia Cadrin-Tourigny, St\u00e9phane Carignan, Jean Roy, Don Sheppard and Michel Laverdi\u00e8re. Prospective evaluation of clinical utility and pronostic value of broncho-alveolar lavage galactomannan assay in haematology-oncology patients. <a href=\"https:\/\/www.ncbi.nlm.nih.gov\/pubmed\/20846585\"><strong>Diagnostics in Microbiology and Infectious Disease.<\/strong> 2010 Oct;68(2):132-9<\/a>.<\/li>\n<li style=\"text-align: justify\">Me-Linh Luong, Cornelius J Clancy, Aniket Vadnerkar, Eun Jeun Kwak, Fernanda P Silveira, Mark C Wissel, Kevin J Grantham, Ryan K Shields, Maria Crespo, Joseph Pilewski, Yoshiya Toyoda, Steven B Kleiboeker, Diana Pakstis, Sushruth K Reddy, Thomas J Walsh, M. Hong Nguyen. Comparison of an Aspergillus Real-Time PCR Assay with Galactomannan Testing of BAL Fluid for the Diagnosis of Invasive Pulmonary Aspergillosis in Lung Transplant Recipients. <a href=\"https:\/\/www.ncbi.nlm.nih.gov\/pubmed\/21507918\"><strong>Clinical Infectious Diseases.<\/strong> 2011. 52(10):1218-1226.<\/a><\/li>\n<li style=\"text-align: justify\">Me-Linh Luong, Seyed M. Hosseini-Moghaddam, Lianne G Singer, Cecilia Chaparro, Shaf Keshavjee, Neil Lazar, Sassan Azad, Coleman Rotstein, Shahid Husain. Risk factors for voriconazole hepatotoxicity in lung transplant recipients. American Journal of Transplantation. April 2012. <a href=\"https:\/\/www.ncbi.nlm.nih.gov\/pubmed\/22486950\"><strong>Am J Transplant<\/strong>.\u00a02012 Jul;12(7):1929-35<\/a>.<\/li>\n<\/ul>\n<h2><\/h2>\n<p>&nbsp;<\/p>\n","protected":false},"excerpt":{"rendered":"<p>Biography To come up Team\u00a0 To come up Theme To come up Research topics Clinical epidemiological studies on fungal infections in the population of patients receiving solid organ transplants Invasive [&hellip;]<\/p>\n","protected":false},"author":25,"featured_media":0,"parent":11407,"menu_order":0,"comment_status":"closed","ping_status":"closed","template":"","meta":{"footnotes":""},"class_list":["post-8624","page","type-page","status-publish","hentry"],"yoast_head":"<!-- This site is optimized with the Yoast SEO plugin v25.0 - https:\/\/yoast.com\/wordpress\/plugins\/seo\/ -->\n<title>Me-Linh Luong - D\u00e9partement de microbiologie, infectiologie et immunologie - Universit\u00e9 de Montr\u00e9al<\/title>\n<meta name=\"robots\" content=\"index, follow, max-snippet:-1, max-image-preview:large, max-video-preview:-1\" \/>\n<link rel=\"canonical\" href=\"https:\/\/microbiologie.umontreal.ca\/en\/professeurs-chercheurs\/linh-luong\/\" \/>\n<meta property=\"og:locale\" content=\"en_US\" \/>\n<meta property=\"og:type\" content=\"article\" \/>\n<meta property=\"og:title\" content=\"Me-Linh Luong - D\u00e9partement de microbiologie, infectiologie et immunologie - Universit\u00e9 de Montr\u00e9al\" \/>\n<meta property=\"og:description\" content=\"Biography To come up Team\u00a0 To come up Theme To come up Research topics Clinical epidemiological studies on fungal infections in the population of patients receiving solid organ transplants Invasive [&hellip;]\" \/>\n<meta property=\"og:url\" content=\"https:\/\/microbiologie.umontreal.ca\/en\/professeurs-chercheurs\/linh-luong\/\" \/>\n<meta property=\"og:site_name\" content=\"D\u00e9partement de microbiologie, infectiologie et immunologie\" \/>\n<meta property=\"article:modified_time\" content=\"2020-10-21T13:51:56+00:00\" \/>\n<meta property=\"og:image\" content=\"https:\/\/microbiologie.umontreal.ca\/wp-content\/uploads\/sites\/12\/silhouette-fille-100.jpg\" \/>\n<meta name=\"twitter:label1\" content=\"Est. reading time\" \/>\n\t<meta name=\"twitter:data1\" content=\"1 minute\" \/>\n<script type=\"application\/ld+json\" class=\"yoast-schema-graph\">{\"@context\":\"https:\/\/schema.org\",\"@graph\":[{\"@type\":\"WebPage\",\"@id\":\"https:\/\/microbiologie.umontreal.ca\/en\/professeurs-chercheurs\/linh-luong\/\",\"url\":\"https:\/\/microbiologie.umontreal.ca\/en\/professeurs-chercheurs\/linh-luong\/\",\"name\":\"Me-Linh Luong - D\u00e9partement de microbiologie, infectiologie et immunologie - Universit\u00e9 de Montr\u00e9al\",\"isPartOf\":{\"@id\":\"https:\/\/microbiologie.umontreal.ca\/#website\"},\"primaryImageOfPage\":{\"@id\":\"https:\/\/microbiologie.umontreal.ca\/en\/professeurs-chercheurs\/linh-luong\/#primaryimage\"},\"image\":{\"@id\":\"https:\/\/microbiologie.umontreal.ca\/en\/professeurs-chercheurs\/linh-luong\/#primaryimage\"},\"thumbnailUrl\":\"https:\/\/microbiologie.umontreal.ca\/wp-content\/uploads\/sites\/12\/silhouette-fille-100.jpg\",\"datePublished\":\"2014-08-04T14:19:45+00:00\",\"dateModified\":\"2020-10-21T13:51:56+00:00\",\"breadcrumb\":{\"@id\":\"https:\/\/microbiologie.umontreal.ca\/en\/professeurs-chercheurs\/linh-luong\/#breadcrumb\"},\"inLanguage\":\"en-US\",\"potentialAction\":[{\"@type\":\"ReadAction\",\"target\":[\"https:\/\/microbiologie.umontreal.ca\/en\/professeurs-chercheurs\/linh-luong\/\"]}]},{\"@type\":\"ImageObject\",\"inLanguage\":\"en-US\",\"@id\":\"https:\/\/microbiologie.umontreal.ca\/en\/professeurs-chercheurs\/linh-luong\/#primaryimage\",\"url\":\"https:\/\/microbiologie.umontreal.ca\/wp-content\/uploads\/sites\/12\/silhouette-fille-100.jpg\",\"contentUrl\":\"https:\/\/microbiologie.umontreal.ca\/wp-content\/uploads\/sites\/12\/silhouette-fille-100.jpg\"},{\"@type\":\"BreadcrumbList\",\"@id\":\"https:\/\/microbiologie.umontreal.ca\/en\/professeurs-chercheurs\/linh-luong\/#breadcrumb\",\"itemListElement\":[{\"@type\":\"ListItem\",\"position\":1,\"name\":\"Accueil\",\"item\":\"https:\/\/microbiologie.umontreal.ca\/en\/\"},{\"@type\":\"ListItem\",\"position\":2,\"name\":\"Professeurs-chercheurs\",\"item\":\"https:\/\/microbiologie.umontreal.ca\/en\/professeurs-chercheurs\/\"},{\"@type\":\"ListItem\",\"position\":3,\"name\":\"Me-Linh Luong\"}]},{\"@type\":\"WebSite\",\"@id\":\"https:\/\/microbiologie.umontreal.ca\/#website\",\"url\":\"https:\/\/microbiologie.umontreal.ca\/\",\"name\":\"D\u00e9partement de microbiologie, infectiologie et immunologie\",\"description\":\"\",\"potentialAction\":[{\"@type\":\"SearchAction\",\"target\":{\"@type\":\"EntryPoint\",\"urlTemplate\":\"https:\/\/microbiologie.umontreal.ca\/?s={search_term_string}\"},\"query-input\":{\"@type\":\"PropertyValueSpecification\",\"valueRequired\":true,\"valueName\":\"search_term_string\"}}],\"inLanguage\":\"en-US\"}]}<\/script>\n<!-- \/ Yoast SEO plugin. -->","yoast_head_json":{"title":"Me-Linh Luong - D\u00e9partement de microbiologie, infectiologie et immunologie - Universit\u00e9 de Montr\u00e9al","robots":{"index":"index","follow":"follow","max-snippet":"max-snippet:-1","max-image-preview":"max-image-preview:large","max-video-preview":"max-video-preview:-1"},"canonical":"https:\/\/microbiologie.umontreal.ca\/en\/professeurs-chercheurs\/linh-luong\/","og_locale":"en_US","og_type":"article","og_title":"Me-Linh Luong - D\u00e9partement de microbiologie, infectiologie et immunologie - Universit\u00e9 de Montr\u00e9al","og_description":"Biography To come up Team\u00a0 To come up Theme To come up Research topics Clinical epidemiological studies on fungal infections in the population of patients receiving solid organ transplants Invasive [&hellip;]","og_url":"https:\/\/microbiologie.umontreal.ca\/en\/professeurs-chercheurs\/linh-luong\/","og_site_name":"D\u00e9partement de microbiologie, infectiologie et immunologie","article_modified_time":"2020-10-21T13:51:56+00:00","og_image":[{"url":"https:\/\/microbiologie.umontreal.ca\/wp-content\/uploads\/sites\/12\/silhouette-fille-100.jpg","type":"","width":"","height":""}],"twitter_misc":{"Est. reading time":"1 minute"},"schema":{"@context":"https:\/\/schema.org","@graph":[{"@type":"WebPage","@id":"https:\/\/microbiologie.umontreal.ca\/en\/professeurs-chercheurs\/linh-luong\/","url":"https:\/\/microbiologie.umontreal.ca\/en\/professeurs-chercheurs\/linh-luong\/","name":"Me-Linh Luong - D\u00e9partement de microbiologie, infectiologie et immunologie - Universit\u00e9 de Montr\u00e9al","isPartOf":{"@id":"https:\/\/microbiologie.umontreal.ca\/#website"},"primaryImageOfPage":{"@id":"https:\/\/microbiologie.umontreal.ca\/en\/professeurs-chercheurs\/linh-luong\/#primaryimage"},"image":{"@id":"https:\/\/microbiologie.umontreal.ca\/en\/professeurs-chercheurs\/linh-luong\/#primaryimage"},"thumbnailUrl":"https:\/\/microbiologie.umontreal.ca\/wp-content\/uploads\/sites\/12\/silhouette-fille-100.jpg","datePublished":"2014-08-04T14:19:45+00:00","dateModified":"2020-10-21T13:51:56+00:00","breadcrumb":{"@id":"https:\/\/microbiologie.umontreal.ca\/en\/professeurs-chercheurs\/linh-luong\/#breadcrumb"},"inLanguage":"en-US","potentialAction":[{"@type":"ReadAction","target":["https:\/\/microbiologie.umontreal.ca\/en\/professeurs-chercheurs\/linh-luong\/"]}]},{"@type":"ImageObject","inLanguage":"en-US","@id":"https:\/\/microbiologie.umontreal.ca\/en\/professeurs-chercheurs\/linh-luong\/#primaryimage","url":"https:\/\/microbiologie.umontreal.ca\/wp-content\/uploads\/sites\/12\/silhouette-fille-100.jpg","contentUrl":"https:\/\/microbiologie.umontreal.ca\/wp-content\/uploads\/sites\/12\/silhouette-fille-100.jpg"},{"@type":"BreadcrumbList","@id":"https:\/\/microbiologie.umontreal.ca\/en\/professeurs-chercheurs\/linh-luong\/#breadcrumb","itemListElement":[{"@type":"ListItem","position":1,"name":"Accueil","item":"https:\/\/microbiologie.umontreal.ca\/en\/"},{"@type":"ListItem","position":2,"name":"Professeurs-chercheurs","item":"https:\/\/microbiologie.umontreal.ca\/en\/professeurs-chercheurs\/"},{"@type":"ListItem","position":3,"name":"Me-Linh Luong"}]},{"@type":"WebSite","@id":"https:\/\/microbiologie.umontreal.ca\/#website","url":"https:\/\/microbiologie.umontreal.ca\/","name":"D\u00e9partement de microbiologie, infectiologie et immunologie","description":"","potentialAction":[{"@type":"SearchAction","target":{"@type":"EntryPoint","urlTemplate":"https:\/\/microbiologie.umontreal.ca\/?s={search_term_string}"},"query-input":{"@type":"PropertyValueSpecification","valueRequired":true,"valueName":"search_term_string"}}],"inLanguage":"en-US"}]}},"_links":{"self":[{"href":"https:\/\/microbiologie.umontreal.ca\/en\/wp-json\/wp\/v2\/pages\/8624","targetHints":{"allow":["GET"]}}],"collection":[{"href":"https:\/\/microbiologie.umontreal.ca\/en\/wp-json\/wp\/v2\/pages"}],"about":[{"href":"https:\/\/microbiologie.umontreal.ca\/en\/wp-json\/wp\/v2\/types\/page"}],"author":[{"embeddable":true,"href":"https:\/\/microbiologie.umontreal.ca\/en\/wp-json\/wp\/v2\/users\/25"}],"replies":[{"embeddable":true,"href":"https:\/\/microbiologie.umontreal.ca\/en\/wp-json\/wp\/v2\/comments?post=8624"}],"version-history":[{"count":3,"href":"https:\/\/microbiologie.umontreal.ca\/en\/wp-json\/wp\/v2\/pages\/8624\/revisions"}],"predecessor-version":[{"id":10966,"href":"https:\/\/microbiologie.umontreal.ca\/en\/wp-json\/wp\/v2\/pages\/8624\/revisions\/10966"}],"up":[{"embeddable":true,"href":"https:\/\/microbiologie.umontreal.ca\/en\/wp-json\/wp\/v2\/pages\/11407"}],"wp:attachment":[{"href":"https:\/\/microbiologie.umontreal.ca\/en\/wp-json\/wp\/v2\/media?parent=8624"}],"curies":[{"name":"wp","href":"https:\/\/api.w.org\/{rel}","templated":true}]}}