{"id":8653,"date":"2014-08-04T14:28:38","date_gmt":"2014-08-04T14:28:38","guid":{"rendered":"https:\/\/microbiologie.umontreal.ca\/brigitte-malette\/"},"modified":"2018-07-12T20:59:20","modified_gmt":"2018-07-12T19:59:20","slug":"brigitte-malette","status":"publish","type":"page","link":"https:\/\/microbiologie.umontreal.ca\/en\/brigitte-malette\/","title":{"rendered":"Brigitte Malette"},"content":{"rendered":"<div  class=\" fiche-chercheur  \">\n<div class=\"img noLightbox\"><\/p>\n<p><img loading=\"lazy\" decoding=\"async\" class=\"alignnone size-full wp-image-2215\" src=\"https:\/\/microbiologie.umontreal.ca\/wp-content\/uploads\/sites\/12\/silhouette-fille-100.jpg\" alt=\"silhouette-fille-100\" width=\"100\" height=\"150\" \/><\/p>\n<p><\/div>\n<table>\n<tbody>\n<tr>\n<td style=\"width: 52px\"><strong>Title:<\/strong><\/td>\n<td style=\"width: 350px\">Clinical assistant professor<\/td>\n<\/tr>\n<tr>\n<td style=\"width: 52px\"><strong>Address:<\/strong><\/td>\n<td style=\"width: 350px\">D\u00e9partement de microbiologie et immunologie<br \/>\nH\u00f4pital Ste-Justine<br \/>\n3175, chemin C\u00f4te Ste-Catherine<br \/>\nMontr\u00e9al (Qu\u00e9bec)\u00a0 H3T 1C5<\/td>\n<\/tr>\n<tr>\n<td style=\"width: 52px\"><strong>Phone:<\/strong><\/td>\n<td style=\"width: 350px\">514 345-4931, ext. 7711<\/td>\n<\/tr>\n<tr>\n<td style=\"width: 52px\"><strong>Fax:<\/strong><\/td>\n<td style=\"width: 350px\">514 345-4860<\/td>\n<\/tr>\n<tr>\n<td style=\"width: 52px\"><strong>Email:<\/strong><\/td>\n<td style=\"width: 350px\"><a href=\"mailto:bmalette@gmail.com\">bmalette@gmail.com<\/a><\/td>\n<\/tr>\n<\/tbody>\n<\/table>\n<\/div>\n<hr\/>\n<h2 style=\"text-align: justify\"><strong>Biography<\/strong><\/h2>\n<p style=\"text-align: justify\">To come up<\/p>\n<p style=\"text-align: justify\"><hr\/><\/p>\n<h2 style=\"text-align: justify\"><strong>Team\u00a0<\/strong><\/h2>\n<p style=\"text-align: justify\">To come up<\/p>\n<p style=\"text-align: justify\"><hr\/><\/p>\n<h2 style=\"text-align: justify\"><strong>Theme<\/strong><\/h2>\n<p style=\"text-align: justify\">To come up<\/p>\n<p style=\"text-align: justify\"><hr\/><\/p>\n<h2 style=\"text-align: justify\"><strong>Research topics <\/strong><\/h2>\n<ul style=\"text-align: justify\">\n<li>Development of molecular diagnostic tests by QPCR and other multiplex technologies (Qiaplex, GeXP, XMap) for the detection of CMV, JC \/ BK, EBV, Adenovirus, Herpes and respiratory viruses: Experimental design, optimization, automation of statistical analysis and management Datas.<\/li>\n<li>Integrated clinical prospective studies on pediatric populations infected with these different viruses.<\/li>\n<\/ul>\n<p style=\"text-align: justify\"><hr\/><\/p>\n<h2 style=\"text-align: justify\"><strong>Publications<\/strong><\/h2>\n<ul>\n<li style=\"text-align: justify\">Monroy AF, Dryanova A, Malette B, Oren DH, Ridha Farajalla M, Liu W, Danyluk J, Ubayasena LW, Kane K, Scoles GJ, Sarhan F, Gulick PJ. Regulatory gene candidates and gene expression analysis of cold acclimation in winter and spring wheat. <a href=\"https:\/\/www.ncbi.nlm.nih.gov\/pubmed\/17437064\"><strong>Plant Mol Biol.<\/strong> 2007 Jul;64(4):409-23<\/a>.<\/li>\n<li style=\"text-align: justify\">B Malette, E Cherry, M Lagac\u00e9, M Bernard, D Gosselin, P Hugo, K Shazand Large scale validation of human N-myc Downstream-Regulated Gene (NDRG)-1 expression in endometrium during the menstrual cycle. <a href=\"https:\/\/www.ncbi.nlm.nih.gov\/pubmed\/14561810\"><strong>Mol Hum Reprod<\/strong>. 2003 Nov ;9 (11):671-9<\/a>.<\/li>\n<li style=\"text-align: justify\">B Malette, Y Paquette, G Bleau. Size variations in the mucin-type domain of hamster oviductin: identification of the polypeptide precursors and characterization of their biosynth maturation. <a href=\"https:\/\/www.ncbi.nlm.nih.gov\/pubmed\/8562686\"><strong>Biol Reprod<\/strong>. 1995 Dec ;53 (6):1311-23<\/a>.<\/li>\n<\/ul>\n","protected":false},"excerpt":{"rendered":"<p>Biography To come up Team\u00a0 To come up Theme To come up Research topics Development of molecular diagnostic tests by QPCR and other multiplex technologies (Qiaplex, GeXP, XMap) for the [&hellip;]<\/p>\n","protected":false},"author":25,"featured_media":0,"parent":0,"menu_order":0,"comment_status":"closed","ping_status":"closed","template":"","meta":{"footnotes":""},"class_list":["post-8653","page","type-page","status-publish","hentry"],"yoast_head":"<!-- This site is optimized with the Yoast SEO plugin v25.0 - https:\/\/yoast.com\/wordpress\/plugins\/seo\/ -->\n<title>Brigitte Malette - D\u00e9partement de microbiologie, infectiologie et immunologie - Universit\u00e9 de Montr\u00e9al<\/title>\n<meta name=\"robots\" content=\"index, follow, max-snippet:-1, max-image-preview:large, max-video-preview:-1\" \/>\n<link rel=\"canonical\" href=\"https:\/\/microbiologie.umontreal.ca\/en\/brigitte-malette\/\" \/>\n<meta property=\"og:locale\" content=\"en_US\" \/>\n<meta property=\"og:type\" content=\"article\" \/>\n<meta property=\"og:title\" content=\"Brigitte Malette - D\u00e9partement de microbiologie, infectiologie et immunologie - Universit\u00e9 de Montr\u00e9al\" \/>\n<meta property=\"og:description\" content=\"Biography To come up Team\u00a0 To come up Theme To come up Research topics Development of molecular diagnostic tests by QPCR and other multiplex technologies (Qiaplex, GeXP, XMap) for the [&hellip;]\" \/>\n<meta property=\"og:url\" content=\"https:\/\/microbiologie.umontreal.ca\/en\/brigitte-malette\/\" \/>\n<meta property=\"og:site_name\" content=\"D\u00e9partement de microbiologie, infectiologie et immunologie\" \/>\n<meta property=\"article:modified_time\" content=\"2018-07-12T19:59:20+00:00\" \/>\n<meta property=\"og:image\" content=\"https:\/\/microbiologie.umontreal.ca\/wp-content\/uploads\/sites\/12\/silhouette-fille-100.jpg\" \/>\n<meta name=\"twitter:label1\" content=\"Est. reading time\" \/>\n\t<meta name=\"twitter:data1\" content=\"1 minute\" \/>\n<script type=\"application\/ld+json\" class=\"yoast-schema-graph\">{\"@context\":\"https:\/\/schema.org\",\"@graph\":[{\"@type\":\"WebPage\",\"@id\":\"https:\/\/microbiologie.umontreal.ca\/en\/brigitte-malette\/\",\"url\":\"https:\/\/microbiologie.umontreal.ca\/en\/brigitte-malette\/\",\"name\":\"Brigitte Malette - D\u00e9partement de microbiologie, infectiologie et immunologie - Universit\u00e9 de Montr\u00e9al\",\"isPartOf\":{\"@id\":\"https:\/\/microbiologie.umontreal.ca\/#website\"},\"primaryImageOfPage\":{\"@id\":\"https:\/\/microbiologie.umontreal.ca\/en\/brigitte-malette\/#primaryimage\"},\"image\":{\"@id\":\"https:\/\/microbiologie.umontreal.ca\/en\/brigitte-malette\/#primaryimage\"},\"thumbnailUrl\":\"https:\/\/microbiologie.umontreal.ca\/wp-content\/uploads\/sites\/12\/silhouette-fille-100.jpg\",\"datePublished\":\"2014-08-04T14:28:38+00:00\",\"dateModified\":\"2018-07-12T19:59:20+00:00\",\"breadcrumb\":{\"@id\":\"https:\/\/microbiologie.umontreal.ca\/en\/brigitte-malette\/#breadcrumb\"},\"inLanguage\":\"en-US\",\"potentialAction\":[{\"@type\":\"ReadAction\",\"target\":[\"https:\/\/microbiologie.umontreal.ca\/en\/brigitte-malette\/\"]}]},{\"@type\":\"ImageObject\",\"inLanguage\":\"en-US\",\"@id\":\"https:\/\/microbiologie.umontreal.ca\/en\/brigitte-malette\/#primaryimage\",\"url\":\"https:\/\/microbiologie.umontreal.ca\/wp-content\/uploads\/sites\/12\/silhouette-fille-100.jpg\",\"contentUrl\":\"https:\/\/microbiologie.umontreal.ca\/wp-content\/uploads\/sites\/12\/silhouette-fille-100.jpg\"},{\"@type\":\"BreadcrumbList\",\"@id\":\"https:\/\/microbiologie.umontreal.ca\/en\/brigitte-malette\/#breadcrumb\",\"itemListElement\":[{\"@type\":\"ListItem\",\"position\":1,\"name\":\"Accueil\",\"item\":\"https:\/\/microbiologie.umontreal.ca\/en\/\"},{\"@type\":\"ListItem\",\"position\":2,\"name\":\"Brigitte Malette\"}]},{\"@type\":\"WebSite\",\"@id\":\"https:\/\/microbiologie.umontreal.ca\/#website\",\"url\":\"https:\/\/microbiologie.umontreal.ca\/\",\"name\":\"D\u00e9partement de microbiologie, infectiologie et immunologie\",\"description\":\"\",\"potentialAction\":[{\"@type\":\"SearchAction\",\"target\":{\"@type\":\"EntryPoint\",\"urlTemplate\":\"https:\/\/microbiologie.umontreal.ca\/?s={search_term_string}\"},\"query-input\":{\"@type\":\"PropertyValueSpecification\",\"valueRequired\":true,\"valueName\":\"search_term_string\"}}],\"inLanguage\":\"en-US\"}]}<\/script>\n<!-- \/ Yoast SEO plugin. -->","yoast_head_json":{"title":"Brigitte Malette - D\u00e9partement de microbiologie, infectiologie et immunologie - Universit\u00e9 de Montr\u00e9al","robots":{"index":"index","follow":"follow","max-snippet":"max-snippet:-1","max-image-preview":"max-image-preview:large","max-video-preview":"max-video-preview:-1"},"canonical":"https:\/\/microbiologie.umontreal.ca\/en\/brigitte-malette\/","og_locale":"en_US","og_type":"article","og_title":"Brigitte Malette - D\u00e9partement de microbiologie, infectiologie et immunologie - Universit\u00e9 de Montr\u00e9al","og_description":"Biography To come up Team\u00a0 To come up Theme To come up Research topics Development of molecular diagnostic tests by QPCR and other multiplex technologies (Qiaplex, GeXP, XMap) for the [&hellip;]","og_url":"https:\/\/microbiologie.umontreal.ca\/en\/brigitte-malette\/","og_site_name":"D\u00e9partement de microbiologie, infectiologie et immunologie","article_modified_time":"2018-07-12T19:59:20+00:00","og_image":[{"url":"https:\/\/microbiologie.umontreal.ca\/wp-content\/uploads\/sites\/12\/silhouette-fille-100.jpg","type":"","width":"","height":""}],"twitter_misc":{"Est. reading time":"1 minute"},"schema":{"@context":"https:\/\/schema.org","@graph":[{"@type":"WebPage","@id":"https:\/\/microbiologie.umontreal.ca\/en\/brigitte-malette\/","url":"https:\/\/microbiologie.umontreal.ca\/en\/brigitte-malette\/","name":"Brigitte Malette - D\u00e9partement de microbiologie, infectiologie et immunologie - Universit\u00e9 de Montr\u00e9al","isPartOf":{"@id":"https:\/\/microbiologie.umontreal.ca\/#website"},"primaryImageOfPage":{"@id":"https:\/\/microbiologie.umontreal.ca\/en\/brigitte-malette\/#primaryimage"},"image":{"@id":"https:\/\/microbiologie.umontreal.ca\/en\/brigitte-malette\/#primaryimage"},"thumbnailUrl":"https:\/\/microbiologie.umontreal.ca\/wp-content\/uploads\/sites\/12\/silhouette-fille-100.jpg","datePublished":"2014-08-04T14:28:38+00:00","dateModified":"2018-07-12T19:59:20+00:00","breadcrumb":{"@id":"https:\/\/microbiologie.umontreal.ca\/en\/brigitte-malette\/#breadcrumb"},"inLanguage":"en-US","potentialAction":[{"@type":"ReadAction","target":["https:\/\/microbiologie.umontreal.ca\/en\/brigitte-malette\/"]}]},{"@type":"ImageObject","inLanguage":"en-US","@id":"https:\/\/microbiologie.umontreal.ca\/en\/brigitte-malette\/#primaryimage","url":"https:\/\/microbiologie.umontreal.ca\/wp-content\/uploads\/sites\/12\/silhouette-fille-100.jpg","contentUrl":"https:\/\/microbiologie.umontreal.ca\/wp-content\/uploads\/sites\/12\/silhouette-fille-100.jpg"},{"@type":"BreadcrumbList","@id":"https:\/\/microbiologie.umontreal.ca\/en\/brigitte-malette\/#breadcrumb","itemListElement":[{"@type":"ListItem","position":1,"name":"Accueil","item":"https:\/\/microbiologie.umontreal.ca\/en\/"},{"@type":"ListItem","position":2,"name":"Brigitte Malette"}]},{"@type":"WebSite","@id":"https:\/\/microbiologie.umontreal.ca\/#website","url":"https:\/\/microbiologie.umontreal.ca\/","name":"D\u00e9partement de microbiologie, infectiologie et immunologie","description":"","potentialAction":[{"@type":"SearchAction","target":{"@type":"EntryPoint","urlTemplate":"https:\/\/microbiologie.umontreal.ca\/?s={search_term_string}"},"query-input":{"@type":"PropertyValueSpecification","valueRequired":true,"valueName":"search_term_string"}}],"inLanguage":"en-US"}]}},"_links":{"self":[{"href":"https:\/\/microbiologie.umontreal.ca\/en\/wp-json\/wp\/v2\/pages\/8653","targetHints":{"allow":["GET"]}}],"collection":[{"href":"https:\/\/microbiologie.umontreal.ca\/en\/wp-json\/wp\/v2\/pages"}],"about":[{"href":"https:\/\/microbiologie.umontreal.ca\/en\/wp-json\/wp\/v2\/types\/page"}],"author":[{"embeddable":true,"href":"https:\/\/microbiologie.umontreal.ca\/en\/wp-json\/wp\/v2\/users\/25"}],"replies":[{"embeddable":true,"href":"https:\/\/microbiologie.umontreal.ca\/en\/wp-json\/wp\/v2\/comments?post=8653"}],"version-history":[{"count":2,"href":"https:\/\/microbiologie.umontreal.ca\/en\/wp-json\/wp\/v2\/pages\/8653\/revisions"}],"predecessor-version":[{"id":8655,"href":"https:\/\/microbiologie.umontreal.ca\/en\/wp-json\/wp\/v2\/pages\/8653\/revisions\/8655"}],"wp:attachment":[{"href":"https:\/\/microbiologie.umontreal.ca\/en\/wp-json\/wp\/v2\/media?parent=8653"}],"curies":[{"name":"wp","href":"https:\/\/api.w.org\/{rel}","templated":true}]}}