{"id":8689,"date":"2017-05-16T21:59:21","date_gmt":"2017-05-16T20:59:21","guid":{"rendered":"https:\/\/microbiologie.umontreal.ca\/stephanie-langevin\/"},"modified":"2018-07-12T21:30:58","modified_gmt":"2018-07-12T20:30:58","slug":"stephanie-langevin","status":"publish","type":"page","link":"https:\/\/microbiologie.umontreal.ca\/en\/professeurs-chercheurs\/stephanie-langevin\/","title":{"rendered":"St\u00e9phanie Langevin"},"content":{"rendered":"<div  class=\" fiche-chercheur  \">\n<div class=\"img noLightbox\"><\/p>\n<p><img loading=\"lazy\" decoding=\"async\" src=\"https:\/\/microbiologie.umontreal.ca\/wp-content\/uploads\/sites\/12\/2017\/05\/stephanie-Langevin-427x600.jpg\" alt=\"\" width=\"236\" height=\"331\" class=\"alignnone wp-image-6591\" srcset=\"https:\/\/microbiologie.umontreal.ca\/wp-content\/uploads\/sites\/12\/2017\/05\/stephanie-Langevin-427x600.jpg 427w, https:\/\/microbiologie.umontreal.ca\/wp-content\/uploads\/sites\/12\/2017\/05\/stephanie-Langevin-729x1024.jpg 729w, https:\/\/microbiologie.umontreal.ca\/wp-content\/uploads\/sites\/12\/2017\/05\/stephanie-Langevin-630x885.jpg 630w, https:\/\/microbiologie.umontreal.ca\/wp-content\/uploads\/sites\/12\/2017\/05\/stephanie-Langevin.jpg 1661w\" sizes=\"auto, (max-width: 236px) 100vw, 236px\" \/><\/p>\n<p><\/div>\n<table style=\"width: 420px\">\n<tbody>\n<tr>\n<td style=\"width: 78px\"><strong>Title:<\/strong><\/td>\n<td style=\"width: 342px\">Clinical instructor<\/td>\n<\/tr>\n<tr>\n<td style=\"width: 78px\"><strong>Address:<\/strong><\/td>\n<td style=\"width: 342px\">D\u00e9partement de biologie m\u00e9dicale<br \/>\nService de microbiologie<br \/>\nLaboratoires cliniques du centre Universitaire de sant\u00e9 McGill &#8211; H\u00f4pital de Rouyn-Noranda<br \/>\n4, 9\u00e8me rue<br \/>\nRouyn-Noranda (Qu\u00e9bec) J9X 2B2<\/td>\n<\/tr>\n<tr>\n<td style=\"width: 78px\"><strong>Phone:<\/strong><\/td>\n<td style=\"width: 342px\">819-764-5131 # 0<\/td>\n<\/tr>\n<tr>\n<td style=\"width: 78px\"><strong>Fax:<\/strong><\/td>\n<td style=\"width: 342px\">819-965-0122<\/td>\n<\/tr>\n<tr>\n<td style=\"width: 78px\"><strong>Email:<\/strong><\/td>\n<td style=\"width: 342px\"><a href=\"mailto:stephlang20@gmail.com\">stephlang20@gmail.com<\/a><\/td>\n<\/tr>\n<\/tbody>\n<\/table>\n<\/div><br \/>\n<hr\/><\/p>\n<h2 style=\"text-align: justify\"><strong>Biography<\/strong><\/h2>\n<p style=\"text-align: justify\">Dr. Langevin completed her Ph.D. in medicine at the Universit\u00e9 de Montr\u00e9al in 2005 and graduated as a Specialist in Infectious Diseases and Medical Microbiology in 2013. She then completed a complementary clinical training in tropical diseases and tuberculosis Universita degli Studi of Brescia in Italy, Kathmandu in Nepal and Cayetano Heredia University in Lima, Peru. She now practices as a microbiologist-infectiologist in the CISSS Abitibi-T\u00e9miscamingue where she is head of the department of infectious diseases. She is a member of the regional infection control committee, the regional antibiogovernance committee and the regional laboratories \/ optilab committee. She is responsible for the regional HIV clinic and HIV-viral hepatitis co-infections. She also works at the CHUM Foundation&#8217;s travel health clinic where she conducts tropical medicine post-trip clinics. She is also a medical adviser at the Quebec National Institute of Public Health (INSPQ) on the Qu\u00e9bec Advisory Committee on Travelers&#8217; Health (CCQSV).<\/p>\n<p style=\"text-align: justify\"><hr\/><\/p>\n<h2 style=\"text-align: justify\"><strong>Team\u00a0<\/strong><\/h2>\n<p style=\"text-align: justify\">To come up<\/p>\n<p style=\"text-align: justify\"><hr\/><\/p>\n<h2 style=\"text-align: justify\"><strong>Theme<\/strong><\/h2>\n<ul style=\"text-align: justify\">\n<li>Tropical Diseases<\/li>\n<li>Mycobacteria<\/li>\n<li>Optimal use of diagnostic and antimicrobial tests<\/li>\n<\/ul>\n<p style=\"text-align: justify\"><hr\/><\/p>\n<h2 style=\"text-align: justify\"><strong>Research topics<\/strong><\/h2>\n<p style=\"text-align: justify\">To come up<\/p>\n<p style=\"text-align: justify\">\u00a0<hr\/><\/p>\n<h2 style=\"text-align: justify\"><strong>Publications<\/strong><\/h2>\n<p style=\"text-align: justify\">To come up<\/p>\n","protected":false},"excerpt":{"rendered":"<p>Biography Dr. Langevin completed her Ph.D. in medicine at the Universit\u00e9 de Montr\u00e9al in 2005 and graduated as a Specialist in Infectious Diseases and Medical Microbiology in 2013. She then [&hellip;]<\/p>\n","protected":false},"author":26,"featured_media":0,"parent":11407,"menu_order":0,"comment_status":"closed","ping_status":"closed","template":"","meta":{"footnotes":""},"class_list":["post-8689","page","type-page","status-publish","hentry"],"yoast_head":"<!-- This site is optimized with the Yoast SEO plugin v25.0 - https:\/\/yoast.com\/wordpress\/plugins\/seo\/ -->\n<title>St\u00e9phanie Langevin - D\u00e9partement de microbiologie, infectiologie et immunologie - Universit\u00e9 de Montr\u00e9al<\/title>\n<meta name=\"robots\" content=\"index, follow, max-snippet:-1, max-image-preview:large, max-video-preview:-1\" \/>\n<link rel=\"canonical\" href=\"https:\/\/microbiologie.umontreal.ca\/en\/professeurs-chercheurs\/stephanie-langevin\/\" \/>\n<meta property=\"og:locale\" content=\"en_US\" \/>\n<meta property=\"og:type\" content=\"article\" \/>\n<meta property=\"og:title\" content=\"St\u00e9phanie Langevin - D\u00e9partement de microbiologie, infectiologie et immunologie - Universit\u00e9 de Montr\u00e9al\" \/>\n<meta property=\"og:description\" content=\"Biography Dr. Langevin completed her Ph.D. in medicine at the Universit\u00e9 de Montr\u00e9al in 2005 and graduated as a Specialist in Infectious Diseases and Medical Microbiology in 2013. She then [&hellip;]\" \/>\n<meta property=\"og:url\" content=\"https:\/\/microbiologie.umontreal.ca\/en\/professeurs-chercheurs\/stephanie-langevin\/\" \/>\n<meta property=\"og:site_name\" content=\"D\u00e9partement de microbiologie, infectiologie et immunologie\" \/>\n<meta property=\"article:modified_time\" content=\"2018-07-12T20:30:58+00:00\" \/>\n<meta property=\"og:image\" content=\"https:\/\/microbiologie.umontreal.ca\/wp-content\/uploads\/sites\/12\/2017\/05\/stephanie-Langevin-427x600.jpg\" \/>\n<meta name=\"twitter:label1\" content=\"Est. reading time\" \/>\n\t<meta name=\"twitter:data1\" content=\"1 minute\" \/>\n<script type=\"application\/ld+json\" class=\"yoast-schema-graph\">{\"@context\":\"https:\/\/schema.org\",\"@graph\":[{\"@type\":\"WebPage\",\"@id\":\"https:\/\/microbiologie.umontreal.ca\/en\/professeurs-chercheurs\/stephanie-langevin\/\",\"url\":\"https:\/\/microbiologie.umontreal.ca\/en\/professeurs-chercheurs\/stephanie-langevin\/\",\"name\":\"St\u00e9phanie Langevin - D\u00e9partement de microbiologie, infectiologie et immunologie - Universit\u00e9 de Montr\u00e9al\",\"isPartOf\":{\"@id\":\"https:\/\/microbiologie.umontreal.ca\/#website\"},\"primaryImageOfPage\":{\"@id\":\"https:\/\/microbiologie.umontreal.ca\/en\/professeurs-chercheurs\/stephanie-langevin\/#primaryimage\"},\"image\":{\"@id\":\"https:\/\/microbiologie.umontreal.ca\/en\/professeurs-chercheurs\/stephanie-langevin\/#primaryimage\"},\"thumbnailUrl\":\"https:\/\/microbiologie.umontreal.ca\/wp-content\/uploads\/sites\/12\/2017\/05\/stephanie-Langevin-427x600.jpg\",\"datePublished\":\"2017-05-16T20:59:21+00:00\",\"dateModified\":\"2018-07-12T20:30:58+00:00\",\"breadcrumb\":{\"@id\":\"https:\/\/microbiologie.umontreal.ca\/en\/professeurs-chercheurs\/stephanie-langevin\/#breadcrumb\"},\"inLanguage\":\"en-US\",\"potentialAction\":[{\"@type\":\"ReadAction\",\"target\":[\"https:\/\/microbiologie.umontreal.ca\/en\/professeurs-chercheurs\/stephanie-langevin\/\"]}]},{\"@type\":\"ImageObject\",\"inLanguage\":\"en-US\",\"@id\":\"https:\/\/microbiologie.umontreal.ca\/en\/professeurs-chercheurs\/stephanie-langevin\/#primaryimage\",\"url\":\"https:\/\/microbiologie.umontreal.ca\/wp-content\/uploads\/sites\/12\/2017\/05\/stephanie-Langevin-427x600.jpg\",\"contentUrl\":\"https:\/\/microbiologie.umontreal.ca\/wp-content\/uploads\/sites\/12\/2017\/05\/stephanie-Langevin-427x600.jpg\"},{\"@type\":\"BreadcrumbList\",\"@id\":\"https:\/\/microbiologie.umontreal.ca\/en\/professeurs-chercheurs\/stephanie-langevin\/#breadcrumb\",\"itemListElement\":[{\"@type\":\"ListItem\",\"position\":1,\"name\":\"Accueil\",\"item\":\"https:\/\/microbiologie.umontreal.ca\/en\/\"},{\"@type\":\"ListItem\",\"position\":2,\"name\":\"Professeurs-chercheurs\",\"item\":\"https:\/\/microbiologie.umontreal.ca\/en\/professeurs-chercheurs\/\"},{\"@type\":\"ListItem\",\"position\":3,\"name\":\"St\u00e9phanie Langevin\"}]},{\"@type\":\"WebSite\",\"@id\":\"https:\/\/microbiologie.umontreal.ca\/#website\",\"url\":\"https:\/\/microbiologie.umontreal.ca\/\",\"name\":\"D\u00e9partement de microbiologie, infectiologie et immunologie\",\"description\":\"\",\"potentialAction\":[{\"@type\":\"SearchAction\",\"target\":{\"@type\":\"EntryPoint\",\"urlTemplate\":\"https:\/\/microbiologie.umontreal.ca\/?s={search_term_string}\"},\"query-input\":{\"@type\":\"PropertyValueSpecification\",\"valueRequired\":true,\"valueName\":\"search_term_string\"}}],\"inLanguage\":\"en-US\"}]}<\/script>\n<!-- \/ Yoast SEO plugin. -->","yoast_head_json":{"title":"St\u00e9phanie Langevin - D\u00e9partement de microbiologie, infectiologie et immunologie - Universit\u00e9 de Montr\u00e9al","robots":{"index":"index","follow":"follow","max-snippet":"max-snippet:-1","max-image-preview":"max-image-preview:large","max-video-preview":"max-video-preview:-1"},"canonical":"https:\/\/microbiologie.umontreal.ca\/en\/professeurs-chercheurs\/stephanie-langevin\/","og_locale":"en_US","og_type":"article","og_title":"St\u00e9phanie Langevin - D\u00e9partement de microbiologie, infectiologie et immunologie - Universit\u00e9 de Montr\u00e9al","og_description":"Biography Dr. Langevin completed her Ph.D. in medicine at the Universit\u00e9 de Montr\u00e9al in 2005 and graduated as a Specialist in Infectious Diseases and Medical Microbiology in 2013. She then [&hellip;]","og_url":"https:\/\/microbiologie.umontreal.ca\/en\/professeurs-chercheurs\/stephanie-langevin\/","og_site_name":"D\u00e9partement de microbiologie, infectiologie et immunologie","article_modified_time":"2018-07-12T20:30:58+00:00","og_image":[{"url":"https:\/\/microbiologie.umontreal.ca\/wp-content\/uploads\/sites\/12\/2017\/05\/stephanie-Langevin-427x600.jpg","type":"","width":"","height":""}],"twitter_misc":{"Est. reading time":"1 minute"},"schema":{"@context":"https:\/\/schema.org","@graph":[{"@type":"WebPage","@id":"https:\/\/microbiologie.umontreal.ca\/en\/professeurs-chercheurs\/stephanie-langevin\/","url":"https:\/\/microbiologie.umontreal.ca\/en\/professeurs-chercheurs\/stephanie-langevin\/","name":"St\u00e9phanie Langevin - D\u00e9partement de microbiologie, infectiologie et immunologie - Universit\u00e9 de Montr\u00e9al","isPartOf":{"@id":"https:\/\/microbiologie.umontreal.ca\/#website"},"primaryImageOfPage":{"@id":"https:\/\/microbiologie.umontreal.ca\/en\/professeurs-chercheurs\/stephanie-langevin\/#primaryimage"},"image":{"@id":"https:\/\/microbiologie.umontreal.ca\/en\/professeurs-chercheurs\/stephanie-langevin\/#primaryimage"},"thumbnailUrl":"https:\/\/microbiologie.umontreal.ca\/wp-content\/uploads\/sites\/12\/2017\/05\/stephanie-Langevin-427x600.jpg","datePublished":"2017-05-16T20:59:21+00:00","dateModified":"2018-07-12T20:30:58+00:00","breadcrumb":{"@id":"https:\/\/microbiologie.umontreal.ca\/en\/professeurs-chercheurs\/stephanie-langevin\/#breadcrumb"},"inLanguage":"en-US","potentialAction":[{"@type":"ReadAction","target":["https:\/\/microbiologie.umontreal.ca\/en\/professeurs-chercheurs\/stephanie-langevin\/"]}]},{"@type":"ImageObject","inLanguage":"en-US","@id":"https:\/\/microbiologie.umontreal.ca\/en\/professeurs-chercheurs\/stephanie-langevin\/#primaryimage","url":"https:\/\/microbiologie.umontreal.ca\/wp-content\/uploads\/sites\/12\/2017\/05\/stephanie-Langevin-427x600.jpg","contentUrl":"https:\/\/microbiologie.umontreal.ca\/wp-content\/uploads\/sites\/12\/2017\/05\/stephanie-Langevin-427x600.jpg"},{"@type":"BreadcrumbList","@id":"https:\/\/microbiologie.umontreal.ca\/en\/professeurs-chercheurs\/stephanie-langevin\/#breadcrumb","itemListElement":[{"@type":"ListItem","position":1,"name":"Accueil","item":"https:\/\/microbiologie.umontreal.ca\/en\/"},{"@type":"ListItem","position":2,"name":"Professeurs-chercheurs","item":"https:\/\/microbiologie.umontreal.ca\/en\/professeurs-chercheurs\/"},{"@type":"ListItem","position":3,"name":"St\u00e9phanie Langevin"}]},{"@type":"WebSite","@id":"https:\/\/microbiologie.umontreal.ca\/#website","url":"https:\/\/microbiologie.umontreal.ca\/","name":"D\u00e9partement de microbiologie, infectiologie et immunologie","description":"","potentialAction":[{"@type":"SearchAction","target":{"@type":"EntryPoint","urlTemplate":"https:\/\/microbiologie.umontreal.ca\/?s={search_term_string}"},"query-input":{"@type":"PropertyValueSpecification","valueRequired":true,"valueName":"search_term_string"}}],"inLanguage":"en-US"}]}},"_links":{"self":[{"href":"https:\/\/microbiologie.umontreal.ca\/en\/wp-json\/wp\/v2\/pages\/8689","targetHints":{"allow":["GET"]}}],"collection":[{"href":"https:\/\/microbiologie.umontreal.ca\/en\/wp-json\/wp\/v2\/pages"}],"about":[{"href":"https:\/\/microbiologie.umontreal.ca\/en\/wp-json\/wp\/v2\/types\/page"}],"author":[{"embeddable":true,"href":"https:\/\/microbiologie.umontreal.ca\/en\/wp-json\/wp\/v2\/users\/26"}],"replies":[{"embeddable":true,"href":"https:\/\/microbiologie.umontreal.ca\/en\/wp-json\/wp\/v2\/comments?post=8689"}],"version-history":[{"count":4,"href":"https:\/\/microbiologie.umontreal.ca\/en\/wp-json\/wp\/v2\/pages\/8689\/revisions"}],"predecessor-version":[{"id":8693,"href":"https:\/\/microbiologie.umontreal.ca\/en\/wp-json\/wp\/v2\/pages\/8689\/revisions\/8693"}],"up":[{"embeddable":true,"href":"https:\/\/microbiologie.umontreal.ca\/en\/wp-json\/wp\/v2\/pages\/11407"}],"wp:attachment":[{"href":"https:\/\/microbiologie.umontreal.ca\/en\/wp-json\/wp\/v2\/media?parent=8689"}],"curies":[{"name":"wp","href":"https:\/\/api.w.org\/{rel}","templated":true}]}}