{"id":9009,"date":"2018-11-27T21:23:18","date_gmt":"2018-11-27T20:23:18","guid":{"rendered":"https:\/\/microbiologie.umontreal.ca\/marie-claude-bourgeois-daigneault\/"},"modified":"2021-07-27T20:04:53","modified_gmt":"2021-07-27T19:04:53","slug":"marie-claude-bourgeois-daigneault","status":"publish","type":"page","link":"https:\/\/microbiologie.umontreal.ca\/en\/professeurs-chercheurs\/marie-claude-bourgeois-daigneault\/","title":{"rendered":"Marie-Claude Bourgeois-Daigneault"},"content":{"rendered":"<p style=\"text-align: justify\"><div  class=\" fiche-chercheur  \">\n<p style=\"text-align: justify\"><div class=\"img noLightbox\"><\/p>\n<p style=\"text-align: justify\"><img loading=\"lazy\" decoding=\"async\" src=\"https:\/\/microbiologie.umontreal.ca\/wp-content\/uploads\/sites\/12\/2018\/11\/Bourgeois-Daigneault-Marie-Claude_4576m-002-450x318.jpg\" alt=\"\" width=\"327\" height=\"231\" class=\"alignnone wp-image-8998\" srcset=\"https:\/\/microbiologie.umontreal.ca\/wp-content\/uploads\/sites\/12\/2018\/11\/Bourgeois-Daigneault-Marie-Claude_4576m-002-450x318.jpg 450w, https:\/\/microbiologie.umontreal.ca\/wp-content\/uploads\/sites\/12\/2018\/11\/Bourgeois-Daigneault-Marie-Claude_4576m-002-1024x723.jpg 1024w, https:\/\/microbiologie.umontreal.ca\/wp-content\/uploads\/sites\/12\/2018\/11\/Bourgeois-Daigneault-Marie-Claude_4576m-002-610x431.jpg 610w\" sizes=\"auto, (max-width: 327px) 100vw, 327px\" \/><\/p>\n<p style=\"text-align: justify\"><\/div><\/p>\n<table style=\"width: 411px\">\n<tbody>\n<tr>\n<td style=\"width: 103px\"><strong>Title:<\/strong><\/td>\n<td style=\"width: 308px\">Associate professor<\/td>\n<\/tr>\n<tr>\n<td style=\"width: 103px\"><strong>Adress:<\/strong><\/td>\n<td style=\"width: 308px\">Centre de recherche du CHUM et Institut du cancer de Montr\u00e9al<\/p>\n<p>D\u00e9partement de microbiologie, infectiologie et immunologie<\/td>\n<\/tr>\n<tr>\n<td style=\"width: 103px\"><strong>Room:<\/strong><\/td>\n<td style=\"width: 308px\">Office: CRCHUM, R10.480<br \/>\nLab: CRCHUM, R10.720<\/td>\n<\/tr>\n<tr>\n<td style=\"width: 103px\"><strong>Phone:<\/strong><\/td>\n<td style=\"width: 308px\">Office: 514-890-8000, poste 12732<\/td>\n<\/tr>\n<tr>\n<td style=\"width: 103px\"><strong>Fax:<\/strong><\/td>\n<td style=\"width: 308px\">514-412-7591<\/td>\n<\/tr>\n<tr>\n<td style=\"width: 103px\"><strong>Email:<\/strong><\/td>\n<td style=\"width: 308px\"><a href=\"mailto:marie-claude.bourgeois-daigneault@umontreal.ca\">marie-claude.bourgeois-daigneault@umontreal.ca<\/a><\/td>\n<\/tr>\n<\/tbody>\n<\/table>\n<p style=\"text-align: justify\"><\/div><\/p>\n<p style=\"text-align: justify\"><hr\/><\/p>\n<h2 style=\"text-align: justify\"><strong>Biography<\/strong><\/h2>\n<p style=\"text-align: justify\">I conducted my PhD at the University of Montreal under the supervision of Dr. Jacques Thibodeau after which I joined the group of Dr. John Bell as a postdoctoral fellow\u00a0in Ottawa. Now that I am an independent scientist at the &#8220;Institut du Cancer de Montr\u00e9al&#8221; and at the &#8220;Centre de Recherche du CHUM&#8221;, my work specializes on cancer immunotherapy. More specifically, how to use viruses to specifically kill cancers as well as to create anti-cancer vaccines. These so-called oncolytic viruses constitute a novel form of immunotherapeutic cancer treatments.<\/p>\n<p style=\"text-align: justify\"><hr\/><\/p>\n<h2><strong>Team<\/strong><\/h2>\n<ul>\n<li>Victor Mullins-Dansereau, \u00e9tudiant au troisi\u00e8me cycle<\/li>\n<li>Karen Geoffroy, \u00e9tudiante au troisi\u00e8me cycle<\/li>\n<li>Delphine B\u00e9land, \u00e9tudiante au troisi\u00e8me cycle<\/li>\n<li>Stamatios Paradisis, \u00e9tudiant au troisi\u00e8me cycle<\/li>\n<li>Bruna Araripe Saraiva, \u00e9tudiante au deuxi\u00e8me cycle<\/li>\n<li>Kishan Shamjibhai Italiya, stagiaire postdoctoral<\/li>\n<li>Alexandra Buccilli, stagiaire<\/li>\n<li>Gregory Cormack, assistant de recherche<\/li>\n<\/ul>\n<p style=\"text-align: justify\"><hr\/><\/p>\n<h2 style=\"text-align: justify\"><strong>Themes<\/strong><\/h2>\n<ul style=\"text-align: justify\">\n<li>Cancer<\/li>\n<li>Oncolytic viruses<\/li>\n<li>Immunotherapy<\/li>\n<li>Cancer vaccines<\/li>\n<li>Breast cancer<\/li>\n<li>Leukemia<\/li>\n<li>Ovarian cancer<\/li>\n<\/ul>\n<p style=\"text-align: justify\"><hr\/><\/p>\n<h2><strong>Research topics<\/strong><\/h2>\n<p>Our research team studies the use of oncolytic viruses for cancer immunotherapy.<\/p>\n<p>More specifically, our research program includes 3 main facets:<\/p>\n<ul>\n<li><strong> <\/strong>The use of oncolytic viruses as platforms for personalized anti-cancer vaccination<\/li>\n<li><strong> <\/strong>The development of novel vaccination strategies using oncolytic viruses and bacteria<\/li>\n<li><strong> <\/strong>The study of the role of the immunoproteasome for the immunotherapeutic activity of oncolytic viruses<\/li>\n<\/ul>\n<p style=\"text-align: justify\"><hr\/><\/p>\n<h2 style=\"text-align: justify\"><strong>Publications<\/strong><\/h2>\n<ul>\n<li style=\"text-align: justify\"><strong>Bourgeois-Daigneault<\/strong><strong>C<\/strong>, Roy D.G, Falls T, Twumasi-Boateng K, St-Germain L.E, Marguerie M, Garcia V, Selman M, Jennings V.A, Pettigrew J, Amos S, Diallo J.S, Nelson B and Bell J.C. <u>Oncolytic vesicular stomatitis virus expressing interferon-<\/u><u>\u03b3<\/u><u> has enhanced therapeutic activity<\/u>. <a href=\"https:\/\/www.ncbi.nlm.nih.gov\/pubmed\/27119116\"><em>Molecular Therapy-Oncolytics<\/em> 2016<\/a>.<\/li>\n<li style=\"text-align: justify\">Falls T, Roy D.G, Bell J.C and <strong>Bourgeois-Daigneault<\/strong><strong>C<\/strong>. <u>Murine Tumor Models for Oncolytic Rhabdo-Virotherapy<\/u>. <a href=\"https:\/\/www.ncbi.nlm.nih.gov\/pubmed\/27034397\"><em>ILAR Journal<\/em> 2016<\/a>. <strong>*Corresponding author<\/strong><\/li>\n<li style=\"text-align: justify\"><strong>Bourgeois-Daigneault<\/strong><strong>C*<\/strong>, St-Germain L.E, Roy D.G, Pelin A, Aitken A.S, Arulanandam R, Falls T, Garcia V, Diallo J.S and Bell J.C. <u>Combination of Paclitaxel and MG1 oncolytic virus as a successful strategy for breast cancer treatment<\/u>. <a href=\"https:\/\/www.ncbi.nlm.nih.gov\/pubmed\/27503504\"><em>Breast Cancer Research<\/em> 2016<\/a>.<\/li>\n<li style=\"text-align: justify\">Aitken A, Roy D and <strong>Bourgeois-Daigneault M.C<\/strong>. <u>Taking a stab at cancer\u00a0; Oncolytic virus-mediated anti-cancer vaccination strategies<\/u>. <a href=\"https:\/\/www.ncbi.nlm.nih.gov\/pubmed\/28536346\"><em>Biomedicines 2017<\/em><\/a><em>.<\/em><\/li>\n<li style=\"text-align: justify\">Aitken A.S, Roy D.G, Martin N.T, Sad S, Bell, J.C and <strong>Bourgeois-Daigneault M.C. <\/strong><u>Brief communication;<\/u> <u>A heterologous oncolytic bacteria-virus prime-boost approach for anti-cancer vaccination in mice<\/u>. <em><a href=\"https:\/\/www.ncbi.nlm.nih.gov\/pubmed\/29293165\">Journal of Immunotherapy 2018<\/a>.<\/em><\/li>\n<li style=\"text-align: justify\"><strong>Bourgeois-Daigneault M.C<\/strong>, Roy D.G, Aitken A.S, El Sayes N, Martin N.T, Varette O, Falls T, St-Germain L.E, Pelin A, Lichty B.D, Stojdl D.F, Ungerechts G, Diallo J.S. and Bell J.C. <u>Neo-adjuvant oncolytic virotherapy prior to surgery sensitizes triple-negative breast cancer to immune checkpoint therapy<\/u>. <em><a href=\"https:\/\/www.ncbi.nlm.nih.gov\/pubmed\/29298865\">Science Translational Medicine 2018<\/a>.<\/em><\/li>\n<li>Martin N.K, Roy D.G, Workenhe S, Van den Wollenberg D, Hoeben R.C, Mossman K, Bell J.C and <strong>Bourgeois-Daigneault M.C*<\/strong>. <u>Pre-surgical neoadjuvant oncolytic virotherapy confers protection against tumor-rechallenge in a murine model of breast cancer<\/u>. <em><a href=\"https:\/\/pubmed.ncbi.nlm.nih.gov\/30755678\/\">Scientific Reports 2019<\/a>. <\/em><strong>*Corresponding author<\/strong><\/li>\n<li><strong> <\/strong>Mullins-Dansereau V, Petrazzo G, Geoffroy K, Beland D and <strong>Bourgeois-Daigneault M.C*. <\/strong><span style=\"text-decoration: underline\">Presurgical oncolytic virotherapy improves breast cancer outcomes<\/span>. <a href=\"https:\/\/pubmed.ncbi.nlm.nih.gov\/31646102\/\"><em>OncoImmunology, 2019<\/em><\/a>. <strong>*Corresponding author<\/strong><\/li>\n<li><strong> <\/strong>Roy D.G, Bell J.C and <strong>Bourgeois-Daigneault M.C.<\/strong> <span style=\"text-decoration: underline\">Magnetic targeting of oncolytic VSV-based therapies improves infection of tumor cells in the presence of virus-specific neutralizing antibodies in\u00a0vitro<\/span>. <a href=\"https:\/\/pubmed.ncbi.nlm.nih.gov\/32248971\/\"><em>Biochemical and Biophysical Research Communications<\/em>, volume 526, p. 641-646, 2020<\/a>.<\/li>\n<li><strong> <\/strong>Geoffroy K and <strong>Bourgeois-Daigneault M.C.<\/strong> <span style=\"text-decoration: underline\">The pros and cons of interferons for oncolytic virotherapy<\/span>. <a href=\"https:\/\/pubmed.ncbi.nlm.nih.gov\/32694051\/\"><em>Cytokine and Growth Factor Reviews<\/em>, December p. 49-58, 2020<\/a>.<\/li>\n<li><strong> <\/strong>Jenner A.L, Cassidy T, Belaid K, <strong>Bourgeois-Daigneault M.C<\/strong> and Craig M. <span style=\"text-decoration: underline\">In silico trials predict that combination strategies for enhancing vesicular stomatitis oncolytic virus are determined by tumor aggressivity<\/span>. <a href=\"https:\/\/pubmed.ncbi.nlm.nih.gov\/33608375\/\"><em>Journal for ImmunoTherapy of Cancer<\/em>, volume 9, e001387, 2021<\/a>.<\/li>\n<li><strong> <\/strong>Roy D.G, Geoffroy K, Marguerie M, Khan S.T, Martin N.T, Kmiecik J, Bobbala D, Aitken S, de Souza C.T, Stephenson K,B, Lichty B.D, Auer R.C, Stojdl D.F, Bell J.C and <strong>Bourgeois-Daigneault M.C*<\/strong>. <span style=\"text-decoration: underline\">Adjuvant oncolytic virotherapy for personalized anti-cancer vaccination<\/span>. <a href=\"https:\/\/pubmed.ncbi.nlm.nih.gov\/33976179\/\"><em>Nature Communications<\/em>, volume 12, article 2621, 2021<\/a><em>.<\/em><\/li>\n<\/ul>\n","protected":false},"excerpt":{"rendered":"<p>Biography I conducted my PhD at the University of Montreal under the supervision of Dr. Jacques Thibodeau after which I joined the group of Dr. John Bell as a postdoctoral [&hellip;]<\/p>\n","protected":false},"author":26,"featured_media":0,"parent":11407,"menu_order":0,"comment_status":"closed","ping_status":"closed","template":"","meta":{"footnotes":""},"class_list":["post-9009","page","type-page","status-publish","hentry"],"yoast_head":"<!-- This site is optimized with the Yoast SEO plugin v25.0 - https:\/\/yoast.com\/wordpress\/plugins\/seo\/ -->\n<title>Marie-Claude Bourgeois-Daigneault - D\u00e9partement de microbiologie, infectiologie et immunologie - Universit\u00e9 de Montr\u00e9al<\/title>\n<meta name=\"robots\" content=\"index, follow, max-snippet:-1, max-image-preview:large, max-video-preview:-1\" \/>\n<link rel=\"canonical\" href=\"https:\/\/microbiologie.umontreal.ca\/en\/professeurs-chercheurs\/marie-claude-bourgeois-daigneault\/\" \/>\n<meta property=\"og:locale\" content=\"en_US\" \/>\n<meta property=\"og:type\" content=\"article\" \/>\n<meta property=\"og:title\" content=\"Marie-Claude Bourgeois-Daigneault - D\u00e9partement de microbiologie, infectiologie et immunologie - Universit\u00e9 de Montr\u00e9al\" \/>\n<meta property=\"og:description\" content=\"Biography I conducted my PhD at the University of Montreal under the supervision of Dr. Jacques Thibodeau after which I joined the group of Dr. John Bell as a postdoctoral [&hellip;]\" \/>\n<meta property=\"og:url\" content=\"https:\/\/microbiologie.umontreal.ca\/en\/professeurs-chercheurs\/marie-claude-bourgeois-daigneault\/\" \/>\n<meta property=\"og:site_name\" content=\"D\u00e9partement de microbiologie, infectiologie et immunologie\" \/>\n<meta property=\"article:modified_time\" content=\"2021-07-27T19:04:53+00:00\" \/>\n<meta property=\"og:image\" content=\"https:\/\/microbiologie.umontreal.ca\/wp-content\/uploads\/sites\/12\/2018\/11\/Bourgeois-Daigneault-Marie-Claude_4576m-002-450x318.jpg\" \/>\n<meta name=\"twitter:label1\" content=\"Est. reading time\" \/>\n\t<meta name=\"twitter:data1\" content=\"4 minutes\" \/>\n<script type=\"application\/ld+json\" class=\"yoast-schema-graph\">{\"@context\":\"https:\/\/schema.org\",\"@graph\":[{\"@type\":\"WebPage\",\"@id\":\"https:\/\/microbiologie.umontreal.ca\/en\/professeurs-chercheurs\/marie-claude-bourgeois-daigneault\/\",\"url\":\"https:\/\/microbiologie.umontreal.ca\/en\/professeurs-chercheurs\/marie-claude-bourgeois-daigneault\/\",\"name\":\"Marie-Claude Bourgeois-Daigneault - D\u00e9partement de microbiologie, infectiologie et immunologie - Universit\u00e9 de Montr\u00e9al\",\"isPartOf\":{\"@id\":\"https:\/\/microbiologie.umontreal.ca\/#website\"},\"primaryImageOfPage\":{\"@id\":\"https:\/\/microbiologie.umontreal.ca\/en\/professeurs-chercheurs\/marie-claude-bourgeois-daigneault\/#primaryimage\"},\"image\":{\"@id\":\"https:\/\/microbiologie.umontreal.ca\/en\/professeurs-chercheurs\/marie-claude-bourgeois-daigneault\/#primaryimage\"},\"thumbnailUrl\":\"https:\/\/microbiologie.umontreal.ca\/wp-content\/uploads\/sites\/12\/2018\/11\/Bourgeois-Daigneault-Marie-Claude_4576m-002-450x318.jpg\",\"datePublished\":\"2018-11-27T20:23:18+00:00\",\"dateModified\":\"2021-07-27T19:04:53+00:00\",\"breadcrumb\":{\"@id\":\"https:\/\/microbiologie.umontreal.ca\/en\/professeurs-chercheurs\/marie-claude-bourgeois-daigneault\/#breadcrumb\"},\"inLanguage\":\"en-US\",\"potentialAction\":[{\"@type\":\"ReadAction\",\"target\":[\"https:\/\/microbiologie.umontreal.ca\/en\/professeurs-chercheurs\/marie-claude-bourgeois-daigneault\/\"]}]},{\"@type\":\"ImageObject\",\"inLanguage\":\"en-US\",\"@id\":\"https:\/\/microbiologie.umontreal.ca\/en\/professeurs-chercheurs\/marie-claude-bourgeois-daigneault\/#primaryimage\",\"url\":\"https:\/\/microbiologie.umontreal.ca\/wp-content\/uploads\/sites\/12\/2018\/11\/Bourgeois-Daigneault-Marie-Claude_4576m-002-450x318.jpg\",\"contentUrl\":\"https:\/\/microbiologie.umontreal.ca\/wp-content\/uploads\/sites\/12\/2018\/11\/Bourgeois-Daigneault-Marie-Claude_4576m-002-450x318.jpg\"},{\"@type\":\"BreadcrumbList\",\"@id\":\"https:\/\/microbiologie.umontreal.ca\/en\/professeurs-chercheurs\/marie-claude-bourgeois-daigneault\/#breadcrumb\",\"itemListElement\":[{\"@type\":\"ListItem\",\"position\":1,\"name\":\"Accueil\",\"item\":\"https:\/\/microbiologie.umontreal.ca\/en\/\"},{\"@type\":\"ListItem\",\"position\":2,\"name\":\"Professeurs-chercheurs\",\"item\":\"https:\/\/microbiologie.umontreal.ca\/en\/professeurs-chercheurs\/\"},{\"@type\":\"ListItem\",\"position\":3,\"name\":\"Marie-Claude Bourgeois-Daigneault\"}]},{\"@type\":\"WebSite\",\"@id\":\"https:\/\/microbiologie.umontreal.ca\/#website\",\"url\":\"https:\/\/microbiologie.umontreal.ca\/\",\"name\":\"D\u00e9partement de microbiologie, infectiologie et immunologie\",\"description\":\"\",\"potentialAction\":[{\"@type\":\"SearchAction\",\"target\":{\"@type\":\"EntryPoint\",\"urlTemplate\":\"https:\/\/microbiologie.umontreal.ca\/?s={search_term_string}\"},\"query-input\":{\"@type\":\"PropertyValueSpecification\",\"valueRequired\":true,\"valueName\":\"search_term_string\"}}],\"inLanguage\":\"en-US\"}]}<\/script>\n<!-- \/ Yoast SEO plugin. -->","yoast_head_json":{"title":"Marie-Claude Bourgeois-Daigneault - D\u00e9partement de microbiologie, infectiologie et immunologie - Universit\u00e9 de Montr\u00e9al","robots":{"index":"index","follow":"follow","max-snippet":"max-snippet:-1","max-image-preview":"max-image-preview:large","max-video-preview":"max-video-preview:-1"},"canonical":"https:\/\/microbiologie.umontreal.ca\/en\/professeurs-chercheurs\/marie-claude-bourgeois-daigneault\/","og_locale":"en_US","og_type":"article","og_title":"Marie-Claude Bourgeois-Daigneault - D\u00e9partement de microbiologie, infectiologie et immunologie - Universit\u00e9 de Montr\u00e9al","og_description":"Biography I conducted my PhD at the University of Montreal under the supervision of Dr. Jacques Thibodeau after which I joined the group of Dr. John Bell as a postdoctoral [&hellip;]","og_url":"https:\/\/microbiologie.umontreal.ca\/en\/professeurs-chercheurs\/marie-claude-bourgeois-daigneault\/","og_site_name":"D\u00e9partement de microbiologie, infectiologie et immunologie","article_modified_time":"2021-07-27T19:04:53+00:00","og_image":[{"url":"https:\/\/microbiologie.umontreal.ca\/wp-content\/uploads\/sites\/12\/2018\/11\/Bourgeois-Daigneault-Marie-Claude_4576m-002-450x318.jpg","type":"","width":"","height":""}],"twitter_misc":{"Est. reading time":"4 minutes"},"schema":{"@context":"https:\/\/schema.org","@graph":[{"@type":"WebPage","@id":"https:\/\/microbiologie.umontreal.ca\/en\/professeurs-chercheurs\/marie-claude-bourgeois-daigneault\/","url":"https:\/\/microbiologie.umontreal.ca\/en\/professeurs-chercheurs\/marie-claude-bourgeois-daigneault\/","name":"Marie-Claude Bourgeois-Daigneault - D\u00e9partement de microbiologie, infectiologie et immunologie - Universit\u00e9 de Montr\u00e9al","isPartOf":{"@id":"https:\/\/microbiologie.umontreal.ca\/#website"},"primaryImageOfPage":{"@id":"https:\/\/microbiologie.umontreal.ca\/en\/professeurs-chercheurs\/marie-claude-bourgeois-daigneault\/#primaryimage"},"image":{"@id":"https:\/\/microbiologie.umontreal.ca\/en\/professeurs-chercheurs\/marie-claude-bourgeois-daigneault\/#primaryimage"},"thumbnailUrl":"https:\/\/microbiologie.umontreal.ca\/wp-content\/uploads\/sites\/12\/2018\/11\/Bourgeois-Daigneault-Marie-Claude_4576m-002-450x318.jpg","datePublished":"2018-11-27T20:23:18+00:00","dateModified":"2021-07-27T19:04:53+00:00","breadcrumb":{"@id":"https:\/\/microbiologie.umontreal.ca\/en\/professeurs-chercheurs\/marie-claude-bourgeois-daigneault\/#breadcrumb"},"inLanguage":"en-US","potentialAction":[{"@type":"ReadAction","target":["https:\/\/microbiologie.umontreal.ca\/en\/professeurs-chercheurs\/marie-claude-bourgeois-daigneault\/"]}]},{"@type":"ImageObject","inLanguage":"en-US","@id":"https:\/\/microbiologie.umontreal.ca\/en\/professeurs-chercheurs\/marie-claude-bourgeois-daigneault\/#primaryimage","url":"https:\/\/microbiologie.umontreal.ca\/wp-content\/uploads\/sites\/12\/2018\/11\/Bourgeois-Daigneault-Marie-Claude_4576m-002-450x318.jpg","contentUrl":"https:\/\/microbiologie.umontreal.ca\/wp-content\/uploads\/sites\/12\/2018\/11\/Bourgeois-Daigneault-Marie-Claude_4576m-002-450x318.jpg"},{"@type":"BreadcrumbList","@id":"https:\/\/microbiologie.umontreal.ca\/en\/professeurs-chercheurs\/marie-claude-bourgeois-daigneault\/#breadcrumb","itemListElement":[{"@type":"ListItem","position":1,"name":"Accueil","item":"https:\/\/microbiologie.umontreal.ca\/en\/"},{"@type":"ListItem","position":2,"name":"Professeurs-chercheurs","item":"https:\/\/microbiologie.umontreal.ca\/en\/professeurs-chercheurs\/"},{"@type":"ListItem","position":3,"name":"Marie-Claude Bourgeois-Daigneault"}]},{"@type":"WebSite","@id":"https:\/\/microbiologie.umontreal.ca\/#website","url":"https:\/\/microbiologie.umontreal.ca\/","name":"D\u00e9partement de microbiologie, infectiologie et immunologie","description":"","potentialAction":[{"@type":"SearchAction","target":{"@type":"EntryPoint","urlTemplate":"https:\/\/microbiologie.umontreal.ca\/?s={search_term_string}"},"query-input":{"@type":"PropertyValueSpecification","valueRequired":true,"valueName":"search_term_string"}}],"inLanguage":"en-US"}]}},"_links":{"self":[{"href":"https:\/\/microbiologie.umontreal.ca\/en\/wp-json\/wp\/v2\/pages\/9009","targetHints":{"allow":["GET"]}}],"collection":[{"href":"https:\/\/microbiologie.umontreal.ca\/en\/wp-json\/wp\/v2\/pages"}],"about":[{"href":"https:\/\/microbiologie.umontreal.ca\/en\/wp-json\/wp\/v2\/types\/page"}],"author":[{"embeddable":true,"href":"https:\/\/microbiologie.umontreal.ca\/en\/wp-json\/wp\/v2\/users\/26"}],"replies":[{"embeddable":true,"href":"https:\/\/microbiologie.umontreal.ca\/en\/wp-json\/wp\/v2\/comments?post=9009"}],"version-history":[{"count":4,"href":"https:\/\/microbiologie.umontreal.ca\/en\/wp-json\/wp\/v2\/pages\/9009\/revisions"}],"predecessor-version":[{"id":12073,"href":"https:\/\/microbiologie.umontreal.ca\/en\/wp-json\/wp\/v2\/pages\/9009\/revisions\/12073"}],"up":[{"embeddable":true,"href":"https:\/\/microbiologie.umontreal.ca\/en\/wp-json\/wp\/v2\/pages\/11407"}],"wp:attachment":[{"href":"https:\/\/microbiologie.umontreal.ca\/en\/wp-json\/wp\/v2\/media?parent=9009"}],"curies":[{"name":"wp","href":"https:\/\/api.w.org\/{rel}","templated":true}]}}