{"id":9051,"date":"2014-07-31T18:52:22","date_gmt":"2014-07-31T18:52:22","guid":{"rendered":"https:\/\/microbiologie.umontreal.ca\/daniel-kaufmann\/"},"modified":"2020-09-24T14:27:54","modified_gmt":"2020-09-24T13:27:54","slug":"daniel-kaufmann","status":"publish","type":"page","link":"https:\/\/microbiologie.umontreal.ca\/en\/professeurs-chercheurs\/daniel-kaufmann\/","title":{"rendered":"Daniel Kaufmann"},"content":{"rendered":"<p style=\"text-align: justify\"><div  class=\" fiche-chercheur  \">\n<p style=\"text-align: justify\"><div class=\"img noLightbox\"><\/p>\n<p style=\"text-align: justify\"><img loading=\"lazy\" decoding=\"async\" class=\"alignnone wp-image-3941\" alt=\"Dr_Kaufmann_1960L&#091;1&#093;\" src=\"https:\/\/microbiologie.umontreal.ca\/wp-content\/uploads\/sites\/12\/Dr_Kaufmann_1960L1-224x300.jpg\" width=\"99\" height=\"133\" srcset=\"https:\/\/microbiologie.umontreal.ca\/wp-content\/uploads\/sites\/12\/Dr_Kaufmann_1960L1-224x300.jpg 224w, https:\/\/microbiologie.umontreal.ca\/wp-content\/uploads\/sites\/12\/Dr_Kaufmann_1960L1-766x1024.jpg 766w, https:\/\/microbiologie.umontreal.ca\/wp-content\/uploads\/sites\/12\/Dr_Kaufmann_1960L1-200x267.jpg 200w, https:\/\/microbiologie.umontreal.ca\/wp-content\/uploads\/sites\/12\/Dr_Kaufmann_1960L1-220x295.jpg 220w, https:\/\/microbiologie.umontreal.ca\/wp-content\/uploads\/sites\/12\/Dr_Kaufmann_1960L1-451x604.jpg 451w, https:\/\/microbiologie.umontreal.ca\/wp-content\/uploads\/sites\/12\/Dr_Kaufmann_1960L1.jpg 1571w\" sizes=\"auto, (max-width: 99px) 100vw, 99px\" \/><\/div><\/p>\n<table class=\"fiche-chercheur\" style=\"width: 371px\">\n<tbody>\n<tr>\n<td class=\"label\" style=\"width: 93px\">Title:<\/td>\n<td style=\"width: 278px\">Geographical full time professor (accredited)<br \/>\nD\u00e9partement de m\u00e9decine et sp\u00e9cialit\u00e9s m\u00e9dicales<\/td>\n<\/tr>\n<tr>\n<td class=\"label\" style=\"width: 93px\">Adress:<\/td>\n<td class=\"info\" style=\"width: 278px\">CHUM Research Centre (CRCHUM)<br \/>\n900, rue St-Denis, bureau 09-456<br \/>\nMontr\u00e9al, (Qu\u00e9bec)\u00a0 H2X 0A9<\/td>\n<\/tr>\n<tr>\n<td class=\"label\" style=\"width: 93px\">Room:<\/td>\n<td style=\"width: 278px\">Office: 09-456<br \/>\nLaboratory: 09-214<\/td>\n<\/tr>\n<tr>\n<td class=\"label\" style=\"width: 93px\">Phone:<\/td>\n<td style=\"width: 278px\">Office: 514 890-8000, ext. 35261<br \/>\nLaboratory: 514 890-8000, ext. 35246<\/td>\n<\/tr>\n<tr>\n<td class=\"label\" style=\"width: 93px\">Fax:<\/td>\n<td class=\"info\" style=\"width: 278px\">514-412-7377<\/td>\n<\/tr>\n<tr>\n<td class=\"label\" style=\"width: 93px\">Email:<\/td>\n<td class=\"info\" style=\"width: 278px\"><a href=\"mailto:daniel.kaufmann@umontreal.ca\">daniel.kaufmann@umontreal.ca<\/a><\/td>\n<\/tr>\n<tr>\n<td class=\"label\" style=\"width: 93px\">Web site:<\/td>\n<td class=\"info\" style=\"width: 278px\"><a href=\"https:\/\/www.chumontreal.qc.ca\/crchum\/chercheurs\/daniel-kaufmann\">https:\/\/www.chumontreal.qc.ca\/crchum\/chercheurs\/daniel-kaufmann<\/a><\/td>\n<\/tr>\n<\/tbody>\n<\/table>\n<p style=\"text-align: justify\"><a href=\"http:\/\/www.cancurehiv.org\"><img loading=\"lazy\" decoding=\"async\" src=\"https:\/\/microbiologie.umontreal.ca\/wp-content\/uploads\/sites\/12\/CanCURE-logo_FR_COLOR-300x111.jpg\" alt=\"CanCURE logo_FR_COLOR\" width=\"205\" height=\"76\" class=\"wp-image-4135 alignleft\" srcset=\"https:\/\/microbiologie.umontreal.ca\/wp-content\/uploads\/sites\/12\/CanCURE-logo_FR_COLOR-300x111.jpg 300w, https:\/\/microbiologie.umontreal.ca\/wp-content\/uploads\/sites\/12\/CanCURE-logo_FR_COLOR-1024x378.jpg 1024w, https:\/\/microbiologie.umontreal.ca\/wp-content\/uploads\/sites\/12\/CanCURE-logo_FR_COLOR-200x74.jpg 200w, https:\/\/microbiologie.umontreal.ca\/wp-content\/uploads\/sites\/12\/CanCURE-logo_FR_COLOR-295x109.jpg 295w, https:\/\/microbiologie.umontreal.ca\/wp-content\/uploads\/sites\/12\/CanCURE-logo_FR_COLOR-198x73.jpg 198w, https:\/\/microbiologie.umontreal.ca\/wp-content\/uploads\/sites\/12\/CanCURE-logo_FR_COLOR-604x223.jpg 604w, https:\/\/microbiologie.umontreal.ca\/wp-content\/uploads\/sites\/12\/CanCURE-logo_FR_COLOR.jpg 1731w\" sizes=\"auto, (max-width: 205px) 100vw, 205px\" \/><\/a><\/div><\/p>\n<p style=\"text-align: justify\"><hr\/><\/p>\n<h2 style=\"text-align: justify\">Biography<\/h2>\n<p style=\"text-align: justify\">Dr. Daniel E. Kaufmann leads a group at the Research Center of the Center Hospitalier de l&#8217;Universit\u00e9 de Montr\u00e9al (CRCHUM) and is head of the Immunopathology research axis at the CRCHUM. He also has clinical responsibilities as a supervising physician in the CHUM Division of Infectious Disease.<\/p>\n<p style=\"text-align: justify\">Dr Kaufmann studied medicine at the universities of Lausanne and Zurich in Switzerland. He specialized in internal medicine and infectios disease. After a postdoctoral internship at the Massachusetts General Hospital in Boston, USA, he was promoted to the faculty at Harvard Medical School. His work has contributed significantly to understanding the mechanisms of immunoregulation and dysfunction of T lymphocytes in HIV infection. In November 2012, Dr. Kaufmann was recruited at the CRCHUM and continues his academic career in the departments of medicine and microbiology, infectiology and immunology at the University of Montreal. His research is funded by several prestigious institutions, including the Canadian Institutes of Health Research (CIHR), the National Institutes of Health (NIH), the Bill and Melinda Gates Foundation and the Canadian Foundation for Innovation (CFI). He is a recipient of a research grant from the Fonds en Recherche Qu\u00e9bec Sant\u00e9 (FRQS). Dr. Kaufmann has published his work in prestigious international journals. He sits on several international committees for the evaluation of applications for funds and research programs and participates in the review of articles for numerous scientific journals. He has active collaborations with a broad network of researchers in Montreal, Canada, the United States, Europe and South Africa.<\/p>\n<p style=\"text-align: justify\"><hr\/><\/p>\n<h2 style=\"text-align: justify\"><strong>Team<\/strong><\/h2>\n<ul style=\"text-align: justify\">\n<li>Mathieu Dub\u00e9, MSc, PhD, research associate<\/li>\n<li>Nathalie Brassard, B.Sc, laboratory manager<\/li>\n<li>Julia Niessl, M.Sc, PhD student<\/li>\n<li>Elsa Brunet-Ratnasingham, B.Sc, PhD student<\/li>\n<li>G\u00e9r\u00e9my Sannier, M.Sc, PhD student<\/li>\n<li>Marc Khoury, B.Sc, Masters student<\/li>\n<\/ul>\n<p style=\"text-align: justify\"><hr\/><\/p>\n<h2 style=\"text-align: justify\">Themes<\/h2>\n<ul style=\"text-align: justify\">\n<li>Virology<\/li>\n<li>Immunology<\/li>\n<\/ul>\n<p style=\"text-align: justify\"><hr\/><\/p>\n<h2 style=\"text-align: justify\"><strong>Research topics<\/strong><\/h2>\n<p style=\"text-align: justify\">I am a physician scientist with expertise in immunobiology of human immunodeficiency virus (HIV) infection. My laboratory primarily focuses on the role of CD4 T cells to combat or prevent this viral disease.\u00a0 The three major areas of research are:<\/p>\n<ol style=\"list-style-type: lower-roman;text-align: justify\">\n<li>The understanding of effective CD4 T cell help in anti-HIV immunity.<\/li>\n<li>The causes of T cell impairment in HIV infection.<\/li>\n<li>The links between differentiation and regulation of CD4 T cells and their role as viral reservoirs.<\/li>\n<\/ol>\n<p style=\"text-align: justify\">We are interested in mechanisms that control the functional plasticity of CD4 T cells in and regulate the impairment of Thelper responses, with the ultimate goal of facilitating development of therapeutic strategies or vaccines to improve immune function. We have made major contributions to the understanding of T cell exhaustion in HIV infection, in particular on the roles played by the PD-1, CTLA-4 and IL-10 pathways. We have delineated differences in mechanisms of immune impairment between CD4 and CD8 T cells. We have established new flow cytometric RNA fluorescent\u00a0<em>in situ<\/em>\u00a0hybridization (RNA-FISH) assays to detect specific genes in peripheral blood and lymphoid tissues as well as to characterize viral reservoirs at the single-cell level. Our laboratory has also developed a wide array of techniques, including innovative approaches to characterize HIV-specific CD4 and CD8 T cell differentiation and function.<\/p>\n<p style=\"text-align: justify\">\u00a0<hr\/><\/p>\n<h2 style=\"text-align: justify\">Publications<\/h2>\n<p style=\"text-align: justify\"><a href=\"https:\/\/www.ncbi.nlm.nih.gov\/pubmed\/29934472\">Immune Checkpoint Blockade Restores\u00a0HIV-Specific CD4 T Cell Help for NK Cells.<\/a><br \/>\nPorichis F, Hart MG, Massa A, Everett HL, Morou A, Richard J, Brassard N, Veillette M, Hassan M, Ly NL, Routy JP, Freeman GJ, Dub\u00e9 M, Finzi A, Kaufmann DE.<br \/>\n<strong>J Immunology.<\/strong> 2018 Aug 1;201(3):971-981. doi: 10.4049\/jimmunol.1701551. Epub 2018 Jun 22.<br \/>\nPMID: 29934472<\/p>\n<p style=\"text-align: justify\"><a href=\"https:\/\/www.ncbi.nlm.nih.gov\/pubmed\/28880280\">Multiparametric characterization of rare\u00a0HIV-infected cells using an RNA-flow FISH technique.<\/a><br \/>\nBaxter AE, Niessl J, Fromentin R, Richard J, Porichis F, Massanella M, Brassard N, Alsahafi N, Routy JP, Finzi A, Chomont N, Kaufmann DE.<br \/>\n<strong>Nature Protocols.<\/strong> 2017 Oct;12(10):2029-2049. doi: 10.1038\/nprot.2017.079. Epub 2017 Sep 7.<br \/>\nPMID: 28880280<\/p>\n<p style=\"text-align: justify\"><a href=\"https:\/\/www.ncbi.nlm.nih.gov\/pubmed\/27545045\">Single-Cell Characterization of Viral Translation-Competent Reservoirs in\u00a0HIV-Infected Individuals.<\/a><br \/>\nBaxter AE, Niessl J, Fromentin R, Richard J, Porichis F, Charlebois R, Massanella M, Brassard N, Alsahafi N, Delgado GG, Routy JP, Walker BD, Finzi A, Chomont N, Kaufmann DE.<br \/>\n<strong>Cell Host &amp; Microbe<\/strong>. 2016 Sep 14;20(3):368-380. doi: 10.1016\/j.chom.2016.07.015. Epub 2016 Aug 18.<br \/>\nPMID: 27545045<\/p>\n<p style=\"text-align: justify\"><a href=\"https:\/\/www.ncbi.nlm.nih.gov\/pubmed\/25472703\">High-throughput detection of miRNAs and gene-specific mRNA at the single-cell level by flow cytometry.<\/a><br \/>\nPorichis F, Hart MG, Griesbeck M, Everett HL, Hassan M, Baxter AE, Lindqvist M, Miller SM, Soghoian DZ, Kavanagh DG, Reynolds S, Norris B, Mordecai SK, Nguyen Q, Lai C, Kaufmann DE.<br \/>\n<strong>Nature Communications.<\/strong> 2014 Dec 4;5:5641. doi: 10.1038\/ncomms6641.<br \/>\nPMID: 25472703<\/p>\n","protected":false},"excerpt":{"rendered":"<p>Biography Dr. Daniel E. Kaufmann leads a group at the Research Center of the Center Hospitalier de l&#8217;Universit\u00e9 de Montr\u00e9al (CRCHUM) and is head of the Immunopathology research axis at [&hellip;]<\/p>\n","protected":false},"author":25,"featured_media":0,"parent":11407,"menu_order":0,"comment_status":"closed","ping_status":"closed","template":"","meta":{"footnotes":""},"class_list":["post-9051","page","type-page","status-publish","hentry"],"yoast_head":"<!-- This site is optimized with the Yoast SEO plugin v25.0 - https:\/\/yoast.com\/wordpress\/plugins\/seo\/ -->\n<title>Daniel Kaufmann - D\u00e9partement de microbiologie, infectiologie et immunologie - Universit\u00e9 de Montr\u00e9al<\/title>\n<meta name=\"robots\" content=\"index, follow, max-snippet:-1, max-image-preview:large, max-video-preview:-1\" \/>\n<link rel=\"canonical\" href=\"https:\/\/microbiologie.umontreal.ca\/en\/professeurs-chercheurs\/daniel-kaufmann\/\" \/>\n<meta property=\"og:locale\" content=\"en_US\" \/>\n<meta property=\"og:type\" content=\"article\" \/>\n<meta property=\"og:title\" content=\"Daniel Kaufmann - D\u00e9partement de microbiologie, infectiologie et immunologie - Universit\u00e9 de Montr\u00e9al\" \/>\n<meta property=\"og:description\" content=\"Biography Dr. Daniel E. Kaufmann leads a group at the Research Center of the Center Hospitalier de l&#8217;Universit\u00e9 de Montr\u00e9al (CRCHUM) and is head of the Immunopathology research axis at [&hellip;]\" \/>\n<meta property=\"og:url\" content=\"https:\/\/microbiologie.umontreal.ca\/en\/professeurs-chercheurs\/daniel-kaufmann\/\" \/>\n<meta property=\"og:site_name\" content=\"D\u00e9partement de microbiologie, infectiologie et immunologie\" \/>\n<meta property=\"article:modified_time\" content=\"2020-09-24T13:27:54+00:00\" \/>\n<meta property=\"og:image\" content=\"https:\/\/microbiologie.umontreal.ca\/wp-content\/uploads\/sites\/12\/Dr_Kaufmann_1960L1-224x300.jpg\" \/>\n<meta name=\"twitter:label1\" content=\"Est. reading time\" \/>\n\t<meta name=\"twitter:data1\" content=\"4 minutes\" \/>\n<script type=\"application\/ld+json\" class=\"yoast-schema-graph\">{\"@context\":\"https:\/\/schema.org\",\"@graph\":[{\"@type\":\"WebPage\",\"@id\":\"https:\/\/microbiologie.umontreal.ca\/en\/professeurs-chercheurs\/daniel-kaufmann\/\",\"url\":\"https:\/\/microbiologie.umontreal.ca\/en\/professeurs-chercheurs\/daniel-kaufmann\/\",\"name\":\"Daniel Kaufmann - D\u00e9partement de microbiologie, infectiologie et immunologie - Universit\u00e9 de Montr\u00e9al\",\"isPartOf\":{\"@id\":\"https:\/\/microbiologie.umontreal.ca\/#website\"},\"primaryImageOfPage\":{\"@id\":\"https:\/\/microbiologie.umontreal.ca\/en\/professeurs-chercheurs\/daniel-kaufmann\/#primaryimage\"},\"image\":{\"@id\":\"https:\/\/microbiologie.umontreal.ca\/en\/professeurs-chercheurs\/daniel-kaufmann\/#primaryimage\"},\"thumbnailUrl\":\"https:\/\/microbiologie.umontreal.ca\/wp-content\/uploads\/sites\/12\/Dr_Kaufmann_1960L1-224x300.jpg\",\"datePublished\":\"2014-07-31T18:52:22+00:00\",\"dateModified\":\"2020-09-24T13:27:54+00:00\",\"breadcrumb\":{\"@id\":\"https:\/\/microbiologie.umontreal.ca\/en\/professeurs-chercheurs\/daniel-kaufmann\/#breadcrumb\"},\"inLanguage\":\"en-US\",\"potentialAction\":[{\"@type\":\"ReadAction\",\"target\":[\"https:\/\/microbiologie.umontreal.ca\/en\/professeurs-chercheurs\/daniel-kaufmann\/\"]}]},{\"@type\":\"ImageObject\",\"inLanguage\":\"en-US\",\"@id\":\"https:\/\/microbiologie.umontreal.ca\/en\/professeurs-chercheurs\/daniel-kaufmann\/#primaryimage\",\"url\":\"https:\/\/microbiologie.umontreal.ca\/wp-content\/uploads\/sites\/12\/Dr_Kaufmann_1960L1-224x300.jpg\",\"contentUrl\":\"https:\/\/microbiologie.umontreal.ca\/wp-content\/uploads\/sites\/12\/Dr_Kaufmann_1960L1-224x300.jpg\"},{\"@type\":\"BreadcrumbList\",\"@id\":\"https:\/\/microbiologie.umontreal.ca\/en\/professeurs-chercheurs\/daniel-kaufmann\/#breadcrumb\",\"itemListElement\":[{\"@type\":\"ListItem\",\"position\":1,\"name\":\"Accueil\",\"item\":\"https:\/\/microbiologie.umontreal.ca\/en\/\"},{\"@type\":\"ListItem\",\"position\":2,\"name\":\"Professeurs-chercheurs\",\"item\":\"https:\/\/microbiologie.umontreal.ca\/en\/professeurs-chercheurs\/\"},{\"@type\":\"ListItem\",\"position\":3,\"name\":\"Daniel Kaufmann\"}]},{\"@type\":\"WebSite\",\"@id\":\"https:\/\/microbiologie.umontreal.ca\/#website\",\"url\":\"https:\/\/microbiologie.umontreal.ca\/\",\"name\":\"D\u00e9partement de microbiologie, infectiologie et immunologie\",\"description\":\"\",\"potentialAction\":[{\"@type\":\"SearchAction\",\"target\":{\"@type\":\"EntryPoint\",\"urlTemplate\":\"https:\/\/microbiologie.umontreal.ca\/?s={search_term_string}\"},\"query-input\":{\"@type\":\"PropertyValueSpecification\",\"valueRequired\":true,\"valueName\":\"search_term_string\"}}],\"inLanguage\":\"en-US\"}]}<\/script>\n<!-- \/ Yoast SEO plugin. -->","yoast_head_json":{"title":"Daniel Kaufmann - D\u00e9partement de microbiologie, infectiologie et immunologie - Universit\u00e9 de Montr\u00e9al","robots":{"index":"index","follow":"follow","max-snippet":"max-snippet:-1","max-image-preview":"max-image-preview:large","max-video-preview":"max-video-preview:-1"},"canonical":"https:\/\/microbiologie.umontreal.ca\/en\/professeurs-chercheurs\/daniel-kaufmann\/","og_locale":"en_US","og_type":"article","og_title":"Daniel Kaufmann - D\u00e9partement de microbiologie, infectiologie et immunologie - Universit\u00e9 de Montr\u00e9al","og_description":"Biography Dr. Daniel E. Kaufmann leads a group at the Research Center of the Center Hospitalier de l&#8217;Universit\u00e9 de Montr\u00e9al (CRCHUM) and is head of the Immunopathology research axis at [&hellip;]","og_url":"https:\/\/microbiologie.umontreal.ca\/en\/professeurs-chercheurs\/daniel-kaufmann\/","og_site_name":"D\u00e9partement de microbiologie, infectiologie et immunologie","article_modified_time":"2020-09-24T13:27:54+00:00","og_image":[{"url":"https:\/\/microbiologie.umontreal.ca\/wp-content\/uploads\/sites\/12\/Dr_Kaufmann_1960L1-224x300.jpg","type":"","width":"","height":""}],"twitter_misc":{"Est. reading time":"4 minutes"},"schema":{"@context":"https:\/\/schema.org","@graph":[{"@type":"WebPage","@id":"https:\/\/microbiologie.umontreal.ca\/en\/professeurs-chercheurs\/daniel-kaufmann\/","url":"https:\/\/microbiologie.umontreal.ca\/en\/professeurs-chercheurs\/daniel-kaufmann\/","name":"Daniel Kaufmann - D\u00e9partement de microbiologie, infectiologie et immunologie - Universit\u00e9 de Montr\u00e9al","isPartOf":{"@id":"https:\/\/microbiologie.umontreal.ca\/#website"},"primaryImageOfPage":{"@id":"https:\/\/microbiologie.umontreal.ca\/en\/professeurs-chercheurs\/daniel-kaufmann\/#primaryimage"},"image":{"@id":"https:\/\/microbiologie.umontreal.ca\/en\/professeurs-chercheurs\/daniel-kaufmann\/#primaryimage"},"thumbnailUrl":"https:\/\/microbiologie.umontreal.ca\/wp-content\/uploads\/sites\/12\/Dr_Kaufmann_1960L1-224x300.jpg","datePublished":"2014-07-31T18:52:22+00:00","dateModified":"2020-09-24T13:27:54+00:00","breadcrumb":{"@id":"https:\/\/microbiologie.umontreal.ca\/en\/professeurs-chercheurs\/daniel-kaufmann\/#breadcrumb"},"inLanguage":"en-US","potentialAction":[{"@type":"ReadAction","target":["https:\/\/microbiologie.umontreal.ca\/en\/professeurs-chercheurs\/daniel-kaufmann\/"]}]},{"@type":"ImageObject","inLanguage":"en-US","@id":"https:\/\/microbiologie.umontreal.ca\/en\/professeurs-chercheurs\/daniel-kaufmann\/#primaryimage","url":"https:\/\/microbiologie.umontreal.ca\/wp-content\/uploads\/sites\/12\/Dr_Kaufmann_1960L1-224x300.jpg","contentUrl":"https:\/\/microbiologie.umontreal.ca\/wp-content\/uploads\/sites\/12\/Dr_Kaufmann_1960L1-224x300.jpg"},{"@type":"BreadcrumbList","@id":"https:\/\/microbiologie.umontreal.ca\/en\/professeurs-chercheurs\/daniel-kaufmann\/#breadcrumb","itemListElement":[{"@type":"ListItem","position":1,"name":"Accueil","item":"https:\/\/microbiologie.umontreal.ca\/en\/"},{"@type":"ListItem","position":2,"name":"Professeurs-chercheurs","item":"https:\/\/microbiologie.umontreal.ca\/en\/professeurs-chercheurs\/"},{"@type":"ListItem","position":3,"name":"Daniel Kaufmann"}]},{"@type":"WebSite","@id":"https:\/\/microbiologie.umontreal.ca\/#website","url":"https:\/\/microbiologie.umontreal.ca\/","name":"D\u00e9partement de microbiologie, infectiologie et immunologie","description":"","potentialAction":[{"@type":"SearchAction","target":{"@type":"EntryPoint","urlTemplate":"https:\/\/microbiologie.umontreal.ca\/?s={search_term_string}"},"query-input":{"@type":"PropertyValueSpecification","valueRequired":true,"valueName":"search_term_string"}}],"inLanguage":"en-US"}]}},"_links":{"self":[{"href":"https:\/\/microbiologie.umontreal.ca\/en\/wp-json\/wp\/v2\/pages\/9051","targetHints":{"allow":["GET"]}}],"collection":[{"href":"https:\/\/microbiologie.umontreal.ca\/en\/wp-json\/wp\/v2\/pages"}],"about":[{"href":"https:\/\/microbiologie.umontreal.ca\/en\/wp-json\/wp\/v2\/types\/page"}],"author":[{"embeddable":true,"href":"https:\/\/microbiologie.umontreal.ca\/en\/wp-json\/wp\/v2\/users\/25"}],"replies":[{"embeddable":true,"href":"https:\/\/microbiologie.umontreal.ca\/en\/wp-json\/wp\/v2\/comments?post=9051"}],"version-history":[{"count":8,"href":"https:\/\/microbiologie.umontreal.ca\/en\/wp-json\/wp\/v2\/pages\/9051\/revisions"}],"predecessor-version":[{"id":10824,"href":"https:\/\/microbiologie.umontreal.ca\/en\/wp-json\/wp\/v2\/pages\/9051\/revisions\/10824"}],"up":[{"embeddable":true,"href":"https:\/\/microbiologie.umontreal.ca\/en\/wp-json\/wp\/v2\/pages\/11407"}],"wp:attachment":[{"href":"https:\/\/microbiologie.umontreal.ca\/en\/wp-json\/wp\/v2\/media?parent=9051"}],"curies":[{"name":"wp","href":"https:\/\/api.w.org\/{rel}","templated":true}]}}